{"id":8253,"date":"2015-12-12T18:15:25","date_gmt":"2015-12-12T18:15:25","guid":{"rendered":"https:\/\/414kiting.com\/advanced-kitesurf-coaching"},"modified":"2025-05-09T10:17:53","modified_gmt":"2025-05-09T10:17:53","slug":"coaching-avanzato-kitesurf","status":"publish","type":"page","link":"https:\/\/414kiting.com\/it\/coaching-avanzato-kitesurf\/","title":{"rendered":"Coaching avanzato di kitesurf"},"content":{"rendered":"<div class=\"wpb-content-wrapper\">[vc_row column_spacing=&#8221;0px&#8221; equal_height=&#8221;yes&#8221; wpex_bg_overlay=&#8221;custom&#8221; css=&#8221;.vc_custom_1583415505445{margin-top: 0px !important;margin-right: 0px !important;margin-bottom: 0px !important;margin-left: 0px !important;border-top-width: 0px !important;border-right-width: 0px !important;border-bottom-width: 0px !important;border-left-width: 0px !important;padding-top: 0px !important;padding-right: 0px !important;padding-bottom: 0px !important;padding-left: 0px !important;background-image: url(https:\/\/414kiting.com\/wp-content\/uploads\/2015\/12\/kiteschool.jpg?id=1030) !important;background-position: center !important;background-repeat: no-repeat !important;background-size: cover !important;}&#8221; min_height=&#8221;500px&#8221; wpex_bg_overlay_color=&#8221;rgba(255,255,255,0.01)&#8221;][vc_column width=&#8221;1\/2&#8243; min_height=&#8221;100%&#8221; css=&#8221;.vc_custom_1706532351832{padding-top: 5% !important;padding-right: 5% !important;padding-bottom: 5% !important;padding-left: 5% !important;background-color: rgba(0,0,0,0.8) !important;background-position: center !important;background-repeat: no-repeat !important;background-size: cover !important;*background-color: rgb(0,0,0) !important;}&#8221;][vc_column_text css_animation=&#8221;fadeIn&#8221; responsive_text=&#8221;true&#8221; css=&#8221;&#8221; color=&#8221;#ffffff&#8221;]\n<h1 style=\"text-align: left;\"><span style=\"color: #33cccc;\">Coaching avanzate di kitesurf &#8211; trova il tuo kitesurf A-Game<\/span><\/h1>\n<p>Il Lago di Como \u00e8 uno spot ideale per i rider pi\u00f9 avanzati che cercano un posto con pi\u00f9 spazio per praticare cose pi\u00f9 grandi e migliori. Se siete gi\u00e0 in grado di andare in entrambe le direzioni e di andare di bolina, ma volete sapere come fare le transizioni come i professionisti, imparare a saltare, fare un loop o anche fare una transizione aerea su una tavola da surf strapless, allora contattateci.<\/p>\n<p>Vediamo molti kiters che hanno imparato le basi del riding, ma faticano a capire cosa provare dopo: ecco a cosa serve il coaching!<\/p>\n<h2 class=\"vcex-teaser-heading\">Cosa \u00e8 incluso:<\/h2>\n<ul>\n<li class=\"vcex-teaser-heading\">Garanzia &#8220;no-wind-no-fee<\/li>\n<li class=\"vcex-teaser-heading\">Tempo illimitato in acqua<\/li>\n<li class=\"vcex-teaser-heading\">Tutto il kit fornito, compresi kite, tavola, muta, imbracatura, aiuto al galleggiamento e casco<\/li>\n<li class=\"vcex-teaser-heading\">Sessione teorica e valutazione di guida<\/li>\n<li class=\"vcex-teaser-heading\">Istruttore IKO e certificazione <a href=\"https:\/\/www.ikointl.com\/it\" target=\"_blank\" rel=\"noopener\">IKO<\/a> alla fine del corso<\/li>\n<\/ul>\n<div class=\"vcex-teaser-text clr\"><\/div>\n[\/vc_column_text]<div class=\"theme-button-block-wrap wpex-block wpex-clear theme-button-wrap wpex-clr\"><a href=\"mailto:hello@414kiting.com\" class=\"vcex-button theme-button clean white medium align-left block wpex-flex-shrink-0\" style=\"background:#00c1cf;color:#ffffff;border:0;margin-top:30px;margin-bottom:30px;width:300px;\" data-wpex-hover='{&quot;background&quot;:&quot;#ffffff&quot;,&quot;color&quot;:&quot;#00c1cf&quot;}'><span class=\"theme-button-inner\">Book a session<\/span><\/a><\/div> [vc_column_text css_animation=&#8221;fadeIn&#8221; responsive_text=&#8221;true&#8221; css=&#8221;&#8221; color=&#8221;#ffffff&#8221;]Non fa per voi? Offriamo anche lezioni di kite foil e wing foil, oltre a lezioni di kitesurf di gruppo e private.[\/vc_column_text][\/vc_column][vc_column width=&#8221;1\/2&#8243; css=&#8221;.vc_custom_1583416791648{background-position: center !important;background-repeat: no-repeat !important;background-size: cover !important;}&#8221; min_height=&#8221;100%&#8221;][\/vc_column][\/vc_row][vc_row css_animation=&#8221;fadeInRight&#8221; column_spacing=&#8221;0px&#8221; equal_height=&#8221;yes&#8221; css=&#8221;.vc_custom_1687689042361{margin-top: 0px !important;margin-right: 0px !important;margin-bottom: 0px !important;margin-left: 0px !important;padding-top: 0px !important;padding-right: 0px !important;padding-bottom: 0px !important;padding-left: 0px !important;background-color: #ffffff !important;}&#8221; el_id=&#8221;icontext&#8221;][vc_column css=&#8221;.vc_custom_1583232279744{padding-top: 20px !important;padding-right: 20px !important;padding-bottom: 20px !important;padding-left: 20px !important;}&#8221;]<div class=\"vcex-grid-container vcex-module wpex-grid wpex-gap-20 wpex-grid-cols-2 wpex-sm-grid-cols-3 wpex-md-grid-cols-3 wpex-lg-grid-cols-6 wpex-justify-items-center vc_custom_1656422305705\"><div class=\"vcex-module vcex-icon-box vcex-icon-box-two wpex-relative wpex-text-center\"><div class=\"vcex-icon-box-symbol wpex-mb-20\"><div class=\"vcex-icon-box-icon wpex-inline-flex wpex-items-center wpex-justify-center wpex-child-inherit-color wpex-text-center wpex-leading-none wpex-text-black\" style=\"color:#00c1cf;\"><span class=\"fas fa-water\" aria-hidden=\"true\"><\/span><\/div><\/div><div class=\"vcex-icon-box-text\"><h2 class=\"vcex-icon-box-heading wpex-heading wpex-text-md wpex-mb-10\" style=\"color:#000000;\">Unbeatable learning space<\/h2><div class=\"vcex-icon-box-content wpex-last-mb-0 wpex-clr\" style=\"color:#000000;\"><hr class=\"iconhr\" \/>\n<\/div><\/div><\/div><div class=\"vcex-module vcex-icon-box vcex-icon-box-two wpex-relative wpex-text-center\"><div class=\"vcex-icon-box-symbol wpex-mb-20\"><div class=\"vcex-icon-box-icon wpex-inline-flex wpex-items-center wpex-justify-center wpex-child-inherit-color wpex-text-center wpex-leading-none wpex-text-black\" style=\"color:#00c1cf;\"><span class=\"fas fa-sun\" aria-hidden=\"true\"><\/span><\/div><\/div><div class=\"vcex-icon-box-text\"><h2 class=\"vcex-icon-box-heading wpex-heading wpex-text-md wpex-mb-10\" style=\"color:#000000;\">Safe learning environment<\/h2><div class=\"vcex-icon-box-content wpex-last-mb-0 wpex-clr\" style=\"color:#000000;\"><hr class=\"iconhr\" \/>\n<\/div><\/div><\/div><div class=\"vcex-module vcex-icon-box vcex-icon-box-two wpex-relative wpex-text-center\"><div class=\"vcex-icon-box-symbol wpex-mb-20\"><div class=\"vcex-icon-box-icon wpex-inline-flex wpex-items-center wpex-justify-center wpex-child-inherit-color wpex-text-center wpex-leading-none wpex-text-black\" style=\"color:#00c1cf;\"><span class=\"fas fa-ship\" aria-hidden=\"true\"><\/span><\/div><\/div><div class=\"vcex-icon-box-text\"><h2 class=\"vcex-icon-box-heading wpex-heading wpex-text-md wpex-mb-10\" style=\"color:#000000;\">Tuition from boats<\/h2><div class=\"vcex-icon-box-content wpex-last-mb-0 wpex-clr\" style=\"color:#000000;\"><hr class=\"iconhr\" \/>\n<\/div><\/div><\/div><div class=\"vcex-module vcex-icon-box vcex-icon-box-two wpex-relative wpex-text-center\"><div class=\"vcex-icon-box-symbol wpex-mb-20\"><div class=\"vcex-icon-box-icon wpex-inline-flex wpex-items-center wpex-justify-center wpex-child-inherit-color wpex-text-center wpex-leading-none wpex-text-black\" style=\"color:#00c1cf;\"><span class=\"fas fa-broadcast-tower\" aria-hidden=\"true\"><\/span><\/div><\/div><div class=\"vcex-icon-box-text\"><h2 class=\"vcex-icon-box-heading wpex-heading wpex-text-md wpex-mb-10\" style=\"color:#000000;\">Radio-assisted teaching<\/h2><div class=\"vcex-icon-box-content wpex-last-mb-0 wpex-clr\" style=\"color:#000000;\"><hr class=\"iconhr\" \/>\n<\/div><\/div><\/div><div class=\"vcex-module vcex-icon-box vcex-icon-box-two wpex-relative wpex-text-center\"><div class=\"vcex-icon-box-symbol wpex-mb-20\"><div class=\"vcex-icon-box-icon wpex-inline-flex wpex-items-center wpex-justify-center wpex-child-inherit-color wpex-text-center wpex-leading-none wpex-text-black\" style=\"color:#1fb9c4;\"><span class=\"fas fa-user-friends\" aria-hidden=\"true\"><\/span><\/div><\/div><div class=\"vcex-icon-box-text\"><h2 class=\"vcex-icon-box-heading wpex-heading wpex-text-md wpex-mb-10\" style=\"color:#000000;\">Max 3 students per group<\/h2><div class=\"vcex-icon-box-content wpex-last-mb-0 wpex-clr\" style=\"color:#000000;\"><hr class=\"iconhr\" \/>\n<\/div><\/div><\/div><div class=\"vcex-module vcex-icon-box vcex-icon-box-two wpex-relative wpex-text-center\"><div class=\"vcex-icon-box-symbol wpex-mb-20\"><div class=\"vcex-icon-box-icon wpex-inline-flex wpex-items-center wpex-justify-center wpex-child-inherit-color wpex-text-center wpex-leading-none wpex-text-black\" style=\"color:#1fb9c4;\"><span class=\"fas fa-check\" aria-hidden=\"true\"><\/span><\/div><\/div><div class=\"vcex-icon-box-text\"><h2 class=\"vcex-icon-box-heading wpex-heading wpex-text-md wpex-mb-10\" style=\"color:#000000;\">Qualified instructors<\/h2><div class=\"vcex-icon-box-content wpex-last-mb-0 wpex-clr\" style=\"color:#000000;\"><hr class=\"iconhr\" \/>\n<\/div><\/div><\/div><\/div>[\/vc_column][\/vc_row][vc_row 0=&#8221;&#8221; column_spacing=&#8221;0px&#8221; equal_height=&#8221;yes&#8221; css=&#8221;.vc_custom_1719215184707{background-position: center !important;background-repeat: no-repeat !important;background-size: cover !important;}&#8221; wpex_bg_position=&#8221;center right&#8221;][vc_column width=&#8221;1\/2&#8243; css=&#8221;.vc_custom_1719215176703{background-image: url(https:\/\/414kiting.com\/wp-content\/uploads\/2021\/11\/Screenshot-2021-11-21-at-09.00.59-1.png?id=6212) !important;background-position: center !important;background-repeat: no-repeat !important;background-size: cover !important;}&#8221; wpex_bg_position=&#8221;bottom right&#8221;][\/vc_column][vc_column width=&#8221;1\/2&#8243; css=&#8221;.vc_custom_1706537428841{padding-top: 5% !important;padding-right: 5% !important;padding-bottom: 5% !important;padding-left: 5% !important;background-color: #000000 !important;background-position: center !important;background-repeat: no-repeat !important;background-size: cover !important;}&#8221;][vc_column_text css_animation=&#8221;fadeIn&#8221; responsive_text=&#8221;true&#8221; css=&#8221;.vc_custom_1719215114276{padding-bottom: 30px !important;}&#8221; color=&#8221;#ffffff&#8221;]\n<h2>Prezzo<\/h2>\n<p class=\"vcex-teaser-heading\"><strong>\u20ac225\/persona\/giorno<\/strong><\/p>\n<p><span style=\"font-size: 15px; font-weight: 500; letter-spacing: 1.2px;\">Per partecipare ai nostri gruppi di coaching \u00e8 necessario essere in grado di andare di bolina in modo costante (<a href=\"https:\/\/www.ikointl.com\/it\/corso\/kitesurf\/independent\" target=\"_blank\" rel=\"noopener\">IKO Livello 3 <\/a>\/<a href=\"https:\/\/www.vdws.de\/en\/basic-licence-cards\/kitesurfing\" target=\"_blank\" rel=\"noopener\">VDWS Livello 5<\/a>). Se non siete ancora pronti per il coaching, potete scegliere le nostre <a href=\"https:\/\/414kiting.com\/it\/lezioni-gruppo\/\">lezioni di gruppo<\/a> o le <a href=\"https:\/\/414kiting.com\/it\/lezioni-private\/\">lezioni private<\/a>.<\/span><\/p>\n<div class=\"vcex-teaser-text clr\">\n<h2>Struttura delle lezioni<\/h2>\n<p>Ci incontriamo per le lezioni alle 11, ci attrezziamo e prendiamo le barche verso sud per raggiungere il kite spot (circa 10 minuti di macchina). Il vento normalmente inizia a soffiare verso mezzogiorno. A seconda dei vostri obiettivi, potremmo anche fare un po&#8217; di teoria a terra prima di uscire, in modo da avere una solida base su cui lavorare.<\/p>\n<p>In acqua, vi metteremo su un kite non appena si alza il vento. Ognuno avr\u00e0 il proprio kite per tutta la durata della lezione, in modo da avere il massimo tempo per progredire. Valuteremo a che punto siete con il vostro kite e lavoreremo per perfezionare le vostre abilit\u00e0 e aiutarvi a raggiungere i vostri obiettivi.<\/p>\n<p>La maggior parte delle persone cavalca per circa 3 ore prima che le energie si esauriscano, e in genere torniamo al porto tra le 16 e le 17.<\/p>\n<p>Alla fine della sessione, vi registreremo per ottenere una <a href=\"https:\/\/www.ikointl.com\/it\" target=\"_blank\" rel=\"noopener\">licenza IKO<\/a> riconosciuta a livello internazionale che conferma il vostro livello di abilit\u00e0. Ne avete gi\u00e0 una? Possiamo aggiornarla per mostrare i vostri progressi. Molti noleggiatori di kite in tutto il mondo richiedono questa certificazione prima di noleggiare l&#8217;attrezzatura.<\/p>\n<h2>Cosa portare con s\u00e9:<\/h2>\n<ul class=\"list check check-list\">\n<li>Crema solare<\/li>\n<li>Bottiglia d\u2019acqua<\/li>\n<li>Uno spuntino da mangiare sulla barca in caso di fame<\/li>\n<\/ul>\n<h2>Garanzia \u201cNo-Wind-No-Fee\u201d<\/h2>\n<p>Tutti i nostri corsi e le lezioni sono coperti dalla garanzia \u201cNo-Wind-No-Fee\u201d. Se non c\u2019\u00e8 abbastanza vento per la tua lezione, ti rimborseremo o ti prenoteremo un giorno alternativo, a tua scelta.<\/p>\n<h2>Non fa per voi? Date un&#8217;occhiata agli altri corsi:<\/h2>\n<\/div>\n[\/vc_column_text]<div class=\"vcex-multi-buttons wpex-flex wpex-flex-wrap wpex-items-center wpex-gap-10 wpex-justify-start\"><a href=\"https:\/\/414kiting.com\/it\/lezioni-private\/\" title=\"Private Lessons\" class=\"theme-button outline white vcex-count-1\">Lezioni private di kitesurf<\/a><a href=\"https:\/\/414kiting.com\/it\/lezioni-kitesurf-principianti\/\" title=\"Lezione di kitesurf principianti\" class=\"theme-button outline white vcex-count-2\">Lezione di kitesurf principianti<\/a><a href=\"https:\/\/414kiting.com\/it\/lezioni-gruppo\/\" title=\"Lezione di kitesurf principianti\" class=\"theme-button outline white vcex-count-3\">Lezione gruppo kitesurf<\/a><a href=\"https:\/\/414kiting.com\/it\/lezioni-wing-foil\/\" title=\"Wing Foil Lessons\" class=\"theme-button outline white vcex-count-4\">Wing foil<\/a><a href=\"https:\/\/414kiting.com\/it\/lezioni-kitefoil\/\" title=\"Kite Foil Lessons\" class=\"theme-button outline white vcex-count-5\">Kite foil<\/a><\/div>[\/vc_column][\/vc_row]\n<\/div>","protected":false},"excerpt":{"rendered":"<p>[vc_row column_spacing=&#8221;0px&#8221; equal_height=&#8221;yes&#8221; wpex_bg_overlay=&#8221;custom&#8221; css=&#8221;.vc_custom_1583415505445{margin-top: 0px !important;margin-right: 0px !important;margin-bottom: 0px !important;margin-left: 0px !important;border-top-width: 0px !important;border-right-width: 0px !important;border-bottom-width: 0px !important;border-left-width: 0px !important;padding-top: 0px !important;padding-right: 0px !important;padding-bottom: 0px !important;padding-left: 0px !important;background-image: url(https:\/\/414kiting.com\/wp-content\/uploads\/2015\/12\/kiteschool.jpg?id=1030) !important;background-position: center !important;background-repeat: no-repeat !important;background-size: cover !important;}&#8221; min_height=&#8221;500px&#8221; wpex_bg_overlay_color=&#8221;rgba(255,255,255,0.01)&#8221;][vc_column width=&#8221;1\/2&#8243; min_height=&#8221;100%&#8221; css=&#8221;.vc_custom_1706532351832{padding-top: 5% !important;padding-right: 5% !important;padding-bottom: 5% !important;padding-left: 5% !important;background-color: rgba(0,0,0,0.8) !important;background-position: center !important;background-repeat: no-repeat&hellip;<\/p>\n","protected":false},"author":1,"featured_media":0,"parent":0,"menu_order":0,"comment_status":"closed","ping_status":"closed","template":"templates\/no-sidebar.php","meta":{"_sitemap_exclude":false,"_sitemap_priority":"","_sitemap_frequency":"","_monsterinsights_skip_tracking":false,"_monsterinsights_sitenote_active":false,"_monsterinsights_sitenote_note":"","_monsterinsights_sitenote_category":0,"footnotes":""},"class_list":["post-8253","page","type-page","status-publish","hentry","entry","no-media"],"aioseo_notices":[],"_links":{"self":[{"href":"https:\/\/414kiting.com\/it\/wp-json\/wp\/v2\/pages\/8253","targetHints":{"allow":["GET"]}}],"collection":[{"href":"https:\/\/414kiting.com\/it\/wp-json\/wp\/v2\/pages"}],"about":[{"href":"https:\/\/414kiting.com\/it\/wp-json\/wp\/v2\/types\/page"}],"author":[{"embeddable":true,"href":"https:\/\/414kiting.com\/it\/wp-json\/wp\/v2\/users\/1"}],"replies":[{"embeddable":true,"href":"https:\/\/414kiting.com\/it\/wp-json\/wp\/v2\/comments?post=8253"}],"version-history":[{"count":15,"href":"https:\/\/414kiting.com\/it\/wp-json\/wp\/v2\/pages\/8253\/revisions"}],"predecessor-version":[{"id":9159,"href":"https:\/\/414kiting.com\/it\/wp-json\/wp\/v2\/pages\/8253\/revisions\/9159"}],"wp:attachment":[{"href":"https:\/\/414kiting.com\/it\/wp-json\/wp\/v2\/media?parent=8253"}],"curies":[{"name":"wp","href":"https:\/\/api.w.org\/{rel}","templated":true}]}}