{"id":6839,"date":"2022-06-28T13:27:04","date_gmt":"2022-06-28T13:27:04","guid":{"rendered":"https:\/\/414kiting.com\/wing-foil-lessons"},"modified":"2025-05-12T08:55:21","modified_gmt":"2025-05-12T08:55:21","slug":"lezioni-wing-foil","status":"publish","type":"page","link":"https:\/\/414kiting.com\/it\/lezioni-wing-foil\/","title":{"rendered":"Lezioni di Wing Foil"},"content":{"rendered":"<div class=\"wpb-content-wrapper\">[vc_row column_spacing=&#8221;0px&#8221; equal_height=&#8221;yes&#8221; css=&#8221;.vc_custom_1656421226772{margin-top: 0px !important;margin-right: 0px !important;margin-bottom: 0px !important;margin-left: 0px !important;border-top-width: 0px !important;border-right-width: 0px !important;border-bottom-width: 0px !important;border-left-width: 0px !important;padding-top: 0px !important;padding-right: 0px !important;padding-bottom: 0px !important;padding-left: 0px !important;background-image: url(https:\/\/414kiting.com\/wp-content\/uploads\/2022\/06\/2022_41446.jpg?id=6696) !important;background-position: center !important;background-repeat: no-repeat !important;background-size: cover !important;}&#8221; min_height=&#8221;500px&#8221; wpex_bg_position=&#8221;bottom left&#8221;][vc_column width=&#8221;1\/2&#8243; min_height=&#8221;250px&#8221;][vc_single_image image=&#8221;6698&#8243; visibility=&#8221;show-at-mm-breakpoint&#8221;][\/vc_column][vc_column width=&#8221;1\/2&#8243; min_height=&#8221;100%&#8221; css=&#8221;.vc_custom_1708075734900{padding-top: 5% !important;padding-right: 5% !important;padding-bottom: 5% !important;padding-left: 5% !important;background-color: rgba(0,0,0,0.8) !important;background-position: center !important;background-repeat: no-repeat !important;background-size: cover !important;*background-color: rgb(0,0,0) !important;}&#8221;][vc_column_text css_animation=&#8221;fadeIn&#8221; responsive_text=&#8221;true&#8221; css=&#8221;&#8221; color=&#8221;#ffffff&#8221;]\n<h1><span style=\"color: #33cccc;\">Lezioni di wing foil<\/span><\/h1>\n<p>Partecipate a una delle nostre lezioni di wing foil e imparate fare di wing foil sul bellissimo Lago di Como. Tutte le nostre lezioni si svolgono dalla barca, il che ci permette di spostarci dove il vento soffia meglio. Abbiamo un massimo di 3 studenti per gruppo e ogni studente ha la propria attrezzatura per tutta la durata del corso. I venti termici costanti, la mancanza di onde, l&#8217;acqua dolce e profonda e gli ampi spazi rendono il lago il luogo ideale per imparare questo incredibile sport.<\/p>\n<p>Non \u00e8 necessario avere esperienza di kiteboarding per prenotare un posto in un corso di wing foil, ma \u00e8 utile avere una conoscenza del vento e degli sport acquatici\/di foil. Non ne avete? Nessun problema, fatecelo sapere, cos\u00ec potremo includere un po&#8217; di teoria all&#8217;inizio del corso per darvi le basi.<\/p>\n<h2>Cosa \u00e8 incluso:<\/h2>\n<ul>\n<li>Teoria<\/li>\n<li>Supporto per la barca<\/li>\n<li>Istruttore qualificato<\/li>\n<li>Un ambiente di apprendimento sicuro con molto spazio a disposizione!<\/li>\n<li>Tutto l&#8217;equipaggiamento \u00e8 fornito, compresi muta, giubbotto di salvataggio e casco (se avete il vostro potete portarlo).<\/li>\n<li>Esaurimento ma soddisfazione totale<\/li>\n<li><a href=\"https:\/\/www.ikointl.com\/it\/corsi\" target=\"_blank\" rel=\"noopener\">Certificato di competenza IKO<\/a> alla fine del corso<\/li>\n<\/ul>\n[\/vc_column_text]<a href=\"mailto:hello@414kiting.com\" class=\"vcex-button theme-button clean white medium align-left inline wpex-flex-shrink-0\" style=\"background:#00c1cf;color:#ffffff;border:0;margin-top:30px;margin-bottom:30px;width:300px;\" data-wpex-hover='{&quot;background&quot;:&quot;#ffffff&quot;,&quot;color&quot;:&quot;#00c1cf&quot;}'><span class=\"theme-button-inner\">Book Now!<\/span><\/a> [\/vc_column][\/vc_row][vc_row css_animation=&#8221;fadeInRight&#8221; column_spacing=&#8221;0px&#8221; equal_height=&#8221;yes&#8221; css=&#8221;.vc_custom_1656421789685{margin-top: 0px !important;margin-right: 0px !important;margin-bottom: 0px !important;margin-left: 0px !important;padding-top: 0px !important;padding-right: 0px !important;padding-bottom: 0px !important;padding-left: 0px !important;background-color: #ffffff !important;}&#8221; el_id=&#8221;icontext&#8221;][vc_column css=&#8221;.vc_custom_1583232279744{padding-top: 20px !important;padding-right: 20px !important;padding-bottom: 20px !important;padding-left: 20px !important;}&#8221;]<div class=\"vcex-grid-container vcex-module wpex-grid wpex-gap-20 wpex-grid-cols-2 wpex-sm-grid-cols-3 wpex-md-grid-cols-3 wpex-lg-grid-cols-6 wpex-justify-items-center vc_custom_1656422305705\"><div class=\"vcex-module vcex-icon-box vcex-icon-box-two wpex-relative wpex-text-center\"><div class=\"vcex-icon-box-symbol wpex-mb-20\"><div class=\"vcex-icon-box-icon wpex-inline-flex wpex-items-center wpex-justify-center wpex-child-inherit-color wpex-text-center wpex-leading-none wpex-text-black\" style=\"color:#00c1cf;\"><span class=\"fas fa-water\" aria-hidden=\"true\"><\/span><\/div><\/div><div class=\"vcex-icon-box-text\"><h2 class=\"vcex-icon-box-heading wpex-heading wpex-text-md wpex-mb-10\" style=\"color:#000000;\">Spazio di apprendimento imbattibile<\/h2><div class=\"vcex-icon-box-content wpex-last-mb-0 wpex-clr\" style=\"color:#000000;\"><hr class=\"iconhr\" \/>\n<\/div><\/div><\/div><div class=\"vcex-module vcex-icon-box vcex-icon-box-two wpex-relative wpex-text-center\"><div class=\"vcex-icon-box-symbol wpex-mb-20\"><div class=\"vcex-icon-box-icon wpex-inline-flex wpex-items-center wpex-justify-center wpex-child-inherit-color wpex-text-center wpex-leading-none wpex-text-black\" style=\"color:#00c1cf;\"><span class=\"fas fa-sun\" aria-hidden=\"true\"><\/span><\/div><\/div><div class=\"vcex-icon-box-text\"><h2 class=\"vcex-icon-box-heading wpex-heading wpex-text-md wpex-mb-10\" style=\"color:#000000;\">Ambiente di apprendimento sicuro<\/h2><div class=\"vcex-icon-box-content wpex-last-mb-0 wpex-clr\" style=\"color:#000000;\"><hr class=\"iconhr\" \/>\n<\/div><\/div><\/div><div class=\"vcex-module vcex-icon-box vcex-icon-box-two wpex-relative wpex-text-center\"><div class=\"vcex-icon-box-symbol wpex-mb-20\"><div class=\"vcex-icon-box-icon wpex-inline-flex wpex-items-center wpex-justify-center wpex-child-inherit-color wpex-text-center wpex-leading-none wpex-text-black\" style=\"color:#00c1cf;\"><span class=\"fas fa-ship\" aria-hidden=\"true\"><\/span><\/div><\/div><div class=\"vcex-icon-box-text\"><h2 class=\"vcex-icon-box-heading wpex-heading wpex-text-md wpex-mb-10\" style=\"color:#000000;\">Supporto da barca<\/h2><div class=\"vcex-icon-box-content wpex-last-mb-0 wpex-clr\" style=\"color:#000000;\"><hr class=\"iconhr\" \/>\n<\/div><\/div><\/div><div class=\"vcex-module vcex-icon-box vcex-icon-box-two wpex-relative wpex-text-center\"><div class=\"vcex-icon-box-symbol wpex-mb-20\"><div class=\"vcex-icon-box-icon wpex-inline-flex wpex-items-center wpex-justify-center wpex-child-inherit-color wpex-text-center wpex-leading-none wpex-text-black\" style=\"color:#00c1cf;\"><span class=\"fas fa-star\" aria-hidden=\"true\"><\/span><\/div><\/div><div class=\"vcex-icon-box-text\"><h2 class=\"vcex-icon-box-heading wpex-heading wpex-text-md wpex-mb-10\" style=\"color:#000000;\">Attrezzatura F-One di ultima generazione<\/h2><div class=\"vcex-icon-box-content wpex-last-mb-0 wpex-clr\" style=\"color:#000000;\"><hr class=\"iconhr\" \/>\n<\/div><\/div><\/div><div class=\"vcex-module vcex-icon-box vcex-icon-box-two wpex-relative wpex-text-center\"><div class=\"vcex-icon-box-symbol wpex-mb-20\"><div class=\"vcex-icon-box-icon wpex-inline-flex wpex-items-center wpex-justify-center wpex-child-inherit-color wpex-text-center wpex-leading-none wpex-text-black\" style=\"color:#1fb9c4;\"><span class=\"fas fa-user-friends\" aria-hidden=\"true\"><\/span><\/div><\/div><div class=\"vcex-icon-box-text\"><h2 class=\"vcex-icon-box-heading wpex-heading wpex-text-md wpex-mb-10\" style=\"color:#000000;\">Massimo 3 studenti\/gruppo<\/h2><div class=\"vcex-icon-box-content wpex-last-mb-0 wpex-clr\" style=\"color:#000000;\"><hr class=\"iconhr\" \/>\n<\/div><\/div><\/div><div class=\"vcex-module vcex-icon-box vcex-icon-box-two wpex-relative wpex-text-center\"><div class=\"vcex-icon-box-symbol wpex-mb-20\"><div class=\"vcex-icon-box-icon wpex-inline-flex wpex-items-center wpex-justify-center wpex-child-inherit-color wpex-text-center wpex-leading-none wpex-text-black\" style=\"color:#1fb9c4;\"><span class=\"fas fa-check\" aria-hidden=\"true\"><\/span><\/div><\/div><div class=\"vcex-icon-box-text\"><h2 class=\"vcex-icon-box-heading wpex-heading wpex-text-md wpex-mb-10\" style=\"color:#000000;\">Istruttori qualificati<\/h2><div class=\"vcex-icon-box-content wpex-last-mb-0 wpex-clr\" style=\"color:#000000;\"><hr class=\"iconhr\" \/>\n<\/div><\/div><\/div><\/div>[\/vc_column][\/vc_row][vc_row 0=&#8221;&#8221; column_spacing=&#8221;0px&#8221; equal_height=&#8221;yes&#8221; css=&#8221;.vc_custom_1583308123766{background-image: url(https:\/\/414kiting.com\/wp-content\/uploads\/2020\/03\/zxgdri2ewzk.jpg?id=2887) !important;background-position: center !important;background-repeat: no-repeat !important;background-size: cover !important;}&#8221; wpex_bg_position=&#8221;center right&#8221;][vc_column width=&#8221;1\/2&#8243; css=&#8221;.vc_custom_1656421900292{padding-top: 20px !important;padding-right: 20px !important;padding-bottom: 20px !important;padding-left: 20px !important;background-color: #000000 !important;background-position: center !important;background-repeat: no-repeat !important;background-size: cover !important;}&#8221;][vc_column_text css_animation=&#8221;fadeIn&#8221; responsive_text=&#8221;true&#8221; css=&#8221;.vc_custom_1707234422770{padding-bottom: 20px !important;}&#8221; color=&#8221;#ffffff&#8221;]\n<h2>Prezzo \u00e8 cosa portare<\/h2>\n<h3><strong>Prezzo: \u20ac250\/persona\/giorno<\/strong><\/h3>\n<p>Imparare a fare wing foil alare \u00e8 fisicamente impegnativo, quindi siate preparati! Non \u00e8 richiesta una particolare esperienza precedente, ma se avete esperienza di windsurf o foiling sar\u00e0 utile.<\/p>\n<h3><strong>Cosa portare:<\/strong><\/h3>\n<ul class=\"list check check-list\">\n<li>Protezione solare<\/li>\n<li>Una bottiglia d&#8217;acqua<\/li>\n<li>Uno spuntino in caso di fame.<\/li>\n<\/ul>\n<p>Non \u00e8 quello che stavate cercando? Provate una delle nostre altre opzioni:[\/vc_column_text]<div class=\"vcex-multi-buttons wpex-flex wpex-flex-wrap wpex-items-center wpex-gap-10 wpex-justify-start\"><a href=\"https:\/\/414kiting.com\/it\/lezioni-private\/\" title=\"Private Lessons\" class=\"theme-button outline white vcex-count-1\">Lezioni private di kitesurf<\/a><a href=\"https:\/\/414kiting.com\/it\/lezioni-kitesurf-principianti\/\" title=\"Lezione di kitesurf principianti\" class=\"theme-button outline white vcex-count-2\">Lezione di kitesurf principianti<\/a><a href=\"https:\/\/414kiting.com\/it\/lezioni-gruppo\/\" title=\"Lezione di kitesurf principianti\" class=\"theme-button outline white vcex-count-3\">Lezione gruppo kitesurf<\/a><a href=\"https:\/\/414kiting.com\/it\/coaching-avanzato-kitesurf\/\" title=\"Coaching\" class=\"theme-button outline white vcex-count-4\">Kitesurf coaching<\/a><a href=\"https:\/\/414kiting.com\/it\/lezioni-kitefoil\/\" title=\"Kite Foil Lessons\" class=\"theme-button outline white vcex-count-5\">Kite foil<\/a><\/div>[\/vc_column][vc_column width=&#8221;1\/2&#8243; css=&#8221;.vc_custom_1656418576238{background-image: url(https:\/\/414kiting.com\/wp-content\/uploads\/2022\/06\/40-_DSC7170.jpg?id=6763) !important;background-position: center !important;background-repeat: no-repeat !important;background-size: cover !important;}&#8221; min_height=&#8221;200px&#8221;][\/vc_column][\/vc_row]\n<\/div>","protected":false},"excerpt":{"rendered":"<p>[vc_row column_spacing=&#8221;0px&#8221; equal_height=&#8221;yes&#8221; css=&#8221;.vc_custom_1656421226772{margin-top: 0px !important;margin-right: 0px !important;margin-bottom: 0px !important;margin-left: 0px !important;border-top-width: 0px !important;border-right-width: 0px !important;border-bottom-width: 0px !important;border-left-width: 0px !important;padding-top: 0px !important;padding-right: 0px !important;padding-bottom: 0px !important;padding-left: 0px !important;background-image: url(https:\/\/414kiting.com\/wp-content\/uploads\/2022\/06\/2022_41446.jpg?id=6696) !important;background-position: center !important;background-repeat: no-repeat !important;background-size: cover !important;}&#8221; min_height=&#8221;500px&#8221; wpex_bg_position=&#8221;bottom left&#8221;][vc_column width=&#8221;1\/2&#8243; min_height=&#8221;250px&#8221;][vc_single_image image=&#8221;6698&#8243; visibility=&#8221;show-at-mm-breakpoint&#8221;][\/vc_column][vc_column width=&#8221;1\/2&#8243; min_height=&#8221;100%&#8221; css=&#8221;.vc_custom_1708075734900{padding-top: 5% !important;padding-right: 5% !important;padding-bottom: 5% !important;padding-left: 5% !important;background-color: rgba(0,0,0,0.8)&hellip;<\/p>\n","protected":false},"author":2,"featured_media":0,"parent":0,"menu_order":0,"comment_status":"closed","ping_status":"closed","template":"","meta":{"_sitemap_exclude":false,"_sitemap_priority":"","_sitemap_frequency":"","_monsterinsights_skip_tracking":false,"_monsterinsights_sitenote_active":false,"_monsterinsights_sitenote_note":"","_monsterinsights_sitenote_category":0,"footnotes":""},"class_list":["post-6839","page","type-page","status-publish","hentry","entry","no-media"],"aioseo_notices":[],"_links":{"self":[{"href":"https:\/\/414kiting.com\/it\/wp-json\/wp\/v2\/pages\/6839","targetHints":{"allow":["GET"]}}],"collection":[{"href":"https:\/\/414kiting.com\/it\/wp-json\/wp\/v2\/pages"}],"about":[{"href":"https:\/\/414kiting.com\/it\/wp-json\/wp\/v2\/types\/page"}],"author":[{"embeddable":true,"href":"https:\/\/414kiting.com\/it\/wp-json\/wp\/v2\/users\/2"}],"replies":[{"embeddable":true,"href":"https:\/\/414kiting.com\/it\/wp-json\/wp\/v2\/comments?post=6839"}],"version-history":[{"count":11,"href":"https:\/\/414kiting.com\/it\/wp-json\/wp\/v2\/pages\/6839\/revisions"}],"predecessor-version":[{"id":9156,"href":"https:\/\/414kiting.com\/it\/wp-json\/wp\/v2\/pages\/6839\/revisions\/9156"}],"wp:attachment":[{"href":"https:\/\/414kiting.com\/it\/wp-json\/wp\/v2\/media?parent=6839"}],"curies":[{"name":"wp","href":"https:\/\/api.w.org\/{rel}","templated":true}]}}