{"id":649,"date":"2015-12-29T14:57:41","date_gmt":"2015-12-29T14:57:41","guid":{"rendered":"http:\/\/develop.414kiting.com\/?page_id=649&#038;lang=it"},"modified":"2025-05-21T09:13:09","modified_gmt":"2025-05-21T09:13:09","slug":"lezioni-private","status":"publish","type":"page","link":"https:\/\/414kiting.com\/it\/lezioni-private\/","title":{"rendered":"Lezioni private"},"content":{"rendered":"<div class=\"wpb-content-wrapper\">[vc_row column_spacing=&#8221;0px&#8221; equal_height=&#8221;yes&#8221; wpex_bg_overlay=&#8221;custom&#8221; css=&#8221;.vc_custom_1584889269618{margin-top: 0px !important;margin-right: 0px !important;margin-bottom: 0px !important;margin-left: 0px !important;border-top-width: 0px !important;border-right-width: 0px !important;border-bottom-width: 0px !important;border-left-width: 0px !important;padding-top: 0px !important;padding-right: 0px !important;padding-bottom: 0px !important;padding-left: 0px !important;background-image: url(https:\/\/414kiting.com\/wp-content\/uploads\/2019\/03\/414_onwater_fullsize-243.jpg?id=2006) !important;background-position: center !important;background-repeat: no-repeat !important;background-size: cover !important;}&#8221; min_height=&#8221;500px&#8221; wpex_bg_overlay_color=&#8221;rgba(255,255,255,0.01)&#8221;][vc_column width=&#8221;1\/3&#8243; min_height=&#8221;100%&#8221; css=&#8221;.vc_custom_1707234887140{background-color: rgba(0,0,0,0.7) !important;background-position: center !important;background-repeat: no-repeat !important;background-size: cover !important;*background-color: rgb(0,0,0) !important;}&#8221;][vc_column_text css_animation=&#8221;fadeIn&#8221; responsive_text=&#8221;true&#8221; css=&#8221;.vc_custom_1746785885244{padding-top: 20px !important;padding-right: 20px !important;padding-bottom: 20px !important;padding-left: 20px !important;}&#8221; color=&#8221;#ffffff&#8221;]\n<h1 style=\"text-align: left;\"><span style=\"color: #33cccc;\">Lezione private di kitesurf<\/span><\/h1>\n<p>Sia che si tratti di un 1:1 o con un gruppo di amici, con le nostre lezioni private di kitesurf hai uno dei nostri istruttori qualificati IKO e una barca solo per te o per il tuo gruppo, assicurandoti di poterti concentrare per ottenere ci\u00f2 che vuoi dalla lezione.<\/p>\n<h2>Cosa \u00e8 incluso:<\/h2>\n<ul>\n<li>Un istruttore e una barca esclusivamente per te\/il tuo gruppo<\/li>\n<li>Istruttore qualificato IKO \/ VDWS<\/li>\n<li>Tempi personalizzati delle lezioni: scegli il tuo programma!<\/li>\n<li>Ambiente di apprendimento sicuro con molto spazio<\/li>\n<li>Tutto il kit fornito, inclusa la muta, trapezio kitesurf, giubbotto di salvataggio, e il casco<\/li>\n<li>Sessione teorica di 1 ora sulla terra (per principianti assoluti)<\/li>\n<li>Progressione significativamente pi\u00f9 veloce di quella basata sulla spiaggia grazie al tempo di irrigazione massimizzato (fino a 3 volte pi\u00f9 veloce)<\/li>\n<li>Licenza di abilit\u00e0 <a href=\"https:\/\/www.ikointl.com\/it\" target=\"_blank\" rel=\"noopener noreferrer\">IKO<\/a> alla fine del corso<\/li>\n<\/ul>\n[\/vc_column_text]<a href=\"mailto:hello@414kiting.com\" class=\"vcex-button theme-button clean white medium align-left inline wpex-flex-shrink-0\" style=\"background:#00c1cf;color:#ffffff;border:0;margin-top:30px;margin-bottom:30px;width:300px;\" data-wpex-hover='{&quot;background&quot;:&quot;#ffffff&quot;,&quot;color&quot;:&quot;#00c1cf&quot;}'><span class=\"theme-button-inner\">Book Now!<\/span><\/a> [\/vc_column][vc_column width=&#8221;2\/4&#8243; css=&#8221;.vc_custom_1583416791648{background-position: center !important;background-repeat: no-repeat !important;background-size: cover !important;}&#8221; min_height=&#8221;100%&#8221;][\/vc_column][\/vc_row]\n[vc_row css_animation=&#8221;fadeInRight&#8221; column_spacing=&#8221;0px&#8221; equal_height=&#8221;yes&#8221; css=&#8221;.vc_custom_1687689042361{margin-top: 0px !important;margin-right: 0px !important;margin-bottom: 0px !important;margin-left: 0px !important;padding-top: 0px !important;padding-right: 0px !important;padding-bottom: 0px !important;padding-left: 0px !important;background-color: #ffffff !important;}&#8221; el_id=&#8221;icontext&#8221;][vc_column css=&#8221;.vc_custom_1583232279744{padding-top: 20px !important;padding-right: 20px !important;padding-bottom: 20px !important;padding-left: 20px !important;}&#8221;]<div class=\"vcex-grid-container vcex-module wpex-grid wpex-gap-20 wpex-grid-cols-2 wpex-sm-grid-cols-3 wpex-md-grid-cols-3 wpex-lg-grid-cols-6 wpex-justify-items-center vc_custom_1656422305705\"><div class=\"vcex-module vcex-icon-box vcex-icon-box-two wpex-relative wpex-text-center\"><div class=\"vcex-icon-box-symbol wpex-mb-20\"><div class=\"vcex-icon-box-icon wpex-inline-flex wpex-items-center wpex-justify-center wpex-child-inherit-color wpex-text-center wpex-leading-none wpex-text-black\" style=\"color:#00c1cf;\"><span class=\"fas fa-water\" aria-hidden=\"true\"><\/span><\/div><\/div><div class=\"vcex-icon-box-text\"><h2 class=\"vcex-icon-box-heading wpex-heading wpex-text-md wpex-mb-10\" style=\"color:#000000;\">Unbeatable learning space<\/h2><div class=\"vcex-icon-box-content wpex-last-mb-0 wpex-clr\" style=\"color:#000000;\"><hr class=\"iconhr\" \/>\n<\/div><\/div><\/div><div class=\"vcex-module vcex-icon-box vcex-icon-box-two wpex-relative wpex-text-center\"><div class=\"vcex-icon-box-symbol wpex-mb-20\"><div class=\"vcex-icon-box-icon wpex-inline-flex wpex-items-center wpex-justify-center wpex-child-inherit-color wpex-text-center wpex-leading-none wpex-text-black\" style=\"color:#00c1cf;\"><span class=\"fas fa-sun\" aria-hidden=\"true\"><\/span><\/div><\/div><div class=\"vcex-icon-box-text\"><h2 class=\"vcex-icon-box-heading wpex-heading wpex-text-md wpex-mb-10\" style=\"color:#000000;\">Safe learning environment<\/h2><div class=\"vcex-icon-box-content wpex-last-mb-0 wpex-clr\" style=\"color:#000000;\"><hr class=\"iconhr\" \/>\n<\/div><\/div><\/div><div class=\"vcex-module vcex-icon-box vcex-icon-box-two wpex-relative wpex-text-center\"><div class=\"vcex-icon-box-symbol wpex-mb-20\"><div class=\"vcex-icon-box-icon wpex-inline-flex wpex-items-center wpex-justify-center wpex-child-inherit-color wpex-text-center wpex-leading-none wpex-text-black\" style=\"color:#00c1cf;\"><span class=\"fas fa-ship\" aria-hidden=\"true\"><\/span><\/div><\/div><div class=\"vcex-icon-box-text\"><h2 class=\"vcex-icon-box-heading wpex-heading wpex-text-md wpex-mb-10\" style=\"color:#000000;\">Tuition from boats<\/h2><div class=\"vcex-icon-box-content wpex-last-mb-0 wpex-clr\" style=\"color:#000000;\"><hr class=\"iconhr\" \/>\n<\/div><\/div><\/div><div class=\"vcex-module vcex-icon-box vcex-icon-box-two wpex-relative wpex-text-center\"><div class=\"vcex-icon-box-symbol wpex-mb-20\"><div class=\"vcex-icon-box-icon wpex-inline-flex wpex-items-center wpex-justify-center wpex-child-inherit-color wpex-text-center wpex-leading-none wpex-text-black\" style=\"color:#00c1cf;\"><span class=\"fas fa-broadcast-tower\" aria-hidden=\"true\"><\/span><\/div><\/div><div class=\"vcex-icon-box-text\"><h2 class=\"vcex-icon-box-heading wpex-heading wpex-text-md wpex-mb-10\" style=\"color:#000000;\">Radio-assisted teaching<\/h2><div class=\"vcex-icon-box-content wpex-last-mb-0 wpex-clr\" style=\"color:#000000;\"><hr class=\"iconhr\" \/>\n<\/div><\/div><\/div><div class=\"vcex-module vcex-icon-box vcex-icon-box-two wpex-relative wpex-text-center\"><div class=\"vcex-icon-box-symbol wpex-mb-20\"><div class=\"vcex-icon-box-icon wpex-inline-flex wpex-items-center wpex-justify-center wpex-child-inherit-color wpex-text-center wpex-leading-none wpex-text-black\" style=\"color:#1fb9c4;\"><span class=\"fas fa-user-friends\" aria-hidden=\"true\"><\/span><\/div><\/div><div class=\"vcex-icon-box-text\"><h2 class=\"vcex-icon-box-heading wpex-heading wpex-text-md wpex-mb-10\" style=\"color:#000000;\">Max 3 students per group<\/h2><div class=\"vcex-icon-box-content wpex-last-mb-0 wpex-clr\" style=\"color:#000000;\"><hr class=\"iconhr\" \/>\n<\/div><\/div><\/div><div class=\"vcex-module vcex-icon-box vcex-icon-box-two wpex-relative wpex-text-center\"><div class=\"vcex-icon-box-symbol wpex-mb-20\"><div class=\"vcex-icon-box-icon wpex-inline-flex wpex-items-center wpex-justify-center wpex-child-inherit-color wpex-text-center wpex-leading-none wpex-text-black\" style=\"color:#1fb9c4;\"><span class=\"fas fa-check\" aria-hidden=\"true\"><\/span><\/div><\/div><div class=\"vcex-icon-box-text\"><h2 class=\"vcex-icon-box-heading wpex-heading wpex-text-md wpex-mb-10\" style=\"color:#000000;\">Qualified instructors<\/h2><div class=\"vcex-icon-box-content wpex-last-mb-0 wpex-clr\" style=\"color:#000000;\"><hr class=\"iconhr\" \/>\n<\/div><\/div><\/div><\/div>[\/vc_column][\/vc_row]\n[vc_row 0=&#8221;&#8221; column_spacing=&#8221;0px&#8221; equal_height=&#8221;yes&#8221; css=&#8221;.vc_custom_1707234824577{background-position: center !important;background-repeat: no-repeat !important;background-size: cover !important;}&#8221; wpex_bg_position=&#8221;center right&#8221;][vc_column width=&#8221;1\/2&#8243; css=&#8221;.vc_custom_1707235392864{padding-top: 10% !important;padding-right: 10% !important;padding-bottom: 10% !important;padding-left: 10% !important;background-color: #000000 !important;background-position: center !important;background-repeat: no-repeat !important;background-size: cover !important;}&#8221;][vc_column_text css_animation=&#8221;fadeIn&#8221; responsive_text=&#8221;true&#8221; css=&#8221;.vc_custom_1742196930037{padding-bottom: 20px !important;}&#8221; color=&#8221;#ffffff&#8221;]\n<h2 class=\"vcex-teaser-heading\">Lezione private<\/h2>\n<h3 class=\"vcex-teaser-heading\">\u20ac600\/giorno (1-2 personi)<\/h3>\n<p>Le lezioni private di kitesurf offrono anche una maggiore flessibilit\u00e0 in termini di ore in acqua, quindi \u00e8 ottimo per le famiglie e per i gruppi che vogliono i servizi esclusivi di una barca\/istruttore (consigliamo un massimo di 4 per istruttore). Il rapporto istruttore\/allievo pi\u00f9 basso rende anche le lezioni private un&#8217;ottima opzione per i bambini sotto i 16 anni, per garantire che imparino in un ambiente sicuro e pienamente supportato.<\/p>\n<p>Come una delle nostre opzioni pi\u00f9 popolari \u00e8 meglio prenotare le lezioni private il pi\u00f9 possibile in anticipo possibile per evitare delusioni, specialmente durante l&#8217;alta stagione, quando la disponibilit\u00e0 \u00e8 limitata.<\/p>\n<h3><strong>Quello che devi portare con te:<\/strong><\/h3>\n<ul class=\"list check check-list\">\n<li>Cr\u00e8me solaire<\/li>\n<li>Acqua<\/li>\n<li>Un po&#8217; di cibo se la fame mostra la punta del naso!<\/li>\n<\/ul>\n<h3>Altre opzioni di lezione<\/h3>\n[\/vc_column_text]<div class=\"vcex-multi-buttons wpex-flex wpex-flex-wrap wpex-items-center wpex-gap-10 wpex-justify-start\"><a href=\"https:\/\/414kiting.com\/it\/lezioni-kitesurf-principianti\/\" title=\"Lezione di kitesurf principianti\" class=\"theme-button outline white vcex-count-1\">Lezione di kitesurf principianti<\/a><a href=\"https:\/\/414kiting.com\/it\/lezioni-gruppo\/\" title=\"Lezione di kitesurf principianti\" class=\"theme-button outline white vcex-count-2\">Lezione gruppo kitesurf<\/a><a href=\"https:\/\/414kiting.com\/it\/coaching-avanzato-kitesurf\/\" title=\"Coaching\" class=\"theme-button outline white vcex-count-3\">Kitesurf coaching<\/a><a href=\"https:\/\/414kiting.com\/it\/lezioni-wing-foil\/\" title=\"Wing Foil Lessons\" class=\"theme-button outline white vcex-count-4\">Wing foil<\/a><a href=\"https:\/\/414kiting.com\/it\/lezioni-kitefoil\/\" title=\"Kite Foil Lessons\" class=\"theme-button outline white vcex-count-5\">Kite foil<\/a><\/div>[\/vc_column][vc_column width=&#8221;1\/2&#8243; css=&#8221;.vc_custom_1583672489492{background-image: url(https:\/\/414kiting.com\/wp-content\/uploads\/2019\/03\/414_onwater_fullsize-35.jpg?id=1831) !important;background-position: center !important;background-repeat: no-repeat !important;background-size: cover !important;}&#8221;][\/vc_column][\/vc_row]\n<\/div>","protected":false},"excerpt":{"rendered":"<p>[vc_row column_spacing=&#8221;0px&#8221; equal_height=&#8221;yes&#8221; wpex_bg_overlay=&#8221;custom&#8221; css=&#8221;.vc_custom_1584889269618{margin-top: 0px !important;margin-right: 0px !important;margin-bottom: 0px !important;margin-left: 0px !important;border-top-width: 0px !important;border-right-width: 0px !important;border-bottom-width: 0px !important;border-left-width: 0px !important;padding-top: 0px !important;padding-right: 0px !important;padding-bottom: 0px !important;padding-left: 0px !important;background-image: url(https:\/\/414kiting.com\/wp-content\/uploads\/2019\/03\/414_onwater_fullsize-243.jpg?id=2006) !important;background-position: center !important;background-repeat: no-repeat !important;background-size: cover !important;}&#8221; min_height=&#8221;500px&#8221; wpex_bg_overlay_color=&#8221;rgba(255,255,255,0.01)&#8221;][vc_column width=&#8221;1\/3&#8243; min_height=&#8221;100%&#8221; css=&#8221;.vc_custom_1707234887140{background-color: rgba(0,0,0,0.7) !important;background-position: center !important;background-repeat: no-repeat !important;background-size: cover !important;*background-color: rgb(0,0,0) !important;}&#8221;][vc_column_text css_animation=&#8221;fadeIn&#8221; responsive_text=&#8221;true&#8221; css=&#8221;.vc_custom_1746785885244{padding-top:&hellip;<\/p>\n","protected":false},"author":1,"featured_media":0,"parent":0,"menu_order":0,"comment_status":"closed","ping_status":"closed","template":"templates\/no-sidebar.php","meta":{"_sitemap_exclude":false,"_sitemap_priority":"","_sitemap_frequency":"","_monsterinsights_skip_tracking":false,"_monsterinsights_sitenote_active":false,"_monsterinsights_sitenote_note":"","_monsterinsights_sitenote_category":0,"footnotes":""},"class_list":["post-649","page","type-page","status-publish","hentry","entry","no-media"],"aioseo_notices":[],"_links":{"self":[{"href":"https:\/\/414kiting.com\/it\/wp-json\/wp\/v2\/pages\/649","targetHints":{"allow":["GET"]}}],"collection":[{"href":"https:\/\/414kiting.com\/it\/wp-json\/wp\/v2\/pages"}],"about":[{"href":"https:\/\/414kiting.com\/it\/wp-json\/wp\/v2\/types\/page"}],"author":[{"embeddable":true,"href":"https:\/\/414kiting.com\/it\/wp-json\/wp\/v2\/users\/1"}],"replies":[{"embeddable":true,"href":"https:\/\/414kiting.com\/it\/wp-json\/wp\/v2\/comments?post=649"}],"version-history":[{"count":39,"href":"https:\/\/414kiting.com\/it\/wp-json\/wp\/v2\/pages\/649\/revisions"}],"predecessor-version":[{"id":9161,"href":"https:\/\/414kiting.com\/it\/wp-json\/wp\/v2\/pages\/649\/revisions\/9161"}],"wp:attachment":[{"href":"https:\/\/414kiting.com\/it\/wp-json\/wp\/v2\/media?parent=649"}],"curies":[{"name":"wp","href":"https:\/\/api.w.org\/{rel}","templated":true}]}}