{"id":606,"date":"2015-12-29T09:20:22","date_gmt":"2015-12-29T09:20:22","guid":{"rendered":"http:\/\/develop.414kiting.com\/?page_id=606&#038;lang=it"},"modified":"2024-06-09T16:22:34","modified_gmt":"2024-06-09T16:22:34","slug":"perche-414kiting","status":"publish","type":"page","link":"https:\/\/414kiting.com\/it\/perche-414kiting\/","title":{"rendered":"Perch\u00e9 414 Kiting"},"content":{"rendered":"<div class=\"wpb-content-wrapper\">[vc_row column_spacing=&#8221;0px&#8221; equal_height=&#8221;yes&#8221; wpex_bg_overlay=&#8221;custom&#8221; css=&#8221;.vc_custom_1707236110123{margin-top: 0px !important;margin-right: 0px !important;margin-bottom: 0px !important;margin-left: 0px !important;border-top-width: 0px !important;border-right-width: 0px !important;border-bottom-width: 0px !important;border-left-width: 0px !important;padding-top: 0px !important;padding-right: 0px !important;padding-bottom: 0px !important;padding-left: 0px !important;background-image: url(https:\/\/414kiting.com\/wp-content\/uploads\/2021\/07\/faq-page.png?id=6081) !important;background-position: center !important;background-repeat: no-repeat !important;background-size: cover !important;}&#8221; min_height=&#8221;500px&#8221; wpex_bg_overlay_color=&#8221;rgba(255,255,255,0.01)&#8221;][vc_column width=&#8221;1\/3&#8243; min_height=&#8221;100%&#8221; css=&#8221;.vc_custom_1677336787274{padding-top: 20px !important;padding-right: 20px !important;padding-bottom: 20px !important;padding-left: 20px !important;background-color: rgba(0,0,0,0.8) !important;background-position: center !important;background-repeat: no-repeat !important;background-size: cover !important;*background-color: rgb(0,0,0) !important;}&#8221;][vc_column_text css_animation=&#8221;fadeIn&#8221; responsive_text=&#8221;true&#8221; color=&#8221;#ffffff&#8221;]\n<h1>Perch\u00e9 imparare con noi<\/h1>\n<ul>\n<li>Lezioni kitesurf per tutti i livelli<\/li>\n<li>Ambiente di apprendimento sicuro e spazioso<\/li>\n<li>Nuove attrezzature<\/li>\n<li>Niente kite-sharing una volta appresi i controlli di base<\/li>\n<li>Un fantastico team di istruttori multilingue, altamente qualificati, ed esperti<\/li>\n<li>Date flessibili dei corsi<\/li>\n<li>Supporto dalla barca<\/li>\n<li>Certificazione <a href=\"https:\/\/www.ikointl.com\/it\" target=\"_blank\" rel=\"noopener noreferrer\">IKO<\/a> alla fine del corso<\/li>\n<li><strong>Non c&#8217;\u00e8 vento? Allora non si paga &#8211; pensiamo che sia giusto!<\/strong><\/li>\n<\/ul>\n<p>A 414 Kite offriamo corsi kitesurf per tutti i livelli e per la maggior parte delle et\u00e0 (si consiglia che i bambini siano di almeno 35 kg). Offriamo sia <a href=\"https:\/\/414kiting.com\/it\/lezioni-gruppo\" rel=\"noopener noreferrer\">lezioni di gruppo<\/a> che <a href=\"https:\/\/414kiting.com\/it\/lezioni-private\" rel=\"noopener noreferrer\">lezioni private<\/a> con il nostro esperto team di istruttori qualificati IKO, che tra di loro sono in grado di svolgere lezioni in diverse lingue (inglese, tedesco, francese sono le principali lingue di gruppo, ma anche ungherese, polacco, italiano e spagnolo).[\/vc_column_text][\/vc_column][vc_column width=&#8221;2\/3&#8243; css=&#8221;.vc_custom_1583416791648{background-position: center !important;background-repeat: no-repeat !important;background-size: cover !important;}&#8221; min_height=&#8221;100%&#8221;][\/vc_column][\/vc_row][vc_row column_spacing=&#8221;0px&#8221; equal_height=&#8221;yes&#8221; css=&#8221;.vc_custom_1586089855847{margin-top: 0px !important;margin-right: 0px !important;margin-bottom: 0px !important;margin-left: 0px !important;padding-top: 0px !important;padding-right: 0px !important;padding-bottom: 0px !important;padding-left: 0px !important;background-color: #ffffff !important;}&#8221; el_id=&#8221;icontext&#8221;][vc_column width=&#8221;1\/4&#8243; css=&#8221;.vc_custom_1707236139526{padding-top: 20px !important;padding-right: 20px !important;padding-bottom: 20px !important;padding-left: 20px !important;background-color: #efefef !important;}&#8221;][vc_icon icon_fontawesome=&#8221;fas fa-sun&#8221; color=&#8221;turquoise&#8221; align=&#8221;center&#8221; css=&#8221;.vc_custom_1583307348965{margin-top: 0px !important;margin-right: 0px !important;margin-bottom: 0px !important;margin-left: 0px !important;border-top-width: 0px !important;border-right-width: 0px !important;border-bottom-width: 0px !important;border-left-width: 0px !important;padding-top: 0px !important;padding-right: 0px !important;padding-bottom: 0px !important;padding-left: 0px !important;}&#8221;][vc_column_text color=&#8221;#000000&#8243; css=&#8221;.vc_custom_1583308545952{padding-top: 10px !important;padding-right: 10px !important;padding-bottom: 10px !important;padding-left: 10px !important;}&#8221;]\n<h2 style=\"text-align: center;\">LEZIONI OGNI GIORNO D&#8217;ESTATE<\/h2>\n[\/vc_column_text][vc_column_text css_animation=&#8221;fadeIn&#8221; responsive_text=&#8221;true&#8221; color=&#8221;#000000&#8243; css=&#8221;.vc_custom_1584280500739{padding-top: 20px !important;padding-right: 20px !important;padding-bottom: 20px !important;padding-left: 20px !important;background-color: rgba(216,216,216,0.01) !important;*background-color: rgb(216,216,216) !important;}&#8221;]\n<div class=\"vcex-teaser-text clr\">\n<ul>\n<li>Le nostre lezioni kitesurf sono disponibili per tutti i livelli, dal principiante completo all&#8217;avanzato.<\/li>\n<li>Scegliete tra <a href=\"https:\/\/414kiting.com\/it\/lezioni-gruppo\" rel=\"noopener noreferrer\">lezioni di gruppo<\/a>, e <a href=\"https:\/\/414kiting.com\/it\/lezioni-private\" rel=\"noopener noreferrer\">lezioni private<\/a>.<\/li>\n<li>Non ci limitiamo a stabilire date o giorni di corso, quindi che si tratti di un giorno di prova o di un giorno di kitesurf ogni giorno della vostra vacanza, faremo del nostro meglio per accontentarvi.<\/li>\n<\/ul>\n<\/div>\n[\/vc_column_text][\/vc_column][vc_column width=&#8221;1\/4&#8243; css=&#8221;.vc_custom_1583232304268{padding-top: 20px !important;padding-right: 20px !important;padding-bottom: 20px !important;padding-left: 20px !important;}&#8221;][vc_icon icon_fontawesome=&#8221;fas fa-user&#8221; color=&#8221;turquoise&#8221; align=&#8221;center&#8221; css=&#8221;.vc_custom_1583307268611{margin-top: 0px !important;margin-right: 0px !important;margin-bottom: 0px !important;margin-left: 0px !important;border-top-width: 0px !important;border-right-width: 0px !important;border-bottom-width: 0px !important;border-left-width: 0px !important;padding-top: 0px !important;padding-right: 0px !important;padding-bottom: 0px !important;padding-left: 0px !important;}&#8221;][vc_column_text color=&#8221;#000000&#8243; css=&#8221;.vc_custom_1583308318955{padding-top: 10px !important;padding-right: 10px !important;padding-bottom: 10px !important;padding-left: 10px !important;}&#8221;]\n<h2 style=\"text-align: center;\">PICCOLI GRUPPI<\/h2>\n[\/vc_column_text][vc_column_text css_animation=&#8221;fadeIn&#8221; responsive_text=&#8221;true&#8221; color=&#8221;#000000&#8243; css=&#8221;.vc_custom_1584280404235{padding-top: 20px !important;padding-right: 20px !important;padding-bottom: 20px !important;padding-left: 20px !important;background-color: rgba(255,255,255,0.01) !important;*background-color: rgb(255,255,255) !important;}&#8221;]\n<div class=\"vcex-teaser-text clr\">\n<ul>\n<li>Le nostre <a href=\"https:\/\/414kiting.com\/it\/lezioni-gruppo\" target=\"_blank\" rel=\"noopener noreferrer\">lezioni di gruppo<\/a> di kitesurf hanno un <strong>massimo di 3 studenti<\/strong> e diamo ad ogni studente il proprio kite non appena \u00e8 in grado di controllare e rilanciare il kite in modo indipendente. Per le lezioni di kite foil\/wing foil \u00e8 previsto un massimo di 2 persone per gruppo. Molte scuole hanno un massimo di 4 studenti che condividono un aquilone, il che limita enormemente i progressi e significa che si passa pi\u00f9 tempo a guardare gli altri divertirsi che a imparare da soli! Con il nostro metodo di insegnamento in barca, possiamo dare ad ogni studente un aquilone in tutta sicurezza e fornire un&#8217;istruzione di qualit\u00e0, massimizzando il vostro tempo di apprendimento.<\/li>\n<\/ul>\n<\/div>\n[\/vc_column_text][\/vc_column][vc_column width=&#8221;1\/4&#8243; css=&#8221;.vc_custom_1707236149583{padding-top: 20px !important;padding-right: 20px !important;padding-bottom: 20px !important;padding-left: 20px !important;background-color: #efefef !important;}&#8221;][vc_icon icon_fontawesome=&#8221;fas fa-ship&#8221; color=&#8221;turquoise&#8221; align=&#8221;center&#8221; css=&#8221;.vc_custom_1583307372956{margin-top: 0px !important;margin-right: 0px !important;margin-bottom: 0px !important;margin-left: 0px !important;border-top-width: 0px !important;border-right-width: 0px !important;border-bottom-width: 0px !important;border-left-width: 0px !important;padding-top: 0px !important;padding-right: 0px !important;padding-bottom: 0px !important;padding-left: 0px !important;}&#8221;][vc_column_text color=&#8221;#000000&#8243; css=&#8221;.vc_custom_1583308571753{padding-top: 10px !important;padding-right: 10px !important;padding-bottom: 10px !important;padding-left: 10px !important;}&#8221;]\n<h2 style=\"text-align: center;\">SUPPORTO DALLA BARCA<\/h2>\n[\/vc_column_text][vc_column_text css_animation=&#8221;fadeIn&#8221; responsive_text=&#8221;true&#8221; color=&#8221;#000000&#8243; css=&#8221;.vc_custom_1584279966842{padding-top: 20px !important;padding-right: 20px !important;padding-bottom: 20px !important;padding-left: 20px !important;background-color: rgba(255,255,255,0.01) !important;*background-color: rgb(255,255,255) !important;}&#8221;]\n<ul>\n<li>Nella maggior parte degli spot di kitesurf, gli studenti passano fino al 90% del loro tempo con l&#8217;aquilone in aria camminando lungo la spiaggia per riguadagnare il terreno che hanno perso controvento (per un principiante \u00e8 difficile stare sopravento!). Imparare da una barca elimina questa fase faticosa e significa che si passa pi\u00f9 tempo a fare kite piuttosto che a camminare. Gli studenti che hanno provato entrambi i metodi possono confermare che imparare da una barca \u00e8 fino a 3 volte pi\u00f9 veloce e significativamente pi\u00f9 sicuro<\/li>\n<li>Il vostro istruttore non sar\u00e0 mai lontano da voi quando imparerete sul lago. Le nostre barche sono molto veloci tra gli studenti per darvi consigli e aiuto se necessario. Quando si impara da una spiaggia, il vostro istruttore \u00e8 spesso molto lontano e non \u00e8 in grado di raggiungervi per aiutarvi quando avete bisogno di aiuto.<\/li>\n<\/ul>\n[\/vc_column_text][\/vc_column][vc_column width=&#8221;1\/4&#8243; css=&#8221;.vc_custom_1583232324242{padding-top: 20px !important;padding-right: 20px !important;padding-bottom: 20px !important;padding-left: 20px !important;}&#8221;][vc_icon icon_fontawesome=&#8221;fas fa-star&#8221; color=&#8221;turquoise&#8221; align=&#8221;center&#8221; css=&#8221;.vc_custom_1583231861828{margin-top: 0px !important;margin-right: 0px !important;margin-bottom: 0px !important;margin-left: 0px !important;border-top-width: 0px !important;border-right-width: 0px !important;border-bottom-width: 0px !important;border-left-width: 0px !important;padding-top: 0px !important;padding-right: 0px !important;padding-bottom: 0px !important;padding-left: 0px !important;}&#8221;][vc_column_text color=&#8221;#000000&#8243; css=&#8221;.vc_custom_1584224388530{padding-top: 10px !important;padding-right: 10px !important;padding-bottom: 10px !important;padding-left: 10px !important;}&#8221;]\n<h2 style=\"text-align: center;\">SICUREZZA PRIMA DI TUTTO<\/h2>\n[\/vc_column_text][vc_column_text css_animation=&#8221;fadeIn&#8221; responsive_text=&#8221;true&#8221; color=&#8221;#000000&#8243; css=&#8221;.vc_custom_1584280723301{padding-top: 20px !important;padding-right: 20px !important;padding-bottom: 20px !important;padding-left: 20px !important;background-color: rgba(255,255,255,0.01) !important;*background-color: rgb(255,255,255) !important;}&#8221;]\n<ul>\n<li>Il nostro incredibile, multilingue team di istruttori sono tutti certificato IKO, e tutto il nostro insegnamento in acqua viene svolto da barche nella sicurezza del centro del lago. Stare lontani dalla terraferma \u00e8 un modo molto pi\u00f9 sicuro e divertente per imparare a fare kitesurf.<\/li>\n<li>I nostri corsi sono gestiti con le uniche attrezzature <a href=\"https:\/\/fr.f-one.world\/\" target=\"_blank\" rel=\"noopener noreferrer\">F-One<\/a> pi\u00f9 recente, e sono progettati per rendere l&#8217;apprendimento del kitesurf il pi\u00f9 sicuro e divertente possibile.<\/li>\n<\/ul>\n[\/vc_column_text][\/vc_column][\/vc_row][vc_row column_spacing=&#8221;0px&#8221; equal_height=&#8221;yes&#8221; wpex_bg_overlay=&#8221;custom&#8221; css=&#8221;.vc_custom_1584278693555{margin-top: 0px !important;margin-right: 0px !important;margin-bottom: 0px !important;margin-left: 0px !important;border-top-width: 0px !important;border-right-width: 0px !important;border-bottom-width: 0px !important;border-left-width: 0px !important;padding-top: 0px !important;padding-right: 0px !important;padding-bottom: 0px !important;padding-left: 0px !important;background-image: url(https:\/\/414kiting.com\/wp-content\/uploads\/2015\/12\/IMG_3441-1.jpg?id=265) !important;background-position: center !important;background-repeat: no-repeat !important;background-size: cover !important;}&#8221; min_height=&#8221;500px&#8221; wpex_bg_overlay_color=&#8221;rgba(255,255,255,0.01)&#8221;][vc_column width=&#8221;1\/2&#8243; min_height=&#8221;100%&#8221; css=&#8221;.vc_custom_1677336807498{padding-top: 20px !important;padding-right: 20px !important;padding-bottom: 20px !important;padding-left: 20px !important;background-color: #000000 !important;background-position: center !important;background-repeat: no-repeat !important;background-size: cover !important;}&#8221;][vc_column_text css_animation=&#8221;fadeIn&#8221; responsive_text=&#8221;true&#8221; color=&#8221;#ffffff&#8221;]\n<h2>Riguardo a noi<\/h2>\n<p>Per uno spot estivo di kitesurf in Europa, il Lago di Como \u00e8 difficile da battere. Circondato dalle imponenti vette delle Alpi meridionali, il Lago di Como si trova a soli 90 minuti da Milano, a 3 ore da Zurigo e a 4 ore da Ginevra. Il lago, con i suoi 162 chilometri quadrati di acqua dolce, offre condizioni di apprendimento imbattibili e un parco giochi perfetto per i kiters pi\u00f9 esperti. A differenza del pi\u00f9 noto lago di Garda, Como \u00e8 raramente troppo affollata e nei mesi estivi oltre il 90% dei giorni porta vento per il kite.<\/p>\n<p>414 Kiting \u00e8 aperto tra maggio e settembre, quando i venti termici soffiano in modo pi\u00f9 affidabile, ma potete contattarci in qualsiasi momento se avete domande o volete prenotare delle lezioni.<\/p>\n<p>Se sei un kiter esperto in cerca di informazioni sui venti del Lago di Como o sui migliori spot per il lancio da terra, allora anche dare un&#8217;occhiata alla nostra <a href=\"https:\/\/414kiting.com\/it\/forecasts-and-spot-guide\" rel=\"noopener noreferrer\">Como Kitespot Guide.<\/a>[\/vc_column_text][\/vc_column][vc_column width=&#8221;1\/2&#8243; css=&#8221;.vc_custom_1583416791648{background-position: center !important;background-repeat: no-repeat !important;background-size: cover !important;}&#8221; min_height=&#8221;100%&#8221;][\/vc_column][\/vc_row]\n<\/div>","protected":false},"excerpt":{"rendered":"<p>[vc_row column_spacing=&#8221;0px&#8221; equal_height=&#8221;yes&#8221; wpex_bg_overlay=&#8221;custom&#8221; css=&#8221;.vc_custom_1707236110123{margin-top: 0px !important;margin-right: 0px !important;margin-bottom: 0px !important;margin-left: 0px !important;border-top-width: 0px !important;border-right-width: 0px !important;border-bottom-width: 0px !important;border-left-width: 0px !important;padding-top: 0px !important;padding-right: 0px !important;padding-bottom: 0px !important;padding-left: 0px !important;background-image: url(https:\/\/414kiting.com\/wp-content\/uploads\/2021\/07\/faq-page.png?id=6081) !important;background-position: center !important;background-repeat: no-repeat !important;background-size: cover !important;}&#8221; min_height=&#8221;500px&#8221; wpex_bg_overlay_color=&#8221;rgba(255,255,255,0.01)&#8221;][vc_column width=&#8221;1\/3&#8243; min_height=&#8221;100%&#8221; css=&#8221;.vc_custom_1677336787274{padding-top: 20px !important;padding-right: 20px !important;padding-bottom: 20px !important;padding-left: 20px !important;background-color: rgba(0,0,0,0.8) !important;background-position: center !important;background-repeat: no-repeat&hellip;<\/p>\n","protected":false},"author":1,"featured_media":0,"parent":0,"menu_order":0,"comment_status":"closed","ping_status":"closed","template":"templates\/no-sidebar.php","meta":{"_sitemap_exclude":false,"_sitemap_priority":"","_sitemap_frequency":"","_monsterinsights_skip_tracking":false,"_monsterinsights_sitenote_active":false,"_monsterinsights_sitenote_note":"","_monsterinsights_sitenote_category":0,"footnotes":""},"class_list":["post-606","page","type-page","status-publish","hentry","entry","no-media"],"aioseo_notices":[],"_links":{"self":[{"href":"https:\/\/414kiting.com\/it\/wp-json\/wp\/v2\/pages\/606","targetHints":{"allow":["GET"]}}],"collection":[{"href":"https:\/\/414kiting.com\/it\/wp-json\/wp\/v2\/pages"}],"about":[{"href":"https:\/\/414kiting.com\/it\/wp-json\/wp\/v2\/types\/page"}],"author":[{"embeddable":true,"href":"https:\/\/414kiting.com\/it\/wp-json\/wp\/v2\/users\/1"}],"replies":[{"embeddable":true,"href":"https:\/\/414kiting.com\/it\/wp-json\/wp\/v2\/comments?post=606"}],"version-history":[{"count":27,"href":"https:\/\/414kiting.com\/it\/wp-json\/wp\/v2\/pages\/606\/revisions"}],"predecessor-version":[{"id":8618,"href":"https:\/\/414kiting.com\/it\/wp-json\/wp\/v2\/pages\/606\/revisions\/8618"}],"wp:attachment":[{"href":"https:\/\/414kiting.com\/it\/wp-json\/wp\/v2\/media?parent=606"}],"curies":[{"name":"wp","href":"https:\/\/api.w.org\/{rel}","templated":true}]}}