{"id":577,"date":"2015-12-28T16:09:20","date_gmt":"2015-12-28T16:09:20","guid":{"rendered":"http:\/\/develop.414kiting.com\/?page_id=577&#038;lang=it"},"modified":"2025-05-21T09:09:10","modified_gmt":"2025-05-21T09:09:10","slug":"lezioni-gruppo","status":"publish","type":"page","link":"https:\/\/414kiting.com\/it\/lezioni-gruppo\/","title":{"rendered":"Lezioni di Kitesurf di Gruppo"},"content":{"rendered":"<div class=\"wpb-content-wrapper\">[vc_row column_spacing=&#8221;0px&#8221; equal_height=&#8221;yes&#8221; wpex_bg_overlay=&#8221;custom&#8221; css=&#8221;.vc_custom_1746521507153{background-position: center !important;background-repeat: no-repeat !important;background-size: cover !important;}&#8221; min_height=&#8221;500px&#8221; el_id=&#8221;toprow&#8221;][vc_column width=&#8221;1\/2&#8243; css=&#8221;.vc_custom_1746521349931{background-color: #000000 !important;}&#8221;][vc_column_text css=&#8221;.vc_custom_1747818546376{padding-top: 5% !important;padding-right: 10% !important;padding-bottom: 5% !important;padding-left: 10% !important;}&#8221;]\n<h1 data-start=\"247\" data-end=\"274\"><span style=\"font-weight: 400; color: #33cccc;\">Lezioni di Kitesurf di Gruppo<\/span><\/h1>\n<p><strong>Progredisci pi\u00f9 velocemente, fai pi\u00f9 pratica e impara con altri nelle nostre lezioni di kitesurf in piccoli gruppi.<\/strong><\/p>\n<p><span style=\"font-weight: 400;\">Che tu voglia prendere confidenza con la tavola, migliorare la bolina o ritornare a fare kitesurf, le nostre sessioni di gruppo sono personalizzate in base al tuo livello. Riceverai istruzioni esperte, tanto tempo in acqua e un\u2019atmosfera divertente e socievole.<\/span>[\/vc_column_text][vc_video link=&#8221;https:\/\/youtu.be\/8PxCmL-G99g&#8221; css=&#8221;&#8221;][\/vc_column][vc_column css_animation=&#8221;fadeIn&#8221; typography_style=&#8221;black&#8221; width=&#8221;1\/2&#8243; min_height=&#8221;100%&#8221; css=&#8221;.vc_custom_1746524832355{padding-top: 5% !important;padding-right: 10% !important;padding-bottom: 5% !important;padding-left: 10% !important;background-color: #FFFFFF !important;background-position: center !important;background-repeat: no-repeat !important;background-size: cover !important;}&#8221; el_id=&#8221;scrollingcolumn&#8221;][vc_column_text css_animation=&#8221;none&#8221; responsive_text=&#8221;true&#8221; css=&#8221;&#8221; el_id=&#8221;grouplessonblurb&#8221;]\n<h2><span style=\"font-weight: 400;\">Per Chi Sono<\/span><\/h2>\n<p><span style=\"font-weight: 400;\">Queste lezioni sono ideali per:<\/span><\/p>\n<ul>\n<li style=\"font-weight: 400;\" aria-level=\"1\"><span style=\"font-weight: 400;\">Piloti con esperienza di kitesurf<\/span><\/li>\n<li style=\"font-weight: 400;\" aria-level=\"1\"><span style=\"font-weight: 400;\">Principianti che hanno gi\u00e0 completato la loro prima sessione<\/span><\/li>\n<li style=\"font-weight: 400;\" aria-level=\"1\"><span style=\"font-weight: 400;\">Chi riprende il kitesurf dopo una pausa<\/span><span style=\"font-weight: 400;\"><br \/>\n<\/span><span style=\"font-weight: 400;\">Chi vuole progredire insieme ad altri in un contesto di gruppo<\/span><\/li>\n<\/ul>\n<p><span style=\"font-weight: 400;\">I corsi e le lezioni sono disponibili tutti i giorni durante l\u2019estate e puoi prenotare una singola giornata o pi\u00f9 giorni, a seconda dei tuoi impegni e obiettivi di apprendimento.<\/span><\/p>\n<p data-start=\"631\" data-end=\"649\"><span style=\"font-weight: 400;\">Se sei alle prime armi con il kitesurf, inizia con le nostre <\/span><a title=\"Beginner Kitesurf Lessons\" href=\"https:\/\/414kiting.com\/it\/lezioni-kitesurf-principianti\/\">Lezioni di Kitesurf per Principianti<\/a><span style=\"font-weight: 400;\">.<\/span><\/p>\n<hr class=\"\" data-start=\"1351\" data-end=\"1354\" \/>\n[\/vc_column_text][vc_column_text css_animation=&#8221;none&#8221; responsive_text=&#8221;true&#8221; css=&#8221;.vc_custom_1746524384526{padding-bottom: 30px !important;}&#8221; el_class=&#8221;highlight-text&#8221;]\n<h2><span style=\"font-weight: 400;\">Programma giornaliero tipico<\/span><\/h2>\n<p><b>11:00 &#8211; <\/b><span style=\"font-weight: 400;\">Incontro con l&#8217;istruttore e preparazione dell\u2019attrezzatura<\/span><\/p>\n<p><b>11:30 &#8211; <\/b><span style=\"font-weight: 400;\">Uscita in acqua <\/span><\/p>\n<p><span style=\"font-weight: 400;\"><strong>~16:00-17:00 &#8211;<\/strong> Rientro al porto<\/span><\/p>\n[\/vc_column_text][vc_column_text css_animation=&#8221;none&#8221; responsive_text=&#8221;true&#8221; css=&#8221;&#8221;]\n<p class=\"\" data-start=\"1577\" data-end=\"1825\"><span style=\"font-weight: 400;\">Ogni giorno avrai circa 3 ore di kitesurf, con un kite tutto per te per ottimizzare il tempo in acqua.<\/span><\/p>\n[\/vc_column_text]<div class=\"theme-button-block-wrap wpex-block wpex-clear theme-button-wrap wpex-clr\"><a href=\"mailto:hello@414kiting.com\" class=\"vcex-button theme-button clean black medium align-left block wpex-flex-shrink-0\" style=\"background:#00c1cf;color:#ffffff;border:0;margin-top:30px;margin-bottom:30px;width:300px;\" data-wpex-hover='{&quot;background&quot;:&quot;#ffffff&quot;,&quot;color&quot;:&quot;#00c1cf&quot;}'><span class=\"theme-button-inner\">Prenota via e-mail<\/span><\/a><\/div> [vc_column_text css_animation=&#8221;none&#8221; css=&#8221;&#8221;]\n<p>Preferite un coaching individuale? Scoprite le nostre <a title=\"Private kitesurf lessons\" href=\"https:\/\/414kiting.com\/it\/lezioni-private\/\">lezioni private<\/a>. Per un livello pi\u00f9 avanzato, provate i <a title=\"Advanced kitesurf coaching\" href=\"https:\/\/414kiting.com\/it\/coaching-avanzato-kitesurf\/\">corsi di coaching<\/a>, <a title=\"Kite Foil Lessons\" href=\"https:\/\/414kiting.com\/it\/lezioni-kitefoil\/\">kite foil<\/a> o <a title=\"Wing Foil Lessons\" href=\"https:\/\/414kiting.com\/it\/lezioni-wing-foil\/\">wing foil<\/a>.<\/p>\n[\/vc_column_text][\/vc_column][\/vc_row][vc_row css_animation=&#8221;fadeInRight&#8221; column_spacing=&#8221;0px&#8221; equal_height=&#8221;yes&#8221; css=&#8221;.vc_custom_1746522099850{margin-top: 0px !important;margin-right: 0px !important;margin-bottom: 0px !important;margin-left: 0px !important;padding-top: 0px !important;padding-right: 0px !important;padding-bottom: 0px !important;padding-left: 0px !important;background-color: #ffffff !important;border-radius: 1px !important;border-color: #D9D9D9 !important;}&#8221; el_id=&#8221;icontext&#8221;][vc_column css=&#8221;.vc_custom_1583232279744{padding-top: 20px !important;padding-right: 20px !important;padding-bottom: 20px !important;padding-left: 20px !important;}&#8221;]<div class=\"vcex-grid-container vcex-module wpex-grid wpex-gap-20 wpex-grid-cols-2 wpex-sm-grid-cols-3 wpex-md-grid-cols-3 wpex-lg-grid-cols-6 wpex-justify-items-center vc_custom_1656422305705\"><div class=\"vcex-module vcex-icon-box vcex-icon-box-two wpex-relative wpex-text-center\"><div class=\"vcex-icon-box-symbol wpex-mb-20\"><div class=\"vcex-icon-box-icon wpex-inline-flex wpex-items-center wpex-justify-center wpex-child-inherit-color wpex-text-center wpex-leading-none wpex-text-black\" style=\"color:#00c1cf;\"><span class=\"fas fa-water\" aria-hidden=\"true\"><\/span><\/div><\/div><div class=\"vcex-icon-box-text\"><h2 class=\"vcex-icon-box-heading wpex-heading wpex-text-md wpex-mb-10\" style=\"color:#000000;\">Unbeatable learning space<\/h2><div class=\"vcex-icon-box-content wpex-last-mb-0 wpex-clr\" style=\"color:#000000;\"><hr class=\"iconhr\" \/>\n<\/div><\/div><\/div><div class=\"vcex-module vcex-icon-box vcex-icon-box-two wpex-relative wpex-text-center\"><div class=\"vcex-icon-box-symbol wpex-mb-20\"><div class=\"vcex-icon-box-icon wpex-inline-flex wpex-items-center wpex-justify-center wpex-child-inherit-color wpex-text-center wpex-leading-none wpex-text-black\" style=\"color:#00c1cf;\"><span class=\"fas fa-sun\" aria-hidden=\"true\"><\/span><\/div><\/div><div class=\"vcex-icon-box-text\"><h2 class=\"vcex-icon-box-heading wpex-heading wpex-text-md wpex-mb-10\" style=\"color:#000000;\">Safe learning environment<\/h2><div class=\"vcex-icon-box-content wpex-last-mb-0 wpex-clr\" style=\"color:#000000;\"><hr class=\"iconhr\" \/>\n<\/div><\/div><\/div><div class=\"vcex-module vcex-icon-box vcex-icon-box-two wpex-relative wpex-text-center\"><div class=\"vcex-icon-box-symbol wpex-mb-20\"><div class=\"vcex-icon-box-icon wpex-inline-flex wpex-items-center wpex-justify-center wpex-child-inherit-color wpex-text-center wpex-leading-none wpex-text-black\" style=\"color:#00c1cf;\"><span class=\"fas fa-ship\" aria-hidden=\"true\"><\/span><\/div><\/div><div class=\"vcex-icon-box-text\"><h2 class=\"vcex-icon-box-heading wpex-heading wpex-text-md wpex-mb-10\" style=\"color:#000000;\">Tuition from boats<\/h2><div class=\"vcex-icon-box-content wpex-last-mb-0 wpex-clr\" style=\"color:#000000;\"><hr class=\"iconhr\" \/>\n<\/div><\/div><\/div><div class=\"vcex-module vcex-icon-box vcex-icon-box-two wpex-relative wpex-text-center\"><div class=\"vcex-icon-box-symbol wpex-mb-20\"><div class=\"vcex-icon-box-icon wpex-inline-flex wpex-items-center wpex-justify-center wpex-child-inherit-color wpex-text-center wpex-leading-none wpex-text-black\" style=\"color:#00c1cf;\"><span class=\"fas fa-broadcast-tower\" aria-hidden=\"true\"><\/span><\/div><\/div><div class=\"vcex-icon-box-text\"><h2 class=\"vcex-icon-box-heading wpex-heading wpex-text-md wpex-mb-10\" style=\"color:#000000;\">Radio-assisted teaching<\/h2><div class=\"vcex-icon-box-content wpex-last-mb-0 wpex-clr\" style=\"color:#000000;\"><hr class=\"iconhr\" \/>\n<\/div><\/div><\/div><div class=\"vcex-module vcex-icon-box vcex-icon-box-two wpex-relative wpex-text-center\"><div class=\"vcex-icon-box-symbol wpex-mb-20\"><div class=\"vcex-icon-box-icon wpex-inline-flex wpex-items-center wpex-justify-center wpex-child-inherit-color wpex-text-center wpex-leading-none wpex-text-black\" style=\"color:#1fb9c4;\"><span class=\"fas fa-user-friends\" aria-hidden=\"true\"><\/span><\/div><\/div><div class=\"vcex-icon-box-text\"><h2 class=\"vcex-icon-box-heading wpex-heading wpex-text-md wpex-mb-10\" style=\"color:#000000;\">Max 3 students per group<\/h2><div class=\"vcex-icon-box-content wpex-last-mb-0 wpex-clr\" style=\"color:#000000;\"><hr class=\"iconhr\" \/>\n<\/div><\/div><\/div><div class=\"vcex-module vcex-icon-box vcex-icon-box-two wpex-relative wpex-text-center\"><div class=\"vcex-icon-box-symbol wpex-mb-20\"><div class=\"vcex-icon-box-icon wpex-inline-flex wpex-items-center wpex-justify-center wpex-child-inherit-color wpex-text-center wpex-leading-none wpex-text-black\" style=\"color:#1fb9c4;\"><span class=\"fas fa-check\" aria-hidden=\"true\"><\/span><\/div><\/div><div class=\"vcex-icon-box-text\"><h2 class=\"vcex-icon-box-heading wpex-heading wpex-text-md wpex-mb-10\" style=\"color:#000000;\">Qualified instructors<\/h2><div class=\"vcex-icon-box-content wpex-last-mb-0 wpex-clr\" style=\"color:#000000;\"><hr class=\"iconhr\" \/>\n<\/div><\/div><\/div><\/div>[\/vc_column][\/vc_row][vc_row 0=&#8221;&#8221; column_spacing=&#8221;0px&#8221; equal_height=&#8221;yes&#8221; css=&#8221;.vc_custom_1657298408969{background-position: center !important;background-repeat: no-repeat !important;background-size: cover !important;}&#8221; wpex_bg_position=&#8221;center right&#8221;][vc_column width=&#8221;1\/2&#8243; css=&#8221;.vc_custom_1706537712427{padding-top: 5% !important;padding-right: 5% !important;padding-bottom: 5% !important;padding-left: 5% !important;background-color: #000000 !important;background-position: center !important;background-repeat: no-repeat !important;background-size: cover !important;}&#8221;][vc_column_text css_animation=&#8221;fadeIn&#8221; responsive_text=&#8221;true&#8221; css=&#8221;.vc_custom_1746526200625{padding-bottom: 30px !important;}&#8221; color=&#8221;#ffffff&#8221;]\n<h2><span style=\"font-weight: 400;\">Tarif<\/span><\/h2>\n<p><span style=\"font-weight: 400;\">225 \u20ac par personne, par jour<\/span><\/p>\n<p><span style=\"font-weight: 400;\">Inclus : enseignement complet, tout le mat\u00e9riel, assistance en bateau et certification IKO.<\/span><\/p>\n<hr \/>\n<h2><span style=\"font-weight: 400;\">Ce qui est inclus<\/span><\/h2>\n<ul>\n<li style=\"font-weight: 400;\" aria-level=\"1\"><span style=\"font-weight: 400;\">3 personnes maximum par groupe<\/span><span style=\"font-weight: 400;\"><br \/>\n<\/span><span style=\"font-weight: 400;\">Votre propre aile pour toute la session<\/span><\/li>\n<li style=\"font-weight: 400;\" aria-level=\"1\"><span style=\"font-weight: 400;\">Tout le mat\u00e9riel fourni : aile, planche, combinaison, harnais, casque et gilet d\u2019aide \u00e0 la flottabilit\u00e9<\/span><\/li>\n<li style=\"font-weight: 400;\" aria-level=\"1\"><span style=\"font-weight: 400;\">R\u00e9vision th\u00e9orique quotidienne et suivi de progression<\/span><\/li>\n<li style=\"font-weight: 400;\" aria-level=\"1\"><span style=\"font-weight: 400;\">Instructeur certifi\u00e9 IKO<\/span><span style=\"font-weight: 400;\"><br \/>\n<\/span><span style=\"font-weight: 400;\">Certification ou mise \u00e0 jour de votre niveau IKO<\/span><\/li>\n<li style=\"font-weight: 400;\" aria-level=\"1\"><span style=\"font-weight: 400;\">Garantie \u00ab no-wind-no-fee \u00bb<\/span><\/li>\n<\/ul>\n<hr class=\"\" data-start=\"1827\" data-end=\"1830\" \/>\n<h2><span style=\"font-weight: 400;\">Certification IKO<\/span><\/h2>\n<p><span style=\"font-weight: 400;\">Nous enregistrerons ou mettrons \u00e0 jour votre <a href=\"https:\/\/www.ikointl.com\/it\/corso\/kiteboarder\" target=\"_blank\" rel=\"noopener\">licence IKO<\/a> \u00e0 la fin de votre cours. Cette certification, reconnue internationalement, atteste de votre niveau de comp\u00e9tence et est souvent exig\u00e9e pour louer du mat\u00e9riel dans d\u2019autres centres de kitesurf \u00e0 travers le monde.<\/span><\/p>\n<hr \/>\n<h2><span style=\"font-weight: 400;\">Garantie \u201cNo-Wind-No-Fee\u201d<\/span><\/h2>\n<p><span style=\"font-weight: 400;\">Si le vent n\u2019est pas au rendez-vous, votre session est soit rembours\u00e9e, soit reprogramm\u00e9e \u2013 c\u2019est vous qui choisissez.<\/span><\/p>\n<h2 data-start=\"1625\" data-end=\"1646\"><span style=\"color: #616161; font-size: 15px; font-weight: 500; letter-spacing: 1.2px;\">[\/vc_column_text]<div class=\"vcex-multi-buttons wpex-flex wpex-flex-wrap wpex-items-center wpex-gap-10 wpex-justify-start\"><a href=\"https:\/\/414kiting.com\/it\/lezioni-private\/\" title=\"Private Lessons\" class=\"theme-button outline white vcex-count-1\">Lezioni private di kitesurf<\/a><a href=\"https:\/\/414kiting.com\/it\/lezioni-kitesurf-principianti\/\" title=\"Lezione di kitesurf principianti\" class=\"theme-button outline white vcex-count-2\">Lezione di kitesurf principianti<\/a><a href=\"https:\/\/414kiting.com\/it\/coaching-avanzato-kitesurf\/\" title=\"Coaching\" class=\"theme-button outline white vcex-count-3\">Kitesurf coaching<\/a><a href=\"https:\/\/414kiting.com\/it\/lezioni-wing-foil\/\" title=\"Wing Foil Lessons\" class=\"theme-button outline white vcex-count-4\">Wing foil<\/a><a href=\"https:\/\/414kiting.com\/it\/lezioni-kitefoil\/\" title=\"Kite Foil Lessons\" class=\"theme-button outline white vcex-count-5\">Kite foil<\/a><\/div>[\/vc_column][vc_column width=&#8221;1\/2&#8243; css=&#8221;.vc_custom_1583308134447{background-image: url(https:\/\/414kiting.com\/wp-content\/uploads\/2019\/03\/414_onwater_fullsize-17.jpg?id=2013) !important;background-position: center !important;background-repeat: no-repeat !important;background-size: cover !important;}&#8221;][\/vc_column][\/vc_row][vc_row][vc_column][vc_column_text] <\/span><\/h2>\n[\/vc_column_text][\/vc_column][\/vc_row]\n<\/div>","protected":false},"excerpt":{"rendered":"<p>[vc_row column_spacing=&#8221;0px&#8221; equal_height=&#8221;yes&#8221; wpex_bg_overlay=&#8221;custom&#8221; css=&#8221;.vc_custom_1746521507153{background-position: center !important;background-repeat: no-repeat !important;background-size: cover !important;}&#8221; min_height=&#8221;500px&#8221; el_id=&#8221;toprow&#8221;][vc_column width=&#8221;1\/2&#8243; css=&#8221;.vc_custom_1746521349931{background-color: #000000 !important;}&#8221;][vc_column_text css=&#8221;.vc_custom_1747818546376{padding-top: 5% !important;padding-right: 10% !important;padding-bottom: 5% !important;padding-left: 10% !important;}&#8221;] Lezioni di Kitesurf di Gruppo Progredisci pi\u00f9 velocemente, fai pi\u00f9 pratica e impara con altri nelle nostre lezioni di kitesurf in piccoli gruppi. Che tu voglia prendere confidenza con&hellip;<\/p>\n","protected":false},"author":1,"featured_media":0,"parent":0,"menu_order":0,"comment_status":"closed","ping_status":"closed","template":"templates\/no-sidebar.php","meta":{"_sitemap_exclude":false,"_sitemap_priority":"","_sitemap_frequency":"","_monsterinsights_skip_tracking":false,"_monsterinsights_sitenote_active":false,"_monsterinsights_sitenote_note":"","_monsterinsights_sitenote_category":0,"footnotes":""},"class_list":["post-577","page","type-page","status-publish","hentry","entry","no-media"],"aioseo_notices":[],"_links":{"self":[{"href":"https:\/\/414kiting.com\/it\/wp-json\/wp\/v2\/pages\/577","targetHints":{"allow":["GET"]}}],"collection":[{"href":"https:\/\/414kiting.com\/it\/wp-json\/wp\/v2\/pages"}],"about":[{"href":"https:\/\/414kiting.com\/it\/wp-json\/wp\/v2\/types\/page"}],"author":[{"embeddable":true,"href":"https:\/\/414kiting.com\/it\/wp-json\/wp\/v2\/users\/1"}],"replies":[{"embeddable":true,"href":"https:\/\/414kiting.com\/it\/wp-json\/wp\/v2\/comments?post=577"}],"version-history":[{"count":86,"href":"https:\/\/414kiting.com\/it\/wp-json\/wp\/v2\/pages\/577\/revisions"}],"predecessor-version":[{"id":9217,"href":"https:\/\/414kiting.com\/it\/wp-json\/wp\/v2\/pages\/577\/revisions\/9217"}],"wp:attachment":[{"href":"https:\/\/414kiting.com\/it\/wp-json\/wp\/v2\/media?parent=577"}],"curies":[{"name":"wp","href":"https:\/\/api.w.org\/{rel}","templated":true}]}}