{"id":3196,"date":"2020-03-04T19:17:08","date_gmt":"2020-03-04T19:17:08","guid":{"rendered":"http:\/\/414kiting.com\/?page_id=3196"},"modified":"2025-05-09T10:31:51","modified_gmt":"2025-05-09T10:31:51","slug":"lezioni-kitefoil","status":"publish","type":"page","link":"https:\/\/414kiting.com\/it\/lezioni-kitefoil\/","title":{"rendered":"Lezioni di kite foil"},"content":{"rendered":"<div class=\"wpb-content-wrapper\">[vc_row column_spacing=&#8221;0px&#8221; equal_height=&#8221;yes&#8221; css=&#8221;.vc_custom_1656423596289{margin-top: 0px !important;margin-right: 0px !important;margin-bottom: 0px !important;margin-left: 0px !important;border-top-width: 0px !important;border-right-width: 0px !important;border-bottom-width: 0px !important;border-left-width: 0px !important;padding-top: 0px !important;padding-right: 0px !important;padding-bottom: 0px !important;padding-left: 0px !important;background-image: url(https:\/\/414kiting.com\/wp-content\/uploads\/2022\/05\/Foiling-Lake-Como-2.png?id=6279) !important;background-position: center !important;background-repeat: no-repeat !important;background-size: cover !important;}&#8221; min_height=&#8221;500px&#8221;][vc_column width=&#8221;2\/3&#8243; css=&#8221;.vc_custom_1584211760640{background-color: rgba(0,0,0,0.01) !important;*background-color: rgb(0,0,0) !important;}&#8221;][vc_single_image image=&#8221;6279&#8243; alignment=&#8221;center&#8221; visibility=&#8221;show-at-mm-breakpoint&#8221;][\/vc_column][vc_column width=&#8221;1\/3&#8243; min_height=&#8221;100%&#8221; css=&#8221;.vc_custom_1708075164059{padding-top: 5% !important;padding-right: 5% !important;padding-bottom: 5% !important;padding-left: 5% !important;background-color: rgba(0,0,0,0.8) !important;background-position: center !important;background-repeat: no-repeat !important;background-size: cover !important;*background-color: rgb(0,0,0) !important;}&#8221;][vc_column_text css_animation=&#8221;fadeIn&#8221; responsive_text=&#8221;true&#8221; css=&#8221;&#8221; color=&#8221;#ffffff&#8221;]\n<h1 data-start=\"201\" data-end=\"225\"><span style=\"color: #33cccc;\">Lezioni di Kite Foil<\/span><\/h1>\n<p class=\"\" data-start=\"227\" data-end=\"616\">Se avete gi\u00e0 esperienza con la tavola da surf strapless e siete pronti a portare le vostre abilit\u00e0 al livello successivo, il kitefoil potrebbe essere ci\u00f2 che fa per voi. Imparare il kitefoil \u00e8 una vera sfida per le vostre abilit\u00e0, specialmente per gestire il kite in condizioni di vento leggero. Una volta acquisita padronanza, potrete affrontare una gamma pi\u00f9 ampia di intensit\u00e0 di vento.<\/p>\n<p class=\"\" data-start=\"618\" data-end=\"905\">Le lezioni di kitefoil sono adatte a kiter avanzati con esperienza solida nella tavola da surf strapless. Se siete kiter avanzati ma non avete questa esperienza, vi consigliamo di prenotare prima una <a title=\"Coaching avanzato di kitesurf\" href=\"https:\/\/414kiting.com\/it\/coaching-avanzato-kitesurf\/\">sessione di coaching<\/a> su tavola da surf strapless per raggiungere il livello necessario.<\/p>\n<h2 data-start=\"907\" data-end=\"926\">Cosa \u00e8 incluso:<\/h2>\n<ul data-start=\"927\" data-end=\"1154\">\n<li class=\"\" data-start=\"927\" data-end=\"962\">\n<p class=\"\" data-start=\"929\" data-end=\"962\">Garanzia \u201cNo-Wind-No-Fee\u201d inclusa<\/p>\n<\/li>\n<li class=\"\" data-start=\"963\" data-end=\"1084\">\n<p class=\"\" data-start=\"965\" data-end=\"1084\">Tutto il kit incluso, compresi kite, tavola, muta, aiuto al galleggiamento e casco (se avete il vostro, portatelo pure)<\/p>\n<\/li>\n<li class=\"\" data-start=\"1085\" data-end=\"1109\">\n<p class=\"\" data-start=\"1087\" data-end=\"1109\">Istruttore qualificato<\/p>\n<\/li>\n<li class=\"\" data-start=\"1110\" data-end=\"1154\">\n<p class=\"\" data-start=\"1112\" data-end=\"1154\"><a href=\"https:\/\/www.ikointl.com\/it\/corso\/kiteboarder\" target=\"_blank\" rel=\"noopener\">Licenza IKO<\/a> di abilit\u00e0 alla fine del corso<\/p>\n<\/li>\n<\/ul>\n[\/vc_column_text]<a href=\"mailto:hello@414kiting.com\" class=\"vcex-button theme-button clean white medium align-left inline wpex-flex-shrink-0\" style=\"background:#00c1cf;color:#ffffff;border:0;margin-top:30px;margin-bottom:30px;width:300px;\" data-wpex-hover='{&quot;background&quot;:&quot;#ffffff&quot;,&quot;color&quot;:&quot;#00c1cf&quot;}'><span class=\"theme-button-inner\">Book Now!<\/span><\/a> [\/vc_column][\/vc_row][vc_row css_animation=&#8221;fadeInRight&#8221; column_spacing=&#8221;0px&#8221; equal_height=&#8221;yes&#8221; css=&#8221;.vc_custom_1656421789685{margin-top: 0px !important;margin-right: 0px !important;margin-bottom: 0px !important;margin-left: 0px !important;padding-top: 0px !important;padding-right: 0px !important;padding-bottom: 0px !important;padding-left: 0px !important;background-color: #ffffff !important;}&#8221; el_id=&#8221;icontext&#8221;][vc_column css=&#8221;.vc_custom_1583232279744{padding-top: 20px !important;padding-right: 20px !important;padding-bottom: 20px !important;padding-left: 20px !important;}&#8221;]<div class=\"vcex-grid-container vcex-module wpex-grid wpex-gap-20 wpex-grid-cols-2 wpex-sm-grid-cols-3 wpex-md-grid-cols-3 wpex-lg-grid-cols-6 wpex-justify-items-center vc_custom_1656422305705\"><div class=\"vcex-module vcex-icon-box vcex-icon-box-two wpex-relative wpex-text-center\"><div class=\"vcex-icon-box-symbol wpex-mb-20\"><div class=\"vcex-icon-box-icon wpex-inline-flex wpex-items-center wpex-justify-center wpex-child-inherit-color wpex-text-center wpex-leading-none wpex-text-black\" style=\"color:#00c1cf;\"><span class=\"fas fa-water\" aria-hidden=\"true\"><\/span><\/div><\/div><div class=\"vcex-icon-box-text\"><h2 class=\"vcex-icon-box-heading wpex-heading wpex-text-md wpex-mb-10\" style=\"color:#000000;\">Unbeatable learning space<\/h2><div class=\"vcex-icon-box-content wpex-last-mb-0 wpex-clr\" style=\"color:#000000;\"><hr class=\"iconhr\" \/>\n<\/div><\/div><\/div><div class=\"vcex-module vcex-icon-box vcex-icon-box-two wpex-relative wpex-text-center\"><div class=\"vcex-icon-box-symbol wpex-mb-20\"><div class=\"vcex-icon-box-icon wpex-inline-flex wpex-items-center wpex-justify-center wpex-child-inherit-color wpex-text-center wpex-leading-none wpex-text-black\" style=\"color:#00c1cf;\"><span class=\"fas fa-sun\" aria-hidden=\"true\"><\/span><\/div><\/div><div class=\"vcex-icon-box-text\"><h2 class=\"vcex-icon-box-heading wpex-heading wpex-text-md wpex-mb-10\" style=\"color:#000000;\">Safe learning environment<\/h2><div class=\"vcex-icon-box-content wpex-last-mb-0 wpex-clr\" style=\"color:#000000;\"><hr class=\"iconhr\" \/>\n<\/div><\/div><\/div><div class=\"vcex-module vcex-icon-box vcex-icon-box-two wpex-relative wpex-text-center\"><div class=\"vcex-icon-box-symbol wpex-mb-20\"><div class=\"vcex-icon-box-icon wpex-inline-flex wpex-items-center wpex-justify-center wpex-child-inherit-color wpex-text-center wpex-leading-none wpex-text-black\" style=\"color:#00c1cf;\"><span class=\"fas fa-ship\" aria-hidden=\"true\"><\/span><\/div><\/div><div class=\"vcex-icon-box-text\"><h2 class=\"vcex-icon-box-heading wpex-heading wpex-text-md wpex-mb-10\" style=\"color:#000000;\">Tuition from boats<\/h2><div class=\"vcex-icon-box-content wpex-last-mb-0 wpex-clr\" style=\"color:#000000;\"><hr class=\"iconhr\" \/>\n<\/div><\/div><\/div><div class=\"vcex-module vcex-icon-box vcex-icon-box-two wpex-relative wpex-text-center\"><div class=\"vcex-icon-box-symbol wpex-mb-20\"><div class=\"vcex-icon-box-icon wpex-inline-flex wpex-items-center wpex-justify-center wpex-child-inherit-color wpex-text-center wpex-leading-none wpex-text-black\" style=\"color:#00c1cf;\"><span class=\"fas fa-star\" aria-hidden=\"true\"><\/span><\/div><\/div><div class=\"vcex-icon-box-text\"><h2 class=\"vcex-icon-box-heading wpex-heading wpex-text-md wpex-mb-10\" style=\"color:#000000;\">Newest F-One equipment<\/h2><div class=\"vcex-icon-box-content wpex-last-mb-0 wpex-clr\" style=\"color:#000000;\"><hr class=\"iconhr\" \/>\n<\/div><\/div><\/div><div class=\"vcex-module vcex-icon-box vcex-icon-box-two wpex-relative wpex-text-center\"><div class=\"vcex-icon-box-symbol wpex-mb-20\"><div class=\"vcex-icon-box-icon wpex-inline-flex wpex-items-center wpex-justify-center wpex-child-inherit-color wpex-text-center wpex-leading-none wpex-text-black\" style=\"color:#1fb9c4;\"><span class=\"fas fa-user-friends\" aria-hidden=\"true\"><\/span><\/div><\/div><div class=\"vcex-icon-box-text\"><h2 class=\"vcex-icon-box-heading wpex-heading wpex-text-md wpex-mb-10\" style=\"color:#000000;\">Max 3 students\/group<\/h2><div class=\"vcex-icon-box-content wpex-last-mb-0 wpex-clr\" style=\"color:#000000;\"><hr class=\"iconhr\" \/>\n<\/div><\/div><\/div><div class=\"vcex-module vcex-icon-box vcex-icon-box-two wpex-relative wpex-text-center\"><div class=\"vcex-icon-box-symbol wpex-mb-20\"><div class=\"vcex-icon-box-icon wpex-inline-flex wpex-items-center wpex-justify-center wpex-child-inherit-color wpex-text-center wpex-leading-none wpex-text-black\" style=\"color:#1fb9c4;\"><span class=\"fas fa-check\" aria-hidden=\"true\"><\/span><\/div><\/div><div class=\"vcex-icon-box-text\"><h2 class=\"vcex-icon-box-heading wpex-heading wpex-text-md wpex-mb-10\" style=\"color:#000000;\">Qualified instructors<\/h2><div class=\"vcex-icon-box-content wpex-last-mb-0 wpex-clr\" style=\"color:#000000;\"><hr class=\"iconhr\" \/>\n<\/div><\/div><\/div><\/div>[\/vc_column][\/vc_row][vc_row 0=&#8221;&#8221; column_spacing=&#8221;0px&#8221; equal_height=&#8221;yes&#8221; css=&#8221;.vc_custom_1583308123766{background-image: url(https:\/\/414kiting.com\/wp-content\/uploads\/2020\/03\/zxgdri2ewzk.jpg?id=2887) !important;background-position: center !important;background-repeat: no-repeat !important;background-size: cover !important;}&#8221; wpex_bg_position=&#8221;center right&#8221;][vc_column width=&#8221;1\/2&#8243; css=&#8221;.vc_custom_1707235908908{padding-top: 5% !important;padding-right: 5% !important;padding-bottom: 5% !important;padding-left: 5% !important;background-color: #000000 !important;background-position: center !important;background-repeat: no-repeat !important;background-size: cover !important;}&#8221;][vc_column_text css_animation=&#8221;fadeIn&#8221; responsive_text=&#8221;true&#8221; css=&#8221;.vc_custom_1746786589771{padding-bottom: 20px !important;}&#8221; color=&#8221;#ffffff&#8221;]\n<h3 class=\"\" data-start=\"1156\" data-end=\"1188\">Prezzo e cosa portare con s\u00e9<\/h3>\n<p class=\"\" data-start=\"1189\" data-end=\"1418\">\u20ac250\/persona\/giorno<\/p>\n<p class=\"\" data-start=\"1189\" data-end=\"1418\">Il kitefoil si concentra sul vento leggero e richiede una buona padronanza del volo in queste condizioni. Nelle nostre lezioni sfrutteremo al meglio le condizioni di vento leggero per aiutarvi a svilupparle.<\/p>\n<h3 class=\"\" data-start=\"1420\" data-end=\"1449\">Garanzia \u201cNo-Wind-No-Fee\u201d<\/h3>\n<p class=\"\" data-start=\"1450\" data-end=\"1647\">Tutti i nostri corsi e le lezioni sono coperti dalla garanzia \u201cNo-Wind-No-Fee\u201d. Se non c\u2019\u00e8 abbastanza vento per la tua lezione, ti rimborseremo o ti prenoteremo un giorno alternativo, a tua scelta.<\/p>\n<h3 class=\"\" data-start=\"1649\" data-end=\"1673\">Cosa portare con s\u00e9:<\/h3>\n<ul class=\"list check check-list\">\n<li>Crema solare<\/li>\n<li>Bottiglia d&#8217;acqua<\/li>\n<li>Uno spuntino da consumare in barca in caso di fame<\/li>\n<\/ul>\n<h3 class=\"\" data-start=\"1763\" data-end=\"1801\">Non \u00e8 quello che stavate cercando?<\/h3>\n<p class=\"\" data-start=\"1802\" data-end=\"1847\">Scoprite altre opzioni tra le nostre lezioni.<\/p>\n[\/vc_column_text]<div class=\"vcex-multi-buttons wpex-flex wpex-flex-wrap wpex-items-center wpex-gap-10 wpex-justify-start\"><a href=\"https:\/\/414kiting.com\/it\/lezioni-private\/\" title=\"Private Lessons\" class=\"theme-button outline white vcex-count-1\">Lezioni private di kitesurf<\/a><a href=\"https:\/\/414kiting.com\/it\/lezioni-kitesurf-principianti\/\" title=\"Lezione di kitesurf principianti\" class=\"theme-button outline white vcex-count-2\">Lezione di kitesurf principianti<\/a><a href=\"https:\/\/414kiting.com\/it\/lezioni-gruppo\/\" title=\"Lezione di kitesurf principianti\" class=\"theme-button outline white vcex-count-3\">Lezione gruppo kitesurf<\/a><a href=\"https:\/\/414kiting.com\/it\/coaching-avanzato-kitesurf\/\" title=\"Coaching\" class=\"theme-button outline white vcex-count-4\">Kitesurf coaching<\/a><a href=\"https:\/\/414kiting.com\/it\/lezioni-wing-foil\/\" title=\"Wing Foil Lessons\" class=\"theme-button outline white vcex-count-5\">Wing foil<\/a><\/div>[\/vc_column][vc_column width=&#8221;1\/2&#8243; css=&#8221;.vc_custom_1656424523038{background-image: url(https:\/\/414kiting.com\/wp-content\/uploads\/2020\/03\/kite-foil-6.jpg?id=2957) !important;background-position: center !important;background-repeat: no-repeat !important;background-size: cover !important;}&#8221; min_height=&#8221;200px&#8221;][\/vc_column][\/vc_row]\n<\/div>","protected":false},"excerpt":{"rendered":"<p>[vc_row column_spacing=&#8221;0px&#8221; equal_height=&#8221;yes&#8221; css=&#8221;.vc_custom_1656423596289{margin-top: 0px !important;margin-right: 0px !important;margin-bottom: 0px !important;margin-left: 0px !important;border-top-width: 0px !important;border-right-width: 0px !important;border-bottom-width: 0px !important;border-left-width: 0px !important;padding-top: 0px !important;padding-right: 0px !important;padding-bottom: 0px !important;padding-left: 0px !important;background-image: url(https:\/\/414kiting.com\/wp-content\/uploads\/2022\/05\/Foiling-Lake-Como-2.png?id=6279) !important;background-position: center !important;background-repeat: no-repeat !important;background-size: cover !important;}&#8221; min_height=&#8221;500px&#8221;][vc_column width=&#8221;2\/3&#8243; css=&#8221;.vc_custom_1584211760640{background-color: rgba(0,0,0,0.01) !important;*background-color: rgb(0,0,0) !important;}&#8221;][vc_single_image image=&#8221;6279&#8243; alignment=&#8221;center&#8221; visibility=&#8221;show-at-mm-breakpoint&#8221;][\/vc_column][vc_column width=&#8221;1\/3&#8243; min_height=&#8221;100%&#8221; css=&#8221;.vc_custom_1708075164059{padding-top: 5% !important;padding-right: 5% !important;padding-bottom: 5% !important;padding-left:&hellip;<\/p>\n","protected":false},"author":2,"featured_media":0,"parent":0,"menu_order":0,"comment_status":"closed","ping_status":"closed","template":"templates\/no-sidebar.php","meta":{"_sitemap_exclude":false,"_sitemap_priority":"","_sitemap_frequency":"","_monsterinsights_skip_tracking":false,"_monsterinsights_sitenote_active":false,"_monsterinsights_sitenote_note":"","_monsterinsights_sitenote_category":0,"footnotes":""},"class_list":["post-3196","page","type-page","status-publish","hentry","entry","no-media"],"aioseo_notices":[],"_links":{"self":[{"href":"https:\/\/414kiting.com\/it\/wp-json\/wp\/v2\/pages\/3196","targetHints":{"allow":["GET"]}}],"collection":[{"href":"https:\/\/414kiting.com\/it\/wp-json\/wp\/v2\/pages"}],"about":[{"href":"https:\/\/414kiting.com\/it\/wp-json\/wp\/v2\/types\/page"}],"author":[{"embeddable":true,"href":"https:\/\/414kiting.com\/it\/wp-json\/wp\/v2\/users\/2"}],"replies":[{"embeddable":true,"href":"https:\/\/414kiting.com\/it\/wp-json\/wp\/v2\/comments?post=3196"}],"version-history":[{"count":34,"href":"https:\/\/414kiting.com\/it\/wp-json\/wp\/v2\/pages\/3196\/revisions"}],"predecessor-version":[{"id":9162,"href":"https:\/\/414kiting.com\/it\/wp-json\/wp\/v2\/pages\/3196\/revisions\/9162"}],"wp:attachment":[{"href":"https:\/\/414kiting.com\/it\/wp-json\/wp\/v2\/media?parent=3196"}],"curies":[{"name":"wp","href":"https:\/\/api.w.org\/{rel}","templated":true}]}}