{"id":2934,"date":"2020-02-19T18:35:34","date_gmt":"2020-02-19T18:35:34","guid":{"rendered":"http:\/\/414kiting.com\/scuola-kitesurf-lago-di-como\/como-kitesurf-guide"},"modified":"2024-06-10T10:52:00","modified_gmt":"2024-06-10T10:52:00","slug":"forecasts-and-spot-guide","status":"publish","type":"page","link":"https:\/\/414kiting.com\/it\/forecasts-and-spot-guide\/","title":{"rendered":"Kite spot guide &#038; weather forecasts"},"content":{"rendered":"<div class=\"wpb-content-wrapper\">[vc_row css=&#8221;.vc_custom_1718012163092{margin-top: 60px !important;}&#8221;][vc_column][vc_tta_toggle color=&#8221;#00c1ce&#8221; hover_color=&#8221;#00c1ce&#8221; no_fill_content_area=&#8221;true&#8221; active_section=&#8221;1&#8243; css=&#8221;.vc_custom_1718012002127{padding-top: 0px !important;padding-right: 0px !important;padding-bottom: 0px !important;padding-left: 0px !important;}&#8221;][vc_tta_toggle_section section_index=&#8221;2&#8243; title=&#8221;Lago di Como&#8221; tab_id=&#8221;1717519165478-bab63220-7dff&#8221;][vc_row_inner equal_height=&#8221;yes&#8221; content_placement=&#8221;top&#8221; css=&#8221;.vc_custom_1718011495828{padding-top: 5% !important;padding-right: 5% !important;padding-bottom: 5% !important;padding-left: 5% !important;}&#8221;][vc_column_inner width=&#8221;1\/2&#8243;][vc_column_text css=&#8221;.vc_custom_1717233021066{padding-top: 5% !important;padding-bottom: 5% !important;}&#8221;][\/vc_column_text][\/vc_column_inner][vc_column_inner el_class=&#8221;height600&#8243; width=&#8221;1\/2&#8243;][vc_column_text responsive_text=&#8221;true&#8221; css=&#8221;.vc_custom_1718016452329{background-position: center !important;background-repeat: no-repeat !important;background-size: cover !important;}&#8221; text_align=&#8221;left&#8221;]\n<h1 class=\"tw-data-text tw-text-large tw-ta\" dir=\"ltr\" data-placeholder=\"Translation\" aria-label=\"Translated text\" data-ved=\"2ahUKEwims76nwLqGAxXuhP0HHdhdDtcQ3ewLegQIBRAU\"><span class=\"Y2IQFc\" lang=\"it\">Guida kitespot e previsioni meteo &#8211; <\/span><span class=\"Y2IQFc\" lang=\"it\">Lago di Como<\/span><\/h1>\n<p>L&#8217;affidabilit\u00e0 dei venti sul Lago di Como lo ha reso un luogo popolare per il kitesurf, il wing foiling e altri sport del vento. Durante la stagione dei venti \u00e8 possibile uscire in acqua nel 95% dei giorni.<\/p>\n<p><strong>Condizioni dell&#8217;acqua:<\/strong> Piatto<\/p>\n<p><strong>Stagione del vento:<\/strong> Aprile-Ottobre[\/vc_column_text][vc_column_text responsive_text=&#8221;true&#8221; css=&#8221;.vc_custom_1718016487441{background-position: center !important;background-repeat: no-repeat !important;background-size: cover !important;}&#8221; text_align=&#8221;left&#8221;]\n<h3>Previsioni:<\/h3>\n<ul>\n<li><a title=\"MeteoSvizzera previsioni di pioggia\" href=\"https:\/\/www.meteoschweiz.admin.ch\/service-und-publikationen\/service\/wetter-und-klimaprodukte\/meteoswiss-app.html\" target=\"_blank\" rel=\"noopener\">MeteoSwiss app<\/a><\/li>\n<li><a title=\"IlMeteo previsioni - Dervio, Lago di Como\" href=\"https:\/\/www.ilmeteo.it\/meteo\/Dervio\" target=\"_blank\" rel=\"noopener\">IlMeteo<\/a><\/li>\n<li><a title=\"previsioni vento lago di como\" href=\"https:\/\/meteo-parapente.com\/\" target=\"_blank\" rel=\"noopener\">MeteoParapente<\/a><\/li>\n<\/ul>\n<h3 id=\"tw-target-text\" class=\"tw-data-text tw-text-large tw-ta\" dir=\"ltr\" data-placeholder=\"Translation\" aria-label=\"Translated text\" data-ved=\"2ahUKEwims76nwLqGAxXuhP0HHdhdDtcQ3ewLegQIBRAU\"><span class=\"Y2IQFc\" lang=\"it\">Webcam e stazioni meteo:<\/span><\/h3>\n<ul>\n<li><a title=\"Hotel Lumin Cremia Lago di Como, kitespot Webcam\" href=\"https:\/\/vedetta.org\/en\/webcam\/italia\/lombardia\/como\/cremia\/\" target=\"_blank\" rel=\"noopener\">Cremia webcam<\/a><\/li>\n<li><a title=\"kitespot Dervio webcam, Lago di Como\" href=\"https:\/\/vedetta.org\/en\/webcam\/italia\/lombardia\/lecco\/dervio-valmadrera\/\" target=\"_blank\" rel=\"noopener\">Dervio webcam<\/a><\/li>\n<li><a title=\"kitespot Dervio stazione meteorologica, Lago di Como\" href=\"http:\/\/www.centrometeolombardo.com\/content.asp?contentid=2159&amp;ContentType=Stazioni\" target=\"_blank\" rel=\"noopener\">Dervio stazione meteorologica<\/a><\/li>\n<li><a title=\"kitespot Gera Lario stazione meteorologica, Lago di Como\" href=\"http:\/\/www.centrometeolombardo.com\/content.asp?contentid=6552&amp;ContentType=Stazioni\" target=\"_blank\" rel=\"noopener\">Gera Lario stazione meteorologica<\/a><\/li>\n<\/ul>\n[\/vc_column_text][vc_column_text responsive_text=&#8221;true&#8221; css=&#8221;.vc_custom_1718016504686{background-position: center !important;background-repeat: no-repeat !important;background-size: cover !important;}&#8221; text_align=&#8221;left&#8221;]\n<h3 id=\"tw-target-text\" class=\"tw-data-text tw-text-large tw-ta\" dir=\"ltr\" data-placeholder=\"Translation\" aria-label=\"Translated text\" data-ved=\"2ahUKEwims76nwLqGAxXuhP0HHdhdDtcQ3ewLegQIBRAU\"><span class=\"Y2IQFc\" lang=\"it\">Previsioni meteo e vento Lago di Como: <\/span><\/h3>\n<p class=\"tw-data-text tw-text-large tw-ta\" dir=\"ltr\" data-placeholder=\"Translation\" aria-label=\"Translated text\" data-ved=\"2ahUKEwims76nwLqGAxXuhP0HHdhdDtcQ3ewLegQIBRAU\"><span class=\"Y2IQFc\" lang=\"it\">Le previsioni del vento come <a href=\"https:\/\/www.windguru.cz\/76909\" target=\"_blank\" rel=\"noopener\">Windguru<\/a> e <a href=\"https:\/\/windy.app\/forecast2\/spot\/556\/Dervio+Italy\" target=\"_blank\" rel=\"noopener\">Windy<\/a> funzionano in modo abbastanza affidabile per molti spot, ma sfortunatamente non per il Lago di Como (raramente mostrano il vento sul lago). Uno dei motivi \u00e8 che queste previsioni si riferiscono a condizioni meteorologiche su larga scala e quindi non tengono conto dei venti termici prevalenti a livello locale. Inoltre, questi servizi di previsione trascurano l\u2019influenza delle condizioni topografiche locali sull\u2019accelerazione del vento, che creano un effetto \u201cVenturi\u201d all\u2019estremit\u00e0 settentrionale del lago. <\/span><\/p>\n<p class=\"tw-data-text tw-text-large tw-ta\" dir=\"ltr\" data-placeholder=\"Translation\" aria-label=\"Translated text\" data-ved=\"2ahUKEwims76nwLqGAxXuhP0HHdhdDtcQ3ewLegQIBRAU\"><span class=\"Y2IQFc\" lang=\"it\">In generale, l&#8217;alta pressione e il bel tempo portano le condizioni migliori, ma anche altre condizioni meteorologiche (come il maltempo a nord e le differenze di pressione tra il versante nord e sud delle Alpi) possono portare a un ottimo kite. E se il tempo sembra piovoso? Non disperate, quando passa la pioggia spesso beneficiamo del vento Ricaduta che soffia da nord. <\/span><\/p>\n<p class=\"tw-data-text tw-text-large tw-ta\" dir=\"ltr\" data-placeholder=\"Translation\" aria-label=\"Translated text\" data-ved=\"2ahUKEwims76nwLqGAxXuhP0HHdhdDtcQ3ewLegQIBRAU\"><span class=\"Y2IQFc\" lang=\"it\">Le previsioni sono utili per avere un&#8217;idea di cosa potrebbe accadere, ma raramente sono accurate con pi\u00f9 di qualche giorno di anticipo.<\/span><\/p>\n[\/vc_column_text][\/vc_column_inner][\/vc_row_inner][\/vc_tta_toggle_section][vc_tta_toggle_section section_index=&#8221;1&#8243; title=&#8221;Ginevra &amp; Neuch\u00e2tel&#8221; tab_id=&#8221;1717519165469-fa4f3509-70a6&#8243;][vc_row_inner css=&#8221;.vc_custom_1718011819704{padding-top: 5% !important;padding-right: 5% !important;padding-bottom: 5% !important;padding-left: 5% !important;}&#8221;][vc_column_inner width=&#8221;1\/2&#8243;][vc_column_text css=&#8221;.vc_custom_1717244072470{padding-top: 5% !important;padding-bottom: 5% !important;}&#8221;][\/vc_column_text][\/vc_column_inner][vc_column_inner width=&#8221;1\/2&#8243;][vc_column_text responsive_text=&#8221;true&#8221; css=&#8221;.vc_custom_1718016649126{background-position: center !important;background-repeat: no-repeat !important;background-size: cover !important;}&#8221; text_align=&#8221;left&#8221;]\n<h2 id=\"tw-target-text\" class=\"tw-data-text tw-text-large tw-ta\" dir=\"ltr\" data-placeholder=\"Translation\" aria-label=\"Translated text\" data-ved=\"2ahUKEwims76nwLqGAxXuhP0HHdhdDtcQ3ewLegQIBRAU\"><span class=\"Y2IQFc\" lang=\"it\">Kite Spot Lago di Ginevra e Neuch\u00e2tel <\/span><\/h2>\n<p class=\"tw-data-text tw-text-large tw-ta\" dir=\"ltr\" data-placeholder=\"Translation\" aria-label=\"Translated text\" data-ved=\"2ahUKEwims76nwLqGAxXuhP0HHdhdDtcQ3ewLegQIBRAU\"><span class=\"Y2IQFc\" lang=\"it\">Come per la maggior parte dei posti, non esiste un&#8217;unica previsione che possa dire al 100% se ci sar\u00e0 vento o meno, ma alcuni dei pi\u00f9 affidabili per gli spot intorno a Neuch\u00e2tel e Ginevra sono <a href=\"https:\/\/www.nzz.ch\/wetter\/wettervorhersage\" target=\"_blank\" rel=\"noopener\">NZZ<\/a> e <a href=\"https:\/\/www.meteoschweiz.admin.ch\/\" target=\"_blank\" rel=\"noopener\">MeteoSvizzera<\/a>. <\/span><\/p>\n<p class=\"tw-data-text tw-text-large tw-ta\" dir=\"ltr\" data-placeholder=\"Translation\" aria-label=\"Translated text\" data-ved=\"2ahUKEwims76nwLqGAxXuhP0HHdhdDtcQ3ewLegQIBRAU\"><span class=\"Y2IQFc\" lang=\"it\">Anche Windguru e Windy sono app utili da verificare qui, ma assicurati di controllare che la direzione del vento sia adatta al punto da cui intendi fare kite.<\/span><\/p>\n[\/vc_column_text][\/vc_column_inner][\/vc_row_inner][\/vc_tta_toggle_section][\/vc_tta_toggle][\/vc_column][\/vc_row]\n<\/div>","protected":false},"excerpt":{"rendered":"<p>[vc_row css=&#8221;.vc_custom_1718012163092{margin-top: 60px !important;}&#8221;][vc_column][vc_tta_toggle color=&#8221;#00c1ce&#8221; hover_color=&#8221;#00c1ce&#8221; no_fill_content_area=&#8221;true&#8221; active_section=&#8221;1&#8243; css=&#8221;.vc_custom_1718012002127{padding-top: 0px !important;padding-right: 0px !important;padding-bottom: 0px !important;padding-left: 0px !important;}&#8221;][vc_tta_toggle_section section_index=&#8221;2&#8243; title=&#8221;Lago di Como&#8221; tab_id=&#8221;1717519165478-bab63220-7dff&#8221;][vc_row_inner equal_height=&#8221;yes&#8221; content_placement=&#8221;top&#8221; css=&#8221;.vc_custom_1718011495828{padding-top: 5% !important;padding-right: 5% !important;padding-bottom: 5% !important;padding-left: 5% !important;}&#8221;][vc_column_inner width=&#8221;1\/2&#8243;][vc_column_text css=&#8221;.vc_custom_1717233021066{padding-top: 5% !important;padding-bottom: 5% !important;}&#8221;][\/vc_column_text][\/vc_column_inner][vc_column_inner el_class=&#8221;height600&#8243; width=&#8221;1\/2&#8243;][vc_column_text responsive_text=&#8221;true&#8221; css=&#8221;.vc_custom_1718016452329{background-position: center !important;background-repeat: no-repeat !important;background-size: cover !important;}&#8221; text_align=&#8221;left&#8221;] Guida kitespot e previsioni meteo&hellip;<\/p>\n","protected":false},"author":2,"featured_media":0,"parent":0,"menu_order":0,"comment_status":"closed","ping_status":"closed","template":"templates\/no-sidebar.php","meta":{"_sitemap_exclude":false,"_sitemap_priority":"","_sitemap_frequency":"","_monsterinsights_skip_tracking":false,"_monsterinsights_sitenote_active":false,"_monsterinsights_sitenote_note":"","_monsterinsights_sitenote_category":0,"footnotes":""},"class_list":["post-2934","page","type-page","status-publish","hentry","entry","no-media"],"aioseo_notices":[],"_links":{"self":[{"href":"https:\/\/414kiting.com\/it\/wp-json\/wp\/v2\/pages\/2934","targetHints":{"allow":["GET"]}}],"collection":[{"href":"https:\/\/414kiting.com\/it\/wp-json\/wp\/v2\/pages"}],"about":[{"href":"https:\/\/414kiting.com\/it\/wp-json\/wp\/v2\/types\/page"}],"author":[{"embeddable":true,"href":"https:\/\/414kiting.com\/it\/wp-json\/wp\/v2\/users\/2"}],"replies":[{"embeddable":true,"href":"https:\/\/414kiting.com\/it\/wp-json\/wp\/v2\/comments?post=2934"}],"version-history":[{"count":18,"href":"https:\/\/414kiting.com\/it\/wp-json\/wp\/v2\/pages\/2934\/revisions"}],"predecessor-version":[{"id":8545,"href":"https:\/\/414kiting.com\/it\/wp-json\/wp\/v2\/pages\/2934\/revisions\/8545"}],"wp:attachment":[{"href":"https:\/\/414kiting.com\/it\/wp-json\/wp\/v2\/media?parent=2934"}],"curies":[{"name":"wp","href":"https:\/\/api.w.org\/{rel}","templated":true}]}}