{"id":8985,"date":"2025-05-06T08:22:58","date_gmt":"2025-05-06T08:22:58","guid":{"rendered":"https:\/\/414kiting.com\/?page_id=8985"},"modified":"2025-05-21T09:07:13","modified_gmt":"2025-05-21T09:07:13","slug":"cours-kitesurf-debutants","status":"publish","type":"page","link":"https:\/\/414kiting.com\/fr\/cours-kitesurf-debutants\/","title":{"rendered":"Cours de kitesurf pour d\u00e9butants"},"content":{"rendered":"<div class=\"wpb-content-wrapper\">[vc_row content_placement=\u00a0\u00bbtop\u00a0\u00bb full_height=\u00a0\u00bbyes\u00a0\u00bb equal_height=\u00a0\u00bbyes\u00a0\u00bb][vc_column video_bg=\u00a0\u00bbyes\u00a0\u00bb video_bg_url=\u00a0\u00bbhttps:\/\/youtu.be\/8PxCmL-G99g\u00a0\u00bb width=\u00a0\u00bb1\/2&Prime; css=\u00a0\u00bb.vc_custom_1746464671762{padding-top: 0px !important;padding-right: 0px !important;padding-bottom: 0px !important;padding-left: 0px !important;}\u00a0\u00bb][vc_column_text css=\u00a0\u00bb.vc_custom_1747818424447{margin-bottom: 0px !important;padding-top: 5% !important;padding-right: 10% !important;padding-bottom: 5% !important;padding-left: 10% !important;}\u00a0\u00bb color=\u00a0\u00bb#fff\u00a0\u00bb]\r\n<p><span style=\"color: #a3a3a3;\"><\/span><\/p>\r\n<div class=\"wp-block-media-text has-media-on-the-right is-stacked-on-mobile\">\r\n<div class=\"wp-block-media-text__content\"><span style=\"color: #a3a3a3;\"><\/span><\/div>\r\n<\/div>\r\n<div class=\"wp-block-group\">\r\n<div class=\"wp-block-group\">\r\n<h1 class=\"wp-block-heading\" data-start=\"364\" data-end=\"440\"><span style=\"color: #33cccc;\">Cours de kitesurf pour d\u00e9butants<\/span><\/h1>\r\n<p><span style=\"font-weight: 400;\">Vous d\u00e9butez en kitesurf ? Commencez en douceur avec notre cours pour d\u00e9butants \u00e0 414 Kiting.<\/span><\/p>\r\n<p><span style=\"font-weight: 400;\">Nous formons de petits groupes (maximum 3 personnes) et adaptons chaque session \u00e0 votre rythme. Que vous veniez pour une journ\u00e9e d\u2019essai ou un stage de plusieurs jours, vous b\u00e9n\u00e9ficierez d\u2019un encadrement expert, de beaucoup de temps sur l\u2019eau et d\u2019une progression r\u00e9guli\u00e8re \u2013 le tout dans des cadres les plus spectaculaires d\u2019Europe.<\/span><\/p>\r\n<p><span style=\"font-weight: 400;\">Vous h\u00e9sitez ? <a href=\"mailto:hello@414kiting.com\">Contactez-nous<\/a> et nous vous aiderons \u00e0 trouver la formule la plus adapt\u00e9e \u00e0 vos objectifs. Si vous avez d\u00e9j\u00e0 un peu d\u2019exp\u00e9rience, pas de souci : nous proposons des <a title=\"Cours collectif kitesurf\" href=\"https:\/\/414kiting.com\/fr\/cours-collectif-kitesurf\/\">cours pour tous les niveaux<\/a>.<\/span><\/p>\r\n<\/div>\r\n<\/div>\r\n<p><span style=\"color: #808080;\"><\/span><\/p>\r\n<p><span style=\"color: #808080;\"><\/span><\/p>\r\n[\/vc_column_text][vc_video link=\u00a0\u00bbhttps:\/\/youtu.be\/8PxCmL-G99g\u00a0\u00bb css=\u00a0\u00bb\u00a0\u00bb][vc_column_text css=\u00a0\u00bb.vc_custom_1746526798751{margin-bottom: 0px !important;padding-top: 5% !important;padding-right: 10% !important;padding-bottom: 0px !important;padding-left: 10% !important;}\u00a0\u00bb color=\u00a0\u00bb#fff\u00a0\u00bb el_class=\u00a0\u00bbhide-mobile\u00a0\u00bb]\r\n<p><span style=\"color: #a3a3a3;\"><\/span><\/p>\r\n<div class=\"wp-block-media-text has-media-on-the-right is-stacked-on-mobile\">\r\n<div class=\"wp-block-media-text__content\"><span style=\"color: #a3a3a3;\"><\/span><\/div>\r\n<\/div>\r\n<div class=\"wp-block-group\">\r\n<div class=\"wp-block-group\">\r\n<h3 class=\"wp-block-heading\">You can also check out these helpful beginner kitesurf tutorials from <a href=\"https:\/\/www.youtube.com\/watch?v=WQXFANQBejM\" target=\"_blank\" rel=\"noopener\">Kitesurf College<\/a>:<\/h3>\r\n<\/div>\r\n<\/div>\r\n<p><span style=\"color: #808080;\"><\/span><\/p>\r\n<p><span style=\"color: #808080;\"><\/span><\/p>\r\n[\/vc_column_text][vc_row_inner el_class=\u00a0\u00bbhide-mobile\u00a0\u00bb css=\u00a0\u00bb.vc_custom_1746530968104{padding-top: 0px !important;padding-right: 10% !important;padding-bottom: 0px !important;padding-left: 10% !important;}\u00a0\u00bb][vc_column_inner width=\u00a0\u00bb1\/3&Prime;][vc_video link=\u00a0\u00bbhttps:\/\/www.youtube.com\/watch?v=0kXyvkELdNw\u00a0\u00bb css=\u00a0\u00bb\u00a0\u00bb][\/vc_column_inner][vc_column_inner width=\u00a0\u00bb1\/3&Prime;][vc_video link=\u00a0\u00bbhttps:\/\/www.youtube.com\/watch?v=YVwXKDBrG3A\u00a0\u00bb css=\u00a0\u00bb.vc_custom_1746464646929{margin-bottom: 10% !important;}\u00a0\u00bb][\/vc_column_inner][vc_column_inner width=\u00a0\u00bb1\/3&Prime;][vc_video link=\u00a0\u00bbhttps:\/\/www.youtube.com\/watch?v=sQ7FtY3QXHg\u00a0\u00bb css=\u00a0\u00bb\u00a0\u00bb][\/vc_column_inner][\/vc_row_inner][\/vc_column][vc_column typography_style=\u00a0\u00bbblack\u00a0\u00bb width=\u00a0\u00bb1\/2&Prime; css=\u00a0\u00bb.vc_custom_1746778880055{padding-top: 5% !important;padding-right: 10% !important;padding-bottom: 5% !important;padding-left: 10% !important;background-color: #FFFFFF !important;}\u00a0\u00bb][vc_column_text css=\u00a0\u00bb.vc_custom_1746528058101{margin-bottom: 0px !important;padding-top: 0px !important;padding-right: 0px !important;padding-bottom: 0px !important;padding-left: 0px !important;}\u00a0\u00bb]\r\n<p><span style=\"color: #a3a3a3;\"><\/span><\/p>\r\n<div class=\"wp-block-media-text has-media-on-the-right is-stacked-on-mobile\">\r\n<div class=\"wp-block-media-text__content\"><span style=\"color: #a3a3a3;\"><\/span><\/div>\r\n<\/div>\r\n<div class=\"wp-block-group\">\r\n<div class=\"wp-block-group\">\r\n<h2 class=\"wp-block-heading\" data-start=\"549\" data-end=\"580\"><b>\u00c0 quoi s\u2019attendre pendant l\u2019apprentissage du kitesurf<\/b><\/h2>\r\n<p><b>Jour 1 \u2013 Bases du kitesurf<\/b><\/p>\r\n<p><span style=\"font-weight: 400;\">S\u00e9curit\u00e9, th\u00e9orie et prise en main de l\u2019aile \u00e0 terre, puis premi\u00e8re session dans l\u2019eau (body dragging \u2013 traction du corps dans l\u2019eau \u2013 et manipulation de l\u2019aile).<\/span><\/p>\r\n<p><b>Jour 2 \u2013 Body dragging &amp; premiers d\u00e9parts en planche<\/b><\/p>\r\n<p><span style=\"font-weight: 400;\">Pratique avanc\u00e9e du body dragging et premiers essais de waterstart (se lever sur la planche).<\/span><\/p>\r\n<p><b>Jour 3 \u2013 Navigation &amp; contr\u00f4le de l\u2019aile<\/b><\/p>\r\n<p><span style=\"font-weight: 400;\">Travail sur la navigation dans les deux sens et le contr\u00f4le de l\u2019aile en \u00e9tant debout sur la planche.<\/span><\/p>\r\n<p><span style=\"font-weight: 400;\">La plupart des \u00e9l\u00e8ves parviennent \u00e0 naviguer dans les deux sens d\u00e8s le 3\u1d49 jour. La navigation autonome en remont\u00e9e au vent prend g\u00e9n\u00e9ralement entre 5 et 7 jours.<\/span><\/p>\r\n<\/div>\r\n<\/div>\r\n<p><span style=\"color: #808080;\"><\/span><\/p>\r\n<p><span style=\"color: #808080;\"><\/span><\/p>\r\n<div class=\"wp-block-group\"><div class=\"wp-block-group__inner-container is-layout-constrained wp-block-group-is-layout-constrained\">\r\n<p><span style=\"color: #808080;\"><\/span><\/p>\r\n<\/div><\/div>\r\n<p><span style=\"color: #808080;\"><\/span><\/p>\r\n<p><span style=\"color: #808080;\"><\/span><\/p>\r\n[\/vc_column_text][vc_column_text css=\u00a0\u00bb.vc_custom_1746528050599{margin-bottom: 0px !important;padding-top: 0px !important;padding-right: 0px !important;padding-bottom: 0px !important;padding-left: 0px !important;}\u00a0\u00bb el_class=\u00a0\u00bbhighlight-text\u00a0\u00bb]\r\n<p><span style=\"color: #a3a3a3;\"><\/span><\/p>\r\n<div class=\"wp-block-media-text has-media-on-the-right is-stacked-on-mobile\">\r\n<div class=\"wp-block-media-text__content\"><span style=\"color: #a3a3a3;\"><\/span><\/div>\r\n<\/div>\r\n<div class=\"wp-block-group\">\r\n<div class=\"wp-block-group\"><hr \/>\r\n<h2 class=\"wp-block-heading\" data-start=\"1328\" data-end=\"1346\"><b>Le\u00e7on type pour d\u00e9butants<\/b><\/h2>\r\n<p class=\"\" data-start=\"1350\" data-end=\"1397\"><b>10:00<\/b><span style=\"font-weight: 400;\"> \u2013 Accueil et th\u00e9orie<\/span><span style=\"font-weight: 400;\"><br \/><\/span> <b>11:00<\/b><span style=\"font-weight: 400;\"> \u2013 Mise en place du mat\u00e9riel<\/span><span style=\"font-weight: 400;\"><br \/><\/span> <b>12:00<\/b><span style=\"font-weight: 400;\"> \u2013 D\u00e9part sur l\u2019eau<\/span><span style=\"font-weight: 400;\"><br \/><\/span> <b>~16:00\u201317:00<\/b><span style=\"font-weight: 400;\"> \u2013 Retour au port<\/span><\/p>\r\n<\/div>\r\n<\/div>\r\n<p><span style=\"color: #808080;\"><\/span><\/p>\r\n<p><span style=\"color: #808080;\"><\/span><\/p>\r\n<div class=\"wp-block-group\"><div class=\"wp-block-group__inner-container is-layout-constrained wp-block-group-is-layout-constrained\">\r\n<p><span style=\"color: #808080;\"><\/span><\/p>\r\n<\/div><\/div>\r\n<p><span style=\"color: #808080;\"><\/span><\/p>\r\n<p><span style=\"color: #808080;\"><\/span><\/p>\r\n[\/vc_column_text]<div class=\"theme-button-block-wrap wpex-block wpex-clear theme-button-wrap wpex-clr\"><a href=\"mailto:hello@414kiting.com\" class=\"vcex-button theme-button clean white medium align-left block wpex-flex-shrink-0\" style=\"background:#00c1cf;color:#ffffff;border:0;margin-top:30px;margin-bottom:30px;width:300px;\" data-wpex-hover='{&quot;background&quot;:&quot;#ffffff&quot;,&quot;color&quot;:&quot;#00c1cf&quot;}'><span class=\"theme-button-inner\">Email us to book<\/span><\/a><\/div> [vc_column_text css=\u00a0\u00bb.vc_custom_1746530908847{margin-bottom: 0px !important;padding-top: 0px !important;padding-right: 0px !important;padding-bottom: 0px !important;padding-left: 0px !important;}\u00a0\u00bb]\r\n<p><span style=\"color: #a3a3a3;\"><\/span><\/p>\r\n<div class=\"wp-block-media-text has-media-on-the-right is-stacked-on-mobile\">\r\n<div class=\"wp-block-media-text__content\"><span style=\"color: #a3a3a3;\"><\/span><\/div>\r\n<\/div>\r\n<div class=\"wp-block-group\">\r\n<div class=\"wp-block-group\">\r\n<p><span style=\"font-weight: 400;\">Vous profiterez d\u2019environ 3 heures de kitesurf par jour, avec votre propre aile pour maximiser le temps pass\u00e9 sur l\u2019eau.<\/span><\/p>\r\n<\/div>\r\n<\/div>\r\n<p><span style=\"color: #808080;\"><\/span><\/p>\r\n<p><span style=\"color: #808080;\"><\/span><\/p>\r\n<div class=\"wp-block-group\"><div class=\"wp-block-group__inner-container is-layout-constrained wp-block-group-is-layout-constrained\">\r\n<p><span style=\"color: #808080;\"><\/span><\/p>\r\n<\/div><\/div>\r\n<p><span style=\"color: #808080;\"><\/span><\/p>\r\n<p><span style=\"color: #808080;\"><\/span><\/p>\r\n[\/vc_column_text][\/vc_column][\/vc_row][vc_row css_animation=\u00a0\u00bbnone\u00a0\u00bb column_spacing=\u00a0\u00bb0px\u00a0\u00bb equal_height=\u00a0\u00bbyes\u00a0\u00bb css=\u00a0\u00bb.vc_custom_1746533567713{margin-top: 0px !important;margin-right: 0px !important;margin-bottom: 0px !important;margin-left: 0px !important;padding-top: 0px !important;padding-right: 0px !important;padding-bottom: 0px !important;padding-left: 0px !important;background-color: #FFFFFF !important;border-radius: 1px !important;border-color: #D9D9D9 !important;}\u00a0\u00bb el_id=\u00a0\u00bbicontext\u00a0\u00bb][vc_column css_animation=\u00a0\u00bbfadeInRight\u00a0\u00bb css=\u00a0\u00bb.vc_custom_1746533629101{padding-top: 20px !important;padding-right: 20px !important;padding-bottom: 20px !important;padding-left: 20px !important;}\u00a0\u00bb]<div class=\"vcex-grid-container vcex-module wpex-grid wpex-gap-20 wpex-grid-cols-2 wpex-sm-grid-cols-3 wpex-md-grid-cols-3 wpex-lg-grid-cols-6 wpex-justify-items-center vc_custom_1656422305705\"><div class=\"vcex-module vcex-icon-box vcex-icon-box-two wpex-relative wpex-text-center\"><div class=\"vcex-icon-box-symbol wpex-mb-20\"><div class=\"vcex-icon-box-icon wpex-inline-flex wpex-items-center wpex-justify-center wpex-child-inherit-color wpex-text-center wpex-leading-none wpex-text-black\" style=\"color:#00c1cf;\"><span class=\"fas fa-water\" aria-hidden=\"true\"><\/span><\/div><\/div><div class=\"vcex-icon-box-text\"><h2 class=\"vcex-icon-box-heading wpex-heading wpex-text-md wpex-mb-10\" style=\"color:#000000;\">Unbeatable learning space<\/h2><div class=\"vcex-icon-box-content wpex-last-mb-0 wpex-clr\" style=\"color:#000000;\"><hr class=\"iconhr\" \/>\n<\/div><\/div><\/div><div class=\"vcex-module vcex-icon-box vcex-icon-box-two wpex-relative wpex-text-center\"><div class=\"vcex-icon-box-symbol wpex-mb-20\"><div class=\"vcex-icon-box-icon wpex-inline-flex wpex-items-center wpex-justify-center wpex-child-inherit-color wpex-text-center wpex-leading-none wpex-text-black\" style=\"color:#00c1cf;\"><span class=\"fas fa-sun\" aria-hidden=\"true\"><\/span><\/div><\/div><div class=\"vcex-icon-box-text\"><h2 class=\"vcex-icon-box-heading wpex-heading wpex-text-md wpex-mb-10\" style=\"color:#000000;\">Safe learning environment<\/h2><div class=\"vcex-icon-box-content wpex-last-mb-0 wpex-clr\" style=\"color:#000000;\"><hr class=\"iconhr\" \/>\n<\/div><\/div><\/div><div class=\"vcex-module vcex-icon-box vcex-icon-box-two wpex-relative wpex-text-center\"><div class=\"vcex-icon-box-symbol wpex-mb-20\"><div class=\"vcex-icon-box-icon wpex-inline-flex wpex-items-center wpex-justify-center wpex-child-inherit-color wpex-text-center wpex-leading-none wpex-text-black\" style=\"color:#00c1cf;\"><span class=\"fas fa-ship\" aria-hidden=\"true\"><\/span><\/div><\/div><div class=\"vcex-icon-box-text\"><h2 class=\"vcex-icon-box-heading wpex-heading wpex-text-md wpex-mb-10\" style=\"color:#000000;\">Tuition from boats<\/h2><div class=\"vcex-icon-box-content wpex-last-mb-0 wpex-clr\" style=\"color:#000000;\"><hr class=\"iconhr\" \/>\n<\/div><\/div><\/div><div class=\"vcex-module vcex-icon-box vcex-icon-box-two wpex-relative wpex-text-center\"><div class=\"vcex-icon-box-symbol wpex-mb-20\"><div class=\"vcex-icon-box-icon wpex-inline-flex wpex-items-center wpex-justify-center wpex-child-inherit-color wpex-text-center wpex-leading-none wpex-text-black\" style=\"color:#00c1cf;\"><span class=\"fas fa-broadcast-tower\" aria-hidden=\"true\"><\/span><\/div><\/div><div class=\"vcex-icon-box-text\"><h2 class=\"vcex-icon-box-heading wpex-heading wpex-text-md wpex-mb-10\" style=\"color:#000000;\">Radio-assisted teaching<\/h2><div class=\"vcex-icon-box-content wpex-last-mb-0 wpex-clr\" style=\"color:#000000;\"><hr class=\"iconhr\" \/>\n<\/div><\/div><\/div><div class=\"vcex-module vcex-icon-box vcex-icon-box-two wpex-relative wpex-text-center\"><div class=\"vcex-icon-box-symbol wpex-mb-20\"><div class=\"vcex-icon-box-icon wpex-inline-flex wpex-items-center wpex-justify-center wpex-child-inherit-color wpex-text-center wpex-leading-none wpex-text-black\" style=\"color:#1fb9c4;\"><span class=\"fas fa-user-friends\" aria-hidden=\"true\"><\/span><\/div><\/div><div class=\"vcex-icon-box-text\"><h2 class=\"vcex-icon-box-heading wpex-heading wpex-text-md wpex-mb-10\" style=\"color:#000000;\">Max 3 students per group<\/h2><div class=\"vcex-icon-box-content wpex-last-mb-0 wpex-clr\" style=\"color:#000000;\"><hr class=\"iconhr\" \/>\n<\/div><\/div><\/div><div class=\"vcex-module vcex-icon-box vcex-icon-box-two wpex-relative wpex-text-center\"><div class=\"vcex-icon-box-symbol wpex-mb-20\"><div class=\"vcex-icon-box-icon wpex-inline-flex wpex-items-center wpex-justify-center wpex-child-inherit-color wpex-text-center wpex-leading-none wpex-text-black\" style=\"color:#1fb9c4;\"><span class=\"fas fa-check\" aria-hidden=\"true\"><\/span><\/div><\/div><div class=\"vcex-icon-box-text\"><h2 class=\"vcex-icon-box-heading wpex-heading wpex-text-md wpex-mb-10\" style=\"color:#000000;\">Qualified instructors<\/h2><div class=\"vcex-icon-box-content wpex-last-mb-0 wpex-clr\" style=\"color:#000000;\"><hr class=\"iconhr\" \/>\n<\/div><\/div><\/div><\/div>[\/vc_column][\/vc_row][vc_row 0=\u00a0\u00bb\u00a0\u00bb column_spacing=\u00a0\u00bb0px\u00a0\u00bb equal_height=\u00a0\u00bbyes\u00a0\u00bb css=\u00a0\u00bb.vc_custom_1657298408969{background-position: center !important;background-repeat: no-repeat !important;background-size: cover !important;}\u00a0\u00bb wpex_bg_position=\u00a0\u00bbcenter right\u00a0\u00bb][vc_column width=\u00a0\u00bb1\/2&Prime; css=\u00a0\u00bb.vc_custom_1706537712427{padding-top: 5% !important;padding-right: 5% !important;padding-bottom: 5% !important;padding-left: 5% !important;background-color: #000000 !important;background-position: center !important;background-repeat: no-repeat !important;background-size: cover !important;}\u00a0\u00bb][vc_column_text css_animation=\u00a0\u00bbfadeIn\u00a0\u00bb responsive_text=\u00a0\u00bbtrue\u00a0\u00bb css=\u00a0\u00bb.vc_custom_1746778935338{padding-bottom: 30px !important;}\u00a0\u00bb color=\u00a0\u00bb#ffffff\u00a0\u00bb]\r\n<h2><b>Tarif<\/b><\/h2>\r\n<p><span style=\"font-weight: 400;\">225 \u20ac par personne, par jour<\/span><\/p>\r\n<p><span style=\"font-weight: 400;\">Inclus : enseignement complet, tout le mat\u00e9riel, assistance en bateau et certification IKO.<\/span><\/p>\r\n<hr \/>\r\n<h2><b>Ce qui est inclus<\/b><\/h2>\r\n<ul>\r\n<li style=\"font-weight: 400;\" aria-level=\"1\"><span style=\"font-weight: 400;\">3 personnes maximum par groupe<\/span><span style=\"font-weight: 400;\"><br \/><\/span><\/li>\r\n<li style=\"font-weight: 400;\" aria-level=\"1\"><span style=\"font-weight: 400;\">Votre propre aile pour toute la session<\/span><span style=\"font-weight: 400;\"><br \/><\/span><\/li>\r\n<li style=\"font-weight: 400;\" aria-level=\"1\"><span style=\"font-weight: 400;\">Tout le mat\u00e9riel fourni : aile, planche, combinaison, harnais, casque et gilet d\u2019aide \u00e0 la flottabilit\u00e9<\/span><span style=\"font-weight: 400;\"><br \/><\/span><\/li>\r\n<li style=\"font-weight: 400;\" aria-level=\"1\"><span style=\"font-weight: 400;\">R\u00e9vision th\u00e9orique quotidienne et suivi de progression<\/span><span style=\"font-weight: 400;\"><br \/><\/span><\/li>\r\n<li style=\"font-weight: 400;\" aria-level=\"1\"><span style=\"font-weight: 400;\">Instructeur certifi\u00e9 IKO<\/span><span style=\"font-weight: 400;\"><br \/><\/span><\/li>\r\n<li style=\"font-weight: 400;\" aria-level=\"1\"><span style=\"font-weight: 400;\">Certification ou mise \u00e0 jour de votre niveau IKO<\/span><span style=\"font-weight: 400;\"><br \/><\/span><\/li>\r\n<li style=\"font-weight: 400;\" aria-level=\"1\"><span style=\"font-weight: 400;\">Garantie no-wind-no-fee<\/span><\/li>\r\n<\/ul>\r\n<hr class=\"\" data-start=\"1827\" data-end=\"1830\" \/>\r\n<h2><b>Certification IKO<\/b><\/h2>\r\n<p><span style=\"font-weight: 400;\">Nous enregistrerons ou mettrons \u00e0 jour votre <a href=\"https:\/\/www.ikointl.com\/fr\/cours\/kitesurf\" target=\"_blank\" rel=\"noopener\">licence IKO<\/a> \u00e0 la fin de votre cours. Cette certification, reconnue internationalement, atteste de votre niveau de comp\u00e9tence et est souvent exig\u00e9e pour louer du mat\u00e9riel dans d\u2019autres centres de kitesurf \u00e0 travers le monde.<\/span><\/p>\r\n<hr \/>\r\n<h2><b>Garantie No-Wind-No-Fee<\/b><\/h2>\r\n<p><span style=\"font-weight: 400;\">Si le vent n\u2019est pas au rendez-vous, votre session est soit rembours\u00e9e, soit reprogramm\u00e9e \u2013 c\u2019est vous qui choisissez.<\/span><\/p>\r\n[\/vc_column_text]<div class=\"vcex-multi-buttons wpex-flex wpex-flex-wrap wpex-items-center wpex-gap-10 wpex-justify-start\"><a href=\"https:\/\/414kiting.com\/fr\/cours-prives\/\" title=\"Private Lessons\" class=\"theme-button outline white vcex-count-1\">Cours priv\u00e9s kitesurf<\/a><a href=\"https:\/\/414kiting.com\/fr\/cours-collectif-kitesurf\/\" title=\"Private Lessons\" class=\"theme-button outline white vcex-count-2\">Cours collectif kitesurf<\/a><a href=\"https:\/\/414kiting.com\/fr\/kitesurf-coaching\/\" title=\"Coaching\" class=\"theme-button outline white vcex-count-3\">Kitesurf coaching<\/a><a href=\"https:\/\/414kiting.com\/fr\/lecons_de_wing-foil\/\" title=\"Wing Foil Lessons\" class=\"theme-button outline white vcex-count-4\">Wing foil<\/a><a href=\"https:\/\/414kiting.com\/fr\/kitefoil\/\" title=\"Kite Foil Lessons\" class=\"theme-button outline white vcex-count-5\">Kite foil<\/a><\/div>[\/vc_column][vc_column width=\u00a0\u00bb1\/2&Prime; css=\u00a0\u00bb.vc_custom_1583308134447{background-image: url(https:\/\/414kiting.com\/wp-content\/uploads\/2019\/03\/414_onwater_fullsize-17.jpg?id=2013) !important;background-position: center !important;background-repeat: no-repeat !important;background-size: cover !important;}\u00a0\u00bb][\/vc_column][\/vc_row]<\/div>","protected":false},"excerpt":{"rendered":"<p>[vc_row content_placement=\u00a0\u00bbtop\u00a0\u00bb full_height=\u00a0\u00bbyes\u00a0\u00bb equal_height=\u00a0\u00bbyes\u00a0\u00bb][vc_column video_bg=\u00a0\u00bbyes\u00a0\u00bb video_bg_url=\u00a0\u00bbhttps:\/\/youtu.be\/8PxCmL-G99g\u00a0\u00bb width=\u00a0\u00bb1\/2&Prime; css=\u00a0\u00bb.vc_custom_1746464671762{padding-top: 0px !important;padding-right: 0px !important;padding-bottom: 0px !important;padding-left: 0px !important;}\u00a0\u00bb][vc_column_text css=\u00a0\u00bb.vc_custom_1747818424447{margin-bottom: 0px !important;padding-top: 5% !important;padding-right: 10% !important;padding-bottom: 5% !important;padding-left: 10% !important;}\u00a0\u00bb color=\u00a0\u00bb#fff\u00a0\u00bb] Cours de kitesurf pour d\u00e9butants Vous d\u00e9butez en kitesurf ? Commencez en douceur avec notre cours pour d\u00e9butants \u00e0 414 Kiting. Nous formons de petits groupes (maximum&hellip;<\/p>\n","protected":false},"author":2,"featured_media":0,"parent":0,"menu_order":0,"comment_status":"closed","ping_status":"closed","template":"","meta":{"_sitemap_exclude":false,"_sitemap_priority":"","_sitemap_frequency":"","_monsterinsights_skip_tracking":false,"_monsterinsights_sitenote_active":false,"_monsterinsights_sitenote_note":"","_monsterinsights_sitenote_category":0,"footnotes":""},"class_list":["post-8985","page","type-page","status-publish","hentry","entry","no-media"],"aioseo_notices":[],"_links":{"self":[{"href":"https:\/\/414kiting.com\/fr\/wp-json\/wp\/v2\/pages\/8985","targetHints":{"allow":["GET"]}}],"collection":[{"href":"https:\/\/414kiting.com\/fr\/wp-json\/wp\/v2\/pages"}],"about":[{"href":"https:\/\/414kiting.com\/fr\/wp-json\/wp\/v2\/types\/page"}],"author":[{"embeddable":true,"href":"https:\/\/414kiting.com\/fr\/wp-json\/wp\/v2\/users\/2"}],"replies":[{"embeddable":true,"href":"https:\/\/414kiting.com\/fr\/wp-json\/wp\/v2\/comments?post=8985"}],"version-history":[{"count":30,"href":"https:\/\/414kiting.com\/fr\/wp-json\/wp\/v2\/pages\/8985\/revisions"}],"predecessor-version":[{"id":9214,"href":"https:\/\/414kiting.com\/fr\/wp-json\/wp\/v2\/pages\/8985\/revisions\/9214"}],"wp:attachment":[{"href":"https:\/\/414kiting.com\/fr\/wp-json\/wp\/v2\/media?parent=8985"}],"curies":[{"name":"wp","href":"https:\/\/api.w.org\/{rel}","templated":true}]}}