{"id":6854,"date":"2022-06-28T13:27:04","date_gmt":"2022-06-28T13:27:04","guid":{"rendered":"https:\/\/414kiting.com\/wing-foil-lessons"},"modified":"2025-05-09T10:39:25","modified_gmt":"2025-05-09T10:39:25","slug":"lecons_de_wing-foil","status":"publish","type":"page","link":"https:\/\/414kiting.com\/fr\/lecons_de_wing-foil\/","title":{"rendered":"Le\u00e7ons de Wing Foil"},"content":{"rendered":"<div class=\"wpb-content-wrapper\">[vc_row column_spacing=\u00a0\u00bb0px\u00a0\u00bb equal_height=\u00a0\u00bbyes\u00a0\u00bb css=\u00a0\u00bb.vc_custom_1656421226772{margin-top: 0px !important;margin-right: 0px !important;margin-bottom: 0px !important;margin-left: 0px !important;border-top-width: 0px !important;border-right-width: 0px !important;border-bottom-width: 0px !important;border-left-width: 0px !important;padding-top: 0px !important;padding-right: 0px !important;padding-bottom: 0px !important;padding-left: 0px !important;background-image: url(https:\/\/414kiting.com\/wp-content\/uploads\/2022\/06\/2022_41446.jpg?id=6696) !important;background-position: center !important;background-repeat: no-repeat !important;background-size: cover !important;}\u00a0\u00bb min_height=\u00a0\u00bb500px\u00a0\u00bb wpex_bg_position=\u00a0\u00bbbottom left\u00a0\u00bb][vc_column width=\u00a0\u00bb1\/2&Prime; min_height=\u00a0\u00bb250px\u00a0\u00bb][vc_single_image image=\u00a0\u00bb6697&Prime; visibility=\u00a0\u00bbshow-at-mm-breakpoint\u00a0\u00bb][\/vc_column][vc_column width=\u00a0\u00bb1\/2&Prime; min_height=\u00a0\u00bb100%\u00a0\u00bb css=\u00a0\u00bb.vc_custom_1707132377407{padding-top: 5% !important;padding-right: 5% !important;padding-bottom: 5% !important;padding-left: 5% !important;background-color: rgba(0,0,0,0.8) !important;background-position: center !important;background-repeat: no-repeat !important;background-size: cover !important;*background-color: rgb(0,0,0) !important;}\u00a0\u00bb][vc_column_text css_animation=\u00a0\u00bbfadeIn\u00a0\u00bb responsive_text=\u00a0\u00bbtrue\u00a0\u00bb css=\u00a0\u00bb.vc_custom_1707132486556{padding-bottom: 10px !important;}\u00a0\u00bb color=\u00a0\u00bb#ffffff\u00a0\u00bb]\n<h1>La meilleur stage de wing foil<\/h1>\n<p>Participez \u00e0 l&rsquo;un de nos cours de Wing Foil et apprenez \u00e0 faire du wing foil sur le magnifique lac de C\u00f4me. Toutes nos le\u00e7ons se d\u00e9roulent depuis le bateau, ce qui nous permet de nous d\u00e9placer l\u00e0 o\u00f9 le vent souffle le mieux. Nous avons un maximum de 3 \u00e9tudiants par groupe et chaque \u00e9tudiant a son propre \u00e9quipement pour la dur\u00e9e du cours. Les vents thermiques constants, l&rsquo;absence de vagues, l&rsquo;eau douce profonde et le grand espace font du lac l&rsquo;endroit id\u00e9al pour apprendre ce sport incroyable.<\/p>\n<p>Il n&rsquo;est pas n\u00e9cessaire d&rsquo;avoir une exp\u00e9rience du kite pour r\u00e9server une place dans un cours de Wing Foil, mais la connaissance du vent et l&rsquo;exp\u00e9rience des sports nautiques\/du foil sont utiles. Vous n&rsquo;en avez pas ? Pas de probl\u00e8me, faites-le nous savoir afin que nous puissions inclure un peu de th\u00e9orie au d\u00e9but du cours pour vous donner les bases.<\/p>\n<h2>Ce qui est inclus:<\/h2>\n<ul>\n<li>Garantie &lsquo;no-wind-no-fee&rsquo;<\/li>\n<li>Temps illimit\u00e9 dans l&rsquo;eau<\/li>\n<li>Tous les \u00e9quipements fournis, y compris le wing, la planche la combinaison, harnais, le gilet de sauvetage, et le casque<\/li>\n<li>Session th\u00e9orique d\u2019une heure (pour les d\u00e9butants complets)<\/li>\n<li>Certification <a href=\"https:\/\/www.iwointl.com\/\" target=\"_blank\" rel=\"noopener\">IWO<\/a> \u00e0 la fin de votre cours<\/li>\n<\/ul>\n[\/vc_column_text]<a href=\"mailto:hello@414kiting.com\" class=\"vcex-button theme-button clean white medium align-left inline wpex-flex-shrink-0\" style=\"background:#00c1cf;color:#ffffff;border:0;margin-top:30px;margin-bottom:30px;width:300px;\" data-wpex-hover='{&quot;background&quot;:&quot;#ffffff&quot;,&quot;color&quot;:&quot;#00c1cf&quot;}'><span class=\"theme-button-inner\">Book Now!<\/span><\/a> [\/vc_column][\/vc_row][vc_row css_animation=\u00a0\u00bbfadeInRight\u00a0\u00bb column_spacing=\u00a0\u00bb0px\u00a0\u00bb equal_height=\u00a0\u00bbyes\u00a0\u00bb css=\u00a0\u00bb.vc_custom_1687689042361{margin-top: 0px !important;margin-right: 0px !important;margin-bottom: 0px !important;margin-left: 0px !important;padding-top: 0px !important;padding-right: 0px !important;padding-bottom: 0px !important;padding-left: 0px !important;background-color: #ffffff !important;}\u00a0\u00bb el_id=\u00a0\u00bbicontext\u00a0\u00bb][vc_column css=\u00a0\u00bb.vc_custom_1583232279744{padding-top: 20px !important;padding-right: 20px !important;padding-bottom: 20px !important;padding-left: 20px !important;}\u00a0\u00bb]<div class=\"vcex-grid-container vcex-module wpex-grid wpex-gap-20 wpex-grid-cols-2 wpex-sm-grid-cols-3 wpex-md-grid-cols-3 wpex-lg-grid-cols-6 wpex-justify-items-center vc_custom_1656422305705\"><div class=\"vcex-module vcex-icon-box vcex-icon-box-two wpex-relative wpex-text-center\"><div class=\"vcex-icon-box-symbol wpex-mb-20\"><div class=\"vcex-icon-box-icon wpex-inline-flex wpex-items-center wpex-justify-center wpex-child-inherit-color wpex-text-center wpex-leading-none wpex-text-black\" style=\"color:#00c1cf;\"><span class=\"fas fa-water\" aria-hidden=\"true\"><\/span><\/div><\/div><div class=\"vcex-icon-box-text\"><h2 class=\"vcex-icon-box-heading wpex-heading wpex-text-md wpex-mb-10\" style=\"color:#000000;\">Unbeatable learning space<\/h2><div class=\"vcex-icon-box-content wpex-last-mb-0 wpex-clr\" style=\"color:#000000;\"><hr class=\"iconhr\" \/>\n<\/div><\/div><\/div><div class=\"vcex-module vcex-icon-box vcex-icon-box-two wpex-relative wpex-text-center\"><div class=\"vcex-icon-box-symbol wpex-mb-20\"><div class=\"vcex-icon-box-icon wpex-inline-flex wpex-items-center wpex-justify-center wpex-child-inherit-color wpex-text-center wpex-leading-none wpex-text-black\" style=\"color:#00c1cf;\"><span class=\"fas fa-sun\" aria-hidden=\"true\"><\/span><\/div><\/div><div class=\"vcex-icon-box-text\"><h2 class=\"vcex-icon-box-heading wpex-heading wpex-text-md wpex-mb-10\" style=\"color:#000000;\">Environnement d'apprentissage s\u00fbr<\/h2><div class=\"vcex-icon-box-content wpex-last-mb-0 wpex-clr\" style=\"color:#000000;\"><hr class=\"iconhr\" \/>\n<\/div><\/div><\/div><div class=\"vcex-module vcex-icon-box vcex-icon-box-two wpex-relative wpex-text-center\"><div class=\"vcex-icon-box-symbol wpex-mb-20\"><div class=\"vcex-icon-box-icon wpex-inline-flex wpex-items-center wpex-justify-center wpex-child-inherit-color wpex-text-center wpex-leading-none wpex-text-black\" style=\"color:#00c1cf;\"><span class=\"fas fa-ship\" aria-hidden=\"true\"><\/span><\/div><\/div><div class=\"vcex-icon-box-text\"><h2 class=\"vcex-icon-box-heading wpex-heading wpex-text-md wpex-mb-10\" style=\"color:#000000;\">Assistance bateau<\/h2><div class=\"vcex-icon-box-content wpex-last-mb-0 wpex-clr\" style=\"color:#000000;\"><hr class=\"iconhr\" \/>\n<\/div><\/div><\/div><div class=\"vcex-module vcex-icon-box vcex-icon-box-two wpex-relative wpex-text-center\"><div class=\"vcex-icon-box-symbol wpex-mb-20\"><div class=\"vcex-icon-box-icon wpex-inline-flex wpex-items-center wpex-justify-center wpex-child-inherit-color wpex-text-center wpex-leading-none wpex-text-black\" style=\"color:#00c1cf;\"><span class=\"fas fa-broadcast-tower\" aria-hidden=\"true\"><\/span><\/div><\/div><div class=\"vcex-icon-box-text\"><h2 class=\"vcex-icon-box-heading wpex-heading wpex-text-md wpex-mb-10\" style=\"color:#000000;\">Enseignement assist\u00e9 par radio<\/h2><div class=\"vcex-icon-box-content wpex-last-mb-0 wpex-clr\" style=\"color:#000000;\"><hr class=\"iconhr\" \/>\n<\/div><\/div><\/div><div class=\"vcex-module vcex-icon-box vcex-icon-box-two wpex-relative wpex-text-center\"><div class=\"vcex-icon-box-symbol wpex-mb-20\"><div class=\"vcex-icon-box-icon wpex-inline-flex wpex-items-center wpex-justify-center wpex-child-inherit-color wpex-text-center wpex-leading-none wpex-text-black\" style=\"color:#00c1cf;\"><span class=\"fas fa-users\" aria-hidden=\"true\"><\/span><\/div><\/div><div class=\"vcex-icon-box-text\"><h2 class=\"vcex-icon-box-heading wpex-heading wpex-text-md wpex-mb-10\" style=\"color:#000000;\">3 \u00e9tudiants max par groupe<\/h2><div class=\"vcex-icon-box-content wpex-last-mb-0 wpex-clr\" style=\"color:#000000;\"><hr class=\"iconhr\" \/>\n<\/div><\/div><\/div><div class=\"vcex-module vcex-icon-box vcex-icon-box-two wpex-relative wpex-text-center\"><div class=\"vcex-icon-box-symbol wpex-mb-20\"><div class=\"vcex-icon-box-icon wpex-inline-flex wpex-items-center wpex-justify-center wpex-child-inherit-color wpex-text-center wpex-leading-none wpex-text-black\" style=\"color:#00c1cf;\"><span class=\"fas fa-check\" aria-hidden=\"true\"><\/span><\/div><\/div><div class=\"vcex-icon-box-text\"><h2 class=\"vcex-icon-box-heading wpex-heading wpex-text-md wpex-mb-10\" style=\"color:#000000;\">Moniteurs qualifi\u00e9s<\/h2><div class=\"vcex-icon-box-content wpex-last-mb-0 wpex-clr\" style=\"color:#000000;\"><hr class=\"iconhr\" \/>\n<\/div><\/div><\/div><\/div>[\/vc_column][\/vc_row][vc_row 0=\u00a0\u00bb\u00a0\u00bb column_spacing=\u00a0\u00bb0px\u00a0\u00bb equal_height=\u00a0\u00bbyes\u00a0\u00bb css=\u00a0\u00bb.vc_custom_1583308123766{background-image: url(https:\/\/414kiting.com\/wp-content\/uploads\/2020\/03\/zxgdri2ewzk.jpg?id=2887) !important;background-position: center !important;background-repeat: no-repeat !important;background-size: cover !important;}\u00a0\u00bb wpex_bg_position=\u00a0\u00bbcenter right\u00a0\u00bb][vc_column width=\u00a0\u00bb1\/2&Prime; css=\u00a0\u00bb.vc_custom_1656421900292{padding-top: 20px !important;padding-right: 20px !important;padding-bottom: 20px !important;padding-left: 20px !important;background-color: #000000 !important;background-position: center !important;background-repeat: no-repeat !important;background-size: cover !important;}\u00a0\u00bb][vc_column_text css_animation=\u00a0\u00bbfadeIn\u00a0\u00bb responsive_text=\u00a0\u00bbtrue\u00a0\u00bb css=\u00a0\u00bb.vc_custom_1707233499602{padding-bottom: 20px !important;}\u00a0\u00bb color=\u00a0\u00bb#ffffff\u00a0\u00bb]\n<h2>Prix &amp; d\u00e9tails pour notre le\u00e7ons de wing foil<\/h2>\n<h3><strong>Price: \u20ac250\/personne\/jour<\/strong><\/h3>\n<p>L&rsquo;apprentissage du wing foil est physiquement exigeant, alors soyez pr\u00eat ! Aucune exp\u00e9rience pr\u00e9alable particuli\u00e8re n&rsquo;est requise, mais si vous avez de l&rsquo;exp\u00e9rience en planche \u00e0 voile ou en foil, cela vous aidera.<\/p>\n<h3><strong>Ce que vous devez emporter avec vous:<\/strong><\/h3>\n<ul class=\"list check check-list\">\n<li>Cr\u00e8me solaire<\/li>\n<li>De l&rsquo;eau<\/li>\n<li>Un petit ravitaillement si la faim montre le bout de son nez!<\/li>\n<\/ul>\n<h3><strong>Ce n&rsquo;est pas tout \u00e0 fait ce que vous recherchiez ? Essayez l&rsquo;une de nos autres options :<\/strong><\/h3>\n[\/vc_column_text]<div class=\"vcex-multi-buttons wpex-flex wpex-flex-wrap wpex-items-center wpex-gap-10 wpex-justify-start\"><a href=\"https:\/\/414kiting.com\/fr\/cours-prives\/\" title=\"Private Lessons\" class=\"theme-button outline white vcex-count-1\">Cours priv\u00e9s kitesurf<\/a><a href=\"https:\/\/414kiting.com\/fr\/cours-collectif-kitesurf\/\" title=\"Private Lessons\" class=\"theme-button outline white vcex-count-2\">Cours collectif kitesurf<\/a><a href=\"https:\/\/414kiting.com\/fr\/cours-kitesurf-debutants\/\" title=\"Private Lessons\" class=\"theme-button outline white vcex-count-3\">Cours d\u00e9butants kitesurf<\/a><a href=\"https:\/\/414kiting.com\/fr\/kitesurf-coaching\/\" title=\"Coaching\" class=\"theme-button outline white vcex-count-4\">Kitesurf coaching<\/a><a href=\"https:\/\/414kiting.com\/fr\/kitefoil\/\" title=\"Kite Foil Lessons\" class=\"theme-button outline white vcex-count-5\">Kite foil<\/a><\/div>[\/vc_column][vc_column width=\u00a0\u00bb1\/2&Prime; css=\u00a0\u00bb.vc_custom_1656418576238{background-image: url(https:\/\/414kiting.com\/wp-content\/uploads\/2022\/06\/40-_DSC7170.jpg?id=6763) !important;background-position: center !important;background-repeat: no-repeat !important;background-size: cover !important;}\u00a0\u00bb min_height=\u00a0\u00bb200px\u00a0\u00bb][\/vc_column][\/vc_row]\n<\/div>","protected":false},"excerpt":{"rendered":"<p>[vc_row column_spacing=\u00a0\u00bb0px\u00a0\u00bb equal_height=\u00a0\u00bbyes\u00a0\u00bb css=\u00a0\u00bb.vc_custom_1656421226772{margin-top: 0px !important;margin-right: 0px !important;margin-bottom: 0px !important;margin-left: 0px !important;border-top-width: 0px !important;border-right-width: 0px !important;border-bottom-width: 0px !important;border-left-width: 0px !important;padding-top: 0px !important;padding-right: 0px !important;padding-bottom: 0px !important;padding-left: 0px !important;background-image: url(https:\/\/414kiting.com\/wp-content\/uploads\/2022\/06\/2022_41446.jpg?id=6696) !important;background-position: center !important;background-repeat: no-repeat !important;background-size: cover !important;}\u00a0\u00bb min_height=\u00a0\u00bb500px\u00a0\u00bb wpex_bg_position=\u00a0\u00bbbottom left\u00a0\u00bb][vc_column width=\u00a0\u00bb1\/2&Prime; min_height=\u00a0\u00bb250px\u00a0\u00bb][vc_single_image image=\u00a0\u00bb6697&Prime; visibility=\u00a0\u00bbshow-at-mm-breakpoint\u00a0\u00bb][\/vc_column][vc_column width=\u00a0\u00bb1\/2&Prime; min_height=\u00a0\u00bb100%\u00a0\u00bb css=\u00a0\u00bb.vc_custom_1707132377407{padding-top: 5% !important;padding-right: 5% !important;padding-bottom: 5% !important;padding-left: 5% !important;background-color: rgba(0,0,0,0.8)&hellip;<\/p>\n","protected":false},"author":2,"featured_media":0,"parent":0,"menu_order":0,"comment_status":"closed","ping_status":"closed","template":"","meta":{"_sitemap_exclude":false,"_sitemap_priority":"","_sitemap_frequency":"","_monsterinsights_skip_tracking":false,"_monsterinsights_sitenote_active":false,"_monsterinsights_sitenote_note":"","_monsterinsights_sitenote_category":0,"footnotes":""},"class_list":["post-6854","page","type-page","status-publish","hentry","entry","no-media"],"aioseo_notices":[],"_links":{"self":[{"href":"https:\/\/414kiting.com\/fr\/wp-json\/wp\/v2\/pages\/6854","targetHints":{"allow":["GET"]}}],"collection":[{"href":"https:\/\/414kiting.com\/fr\/wp-json\/wp\/v2\/pages"}],"about":[{"href":"https:\/\/414kiting.com\/fr\/wp-json\/wp\/v2\/types\/page"}],"author":[{"embeddable":true,"href":"https:\/\/414kiting.com\/fr\/wp-json\/wp\/v2\/users\/2"}],"replies":[{"embeddable":true,"href":"https:\/\/414kiting.com\/fr\/wp-json\/wp\/v2\/comments?post=6854"}],"version-history":[{"count":20,"href":"https:\/\/414kiting.com\/fr\/wp-json\/wp\/v2\/pages\/6854\/revisions"}],"predecessor-version":[{"id":9176,"href":"https:\/\/414kiting.com\/fr\/wp-json\/wp\/v2\/pages\/6854\/revisions\/9176"}],"wp:attachment":[{"href":"https:\/\/414kiting.com\/fr\/wp-json\/wp\/v2\/media?parent=6854"}],"curies":[{"name":"wp","href":"https:\/\/api.w.org\/{rel}","templated":true}]}}