{"id":643,"date":"2015-12-29T14:44:40","date_gmt":"2015-12-29T14:44:40","guid":{"rendered":"http:\/\/develop.414kiting.com\/?page_id=643&#038;lang=fr"},"modified":"2025-05-09T10:37:31","modified_gmt":"2025-05-09T10:37:31","slug":"cours-prives","status":"publish","type":"page","link":"https:\/\/414kiting.com\/fr\/cours-prives\/","title":{"rendered":"Le\u00e7ons priv\u00e9es de kitesurf"},"content":{"rendered":"<div class=\"wpb-content-wrapper\">[vc_row column_spacing=\u00a0\u00bb0px\u00a0\u00bb equal_height=\u00a0\u00bbyes\u00a0\u00bb wpex_bg_overlay=\u00a0\u00bbcustom\u00a0\u00bb css=\u00a0\u00bb.vc_custom_1584889269618{margin-top: 0px !important;margin-right: 0px !important;margin-bottom: 0px !important;margin-left: 0px !important;border-top-width: 0px !important;border-right-width: 0px !important;border-bottom-width: 0px !important;border-left-width: 0px !important;padding-top: 0px !important;padding-right: 0px !important;padding-bottom: 0px !important;padding-left: 0px !important;background-image: url(https:\/\/414kiting.com\/wp-content\/uploads\/2019\/03\/414_onwater_fullsize-243.jpg?id=2006) !important;background-position: center !important;background-repeat: no-repeat !important;background-size: cover !important;}\u00a0\u00bb min_height=\u00a0\u00bb500px\u00a0\u00bb wpex_bg_overlay_color=\u00a0\u00bbrgba(255,255,255,0.01)\u00a0\u00bb][vc_column width=\u00a0\u00bb1\/2&Prime; min_height=\u00a0\u00bb100%\u00a0\u00bb css=\u00a0\u00bb.vc_custom_1718034703515{padding-top: 5% !important;padding-right: 5% !important;padding-bottom: 5% !important;padding-left: 5% !important;background-color: rgba(0,0,0,0.8) !important;background-position: center !important;background-repeat: no-repeat !important;background-size: cover !important;*background-color: rgb(0,0,0) !important;}\u00a0\u00bb][vc_column_text css_animation=\u00a0\u00bbfadeIn\u00a0\u00bb responsive_text=\u00a0\u00bbtrue\u00a0\u00bb css=\u00a0\u00bb.vc_custom_1706704057555{padding-bottom: 10px !important;}\u00a0\u00bb color=\u00a0\u00bb#ffffff\u00a0\u00bb]\n<h1 style=\"text-align: left;\">Cours intensifs et apprentissage sur mesure avec nos le\u00e7ons priv\u00e9es de kitesurf<\/h1>\n<p><span style=\"font-weight: 400;\">Soit en 1-\u00e0-1, soit avec un groupe d\u2019amis, vous avez un de nos instructeurs qualifi\u00e9s IKO et un bateau juste pour vous ou votre groupe, vous pouvez donc vous concentrer pour r\u00e9alisez vos objectifs de la le\u00e7on.<\/span><\/p>\n<h2 class=\"vcex-teaser-heading\" style=\"text-align: left;\">Qu&rsquo;est-ce-qui est inclus:<\/h2>\n<div class=\"vcex-teaser-text clr\">\n<ul>\n<li>Garantie &lsquo;no-wind-no-fee&rsquo;<\/li>\n<li>Un moniteur et un bateau rien que pour vous \/ votre groupe<\/li>\n<li>Horaires de cours flexibles &#8211; vous choisissez votre emploi du temps<\/li>\n<li>Temps illimit\u00e9 dans l&rsquo;eau<\/li>\n<li>Tous les \u00e9quipements fournis, y compris la voile, la planche la combinaison, harnais, le gilet de sauvetage, et le casque<\/li>\n<li>Session th\u00e9orique d\u2019une heure (pour les d\u00e9butants complets)<\/li>\n<li>Certification <a href=\"https:\/\/www.ikointl.com\/fr\/cours\" target=\"_blank\" rel=\"noopener noreferrer\">IKO<\/a> \u00e0 la fin de votre cours<\/li>\n<\/ul>\n<\/div>\n[\/vc_column_text]<div class=\"theme-button-block-wrap wpex-block wpex-clear theme-button-wrap wpex-clr\"><a href=\"mailto:hello@414kiting.com\" class=\"vcex-button theme-button clean white medium align-left block wpex-flex-shrink-0\" style=\"background:#00c1cf;color:#ffffff;border:0;margin-top:30px;margin-bottom:30px;width:300px;\" data-wpex-hover='{&quot;background&quot;:&quot;#ffffff&quot;,&quot;color&quot;:&quot;#00c1cf&quot;}'><span class=\"theme-button-inner\">Book a lesson<\/span><\/a><\/div> [vc_column_text css=\u00a0\u00bb\u00a0\u00bb]Si vous pr\u00e9f\u00e9rez rejoindre un groupe, consultez nos <a title=\"Cours collectif kitesurf\" href=\"https:\/\/414kiting.com\/fr\/cours-collectif-kitesurf\/\">cours collectif kitesurf<\/a>. Trois \u00e9tudiants maximum par groupe, et pas de partage d&rsquo;aile.<\/p>\n<p>Vous cherchez des options pour les riders avanc\u00e9s ? Essayez nos sessions de <a title=\"Kitesurf coaching\" href=\"https:\/\/414kiting.com\/fr\/kitesurf-coaching\/\">coaching<\/a>, de <a title=\"Le\u00e7ons de kite foil\" href=\"https:\/\/414kiting.com\/fr\/kitefoil\/\">kite foil<\/a> ou de <a title=\"Le\u00e7ons de Wing Foil\" href=\"https:\/\/414kiting.com\/fr\/lecons_de_wing-foil\/\">wing foil<\/a>.[\/vc_column_text][\/vc_column][vc_column width=\u00a0\u00bb1\/2&Prime; css=\u00a0\u00bb.vc_custom_1583416791648{background-position: center !important;background-repeat: no-repeat !important;background-size: cover !important;}\u00a0\u00bb min_height=\u00a0\u00bb100%\u00a0\u00bb][\/vc_column][\/vc_row][vc_row css_animation=\u00a0\u00bbfadeInRight\u00a0\u00bb column_spacing=\u00a0\u00bb0px\u00a0\u00bb equal_height=\u00a0\u00bbyes\u00a0\u00bb css=\u00a0\u00bb.vc_custom_1687689042361{margin-top: 0px !important;margin-right: 0px !important;margin-bottom: 0px !important;margin-left: 0px !important;padding-top: 0px !important;padding-right: 0px !important;padding-bottom: 0px !important;padding-left: 0px !important;background-color: #ffffff !important;}\u00a0\u00bb el_id=\u00a0\u00bbicontext\u00a0\u00bb][vc_column css=\u00a0\u00bb.vc_custom_1583232279744{padding-top: 20px !important;padding-right: 20px !important;padding-bottom: 20px !important;padding-left: 20px !important;}\u00a0\u00bb]<div class=\"vcex-grid-container vcex-module wpex-grid wpex-gap-20 wpex-grid-cols-2 wpex-sm-grid-cols-3 wpex-md-grid-cols-3 wpex-lg-grid-cols-6 wpex-justify-items-center vc_custom_1656422305705\"><div class=\"vcex-module vcex-icon-box vcex-icon-box-two wpex-relative wpex-text-center\"><div class=\"vcex-icon-box-symbol wpex-mb-20\"><div class=\"vcex-icon-box-icon wpex-inline-flex wpex-items-center wpex-justify-center wpex-child-inherit-color wpex-text-center wpex-leading-none wpex-text-black\" style=\"color:#00c1cf;\"><span class=\"fas fa-water\" aria-hidden=\"true\"><\/span><\/div><\/div><div class=\"vcex-icon-box-text\"><h2 class=\"vcex-icon-box-heading wpex-heading wpex-text-md wpex-mb-10\" style=\"color:#000000;\">Unbeatable learning space<\/h2><div class=\"vcex-icon-box-content wpex-last-mb-0 wpex-clr\" style=\"color:#000000;\"><hr class=\"iconhr\" \/>\n<\/div><\/div><\/div><div class=\"vcex-module vcex-icon-box vcex-icon-box-two wpex-relative wpex-text-center\"><div class=\"vcex-icon-box-symbol wpex-mb-20\"><div class=\"vcex-icon-box-icon wpex-inline-flex wpex-items-center wpex-justify-center wpex-child-inherit-color wpex-text-center wpex-leading-none wpex-text-black\" style=\"color:#00c1cf;\"><span class=\"fas fa-sun\" aria-hidden=\"true\"><\/span><\/div><\/div><div class=\"vcex-icon-box-text\"><h2 class=\"vcex-icon-box-heading wpex-heading wpex-text-md wpex-mb-10\" style=\"color:#000000;\">Environnement d'apprentissage s\u00fbr<\/h2><div class=\"vcex-icon-box-content wpex-last-mb-0 wpex-clr\" style=\"color:#000000;\"><hr class=\"iconhr\" \/>\n<\/div><\/div><\/div><div class=\"vcex-module vcex-icon-box vcex-icon-box-two wpex-relative wpex-text-center\"><div class=\"vcex-icon-box-symbol wpex-mb-20\"><div class=\"vcex-icon-box-icon wpex-inline-flex wpex-items-center wpex-justify-center wpex-child-inherit-color wpex-text-center wpex-leading-none wpex-text-black\" style=\"color:#00c1cf;\"><span class=\"fas fa-ship\" aria-hidden=\"true\"><\/span><\/div><\/div><div class=\"vcex-icon-box-text\"><h2 class=\"vcex-icon-box-heading wpex-heading wpex-text-md wpex-mb-10\" style=\"color:#000000;\">Assistance bateau<\/h2><div class=\"vcex-icon-box-content wpex-last-mb-0 wpex-clr\" style=\"color:#000000;\"><hr class=\"iconhr\" \/>\n<\/div><\/div><\/div><div class=\"vcex-module vcex-icon-box vcex-icon-box-two wpex-relative wpex-text-center\"><div class=\"vcex-icon-box-symbol wpex-mb-20\"><div class=\"vcex-icon-box-icon wpex-inline-flex wpex-items-center wpex-justify-center wpex-child-inherit-color wpex-text-center wpex-leading-none wpex-text-black\" style=\"color:#00c1cf;\"><span class=\"fas fa-broadcast-tower\" aria-hidden=\"true\"><\/span><\/div><\/div><div class=\"vcex-icon-box-text\"><h2 class=\"vcex-icon-box-heading wpex-heading wpex-text-md wpex-mb-10\" style=\"color:#000000;\">Enseignement assist\u00e9 par radio<\/h2><div class=\"vcex-icon-box-content wpex-last-mb-0 wpex-clr\" style=\"color:#000000;\"><hr class=\"iconhr\" \/>\n<\/div><\/div><\/div><div class=\"vcex-module vcex-icon-box vcex-icon-box-two wpex-relative wpex-text-center\"><div class=\"vcex-icon-box-symbol wpex-mb-20\"><div class=\"vcex-icon-box-icon wpex-inline-flex wpex-items-center wpex-justify-center wpex-child-inherit-color wpex-text-center wpex-leading-none wpex-text-black\" style=\"color:#00c1cf;\"><span class=\"fas fa-users\" aria-hidden=\"true\"><\/span><\/div><\/div><div class=\"vcex-icon-box-text\"><h2 class=\"vcex-icon-box-heading wpex-heading wpex-text-md wpex-mb-10\" style=\"color:#000000;\">3 \u00e9tudiants max par groupe<\/h2><div class=\"vcex-icon-box-content wpex-last-mb-0 wpex-clr\" style=\"color:#000000;\"><hr class=\"iconhr\" \/>\n<\/div><\/div><\/div><div class=\"vcex-module vcex-icon-box vcex-icon-box-two wpex-relative wpex-text-center\"><div class=\"vcex-icon-box-symbol wpex-mb-20\"><div class=\"vcex-icon-box-icon wpex-inline-flex wpex-items-center wpex-justify-center wpex-child-inherit-color wpex-text-center wpex-leading-none wpex-text-black\" style=\"color:#00c1cf;\"><span class=\"fas fa-check\" aria-hidden=\"true\"><\/span><\/div><\/div><div class=\"vcex-icon-box-text\"><h2 class=\"vcex-icon-box-heading wpex-heading wpex-text-md wpex-mb-10\" style=\"color:#000000;\">Moniteurs qualifi\u00e9s<\/h2><div class=\"vcex-icon-box-content wpex-last-mb-0 wpex-clr\" style=\"color:#000000;\"><hr class=\"iconhr\" \/>\n<\/div><\/div><\/div><\/div>[\/vc_column][\/vc_row][vc_row 0=\u00a0\u00bb\u00a0\u00bb column_spacing=\u00a0\u00bb0px\u00a0\u00bb equal_height=\u00a0\u00bbyes\u00a0\u00bb css=\u00a0\u00bb.vc_custom_1583308123766{background-image: url(https:\/\/414kiting.com\/wp-content\/uploads\/2020\/03\/zxgdri2ewzk.jpg?id=2887) !important;background-position: center !important;background-repeat: no-repeat !important;background-size: cover !important;}\u00a0\u00bb wpex_bg_position=\u00a0\u00bbcenter right\u00a0\u00bb][vc_column width=\u00a0\u00bb1\/2&Prime; css=\u00a0\u00bb.vc_custom_1718034692798{padding-top: 5% !important;padding-right: 5% !important;padding-bottom: 5% !important;padding-left: 5% !important;background-color: #000000 !important;background-position: center !important;background-repeat: no-repeat !important;background-size: cover !important;}\u00a0\u00bb][vc_column_text css_animation=\u00a0\u00bbfadeIn\u00a0\u00bb responsive_text=\u00a0\u00bbtrue\u00a0\u00bb css=\u00a0\u00bb.vc_custom_1718034653759{padding-bottom: 10px !important;}\u00a0\u00bb color=\u00a0\u00bb#ffffff\u00a0\u00bb]\n<h2 class=\"vcex-teaser-heading\">Prix<\/h2>\n<h3 class=\"vcex-teaser-heading\">\u20ac600\/jour (max 2 personnes. Pour les groupes plus importants, veuillez nous contacter)<\/h3>\n<p>Les le\u00e7ons priv\u00e9es de kitesurf offrent un maximum de flexibilit\u00e9. C&rsquo;est une excellente option pour les familles, pour ceux qui souhaitent un enseignement plus intensif, et pour les groupes qui veulent les services exclusifs d&rsquo;un seul bateau\/instructeur. Le faible ratio instructeur\/\u00e9l\u00e8ve fait \u00e9galement des cours priv\u00e9s une excellente option pour les enfants de moins de 16 ans, afin de s&rsquo;assurer qu&rsquo;ils apprennent dans un environnement s\u00fbr et enti\u00e8rement supervis\u00e9.<\/p>\n<p>Comme il s&rsquo;agit de l&rsquo;une de nos options les plus populaires, il est pr\u00e9f\u00e9rable de r\u00e9server les le\u00e7ons priv\u00e9es de kitesurf le plus longtemps possible \u00e0 l&rsquo;avance pour \u00e9viter toute d\u00e9ception, en particulier en haute saison, lorsque les disponibilit\u00e9s sont limit\u00e9es.<\/p>\n<h2>Structure des le\u00e7ons<\/h2>\n<p>Nous nous retrouvons pour les cours \u00e0 11 heures (10 heures pour les d\u00e9butants complets, car nous organisons d&rsquo;abord une s\u00e9ance th\u00e9orique \u00e0 terre), nous nous \u00e9quipons et nous prenons les bateaux pour aller au sud jusqu&rsquo;au spot de kitesurf (environ 10 minutes de route). Nous pouvons offrir une certaine flexibilit\u00e9 quant \u00e0 l&rsquo;heure de d\u00e9part pour les le\u00e7ons priv\u00e9es, mais nous recommandons de respecter les horaires conseill\u00e9s afin de s&rsquo;assurer que vous b\u00e9n\u00e9ficiez des meilleures conditions.<\/p>\n<p>Une fois sur l&rsquo;eau, nous \u00e9valuerons votre niveau et travaillerons sur vos objectifs. La dur\u00e9e des cours n&rsquo;est pas fixe, mais la plupart des \u00e9l\u00e8ves font environ 3 heures de kite et nous sommes g\u00e9n\u00e9ralement de retour au port entre 16 et 17 heures.<\/p>\n<p>\u00c0 la fin de votre le\u00e7on\/cours, nous vous inscrirons pour obtenir une\u00a0<a title=\"Licence International Kiteboarding Organisation\" href=\"https:\/\/www.ikointl.com\/fr\">licence IKO internationalement<\/a>\u00a0reconnue qui confirme votre niveau de comp\u00e9tence. Vous en avez d\u00e9j\u00e0 une ? Nous pouvons la mettre \u00e0 jour pour montrer votre progression. De nombreux sites de location de kitesurf dans le monde exigent cette certification avant de vous louer du mat\u00e9riel.<\/p>\n<h2>Ce que vous devez emporter avec vous:<\/h2>\n<ul class=\"list check check-list\">\n<li>Cr\u00e8me solaire<\/li>\n<li>De l\u2019eau<\/li>\n<li>Un petit ravitaillement si la faim montre le bout de son nez!<\/li>\n<\/ul>\n<h2>Pas ce que vous recherchiez ? Voire nos autres options:<\/h2>\n[\/vc_column_text]<div class=\"vcex-multi-buttons wpex-flex wpex-flex-wrap wpex-items-center wpex-gap-10 wpex-justify-start\"><a href=\"https:\/\/414kiting.com\/fr\/cours-collectif-kitesurf\/\" title=\"Private Lessons\" class=\"theme-button outline white vcex-count-1\">Cours collectif kitesurf<\/a><a href=\"https:\/\/414kiting.com\/fr\/cours-kitesurf-debutants\/\" title=\"Private Lessons\" class=\"theme-button outline white vcex-count-2\">Cours d\u00e9butants kitesurf<\/a><a href=\"https:\/\/414kiting.com\/fr\/kitesurf-coaching\/\" title=\"Coaching\" class=\"theme-button outline white vcex-count-3\">Kitesurf coaching<\/a><a href=\"https:\/\/414kiting.com\/fr\/lecons_de_wing-foil\/\" title=\"Wing Foil Lessons\" class=\"theme-button outline white vcex-count-4\">Wing foil<\/a><a href=\"https:\/\/414kiting.com\/fr\/kitefoil\/\" title=\"Kite Foil Lessons\" class=\"theme-button outline white vcex-count-5\">Kite foil<\/a><\/div>[\/vc_column][vc_column width=\u00a0\u00bb1\/2&Prime; css=\u00a0\u00bb.vc_custom_1583672489492{background-image: url(https:\/\/414kiting.com\/wp-content\/uploads\/2019\/03\/414_onwater_fullsize-35.jpg?id=1831) !important;background-position: center !important;background-repeat: no-repeat !important;background-size: cover !important;}\u00a0\u00bb][\/vc_column][\/vc_row]\n<\/div>","protected":false},"excerpt":{"rendered":"<p>[vc_row column_spacing=\u00a0\u00bb0px\u00a0\u00bb equal_height=\u00a0\u00bbyes\u00a0\u00bb wpex_bg_overlay=\u00a0\u00bbcustom\u00a0\u00bb css=\u00a0\u00bb.vc_custom_1584889269618{margin-top: 0px !important;margin-right: 0px !important;margin-bottom: 0px !important;margin-left: 0px !important;border-top-width: 0px !important;border-right-width: 0px !important;border-bottom-width: 0px !important;border-left-width: 0px !important;padding-top: 0px !important;padding-right: 0px !important;padding-bottom: 0px !important;padding-left: 0px !important;background-image: url(https:\/\/414kiting.com\/wp-content\/uploads\/2019\/03\/414_onwater_fullsize-243.jpg?id=2006) !important;background-position: center !important;background-repeat: no-repeat !important;background-size: cover !important;}\u00a0\u00bb min_height=\u00a0\u00bb500px\u00a0\u00bb wpex_bg_overlay_color=\u00a0\u00bbrgba(255,255,255,0.01)\u00a0\u00bb][vc_column width=\u00a0\u00bb1\/2&Prime; min_height=\u00a0\u00bb100%\u00a0\u00bb css=\u00a0\u00bb.vc_custom_1718034703515{padding-top: 5% !important;padding-right: 5% !important;padding-bottom: 5% !important;padding-left: 5% !important;background-color: rgba(0,0,0,0.8) !important;background-position: center !important;background-repeat: no-repeat&hellip;<\/p>\n","protected":false},"author":1,"featured_media":0,"parent":0,"menu_order":0,"comment_status":"closed","ping_status":"closed","template":"templates\/no-sidebar.php","meta":{"_sitemap_exclude":false,"_sitemap_priority":"","_sitemap_frequency":"","_monsterinsights_skip_tracking":false,"_monsterinsights_sitenote_active":false,"_monsterinsights_sitenote_note":"","_monsterinsights_sitenote_category":0,"footnotes":""},"class_list":["post-643","page","type-page","status-publish","hentry","entry","no-media"],"aioseo_notices":[],"_links":{"self":[{"href":"https:\/\/414kiting.com\/fr\/wp-json\/wp\/v2\/pages\/643","targetHints":{"allow":["GET"]}}],"collection":[{"href":"https:\/\/414kiting.com\/fr\/wp-json\/wp\/v2\/pages"}],"about":[{"href":"https:\/\/414kiting.com\/fr\/wp-json\/wp\/v2\/types\/page"}],"author":[{"embeddable":true,"href":"https:\/\/414kiting.com\/fr\/wp-json\/wp\/v2\/users\/1"}],"replies":[{"embeddable":true,"href":"https:\/\/414kiting.com\/fr\/wp-json\/wp\/v2\/comments?post=643"}],"version-history":[{"count":48,"href":"https:\/\/414kiting.com\/fr\/wp-json\/wp\/v2\/pages\/643\/revisions"}],"predecessor-version":[{"id":9167,"href":"https:\/\/414kiting.com\/fr\/wp-json\/wp\/v2\/pages\/643\/revisions\/9167"}],"wp:attachment":[{"href":"https:\/\/414kiting.com\/fr\/wp-json\/wp\/v2\/media?parent=643"}],"curies":[{"name":"wp","href":"https:\/\/api.w.org\/{rel}","templated":true}]}}