{"id":598,"date":"2015-12-29T09:08:10","date_gmt":"2015-12-29T09:08:10","guid":{"rendered":"http:\/\/develop.414kiting.com\/?page_id=598&#038;lang=fr"},"modified":"2024-02-09T09:12:35","modified_gmt":"2024-02-09T09:12:35","slug":"pourquoi-414-kiting","status":"publish","type":"page","link":"https:\/\/414kiting.com\/fr\/pourquoi-414-kiting\/","title":{"rendered":"Pourquoi 414 Kiting"},"content":{"rendered":"<div class=\"wpb-content-wrapper\">[vc_row column_spacing=\u00a0\u00bb0px\u00a0\u00bb equal_height=\u00a0\u00bbyes\u00a0\u00bb wpex_bg_overlay=\u00a0\u00bbcustom\u00a0\u00bb css=\u00a0\u00bb.vc_custom_1707236467010{margin-top: 0px !important;margin-right: 0px !important;margin-bottom: 0px !important;margin-left: 0px !important;border-top-width: 0px !important;border-right-width: 0px !important;border-bottom-width: 0px !important;border-left-width: 0px !important;padding-top: 0px !important;padding-right: 0px !important;padding-bottom: 0px !important;padding-left: 0px !important;background-position: center !important;background-repeat: no-repeat !important;background-size: cover !important;}\u00a0\u00bb min_height=\u00a0\u00bb500px\u00a0\u00bb wpex_bg_overlay_color=\u00a0\u00bbrgba(255,255,255,0.01)\u00a0\u00bb][vc_column width=\u00a0\u00bb1\/3&Prime; min_height=\u00a0\u00bb100%\u00a0\u00bb css=\u00a0\u00bb.vc_custom_1677336439666{padding-top: 20px !important;padding-right: 20px !important;padding-bottom: 20px !important;padding-left: 20px !important;background-color: rgba(0,0,0,0.8) !important;background-position: center !important;background-repeat: no-repeat !important;background-size: cover !important;*background-color: rgb(0,0,0) !important;}\u00a0\u00bb][vc_column_text css_animation=\u00a0\u00bbfadeIn\u00a0\u00bb responsive_text=\u00a0\u00bbtrue\u00a0\u00bb color=\u00a0\u00bb#ffffff\u00a0\u00bb]\n<h1 class=\"vcex-teaser-heading\">Pourquoi apprendre avec nous<\/h1>\n<ul>\n<li>Cours kitesurf pour tous les niveaux<\/li>\n<li>Un environnement d&rsquo;apprentissage s\u00fbr et spacieux<\/li>\n<li>Nouveaux \u00e9quipements<\/li>\n<li>Pas de partage de kite une fois que vous avez appris les contr\u00f4les de base<\/li>\n<li>Une super \u00e9quipe d&rsquo;instructeurs multilingues, hautement qualifi\u00e9s et exp\u00e9riment\u00e9s<\/li>\n<li>Dates de cours flexibles<\/li>\n<li>Assistance bateau<\/li>\n<li><a href=\"https:\/\/www.ikointl.com\/fr\/cours\" target=\"_blank\" rel=\"noopener noreferrer\">Certification IKO<\/a> \u00e0 la fin de votre formation<\/li>\n<li><strong>Pas de vent ? Alors vous ne payez pas &#8211; nous pensons que c&rsquo;est juste!<\/strong><\/li>\n<\/ul>\n<p>Chez 414 Kiting, nous proposons des cours de kitesurf pour tous les niveaux, et pour la plupart des \u00e2ges (nous recommandons que les enfants fassent au moins 35 kg). Nous proposons des cours <a href=\"https:\/\/414kiting.com\/fr\/cours-collectif-kitesurf\">collectifs<\/a> et <a title=\"Cours Priv\u00e9s\" href=\"https:\/\/414kiting.com\/fr\/cours-prives\">priv\u00e9s<\/a> avec notre \u00e9quipe exp\u00e9riment\u00e9e de moniteurs qualifi\u00e9s IKO, qui sont capables de donner des cours dans un grand nombre de langues (l&rsquo;anglais, l&rsquo;allemand, le fran\u00e7ais sont les principales langues du groupe, mais le hongrois et l&rsquo;italien sont \u00e9galement couverts).[\/vc_column_text][\/vc_column][vc_column width=\u00a0\u00bb2\/3&Prime; css=\u00a0\u00bb.vc_custom_1583416791648{background-position: center !important;background-repeat: no-repeat !important;background-size: cover !important;}\u00a0\u00bb min_height=\u00a0\u00bb100%\u00a0\u00bb][\/vc_column][\/vc_row][vc_row column_spacing=\u00a0\u00bb0px\u00a0\u00bb equal_height=\u00a0\u00bbyes\u00a0\u00bb css=\u00a0\u00bb.vc_custom_1586089855847{margin-top: 0px !important;margin-right: 0px !important;margin-bottom: 0px !important;margin-left: 0px !important;padding-top: 0px !important;padding-right: 0px !important;padding-bottom: 0px !important;padding-left: 0px !important;background-color: #ffffff !important;}\u00a0\u00bb el_id=\u00a0\u00bbicontext\u00a0\u00bb][vc_column width=\u00a0\u00bb1\/4&Prime; css=\u00a0\u00bb.vc_custom_1707134021060{padding-top: 20px !important;padding-right: 20px !important;padding-bottom: 20px !important;padding-left: 20px !important;background-color: #efefef !important;}\u00a0\u00bb][vc_icon icon_fontawesome=\u00a0\u00bbfas fa-sun\u00a0\u00bb color=\u00a0\u00bbturquoise\u00a0\u00bb align=\u00a0\u00bbcenter\u00a0\u00bb css=\u00a0\u00bb.vc_custom_1583307348965{margin-top: 0px !important;margin-right: 0px !important;margin-bottom: 0px !important;margin-left: 0px !important;border-top-width: 0px !important;border-right-width: 0px !important;border-bottom-width: 0px !important;border-left-width: 0px !important;padding-top: 0px !important;padding-right: 0px !important;padding-bottom: 0px !important;padding-left: 0px !important;}\u00a0\u00bb][vc_column_text color=\u00a0\u00bb#000000&Prime; css=\u00a0\u00bb.vc_custom_1583308545952{padding-top: 10px !important;padding-right: 10px !important;padding-bottom: 10px !important;padding-left: 10px !important;}\u00a0\u00bb]\n<h2 style=\"text-align: center;\">OUVERT NON-STOP<\/h2>\n[\/vc_column_text][vc_column_text css_animation=\u00a0\u00bbfadeIn\u00a0\u00bb responsive_text=\u00a0\u00bbtrue\u00a0\u00bb color=\u00a0\u00bb#000000&Prime; css=\u00a0\u00bb.vc_custom_1706352567212{padding-top: 20px !important;padding-right: 20px !important;padding-bottom: 20px !important;padding-left: 20px !important;background-color: rgba(216,216,216,0.01) !important;*background-color: rgb(216,216,216) !important;}\u00a0\u00bb]\n<div class=\"vcex-teaser-text clr\">\n<ul>\n<li>Vous avez le choix entre les <a title=\"Cours collectif kitesurf\" href=\"https:\/\/414kiting.com\/fr\/cours-collectif-kitesurf\">cours collectifs<\/a>, les <a title=\"Cours Priv\u00e9s\" href=\"https:\/\/414kiting.com\/fr\/cours-prives\">cours particuliers<\/a>, <a title=\"Kitesurf coaching\" href=\"https:\/\/414kiting.com\/fr\/kitesurf-coaching\">le coaching<\/a>, <a title=\"Le\u00e7ons de kite foil\" href=\"https:\/\/414kiting.com\/fr\/kitefoil\">kite foil<\/a> et <a title=\"Le\u00e7ons de Wing Foil\" href=\"https:\/\/414kiting.com\/fr\/lecons_de_wing-foil\">le wing foil<\/a>. Nos cours de kitesurf sont disponibles pour tous les niveaux, du d\u00e9butant complet au niveau avanc\u00e9.<\/li>\n<li>Nous ne vous limitons pas \u00e0 fixer des dates ou des jours de cours, alors que ce soit pour une journ\u00e9e de d\u00e9couverte ou pour faire du kitesurf tous les jours de vos vacances, nous ferons de notre mieux pour vous satisfaire.<\/li>\n<\/ul>\n<\/div>\n[\/vc_column_text][\/vc_column][vc_column width=\u00a0\u00bb1\/4&Prime; css=\u00a0\u00bb.vc_custom_1583232304268{padding-top: 20px !important;padding-right: 20px !important;padding-bottom: 20px !important;padding-left: 20px !important;}\u00a0\u00bb][vc_icon icon_fontawesome=\u00a0\u00bbfas fa-user\u00a0\u00bb color=\u00a0\u00bbturquoise\u00a0\u00bb align=\u00a0\u00bbcenter\u00a0\u00bb css=\u00a0\u00bb.vc_custom_1583307268611{margin-top: 0px !important;margin-right: 0px !important;margin-bottom: 0px !important;margin-left: 0px !important;border-top-width: 0px !important;border-right-width: 0px !important;border-bottom-width: 0px !important;border-left-width: 0px !important;padding-top: 0px !important;padding-right: 0px !important;padding-bottom: 0px !important;padding-left: 0px !important;}\u00a0\u00bb][vc_column_text color=\u00a0\u00bb#000000&Prime; css=\u00a0\u00bb.vc_custom_1583308318955{padding-top: 10px !important;padding-right: 10px !important;padding-bottom: 10px !important;padding-left: 10px !important;}\u00a0\u00bb]\n<h2 style=\"text-align: center;\">PETITS GROUPES<\/h2>\n[\/vc_column_text][vc_column_text css_animation=\u00a0\u00bbfadeIn\u00a0\u00bb responsive_text=\u00a0\u00bbtrue\u00a0\u00bb color=\u00a0\u00bb#000000&Prime; css=\u00a0\u00bb.vc_custom_1584280404235{padding-top: 20px !important;padding-right: 20px !important;padding-bottom: 20px !important;padding-left: 20px !important;background-color: rgba(255,255,255,0.01) !important;*background-color: rgb(255,255,255) !important;}\u00a0\u00bb]\n<div class=\"vcex-teaser-text clr\">\n<ul>\n<li>Nos cours de kitesurf en groupe &amp; coaching ont un <strong>maximum de 3 \u00e9l\u00e8ves<\/strong> et nous donnons \u00e0 chaque \u00e9l\u00e8ve son propre kite d\u00e8s qu&rsquo;il est capable de le contr\u00f4ler et de le relancer de mani\u00e8re autonome. Pour les le\u00e7ons de kite foil et de wing foil, le nombre maximum de personnes par groupe est de 2. Dans de nombreuses \u00e9coles, jusqu&rsquo;\u00e0 4 \u00e9l\u00e8ves partagent un kite, ce qui limite \u00e9norm\u00e9ment les progr\u00e8s et signifie que vous passez plus de temps \u00e0 regarder les autres s&rsquo;amuser qu&rsquo;\u00e0 apprendre vous-m\u00eame ! Gr\u00e2ce \u00e0 notre m\u00e9thode d&rsquo;enseignement par bateau, nous pouvons donner un kite \u00e0 chaque \u00e9l\u00e8ve en toute s\u00e9curit\u00e9 et fournir un enseignement de qualit\u00e9, en maximisant votre temps d&rsquo;apprentissage.<\/li>\n<\/ul>\n<\/div>\n[\/vc_column_text][\/vc_column][vc_column width=\u00a0\u00bb1\/4&Prime; css=\u00a0\u00bb.vc_custom_1707134032109{padding-top: 20px !important;padding-right: 20px !important;padding-bottom: 20px !important;padding-left: 20px !important;background-color: #efefef !important;}\u00a0\u00bb][vc_icon icon_fontawesome=\u00a0\u00bbfas fa-ship\u00a0\u00bb color=\u00a0\u00bbturquoise\u00a0\u00bb align=\u00a0\u00bbcenter\u00a0\u00bb css=\u00a0\u00bb.vc_custom_1583307372956{margin-top: 0px !important;margin-right: 0px !important;margin-bottom: 0px !important;margin-left: 0px !important;border-top-width: 0px !important;border-right-width: 0px !important;border-bottom-width: 0px !important;border-left-width: 0px !important;padding-top: 0px !important;padding-right: 0px !important;padding-bottom: 0px !important;padding-left: 0px !important;}\u00a0\u00bb][vc_column_text color=\u00a0\u00bb#000000&Prime; css=\u00a0\u00bb.vc_custom_1583308571753{padding-top: 10px !important;padding-right: 10px !important;padding-bottom: 10px !important;padding-left: 10px !important;}\u00a0\u00bb]\n<h2 style=\"text-align: center;\">ASSISTANCE BATEAU<\/h2>\n[\/vc_column_text][vc_column_text css_animation=\u00a0\u00bbfadeIn\u00a0\u00bb responsive_text=\u00a0\u00bbtrue\u00a0\u00bb color=\u00a0\u00bb#000000&Prime; css=\u00a0\u00bb.vc_custom_1584279966842{padding-top: 20px !important;padding-right: 20px !important;padding-bottom: 20px !important;padding-left: 20px !important;background-color: rgba(255,255,255,0.01) !important;*background-color: rgb(255,255,255) !important;}\u00a0\u00bb]\n<ul>\n<li>Dans la plupart des spots de kitesurf, les \u00e9l\u00e8ves passent jusqu&rsquo;\u00e0 90 % de leur temps avec le kite en l&rsquo;air \u00e0 marcher sur la plage pour regagner le terrain qu&rsquo;ils ont perdu contre le vent (en tant que d\u00e9butant, il est difficile de rester au vent !). Apprendre \u00e0 partir d&rsquo;un bateau \u00e9limine cette \u00e9tape fatigante et signifie que vous passez plus de temps \u00e0 faire du kite plut\u00f4t qu&rsquo;\u00e0 marcher. Les \u00e9l\u00e8ves qui ont essay\u00e9 les deux m\u00e9thodes peuvent confirmer que l&rsquo;apprentissage \u00e0 partir d&rsquo;un bateau est jusqu&rsquo;\u00e0 trois fois plus rapide et nettement plus s\u00fbr.<\/li>\n<li>Votre moniteur ne sera jamais loin de vous lorsque vous apprendrez sur le lac. Nos bateaux sont tr\u00e8s rapides entre les \u00e9l\u00e8ves pour vous donner des conseils ou de l&rsquo;aide si n\u00e9cessaire. Lorsque vous apprenez sur une plage, votre moniteur est souvent tr\u00e8s \u00e9loign\u00e9 et ne peut pas se rendre jusqu&rsquo;\u00e0 vous pour vous aider lorsque vous avez besoin d&rsquo;aide.<\/li>\n<\/ul>\n[\/vc_column_text][\/vc_column][vc_column width=\u00a0\u00bb1\/4&Prime; css=\u00a0\u00bb.vc_custom_1583232324242{padding-top: 20px !important;padding-right: 20px !important;padding-bottom: 20px !important;padding-left: 20px !important;}\u00a0\u00bb][vc_icon icon_fontawesome=\u00a0\u00bbfas fa-star\u00a0\u00bb color=\u00a0\u00bbturquoise\u00a0\u00bb align=\u00a0\u00bbcenter\u00a0\u00bb css=\u00a0\u00bb.vc_custom_1583231861828{margin-top: 0px !important;margin-right: 0px !important;margin-bottom: 0px !important;margin-left: 0px !important;border-top-width: 0px !important;border-right-width: 0px !important;border-bottom-width: 0px !important;border-left-width: 0px !important;padding-top: 0px !important;padding-right: 0px !important;padding-bottom: 0px !important;padding-left: 0px !important;}\u00a0\u00bb][vc_column_text color=\u00a0\u00bb#000000&Prime; css=\u00a0\u00bb.vc_custom_1584224388530{padding-top: 10px !important;padding-right: 10px !important;padding-bottom: 10px !important;padding-left: 10px !important;}\u00a0\u00bb]\n<h2 style=\"text-align: center;\">LA S\u00c9CURIT\u00c9 D&rsquo;ABORD<\/h2>\n[\/vc_column_text][vc_column_text css_animation=\u00a0\u00bbfadeIn\u00a0\u00bb responsive_text=\u00a0\u00bbtrue\u00a0\u00bb color=\u00a0\u00bb#000000&Prime; css=\u00a0\u00bb.vc_custom_1584285715991{padding-top: 20px !important;padding-right: 20px !important;padding-bottom: 20px !important;padding-left: 20px !important;background-color: rgba(255,255,255,0.01) !important;*background-color: rgb(255,255,255) !important;}\u00a0\u00bb]\n<ul>\n<li>Notre incroyable \u00e9quipe de moniteurs multilingues est enti\u00e8rement certifi\u00e9e IKO, et tout notre enseignement sur l&rsquo;eau se fait \u00e0 partir de bateaux au milieu du lac &#8211; une fa\u00e7on bien plus s\u00fbre et amusante d&rsquo;apprendre le kitesurf.<\/li>\n<li>Nos cours sont dispens\u00e9s avec le tout dernier mat\u00e9riel <a href=\"https:\/\/fr.f-one.world\/\" target=\"_blank\" rel=\"noopener noreferrer\">F-One<\/a> et sont con\u00e7us pour rendre l&rsquo;apprentissage du kitesurf aussi s\u00fbr et amusant que possible, sans compromis.<\/li>\n<\/ul>\n[\/vc_column_text][\/vc_column][\/vc_row][vc_row column_spacing=\u00a0\u00bb0px\u00a0\u00bb equal_height=\u00a0\u00bbyes\u00a0\u00bb wpex_bg_overlay=\u00a0\u00bbcustom\u00a0\u00bb css=\u00a0\u00bb.vc_custom_1584278693555{margin-top: 0px !important;margin-right: 0px !important;margin-bottom: 0px !important;margin-left: 0px !important;border-top-width: 0px !important;border-right-width: 0px !important;border-bottom-width: 0px !important;border-left-width: 0px !important;padding-top: 0px !important;padding-right: 0px !important;padding-bottom: 0px !important;padding-left: 0px !important;background-image: url(https:\/\/414kiting.com\/wp-content\/uploads\/2015\/12\/IMG_3441-1.jpg?id=265) !important;background-position: center !important;background-repeat: no-repeat !important;background-size: cover !important;}\u00a0\u00bb min_height=\u00a0\u00bb500px\u00a0\u00bb wpex_bg_overlay_color=\u00a0\u00bbrgba(255,255,255,0.01)\u00a0\u00bb][vc_column width=\u00a0\u00bb1\/2&Prime; min_height=\u00a0\u00bb100%\u00a0\u00bb css=\u00a0\u00bb.vc_custom_1677336463616{padding-top: 20px !important;padding-right: 20px !important;padding-bottom: 20px !important;padding-left: 20px !important;background-color: #000000 !important;background-position: center !important;background-repeat: no-repeat !important;background-size: cover !important;}\u00a0\u00bb][vc_column_text css_animation=\u00a0\u00bbfadeIn\u00a0\u00bb responsive_text=\u00a0\u00bbtrue\u00a0\u00bb color=\u00a0\u00bb#ffffff\u00a0\u00bb]\n<h2>\u00c0 propos de nous<\/h2>\n<p>Pour un spot de kitesurf estival en Europe, le lac de C\u00f4me est difficile \u00e0 battre. Entour\u00e9 par les imposants sommets des Alpes du sud, le lac de C\u00f4me est \u00e0 seulement 90 minutes de Milan, 3 heures de Zurich et 4 heures de Gen\u00e8ve. Le lac d&rsquo;eau douce de 162 kilom\u00e8tres carr\u00e9s offre des conditions d&rsquo;apprentissage imbattables, et constitue \u00e9galement un terrain de jeu parfait pour les kiteurs plus avanc\u00e9s. Contrairement au lac de Garde, plus connu, C\u00f4me est rarement trop fr\u00e9quent\u00e9 et, en \u00e9t\u00e9, plus de 90% des jours sont consacr\u00e9s \u00e0 des activit\u00e9s de cerf-volant.<\/p>\n<p>414Kiting est ouvert entre mai et Septembre, p\u00e9riode o\u00f9 les vents thermiques sont les plus fiables pour le kite, mais vous pouvez nous contacter \u00e0 tout moment si vous avez des questions ou si vous souhaitez r\u00e9server des le\u00e7ons.<\/p>\n<p>Si vous \u00eates un kiteur avanc\u00e9 et que vous recherchez des informations sur les vents du lac de C\u00f4me ou les meilleurs endroits pour d\u00e9coller depuis la terre ferme, vous pouvez \u00e9galement consulter notre <a title=\"Spot Guide\" href=\"https:\/\/414kiting.com\/fr\/spot-guide-lac-de-come\">guide des spots sur Lac de C\u00f4me<\/a>.[\/vc_column_text][\/vc_column][vc_column width=\u00a0\u00bb1\/2&Prime;][\/vc_column][\/vc_row]\n<\/div>","protected":false},"excerpt":{"rendered":"<p>[vc_row column_spacing=\u00a0\u00bb0px\u00a0\u00bb equal_height=\u00a0\u00bbyes\u00a0\u00bb wpex_bg_overlay=\u00a0\u00bbcustom\u00a0\u00bb css=\u00a0\u00bb.vc_custom_1707236467010{margin-top: 0px !important;margin-right: 0px !important;margin-bottom: 0px !important;margin-left: 0px !important;border-top-width: 0px !important;border-right-width: 0px !important;border-bottom-width: 0px !important;border-left-width: 0px !important;padding-top: 0px !important;padding-right: 0px !important;padding-bottom: 0px !important;padding-left: 0px !important;background-position: center !important;background-repeat: no-repeat !important;background-size: cover !important;}\u00a0\u00bb min_height=\u00a0\u00bb500px\u00a0\u00bb wpex_bg_overlay_color=\u00a0\u00bbrgba(255,255,255,0.01)\u00a0\u00bb][vc_column width=\u00a0\u00bb1\/3&Prime; min_height=\u00a0\u00bb100%\u00a0\u00bb css=\u00a0\u00bb.vc_custom_1677336439666{padding-top: 20px !important;padding-right: 20px !important;padding-bottom: 20px !important;padding-left: 20px !important;background-color: rgba(0,0,0,0.8) !important;background-position: center !important;background-repeat: no-repeat !important;background-size: cover&hellip;<\/p>\n","protected":false},"author":1,"featured_media":0,"parent":0,"menu_order":0,"comment_status":"closed","ping_status":"closed","template":"templates\/no-sidebar.php","meta":{"_sitemap_exclude":false,"_sitemap_priority":"","_sitemap_frequency":"","_monsterinsights_skip_tracking":false,"_monsterinsights_sitenote_active":false,"_monsterinsights_sitenote_note":"","_monsterinsights_sitenote_category":0,"footnotes":""},"class_list":["post-598","page","type-page","status-publish","hentry","entry","no-media"],"aioseo_notices":[],"_links":{"self":[{"href":"https:\/\/414kiting.com\/fr\/wp-json\/wp\/v2\/pages\/598","targetHints":{"allow":["GET"]}}],"collection":[{"href":"https:\/\/414kiting.com\/fr\/wp-json\/wp\/v2\/pages"}],"about":[{"href":"https:\/\/414kiting.com\/fr\/wp-json\/wp\/v2\/types\/page"}],"author":[{"embeddable":true,"href":"https:\/\/414kiting.com\/fr\/wp-json\/wp\/v2\/users\/1"}],"replies":[{"embeddable":true,"href":"https:\/\/414kiting.com\/fr\/wp-json\/wp\/v2\/comments?post=598"}],"version-history":[{"count":42,"href":"https:\/\/414kiting.com\/fr\/wp-json\/wp\/v2\/pages\/598\/revisions"}],"predecessor-version":[{"id":8323,"href":"https:\/\/414kiting.com\/fr\/wp-json\/wp\/v2\/pages\/598\/revisions\/8323"}],"wp:attachment":[{"href":"https:\/\/414kiting.com\/fr\/wp-json\/wp\/v2\/media?parent=598"}],"curies":[{"name":"wp","href":"https:\/\/api.w.org\/{rel}","templated":true}]}}