{"id":569,"date":"2015-12-28T15:54:44","date_gmt":"2015-12-28T15:54:44","guid":{"rendered":"http:\/\/develop.414kiting.com\/?page_id=569&#038;lang=fr"},"modified":"2025-05-21T09:10:36","modified_gmt":"2025-05-21T09:10:36","slug":"cours-collectif-kitesurf","status":"publish","type":"page","link":"https:\/\/414kiting.com\/fr\/cours-collectif-kitesurf\/","title":{"rendered":"Cours collectif kitesurf"},"content":{"rendered":"<div class=\"wpb-content-wrapper\">[vc_row column_spacing=\u00a0\u00bb0px\u00a0\u00bb equal_height=\u00a0\u00bbyes\u00a0\u00bb wpex_bg_overlay=\u00a0\u00bbcustom\u00a0\u00bb css=\u00a0\u00bb.vc_custom_1746521507153{background-position: center !important;background-repeat: no-repeat !important;background-size: cover !important;}\u00a0\u00bb min_height=\u00a0\u00bb500px\u00a0\u00bb el_id=\u00a0\u00bbtoprow\u00a0\u00bb][vc_column width=\u00a0\u00bb1\/2&Prime; css=\u00a0\u00bb.vc_custom_1746521349931{background-color: #000000 !important;}\u00a0\u00bb][vc_column_text css=\u00a0\u00bb.vc_custom_1747818528189{padding-top: 5% !important;padding-right: 10% !important;padding-bottom: 5% !important;padding-left: 10% !important;}\u00a0\u00bb]\n<h1 data-start=\"247\" data-end=\"274\"><span style=\"color: #33cccc;\">Cours collectif de kitesurf<\/span><\/h1>\n<p><strong>Progressez plus vite, naviguez plus longtemps et apprenez dans une ambiance conviviale gr\u00e2ce \u00e0 nos cours de kitesurf en petits groupes.<\/strong><\/p>\n<p><span style=\"font-weight: 400;\">Que vous souhaitiez gagner en confiance sur la planche, am\u00e9liorer votre remont\u00e9e au vent ou simplement reprendre apr\u00e8s une pause, nos sessions en groupe s\u2019adaptent \u00e0 votre niveau. Vous b\u00e9n\u00e9ficierez d\u2019un encadrement expert, de beaucoup de temps sur l\u2019eau et d\u2019un vrai esprit de groupe.<\/span>[\/vc_column_text][vc_video link=\u00a0\u00bbhttps:\/\/youtu.be\/8PxCmL-G99g\u00a0\u00bb css=\u00a0\u00bb\u00a0\u00bb][\/vc_column][vc_column css_animation=\u00a0\u00bbfadeIn\u00a0\u00bb typography_style=\u00a0\u00bbblack\u00a0\u00bb width=\u00a0\u00bb1\/2&Prime; min_height=\u00a0\u00bb100%\u00a0\u00bb css=\u00a0\u00bb.vc_custom_1746524832355{padding-top: 5% !important;padding-right: 10% !important;padding-bottom: 5% !important;padding-left: 10% !important;background-color: #FFFFFF !important;background-position: center !important;background-repeat: no-repeat !important;background-size: cover !important;}\u00a0\u00bb el_id=\u00a0\u00bbscrollingcolumn\u00a0\u00bb][vc_column_text css_animation=\u00a0\u00bbnone\u00a0\u00bb responsive_text=\u00a0\u00bbtrue\u00a0\u00bb css=\u00a0\u00bb\u00a0\u00bb el_id=\u00a0\u00bbgrouplessonblurb\u00a0\u00bb]\n<h2 data-start=\"631\" data-end=\"649\"><b>Pour qui ?<\/b><\/h2>\n<p><span style=\"font-weight: 400;\">Ces le\u00e7ons sont id\u00e9ales si vous :<\/span><\/p>\n<ul>\n<li style=\"font-weight: 400;\" aria-level=\"1\"><span style=\"font-weight: 400;\">avez d\u00e9j\u00e0 une premi\u00e8re exp\u00e9rience du kitesurf<\/span><\/li>\n<li style=\"font-weight: 400;\" aria-level=\"1\"><span style=\"font-weight: 400;\">avez suivi un cours pour d\u00e9butants et souhaitez continuer \u00e0 progresser<\/span><\/li>\n<li style=\"font-weight: 400;\" aria-level=\"1\"><span style=\"font-weight: 400;\">reprenez le kitesurf apr\u00e8s une pause<\/span><\/li>\n<li style=\"font-weight: 400;\" aria-level=\"1\"><span style=\"font-weight: 400;\">pr\u00e9f\u00e9rez apprendre aux c\u00f4t\u00e9s d\u2019autres pratiquants<\/span><\/li>\n<\/ul>\n<p><span style=\"font-weight: 400;\">Nos cours collectifs sont propos\u00e9s tous les jours pendant l\u2019\u00e9t\u00e9. Vous pouvez r\u00e9server \u00e0 la journ\u00e9e ou suivre plusieurs sessions selon votre emploi du temps et vos objectifs.<\/span><\/p>\n<p><span style=\"font-weight: 400;\">D\u00e9butant complet ? D\u00e9couvrez plut\u00f4t nos <a title=\"Cours de kitesurf pour d\u00e9butants\" href=\"https:\/\/414kiting.com\/fr\/cours-kitesurf-debutants\/\">cours pour d\u00e9butants<\/a><\/span><\/p>\n<hr class=\"\" data-start=\"1351\" data-end=\"1354\" \/>\n[\/vc_column_text][vc_column_text css_animation=\u00a0\u00bbnone\u00a0\u00bb responsive_text=\u00a0\u00bbtrue\u00a0\u00bb css=\u00a0\u00bb.vc_custom_1746524384526{padding-bottom: 30px !important;}\u00a0\u00bb el_class=\u00a0\u00bbhighlight-text\u00a0\u00bb]\n<h2 data-start=\"1356\" data-end=\"1376\">D\u00e9roulement type d&rsquo;une journ\u00e9e<\/h2>\n<p><b>11:00<\/b><span style=\"font-weight: 400;\"> \u2013 Rencontre avec l\u2019instructeur et pr\u00e9paration du mat\u00e9riel<\/span><span style=\"font-weight: 400;\"><br \/>\n<\/span> <b>11:30<\/b><span style=\"font-weight: 400;\"> \u2013 D\u00e9part sur l\u2019eau<\/span><span style=\"font-weight: 400;\"><br \/>\n<\/span> <b>~16:00\u201317:00<\/b><span style=\"font-weight: 400;\"> \u2013 Retour au port<\/span><\/p>\n[\/vc_column_text][vc_column_text css_animation=\u00a0\u00bbnone\u00a0\u00bb responsive_text=\u00a0\u00bbtrue\u00a0\u00bb css=\u00a0\u00bb\u00a0\u00bb]\n<p class=\"\" data-start=\"1577\" data-end=\"1825\"><span style=\"font-weight: 400;\">Vous passerez environ 3 heures sur l\u2019eau, selon les conditions de vent et votre forme du jour. Chaque \u00e9l\u00e8ve dispose de sa propre aile pour maximiser le temps de navigation.<\/span><\/p>\n[\/vc_column_text]<div class=\"theme-button-block-wrap wpex-block wpex-clear theme-button-wrap wpex-clr\"><a href=\"mailto:hello@414kiting.com\" class=\"vcex-button theme-button clean black medium align-left block wpex-flex-shrink-0\" style=\"background:#00c1cf;color:#ffffff;border:0;margin-top:30px;margin-bottom:30px;width:300px;\" data-wpex-hover='{&quot;background&quot;:&quot;#ffffff&quot;,&quot;color&quot;:&quot;#00c1cf&quot;}'><span class=\"theme-button-inner\">R\u00e9server par e-mail<\/span><\/a><\/div> [vc_column_text css_animation=\u00a0\u00bbnone\u00a0\u00bb css=\u00a0\u00bb\u00a0\u00bb]\n<p><span style=\"font-weight: 400;\">Si vous pr\u00e9f\u00e9rez un accompagnement individuel, consultez nos <a title=\"Le\u00e7ons priv\u00e9es de kitesurf\" href=\"https:\/\/414kiting.com\/fr\/cours-prives\/\">cours priv\u00e9s<\/a>. Pour un niveau plus avanc\u00e9, essayez nos <a title=\"Kitesurf coaching\" href=\"https:\/\/414kiting.com\/fr\/kitesurf-coaching\/\">cours de coaching<\/a>, de <a title=\"Le\u00e7ons de kite foil\" href=\"https:\/\/414kiting.com\/fr\/kitefoil\/\">kite foil<\/a> ou de <a title=\"Le\u00e7ons de Wing Foil\" href=\"https:\/\/414kiting.com\/fr\/lecons_de_wing-foil\/\">wing foil<\/a>.<\/span><\/p>\n[\/vc_column_text][\/vc_column][\/vc_row][vc_row css_animation=\u00a0\u00bbfadeInRight\u00a0\u00bb column_spacing=\u00a0\u00bb0px\u00a0\u00bb equal_height=\u00a0\u00bbyes\u00a0\u00bb css=\u00a0\u00bb.vc_custom_1746522099850{margin-top: 0px !important;margin-right: 0px !important;margin-bottom: 0px !important;margin-left: 0px !important;padding-top: 0px !important;padding-right: 0px !important;padding-bottom: 0px !important;padding-left: 0px !important;background-color: #ffffff !important;border-radius: 1px !important;border-color: #D9D9D9 !important;}\u00a0\u00bb el_id=\u00a0\u00bbicontext\u00a0\u00bb][vc_column css=\u00a0\u00bb.vc_custom_1583232279744{padding-top: 20px !important;padding-right: 20px !important;padding-bottom: 20px !important;padding-left: 20px !important;}\u00a0\u00bb]<div class=\"vcex-grid-container vcex-module wpex-grid wpex-gap-20 wpex-grid-cols-2 wpex-sm-grid-cols-3 wpex-md-grid-cols-3 wpex-lg-grid-cols-6 wpex-justify-items-center vc_custom_1656422305705\"><div class=\"vcex-module vcex-icon-box vcex-icon-box-two wpex-relative wpex-text-center\"><div class=\"vcex-icon-box-symbol wpex-mb-20\"><div class=\"vcex-icon-box-icon wpex-inline-flex wpex-items-center wpex-justify-center wpex-child-inherit-color wpex-text-center wpex-leading-none wpex-text-black\" style=\"color:#00c1cf;\"><span class=\"fas fa-water\" aria-hidden=\"true\"><\/span><\/div><\/div><div class=\"vcex-icon-box-text\"><h2 class=\"vcex-icon-box-heading wpex-heading wpex-text-md wpex-mb-10\" style=\"color:#000000;\">Unbeatable learning space<\/h2><div class=\"vcex-icon-box-content wpex-last-mb-0 wpex-clr\" style=\"color:#000000;\"><hr class=\"iconhr\" \/>\n<\/div><\/div><\/div><div class=\"vcex-module vcex-icon-box vcex-icon-box-two wpex-relative wpex-text-center\"><div class=\"vcex-icon-box-symbol wpex-mb-20\"><div class=\"vcex-icon-box-icon wpex-inline-flex wpex-items-center wpex-justify-center wpex-child-inherit-color wpex-text-center wpex-leading-none wpex-text-black\" style=\"color:#00c1cf;\"><span class=\"fas fa-sun\" aria-hidden=\"true\"><\/span><\/div><\/div><div class=\"vcex-icon-box-text\"><h2 class=\"vcex-icon-box-heading wpex-heading wpex-text-md wpex-mb-10\" style=\"color:#000000;\">Safe learning environment<\/h2><div class=\"vcex-icon-box-content wpex-last-mb-0 wpex-clr\" style=\"color:#000000;\"><hr class=\"iconhr\" \/>\n<\/div><\/div><\/div><div class=\"vcex-module vcex-icon-box vcex-icon-box-two wpex-relative wpex-text-center\"><div class=\"vcex-icon-box-symbol wpex-mb-20\"><div class=\"vcex-icon-box-icon wpex-inline-flex wpex-items-center wpex-justify-center wpex-child-inherit-color wpex-text-center wpex-leading-none wpex-text-black\" style=\"color:#00c1cf;\"><span class=\"fas fa-ship\" aria-hidden=\"true\"><\/span><\/div><\/div><div class=\"vcex-icon-box-text\"><h2 class=\"vcex-icon-box-heading wpex-heading wpex-text-md wpex-mb-10\" style=\"color:#000000;\">Tuition from boats<\/h2><div class=\"vcex-icon-box-content wpex-last-mb-0 wpex-clr\" style=\"color:#000000;\"><hr class=\"iconhr\" \/>\n<\/div><\/div><\/div><div class=\"vcex-module vcex-icon-box vcex-icon-box-two wpex-relative wpex-text-center\"><div class=\"vcex-icon-box-symbol wpex-mb-20\"><div class=\"vcex-icon-box-icon wpex-inline-flex wpex-items-center wpex-justify-center wpex-child-inherit-color wpex-text-center wpex-leading-none wpex-text-black\" style=\"color:#00c1cf;\"><span class=\"fas fa-broadcast-tower\" aria-hidden=\"true\"><\/span><\/div><\/div><div class=\"vcex-icon-box-text\"><h2 class=\"vcex-icon-box-heading wpex-heading wpex-text-md wpex-mb-10\" style=\"color:#000000;\">Radio-assisted teaching<\/h2><div class=\"vcex-icon-box-content wpex-last-mb-0 wpex-clr\" style=\"color:#000000;\"><hr class=\"iconhr\" \/>\n<\/div><\/div><\/div><div class=\"vcex-module vcex-icon-box vcex-icon-box-two wpex-relative wpex-text-center\"><div class=\"vcex-icon-box-symbol wpex-mb-20\"><div class=\"vcex-icon-box-icon wpex-inline-flex wpex-items-center wpex-justify-center wpex-child-inherit-color wpex-text-center wpex-leading-none wpex-text-black\" style=\"color:#1fb9c4;\"><span class=\"fas fa-user-friends\" aria-hidden=\"true\"><\/span><\/div><\/div><div class=\"vcex-icon-box-text\"><h2 class=\"vcex-icon-box-heading wpex-heading wpex-text-md wpex-mb-10\" style=\"color:#000000;\">Max 3 students per group<\/h2><div class=\"vcex-icon-box-content wpex-last-mb-0 wpex-clr\" style=\"color:#000000;\"><hr class=\"iconhr\" \/>\n<\/div><\/div><\/div><div class=\"vcex-module vcex-icon-box vcex-icon-box-two wpex-relative wpex-text-center\"><div class=\"vcex-icon-box-symbol wpex-mb-20\"><div class=\"vcex-icon-box-icon wpex-inline-flex wpex-items-center wpex-justify-center wpex-child-inherit-color wpex-text-center wpex-leading-none wpex-text-black\" style=\"color:#1fb9c4;\"><span class=\"fas fa-check\" aria-hidden=\"true\"><\/span><\/div><\/div><div class=\"vcex-icon-box-text\"><h2 class=\"vcex-icon-box-heading wpex-heading wpex-text-md wpex-mb-10\" style=\"color:#000000;\">Qualified instructors<\/h2><div class=\"vcex-icon-box-content wpex-last-mb-0 wpex-clr\" style=\"color:#000000;\"><hr class=\"iconhr\" \/>\n<\/div><\/div><\/div><\/div>[\/vc_column][\/vc_row][vc_row 0=\u00a0\u00bb\u00a0\u00bb column_spacing=\u00a0\u00bb0px\u00a0\u00bb equal_height=\u00a0\u00bbyes\u00a0\u00bb css=\u00a0\u00bb.vc_custom_1657298408969{background-position: center !important;background-repeat: no-repeat !important;background-size: cover !important;}\u00a0\u00bb wpex_bg_position=\u00a0\u00bbcenter right\u00a0\u00bb][vc_column width=\u00a0\u00bb1\/2&Prime; css=\u00a0\u00bb.vc_custom_1706537712427{padding-top: 5% !important;padding-right: 5% !important;padding-bottom: 5% !important;padding-left: 5% !important;background-color: #000000 !important;background-position: center !important;background-repeat: no-repeat !important;background-size: cover !important;}\u00a0\u00bb][vc_column_text css_animation=\u00a0\u00bbfadeIn\u00a0\u00bb responsive_text=\u00a0\u00bbtrue\u00a0\u00bb css=\u00a0\u00bb.vc_custom_1746526200625{padding-bottom: 30px !important;}\u00a0\u00bb color=\u00a0\u00bb#ffffff\u00a0\u00bb]\n<h2><b>Tarif<\/b><\/h2>\n<p><span style=\"font-weight: 400;\">225 \u20ac par personne, par jour<\/span><\/p>\n<p><span style=\"font-weight: 400;\">Inclus : enseignement complet, tout le mat\u00e9riel, assistance en bateau et certification IKO.<\/span><\/p>\n<hr \/>\n<h2><b>Ce qui est inclus<\/b><\/h2>\n<ul>\n<li style=\"font-weight: 400;\" aria-level=\"1\"><span style=\"font-weight: 400;\">3 personnes maximum par groupe<\/span><span style=\"font-weight: 400;\"><br \/>\n<\/span><\/li>\n<li style=\"font-weight: 400;\" aria-level=\"1\"><span style=\"font-weight: 400;\">Votre propre aile pour toute la session<\/span><span style=\"font-weight: 400;\"><br \/>\n<\/span><\/li>\n<li style=\"font-weight: 400;\" aria-level=\"1\"><span style=\"font-weight: 400;\">Tout le mat\u00e9riel fourni : aile, planche, combinaison, harnais, casque et gilet d\u2019aide \u00e0 la flottabilit\u00e9<\/span><span style=\"font-weight: 400;\"><br \/>\n<\/span><\/li>\n<li style=\"font-weight: 400;\" aria-level=\"1\"><span style=\"font-weight: 400;\">R\u00e9vision th\u00e9orique quotidienne et suivi de progression<\/span><span style=\"font-weight: 400;\"><br \/>\n<\/span><\/li>\n<li style=\"font-weight: 400;\" aria-level=\"1\"><span style=\"font-weight: 400;\">Instructeur certifi\u00e9 IKO<\/span><span style=\"font-weight: 400;\"><br \/>\n<\/span><\/li>\n<li style=\"font-weight: 400;\" aria-level=\"1\"><span style=\"font-weight: 400;\">Certification ou mise \u00e0 jour de votre niveau IKO<\/span><span style=\"font-weight: 400;\"><br \/>\n<\/span><\/li>\n<li style=\"font-weight: 400;\" aria-level=\"1\"><span style=\"font-weight: 400;\">Garantie \u00ab no-wind-no-fee \u00bb<\/span><\/li>\n<\/ul>\n<hr class=\"\" data-start=\"1827\" data-end=\"1830\" \/>\n<h2><b>Certification IKO<\/b><\/h2>\n<p><span style=\"font-weight: 400;\">Nous enregistrerons ou mettrons \u00e0 jour votre <a href=\"https:\/\/www.ikointl.com\/fr\/cours\/kitesurf\" target=\"_blank\" rel=\"noopener\">licence IKO<\/a> \u00e0 la fin de votre cours. Cette certification, reconnue internationalement, atteste de votre niveau de comp\u00e9tence et est souvent exig\u00e9e pour louer du mat\u00e9riel dans d\u2019autres centres de kitesurf \u00e0 travers le monde.<\/span><\/p>\n<hr \/>\n<h2><b>Garantie \u201cNo-Wind-No-Fee\u201d<\/b><\/h2>\n<p><span style=\"font-weight: 400;\">Si le vent n\u2019est pas au rendez-vous, votre session est soit rembours\u00e9e, soit reprogramm\u00e9e \u2013 c\u2019est vous qui choisissez.<\/span><\/p>\n<h2 data-start=\"1625\" data-end=\"1646\"><span style=\"color: #616161; font-size: 15px; font-weight: 500; letter-spacing: 1.2px;\">[\/vc_column_text]<div class=\"vcex-multi-buttons wpex-flex wpex-flex-wrap wpex-items-center wpex-gap-10 wpex-justify-start\"><a href=\"https:\/\/414kiting.com\/fr\/cours-prives\/\" title=\"Private Lessons\" class=\"theme-button outline white vcex-count-1\">Cours priv\u00e9s kitesurf<\/a><a href=\"https:\/\/414kiting.com\/fr\/cours-kitesurf-debutants\/\" title=\"Private Lessons\" class=\"theme-button outline white vcex-count-2\">Cours d\u00e9butants kitesurf<\/a><a href=\"https:\/\/414kiting.com\/fr\/kitesurf-coaching\/\" title=\"Coaching\" class=\"theme-button outline white vcex-count-3\">Kitesurf coaching<\/a><a href=\"https:\/\/414kiting.com\/fr\/lecons_de_wing-foil\/\" title=\"Wing Foil Lessons\" class=\"theme-button outline white vcex-count-4\">Wing foil<\/a><a href=\"https:\/\/414kiting.com\/fr\/kitefoil\/\" title=\"Kite Foil Lessons\" class=\"theme-button outline white vcex-count-5\">Kite foil<\/a><\/div>[\/vc_column][vc_column width=\u00a0\u00bb1\/2&Prime; css=\u00a0\u00bb.vc_custom_1583308134447{background-image: url(https:\/\/414kiting.com\/wp-content\/uploads\/2019\/03\/414_onwater_fullsize-17.jpg?id=2013) !important;background-position: center !important;background-repeat: no-repeat !important;background-size: cover !important;}\u00a0\u00bb][\/vc_column][\/vc_row][vc_row][vc_column][vc_column_text] <\/span><\/h2>\n[\/vc_column_text][\/vc_column][\/vc_row]\n<\/div>","protected":false},"excerpt":{"rendered":"<p>[vc_row column_spacing=\u00a0\u00bb0px\u00a0\u00bb equal_height=\u00a0\u00bbyes\u00a0\u00bb wpex_bg_overlay=\u00a0\u00bbcustom\u00a0\u00bb css=\u00a0\u00bb.vc_custom_1746521507153{background-position: center !important;background-repeat: no-repeat !important;background-size: cover !important;}\u00a0\u00bb min_height=\u00a0\u00bb500px\u00a0\u00bb el_id=\u00a0\u00bbtoprow\u00a0\u00bb][vc_column width=\u00a0\u00bb1\/2&Prime; css=\u00a0\u00bb.vc_custom_1746521349931{background-color: #000000 !important;}\u00a0\u00bb][vc_column_text css=\u00a0\u00bb.vc_custom_1747818528189{padding-top: 5% !important;padding-right: 10% !important;padding-bottom: 5% !important;padding-left: 10% !important;}\u00a0\u00bb] Cours collectif de kitesurf Progressez plus vite, naviguez plus longtemps et apprenez dans une ambiance conviviale gr\u00e2ce \u00e0 nos cours de kitesurf en petits groupes. Que vous souhaitiez gagner&hellip;<\/p>\n","protected":false},"author":1,"featured_media":0,"parent":0,"menu_order":0,"comment_status":"closed","ping_status":"closed","template":"templates\/no-sidebar.php","meta":{"_sitemap_exclude":false,"_sitemap_priority":"","_sitemap_frequency":"","_monsterinsights_skip_tracking":false,"_monsterinsights_sitenote_active":false,"_monsterinsights_sitenote_note":"","_monsterinsights_sitenote_category":0,"footnotes":""},"class_list":["post-569","page","type-page","status-publish","hentry","entry","no-media"],"aioseo_notices":[],"_links":{"self":[{"href":"https:\/\/414kiting.com\/fr\/wp-json\/wp\/v2\/pages\/569","targetHints":{"allow":["GET"]}}],"collection":[{"href":"https:\/\/414kiting.com\/fr\/wp-json\/wp\/v2\/pages"}],"about":[{"href":"https:\/\/414kiting.com\/fr\/wp-json\/wp\/v2\/types\/page"}],"author":[{"embeddable":true,"href":"https:\/\/414kiting.com\/fr\/wp-json\/wp\/v2\/users\/1"}],"replies":[{"embeddable":true,"href":"https:\/\/414kiting.com\/fr\/wp-json\/wp\/v2\/comments?post=569"}],"version-history":[{"count":70,"href":"https:\/\/414kiting.com\/fr\/wp-json\/wp\/v2\/pages\/569\/revisions"}],"predecessor-version":[{"id":9219,"href":"https:\/\/414kiting.com\/fr\/wp-json\/wp\/v2\/pages\/569\/revisions\/9219"}],"wp:attachment":[{"href":"https:\/\/414kiting.com\/fr\/wp-json\/wp\/v2\/media?parent=569"}],"curies":[{"name":"wp","href":"https:\/\/api.w.org\/{rel}","templated":true}]}}