{"id":564,"date":"2015-12-28T15:40:14","date_gmt":"2015-12-28T15:40:14","guid":{"rendered":"http:\/\/develop.414kiting.com\/?page_id=564&#038;lang=fr"},"modified":"2024-06-19T10:28:04","modified_gmt":"2024-06-19T10:28:04","slug":"faqs","status":"publish","type":"page","link":"https:\/\/414kiting.com\/fr\/faqs\/","title":{"rendered":"FAQs"},"content":{"rendered":"<div class=\"wpb-content-wrapper\">[vc_section full_width=\u00a0\u00bbstretch_row\u00a0\u00bb wpex_bg_overlay=\u00a0\u00bbdark\u00a0\u00bb wpex_fixed_bg=\u00a0\u00bbfixed-top\u00a0\u00bb css=\u00a0\u00bb.vc_custom_1718792861296{margin-top: 0px !important;margin-right: 0px !important;margin-bottom: 0px !important;margin-left: 0px !important;background-image: url(https:\/\/414kiting.com\/wp-content\/uploads\/2020\/03\/Bandits.jpg?id=2969) !important;background-position: center !important;background-repeat: no-repeat !important;background-size: cover !important;}\u00a0\u00bb wpex_bg_position=\u00a0\u00bbtop\u00a0\u00bb wpex_bg_size=\u00a0\u00bbcover\u00a0\u00bb wpex_bg_overlay_color=\u00a0\u00bbrgba(0,0,0,0.8)\u00a0\u00bb][vc_row content_placement=\u00a0\u00bbmiddle\u00a0\u00bb min_height=\u00a0\u00bb0&Prime; css=\u00a0\u00bb.vc_custom_1627374425996{padding-top: 2em !important;padding-bottom: 2em !important;}\u00a0\u00bb wpex_zindex=\u00a0\u00bb50&Prime;][vc_column min_height=\u00a0\u00bb0&Prime;][vc_column_text css=\u00a0\u00bb.vc_custom_1707134808262{padding-top: 20px !important;padding-bottom: 20px !important;}\u00a0\u00bb text_align=\u00a0\u00bbcenter\u00a0\u00bb el_id=\u00a0\u00bbihavequestions_title\u00a0\u00bb]\n<h1 style=\"text-align: center;\">R\u00e9ponses aux questions les plus fr\u00e9quemment pos\u00e9es&#8230;<\/h1>\n[\/vc_column_text][vc_column_text]\n<p style=\"text-align: center;\"><a href=\"#lesson_faq\"><button class=\"faq_question\">Le\u00e7ons<\/button><\/a><a href=\"#wind_faq\"><button class=\"faq_question\">Pr\u00e9visions m\u00e9t\u00e9orologiques &amp; de vent<\/button><\/a><a href=\"#cancellation_faq\"><button class=\"faq_question\">Annulation &amp; changements<\/button><\/a><a href=\"#advanced_riders_faq\"><button class=\"faq_question\">Options pour les kiteurs avanc\u00e9s<\/button><\/a><a href=\"#accommodation_faq\"><button class=\"faq_question\">Logement<\/button><\/a><\/p>\n[\/vc_column_text][\/vc_column][\/vc_row][vc_row content_placement=\u00a0\u00bbtop\u00a0\u00bb el_id=\u00a0\u00bbfaq_content\u00a0\u00bb][vc_column width=\u00a0\u00bb1\/6&Prime;][\/vc_column][vc_column width=\u00a0\u00bb2\/3&Prime; css=\u00a0\u00bb.vc_custom_1627318576694{padding-right: 30px !important;padding-bottom: 50px !important;padding-left: 30px !important;background-color: #ffffff !important;}\u00a0\u00bb min_height=\u00a0\u00bb0&Prime;][vc_column_text el_id=\u00a0\u00bblesson_faq\u00a0\u00bb el_class=\u00a0\u00bbfaq_title\u00a0\u00bb]\n<h2>Le\u00e7ons<\/h2>\n[\/vc_column_text][vc_tta_accordion color=\u00a0\u00bbwhite\u00a0\u00bb c_icon=\u00a0\u00bbchevron\u00a0\u00bb active_section=\u00a0\u00bb0&Prime; no_fill=\u00a0\u00bbtrue\u00a0\u00bb collapsible_all=\u00a0\u00bbtrue\u00a0\u00bb css=\u00a0\u00bb.vc_custom_1627136910702{background-color: #ffffff !important;}\u00a0\u00bb el_class=\u00a0\u00bbfaq_accordion\u00a0\u00bb][vc_tta_section title=\u00a0\u00bbQuelle est la dur\u00e9e de ma le\u00e7on?\u00a0\u00bb tab_id=\u00a0\u00bb1627022188062-07945387-a52e\u00a0\u00bb][vc_column_text]\n<p>Nous demandons g\u00e9n\u00e9ralement aux \u00e9tudiants de se retrouver \u00e0 l&rsquo;\u00e9cole \u00e0 10h00 (d\u00e9butants) ou \u00e0 11h00. Cela permet d&rsquo;avoir le temps d&rsquo;\u00e9quiper tout le monde pour la journ\u00e9e, et de r\u00e9viser toute la th\u00e9orie avant de sortir sur les bateaux. Le vent est principalement thermique ici, et se l\u00e8ve g\u00e9n\u00e9ralement \u00e0 l&rsquo;heure du d\u00e9jeuner. Nous essayons toujours de partir avant que le vent ne se l\u00e8ve trop, afin que le trajet en bateau jusqu&rsquo;au site soit plus confortable.<\/p>\n<p>Une fois sur place, nous lancerons vos cerfs-volants d\u00e8s que le vent soit suffisant. Apr\u00e8s cela, c&rsquo;est \u00e0 vous de d\u00e9cider : vous pouvez faire du kite jusqu&rsquo;\u00e0 ce que le vent ou votre \u00e9nergie soit \u00e9puis\u00e9e !<\/p>\n<p>Nous rentrons g\u00e9n\u00e9ralement \u00e0 Gera Lario vers 16:00-17:00.[\/vc_column_text][\/vc_tta_section][vc_tta_section title=\u00a0\u00bbLes le\u00e7ons de kitesurf sont moins ch\u00e8res \u00e0 la plage. Pourquoi les le\u00e7ons sont-elles plus ch\u00e8res sur le lac de C\u00f4me?\u00a0\u00bb tab_id=\u00a0\u00bb1627022188125-be57ef50-efb0&Prime;][vc_column_text]\n<p>Les le\u00e7ons propos\u00e9es sur de nombreuses plages connus sont tr\u00e8s diff\u00e9rentes de celles que nous proposons, d&rsquo;o\u00f9 la diff\u00e9rence de prix :<\/p>\n<ol>\n<li>Ils facturent \u00e0 l&rsquo;heure, et une grande partie de votre temps de le\u00e7on sera consacr\u00e9e \u00e0 marcher contre le vent avec le cerf-volant. Nous avons une \u00e9norme partie du lac sur laquelle vous puissiez vous amuser, et si vous avez besoin de remonter le vent, nous vous conduisons en bateau. Cela signifie que vous passez beaucoup plus de temps \u00e0 apprendre le kitesurf dans l&rsquo;eau, plut\u00f4t que de faire voler un cerf-volant sur la terre. Le kite sur un lac implique des co\u00fbts que le kite sur la plage n&rsquo;implique pas : carburant, bateaux, assurance bateau.<\/li>\n<li>Tous nos instructeurs sont pleinement qualifi\u00e9s par l&rsquo;IKO et\/ou le VDWS. Si vous voulez apprendre \u00e0 kiter correctement, ils valent facilement le coup.<\/li>\n<li>Nous avons un maximum de quatre personnes en cours par bateau et par instructeur \u00e0 tout moment. Pour les d\u00e9butants, les cerfs-volants sont g\u00e9n\u00e9ralement partag\u00e9s entre deux \u00e9tudiants jusqu&rsquo;\u00e0 ce qu&rsquo;ils ma\u00eetrisent le contr\u00f4le du cerf-volant (g\u00e9n\u00e9ralement pas plus de deux heures). Apr\u00e8s cela, chaque \u00e9l\u00e8ve a son propre cerf-volant : pas question de partager un cerf-volant entre 8 personnes !<\/li>\n<\/ol>\n<p>Le prix par heure d&rsquo;apprentissage est en fait tr\u00e8s similaire ou moins cher ici sur le lac, et vous aurez g\u00e9n\u00e9ralement besoin de prendre beaucoup moins de le\u00e7ons que sur la plage.<\/p>\n<p>Voulez-vous en savoir plus ? Consultez notre page \u00ab\u00a0<a href=\"https:\/\/414kiting.com\/fr\/pourquoi-414-kiting\">Pourquoi le 414Kiting<\/a>\u00ab\u00a0.<\/p>\n[\/vc_column_text][\/vc_tta_section][vc_tta_section title=\u00a0\u00bbDois-je payer \u00e0 l&rsquo;avance ?\u00a0\u00bb tab_id=\u00a0\u00bb1627022188182-64c65e3f-aa4f\u00a0\u00bb][vc_column_text]\n<p>Nous ne demandons un paiement \u00e0 l\u2019avance que si vous voulez r\u00e9server d\u00e9finitivement vos places, car nous retirons les places de la vente. Cela vous donne la garantie \u00e0 100% que nous avons les places r\u00e9serv\u00e9es aux jours que vous souhaitez, et nous permet \u00e9galement de planifier nos groupes.<\/p>\n<p>Si vous n&rsquo;\u00eates pas s\u00fbr de vos projets de voyage et que vous souhaitez rester flexible, il n&rsquo;y a aucun probl\u00e8me \u00e0 r\u00e9server \u00e0 la derni\u00e8re minute, mais n&rsquo;oubliez pas que les week-ends et la haute saison peuvent se remplir plusieurs semaines \u00e0 l&rsquo;avance.<\/p>\n<p>Si vous r\u00e9servez \u00e0 l&rsquo;avance et que vous devez faire des changements ou annuler, nous essayons toujours d&rsquo;\u00eatre justes et aussi flexibles que possible. Tout changement\/annulation moins de 14 jours \u00e0 l&rsquo;avance est valable pour un remboursement complet du montant pay\u00e9 d&rsquo;avance. Tout changement\/annulation apr\u00e8s ce point n&rsquo;est pas valable pour un remboursement et nous vous recommandons de contacter votre assurance voyage, mais si nous sommes en mesure de remplir tout ou une partie des places que vous avez r\u00e9serv\u00e9es, nous sommes plus qu&rsquo;heureux de vous rembourser pour celles-ci =)<\/p>\n[\/vc_column_text][\/vc_tta_section][vc_tta_section title=\u00a0\u00bbQue dois-je apporter avec moi?\u00a0\u00bb tab_id=\u00a0\u00bb1627022188238-05f68547-b97f\u00a0\u00bb][vc_column_text]\n<ul>\n<li>De l&rsquo;eau &#8211; c&rsquo;est une longue journ\u00e9e sur le lac.<\/li>\n<li>Des v\u00eatements de natation (\u00e0 porter sous votre combinaison de plong\u00e9e)<\/li>\n<li>Un en-cas &#8211; nous vous sugg\u00e9rons quelque chose de tr\u00e8s \u00e9nerg\u00e9tique que vous puisiez manger pendant le trajet de 20 minutes en bateau jusqu&rsquo;au site. Vous ne pourrez pas remonter sur le bateau au milieu d&rsquo;une le\u00e7on pour manger votre repas.<\/li>\n<li>Cr\u00e8me solaire &#8211; les coups de soleil ne sont pas cool<\/li>\n<li>Lunettes de soleil &#8211; si vous pouvez obtenir des lunettes de soleil avec un bandeau sportif, faites-le : la lumi\u00e8re r\u00e9fl\u00e9chie par l&rsquo;eau peut endommager vos yeux.<\/li>\n<li>Appareil photo &#8211; parce que le lac est magnifique, et si nous avons le temps, nous pourrons prendre des photos de votre apprentissage du kite.<\/li>\n<\/ul>\n[\/vc_column_text][\/vc_tta_section][vc_tta_section title=\u00a0\u00bbJe suis un d\u00e9butant mais mon ami est avanc\u00e9. Pouvons-nous aller sur le m\u00eame bateau?\u00a0\u00bb tab_id=\u00a0\u00bb1627022188357-79ead320-5bf6&Prime;][vc_column_text]\n<p>En g\u00e9n\u00e9ral, nous r\u00e9partissons les groupes en fonction de leurs capacit\u00e9s, afin que vous receviez la meilleure instruction possible. Si nous pouvons vous mettre dans le m\u00eame groupe sans nuire \u00e0 vos sessions ou \u00e0 celles des autres, alors nous le ferons sans probl\u00e8me. Tous les groupes pratiquent le kite dans la m\u00eame zone, vous serez donc proches les uns des autres.<\/p>\n[\/vc_column_text][\/vc_tta_section][vc_tta_section title=\u00a0\u00bbQuel \u00e2ge doivent avoir les enfants pour apprendre le kitesurf?\u00a0\u00bb tab_id=\u00a0\u00bb1627119698532-0a327617-f238&Prime;][vc_column_text]\n<p>Il n&rsquo;y a pas de limite d&rsquo;\u00e2ge officielle, mais elle est limit\u00e9e par le poids (environ 35 kg minimum), la confiance \u00e0 apprendre en eau profonde, et la capacit\u00e9 d&rsquo;attention requise. Pour la plupart des enfants, l&rsquo;\u00e2ge de 13\/14 ans est le moment o\u00f9 il devient possible de leur enseigner dans un environnement de cours collectifs, mais il y a des options pour les enfants plus jeunes dans des cours priv\u00e9s, donc s&rsquo;il vous pla\u00eet envoyez-nous s&rsquo;il vous pla\u00eet un e-mail si vous avez des enfants de moins de 13 ans qui souhaitent apprendre le kite, car nous pouvons vous conseiller sur les meilleures options.<\/p>\n[\/vc_column_text][\/vc_tta_section][vc_tta_section title=\u00a0\u00bbMon partenaire ne veut pas faire du kite mais aimerait venir sur le bateau. Est-ce possible?\u00a0\u00bb tab_id=\u00a0\u00bb1627119751753-aaf3d975-9255&Prime;][vc_column_text]Malheureusement, nous ne sommes g\u00e9n\u00e9ralement pas en mesure d&rsquo;accueillir des non-participants sur les bateaux pendant les cours collectifs. Cela est d\u00fb \u00e0 l&rsquo;espace limit\u00e9 et \u00e0 des raisons de s\u00e9curit\u00e9.<\/p>\n<p>Nos bateaux sont \u00e9galement petits et n&rsquo;ont pas de toilettes ni d&rsquo;ombre pour se prot\u00e9ger du soleil, ce n&rsquo;est donc pas un endroit confortable pour passer une longue p\u00e9riode. Il est beaucoup plus confortable d&rsquo;\u00eatre sur la terre ferme pour ceux qui ne font pas de kite ! Sur les <a title=\"Cours Priv\u00e9s\" href=\"https:\/\/414kiting.com\/fr\/cours-prives\">bateaux priv\u00e9s<\/a>, les passagers suppl\u00e9mentaires sont les bienvenus, mais le nombre est limit\u00e9.[\/vc_column_text][\/vc_tta_section][\/vc_tta_accordion][vc_column_text el_id=\u00a0\u00bbwind_faq\u00a0\u00bb el_class=\u00a0\u00bbfaq_title\u00a0\u00bb]\n<h2>Pr\u00e9visions m\u00e9t\u00e9orologiques &amp; de vent<\/h2>\n[\/vc_column_text][vc_tta_accordion color=\u00a0\u00bbwhite\u00a0\u00bb c_icon=\u00a0\u00bbchevron\u00a0\u00bb active_section=\u00a0\u00bb0&Prime; no_fill=\u00a0\u00bbtrue\u00a0\u00bb collapsible_all=\u00a0\u00bbtrue\u00a0\u00bb css=\u00a0\u00bb.vc_custom_1627136919494{background-color: #ffffff !important;}\u00a0\u00bb el_class=\u00a0\u00bbfaq_accordion\u00a0\u00bb][vc_tta_section title=\u00a0\u00bbEt s&rsquo;il n&rsquo;y a pas de vent?\u00a0\u00bb tab_id=\u00a0\u00bb1627136408241-c7cebfc8-66f2&Prime;][vc_column_text]\n<p>Les conditions exactes peuvent \u00eatre difficiles \u00e0 pr\u00e9voir, mais nous avons nombreuses sources fiables qui nous donnent une id\u00e9e assez certaine. Si, toutefois, nous n&rsquo;avons pas de chance avec le vent, alors, contrairement \u00e0 la plupart des autres \u00e9coles, nous ne vous imposerons aucun frais pour la le\u00e7on, m\u00eame si nous sommes sortis sur les bateaux. Nous pensons que c&rsquo;est juste.<\/p>\n<p>C&rsquo;est aux instructeurs de d\u00e9cider ce que constitue un vent suffisant : Ils sont parfaitement qualifi\u00e9s et savent quand \u00e7a va marcher. Ce n&rsquo;est pas parce qu&rsquo;il ne souffle pas 30 kts que vous ne pouvez pas vous amuser et apprendre. En r\u00e8gle g\u00e9n\u00e9rale, un vent de 12 n\u0153uds est suffisant pour commencer \u00e0 bien kiter et s&rsquo;amuser avec le bon \u00e9quipement.[\/vc_column_text][\/vc_tta_section][vc_tta_section title=\u00a0\u00bbWind Guru\/Windy\/Windfinder disent qu&rsquo;il n&rsquo;y aura pas de vent. Dois-je annuler?\u00a0\u00bb tab_id=\u00a0\u00bb1627136408468-f4478a5f-f795&Prime;][vc_column_text]Les sites web de pr\u00e9vision du vent comme Windy\/Windguru\/Windfinder sont d&rsquo;excellentes ressources pour de nombreux spots de kite, mais ils s&rsquo;int\u00e9ressent g\u00e9n\u00e9ralement aux syst\u00e8mes frontaux, et non aux syst\u00e8mes thermiques. Le vent sur lequel nous pratiquons g\u00e9n\u00e9ralement le kite est un vent thermique et n&rsquo;est donc pas pris en compte par ces sites. Nous utilisons un certain nombre de ressources diff\u00e9rentes pour pr\u00e9voir de ce qu\u2019il va se passer chaque jour (soyez conscient que les pr\u00e9visions g\u00e9n\u00e9rales ne sont normalement pas tr\u00e8s pr\u00e9cises plus de 3-4 jours \u00e0 l&rsquo;avance). Vous pouvez en savoir plus sur les vents et les pr\u00e9visions m\u00e9t\u00e9o sur le lac de C\u00f4me sur notre page <a title=\"Spot Guide\" href=\"https:\/\/414kiting.com\/fr\/spot-guide-lac-de-come\">spot guide<\/a>, et vous \u00eates invit\u00e9s \u00e0 nous contacter par t\u00e9l\u00e9phone\/email\/messagerie appeler\/email\/messagerie \u00e0 tout moment pour des conseils.[\/vc_column_text][\/vc_tta_section][\/vc_tta_accordion][vc_column_text el_id=\u00a0\u00bbcancellation_faq\u00a0\u00bb el_class=\u00a0\u00bbfaq_title\u00a0\u00bb]\n<h2>Annulation &amp; changements<\/h2>\n[\/vc_column_text][vc_tta_accordion color=\u00a0\u00bbwhite\u00a0\u00bb c_icon=\u00a0\u00bbchevron\u00a0\u00bb active_section=\u00a0\u00bb0&Prime; no_fill=\u00a0\u00bbtrue\u00a0\u00bb collapsible_all=\u00a0\u00bbtrue\u00a0\u00bb css=\u00a0\u00bb.vc_custom_1627136919494{background-color: #ffffff !important;}\u00a0\u00bb el_class=\u00a0\u00bbfaq_accordion\u00a0\u00bb][vc_tta_section title=\u00a0\u00bbQue dois-je faire si je dois changer mes dates ou annuler ma le\u00e7on?\u00a0\u00bb tab_id=\u00a0\u00bb1627136940318-9fbc0416-c536&Prime;][vc_column_text]\n<p>Nous essayons d&rsquo;\u00eatre aussi flexibles que possible et pour nous aider, nous vous demandons de nous pr\u00e9venir le plus t\u00f4t possible si vous avez l&rsquo;intention d&rsquo;annuler votre cours, afin de nous permettre de proposer votre place \u00e0 quelqu&rsquo;un d&rsquo;autre. Votre pr\u00e9paiement sera enti\u00e8rement rembours\u00e9, sauf si vous annulez moins de 14 jours avant la le\u00e7on. Toute annulation moins de 14 jours avant la le\u00e7on sera soumise \u00e0 une charge de 100% des sessions r\u00e9serv\u00e9es, \u00e0 moins que nous puissions remplir votre place avec un autre \u00e9tudiant, auquel cas nous sommes plus qu&rsquo;heureux de vous rembourser le montant total =).<\/p>\n[\/vc_column_text][\/vc_tta_section][\/vc_tta_accordion][vc_column_text el_class=\u00a0\u00bbfaq_title\u00a0\u00bb el_id=\u00a0\u00bbadvanced_riders_faq\u00a0\u00bb]\n<h2>Options pour les kiteurs avanc\u00e9s<\/h2>\n[\/vc_column_text][vc_tta_accordion color=\u00a0\u00bbwhite\u00a0\u00bb c_icon=\u00a0\u00bbchevron\u00a0\u00bb active_section=\u00a0\u00bb0&Prime; no_fill=\u00a0\u00bbtrue\u00a0\u00bb collapsible_all=\u00a0\u00bbtrue\u00a0\u00bb css=\u00a0\u00bb.vc_custom_1627137288884{background-color: #ffffff !important;}\u00a0\u00bb el_class=\u00a0\u00bbfaq_accordion\u00a0\u00bb][vc_tta_section title=\u00a0\u00bbAvez-vous un service de navette?\u00a0\u00bb tab_id=\u00a0\u00bb1627120226540-d0fbd571-7613&Prime;][vc_column_text]Chez 414Kiting, nous sommes sp\u00e9cialis\u00e9s dans les le\u00e7ons et les s\u00e9ances de coaching pour le kitesurf, le kitefoiling et le wing foiling. Nos bateaux sont petits et ne sont pas con\u00e7us pour prendre le grand nombre de riders requis pour g\u00e9rer un service de navette, et il n&rsquo;est pas possible de m\u00e9langer les riders de la navette avec nos le\u00e7ons pour des raisons de qualit\u00e9 et de logistique. Si vous \u00eates un rider avanc\u00e9 et vous souhaitez progresser gr\u00e2ce au coaching, jetez un \u0153il \u00e0 nos pages sur le <a href=\"https:\/\/414kiting.com\/fr\/kitesurf-coaching\">coaching<\/a> et le <a title=\"Le\u00e7ons de kite foil\" href=\"https:\/\/414kiting.com\/fr\/kitefoil\">kitefoil<\/a>\/<a title=\"Le\u00e7ons de Wing Foil\" href=\"https:\/\/414kiting.com\/fr\/lecons_de_wing-foil\">wing foil<\/a>. Si vous voulez juste rider, il y a beaucoup de spots autour du lac o\u00f9 vous pouvez vous lancer depuis la terre (vous pouvez les trouver sur notre <a title=\"Spot Guide\" href=\"https:\/\/414kiting.com\/fr\/spot-guide-lac-de-come\">guide de kitespot<\/a>), et il y a aussi des services de navette de kite autour du lac.[\/vc_column_text][\/vc_tta_section][vc_tta_section title=\u00a0\u00bbJe sais d\u00e9j\u00e0 rider &#8211; je veux juste du temps pour m&rsquo;entra\u00eener, pas une le\u00e7on. Quelles sont mes options?\u00a0\u00bb tab_id=\u00a0\u00bb1627136775335-9fe0319f-3401&Prime;][vc_column_text]Les s\u00e9ances de <a title=\"Kitesurf coaching\" href=\"https:\/\/414kiting.com\/fr\/kitesurf-coaching\">coaching<\/a> et les le\u00e7ons peuvent \u00eatre adapt\u00e9es \u00e0 vos besoins et \u00e0 vos envies. Si vous ne voulez pas de le\u00e7on mais vous n&rsquo;\u00eates pas s\u00fbr de pouvoir rester au vent, ou si vous voulez pouvoir essayer de nouvelles figures sans vous soucier de blessures si vous vous plantez, vous pouvez rejoindre un de nos groupes avanc\u00e9s. Nos instructeurs seront l\u00e0 avec le bateau pour garder un \u0153il sur vous et vous aider si vous en avez besoin, mais il n&rsquo;y a pas de pression d\u2019essayer quelque chose de nouveau chaque jour &#8211; prendre le temps de rider et de renforcer vos aptitudes vous permettra de progresser.[\/vc_column_text][\/vc_tta_section][\/vc_tta_accordion][vc_column_text el_id=\u00a0\u00bbaccommodation_faq\u00a0\u00bb el_class=\u00a0\u00bbfaq_title\u00a0\u00bb]\n<h2>Logement<\/h2>\n[\/vc_column_text][vc_tta_accordion color=\u00a0\u00bbwhite\u00a0\u00bb c_icon=\u00a0\u00bbchevron\u00a0\u00bb active_section=\u00a0\u00bb0&Prime; no_fill=\u00a0\u00bbtrue\u00a0\u00bb collapsible_all=\u00a0\u00bbtrue\u00a0\u00bb css=\u00a0\u00bb.vc_custom_1627137875490{background-color: #ffffff !important;}\u00a0\u00bb el_class=\u00a0\u00bbfaq_accordion\u00a0\u00bb][vc_tta_section title=\u00a0\u00bbQuel est le meilleur endroit pour se loger?\u00a0\u00bb tab_id=\u00a0\u00bb1627137098925-68c1f472-c4b6&Prime;][vc_column_text]Il existe de nombreuses possibilit\u00e9s d&rsquo;h\u00e9bergement, et il y en a pour tous les go\u00fbts. Vous pouvez voir quelques options recommand\u00e9es par d&rsquo;anciens \u00e9tudiants sur notre <a title=\"Logement\" href=\"https:\/\/414kiting.com\/fr\/logement\">page h\u00e9bergement<\/a>.[\/vc_column_text][\/vc_tta_section][\/vc_tta_accordion][\/vc_column][vc_column width=\u00a0\u00bb1\/6&Prime;][\/vc_column][\/vc_row][\/vc_section]\n<\/div>","protected":false},"excerpt":{"rendered":"<p>[vc_section full_width=\u00a0\u00bbstretch_row\u00a0\u00bb wpex_bg_overlay=\u00a0\u00bbdark\u00a0\u00bb wpex_fixed_bg=\u00a0\u00bbfixed-top\u00a0\u00bb css=\u00a0\u00bb.vc_custom_1718792861296{margin-top: 0px !important;margin-right: 0px !important;margin-bottom: 0px !important;margin-left: 0px !important;background-image: url(https:\/\/414kiting.com\/wp-content\/uploads\/2020\/03\/Bandits.jpg?id=2969) !important;background-position: center !important;background-repeat: no-repeat !important;background-size: cover !important;}\u00a0\u00bb wpex_bg_position=\u00a0\u00bbtop\u00a0\u00bb wpex_bg_size=\u00a0\u00bbcover\u00a0\u00bb wpex_bg_overlay_color=\u00a0\u00bbrgba(0,0,0,0.8)\u00a0\u00bb][vc_row content_placement=\u00a0\u00bbmiddle\u00a0\u00bb min_height=\u00a0\u00bb0&Prime; css=\u00a0\u00bb.vc_custom_1627374425996{padding-top: 2em !important;padding-bottom: 2em !important;}\u00a0\u00bb wpex_zindex=\u00a0\u00bb50&Prime;][vc_column min_height=\u00a0\u00bb0&Prime;][vc_column_text css=\u00a0\u00bb.vc_custom_1707134808262{padding-top: 20px !important;padding-bottom: 20px !important;}\u00a0\u00bb text_align=\u00a0\u00bbcenter\u00a0\u00bb el_id=\u00a0\u00bbihavequestions_title\u00a0\u00bb] R\u00e9ponses aux questions les plus fr\u00e9quemment pos\u00e9es&#8230; [\/vc_column_text][vc_column_text] Le\u00e7onsPr\u00e9visions m\u00e9t\u00e9orologiques &amp; de ventAnnulation &amp; changementsOptions&hellip;<\/p>\n","protected":false},"author":1,"featured_media":0,"parent":0,"menu_order":0,"comment_status":"closed","ping_status":"closed","template":"templates\/no-sidebar.php","meta":{"_sitemap_exclude":false,"_sitemap_priority":"","_sitemap_frequency":"","_monsterinsights_skip_tracking":false,"_monsterinsights_sitenote_active":false,"_monsterinsights_sitenote_note":"","_monsterinsights_sitenote_category":0,"footnotes":""},"class_list":["post-564","page","type-page","status-publish","hentry","entry","no-media"],"aioseo_notices":[],"_links":{"self":[{"href":"https:\/\/414kiting.com\/fr\/wp-json\/wp\/v2\/pages\/564","targetHints":{"allow":["GET"]}}],"collection":[{"href":"https:\/\/414kiting.com\/fr\/wp-json\/wp\/v2\/pages"}],"about":[{"href":"https:\/\/414kiting.com\/fr\/wp-json\/wp\/v2\/types\/page"}],"author":[{"embeddable":true,"href":"https:\/\/414kiting.com\/fr\/wp-json\/wp\/v2\/users\/1"}],"replies":[{"embeddable":true,"href":"https:\/\/414kiting.com\/fr\/wp-json\/wp\/v2\/comments?post=564"}],"version-history":[{"count":14,"href":"https:\/\/414kiting.com\/fr\/wp-json\/wp\/v2\/pages\/564\/revisions"}],"predecessor-version":[{"id":8768,"href":"https:\/\/414kiting.com\/fr\/wp-json\/wp\/v2\/pages\/564\/revisions\/8768"}],"wp:attachment":[{"href":"https:\/\/414kiting.com\/fr\/wp-json\/wp\/v2\/media?parent=564"}],"curies":[{"name":"wp","href":"https:\/\/api.w.org\/{rel}","templated":true}]}}