{"id":515,"date":"2015-12-23T16:04:44","date_gmt":"2015-12-23T16:04:44","guid":{"rendered":"http:\/\/develop.414kiting.com\/?page_id=515&#038;lang=fr"},"modified":"2025-05-09T10:38:32","modified_gmt":"2025-05-09T10:38:32","slug":"kitesurf-coaching","status":"publish","type":"page","link":"https:\/\/414kiting.com\/fr\/kitesurf-coaching\/","title":{"rendered":"Kitesurf coaching"},"content":{"rendered":"<div class=\"wpb-content-wrapper\">[vc_row column_spacing=\u00a0\u00bb0px\u00a0\u00bb equal_height=\u00a0\u00bbyes\u00a0\u00bb wpex_bg_overlay=\u00a0\u00bbcustom\u00a0\u00bb css=\u00a0\u00bb.vc_custom_1583415505445{margin-top: 0px !important;margin-right: 0px !important;margin-bottom: 0px !important;margin-left: 0px !important;border-top-width: 0px !important;border-right-width: 0px !important;border-bottom-width: 0px !important;border-left-width: 0px !important;padding-top: 0px !important;padding-right: 0px !important;padding-bottom: 0px !important;padding-left: 0px !important;background-image: url(https:\/\/414kiting.com\/wp-content\/uploads\/2015\/12\/kiteschool.jpg?id=1030) !important;background-position: center !important;background-repeat: no-repeat !important;background-size: cover !important;}\u00a0\u00bb min_height=\u00a0\u00bb500px\u00a0\u00bb wpex_bg_overlay_color=\u00a0\u00bbrgba(255,255,255,0.01)\u00a0\u00bb][vc_column width=\u00a0\u00bb1\/2&Prime; min_height=\u00a0\u00bb100%\u00a0\u00bb css=\u00a0\u00bb.vc_custom_1707131999707{padding-top: 5% !important;padding-right: 5% !important;padding-bottom: 5% !important;padding-left: 5% !important;background-color: rgba(0,0,0,0.8) !important;background-position: center !important;background-repeat: no-repeat !important;background-size: cover !important;*background-color: rgb(0,0,0) !important;}\u00a0\u00bb][vc_column_text css_animation=\u00a0\u00bbfadeIn\u00a0\u00bb responsive_text=\u00a0\u00bbtrue\u00a0\u00bb css=\u00a0\u00bb.vc_custom_1707132009821{padding-bottom: 10px !important;}\u00a0\u00bb color=\u00a0\u00bb#ffffff\u00a0\u00bb]\n<h1 style=\"text-align: left;\">Kitesurf coaching et le\u00e7ons avanc\u00e9s<\/h1>\n<div class=\"vcex-teaser-text clr\">\n<p>Nos sessions coaching et le\u00e7ons avanc\u00e9s de kitesurf sont parfaites pour les riders plus avanc\u00e9es qui ont besoin de plus d&rsquo;espace pour pratiquer de nouvelles et meilleures figures.<\/p>\n<p><span style=\"font-weight: 400;\">Si vous savez d\u00e9j\u00e0 rider dans les deux directions et que vous remontez au vent sans probl\u00e8mes, mais que vous souhaitez apprendre \u00e0 faire vos premi\u00e8res transitions comme un pro, apprendre \u00e0 sauter ou m\u00eame essayer le strapless, alors le cours de \u201ccoaching\u201d est pour vous. Nous voyons \u00e9norm\u00e9ment de rider qui ont acquis les bases mais qui ont du mal \u00e0 savoir que faire ensuite &#8211; c\u2019est ce pour quoi les sessions de coaching sont faites!<\/span><\/p>\n<h2>Qu&rsquo;est-ce-qui est inclus:<\/h2>\n<ul>\n<li>Garantie &lsquo;no-wind-no-fee&rsquo;<\/li>\n<li>Temps illimit\u00e9 dans l&rsquo;eau<\/li>\n<li>Tous les \u00e9quipements fournis, y compris la voile, la planche la combinaison, harnais, le gilet de sauvetage, et le casque<\/li>\n<li>Session th\u00e9orique d\u2019une heure (pour les d\u00e9butants complets)<\/li>\n<li>Certification <a href=\"https:\/\/www.ikointl.com\/fr\/cours\" target=\"_blank\" rel=\"noopener noreferrer\">IKO<\/a> \u00e0 la fin de votre cours<\/li>\n<\/ul>\n<\/div>\n[\/vc_column_text]<div class=\"theme-button-block-wrap wpex-block wpex-clear theme-button-wrap wpex-clr\"><a href=\"mailto:hello@414kiting.com\" class=\"vcex-button theme-button clean white medium align-left block wpex-flex-shrink-0\" style=\"background:#00c1cf;color:#ffffff;border:0;margin-top:30px;margin-bottom:30px;width:300px;\" data-wpex-hover='{&quot;background&quot;:&quot;#ffffff&quot;,&quot;color&quot;:&quot;#00c1cf&quot;}'><span class=\"theme-button-inner\">Book a session<\/span><\/a><\/div> [vc_column_text css_animation=\u00a0\u00bbfadeIn\u00a0\u00bb responsive_text=\u00a0\u00bbtrue\u00a0\u00bb css=\u00a0\u00bb.vc_custom_1718790351953{padding-bottom: 10px !important;}\u00a0\u00bb color=\u00a0\u00bb#ffffff\u00a0\u00bb]Ce n&rsquo;est pas tout \u00e0 fait ce qu&rsquo;il vous faut ? Nous proposons \u00e9galement des cours de <a href=\"https:\/\/414kiting.com\/fr\/kitefoil\/\">kite foil<\/a> et de <a href=\"https:\/\/414kiting.com\/fr\/lecons_de_wing-foil\/\">wing foil<\/a>, ainsi que des cours de kitesurf <a href=\"https:\/\/414kiting.com\/fr\/cours-collectif-kitesurf\/\">collectifs<\/a> et <a href=\"https:\/\/414kiting.com\/fr\/cours-prives\/\">priv\u00e9s<\/a>.[\/vc_column_text][\/vc_column][vc_column width=\u00a0\u00bb1\/2&Prime; css=\u00a0\u00bb.vc_custom_1583416791648{background-position: center !important;background-repeat: no-repeat !important;background-size: cover !important;}\u00a0\u00bb min_height=\u00a0\u00bb100%\u00a0\u00bb][\/vc_column][\/vc_row][vc_row css_animation=\u00a0\u00bbfadeInRight\u00a0\u00bb column_spacing=\u00a0\u00bb0px\u00a0\u00bb equal_height=\u00a0\u00bbyes\u00a0\u00bb css=\u00a0\u00bb.vc_custom_1687689042361{margin-top: 0px !important;margin-right: 0px !important;margin-bottom: 0px !important;margin-left: 0px !important;padding-top: 0px !important;padding-right: 0px !important;padding-bottom: 0px !important;padding-left: 0px !important;background-color: #ffffff !important;}\u00a0\u00bb el_id=\u00a0\u00bbicontext\u00a0\u00bb][vc_column css=\u00a0\u00bb.vc_custom_1583232279744{padding-top: 20px !important;padding-right: 20px !important;padding-bottom: 20px !important;padding-left: 20px !important;}\u00a0\u00bb]<div class=\"vcex-grid-container vcex-module wpex-grid wpex-gap-20 wpex-grid-cols-2 wpex-sm-grid-cols-3 wpex-md-grid-cols-3 wpex-lg-grid-cols-6 wpex-justify-items-center vc_custom_1656422305705\"><div class=\"vcex-module vcex-icon-box vcex-icon-box-two wpex-relative wpex-text-center\"><div class=\"vcex-icon-box-symbol wpex-mb-20\"><div class=\"vcex-icon-box-icon wpex-inline-flex wpex-items-center wpex-justify-center wpex-child-inherit-color wpex-text-center wpex-leading-none wpex-text-black\" style=\"color:#00c1cf;\"><span class=\"fas fa-water\" aria-hidden=\"true\"><\/span><\/div><\/div><div class=\"vcex-icon-box-text\"><h2 class=\"vcex-icon-box-heading wpex-heading wpex-text-md wpex-mb-10\" style=\"color:#000000;\">Unbeatable learning space<\/h2><div class=\"vcex-icon-box-content wpex-last-mb-0 wpex-clr\" style=\"color:#000000;\"><hr class=\"iconhr\" \/>\n<\/div><\/div><\/div><div class=\"vcex-module vcex-icon-box vcex-icon-box-two wpex-relative wpex-text-center\"><div class=\"vcex-icon-box-symbol wpex-mb-20\"><div class=\"vcex-icon-box-icon wpex-inline-flex wpex-items-center wpex-justify-center wpex-child-inherit-color wpex-text-center wpex-leading-none wpex-text-black\" style=\"color:#00c1cf;\"><span class=\"fas fa-sun\" aria-hidden=\"true\"><\/span><\/div><\/div><div class=\"vcex-icon-box-text\"><h2 class=\"vcex-icon-box-heading wpex-heading wpex-text-md wpex-mb-10\" style=\"color:#000000;\">Environnement d'apprentissage s\u00fbr<\/h2><div class=\"vcex-icon-box-content wpex-last-mb-0 wpex-clr\" style=\"color:#000000;\"><hr class=\"iconhr\" \/>\n<\/div><\/div><\/div><div class=\"vcex-module vcex-icon-box vcex-icon-box-two wpex-relative wpex-text-center\"><div class=\"vcex-icon-box-symbol wpex-mb-20\"><div class=\"vcex-icon-box-icon wpex-inline-flex wpex-items-center wpex-justify-center wpex-child-inherit-color wpex-text-center wpex-leading-none wpex-text-black\" style=\"color:#00c1cf;\"><span class=\"fas fa-ship\" aria-hidden=\"true\"><\/span><\/div><\/div><div class=\"vcex-icon-box-text\"><h2 class=\"vcex-icon-box-heading wpex-heading wpex-text-md wpex-mb-10\" style=\"color:#000000;\">Assistance bateau<\/h2><div class=\"vcex-icon-box-content wpex-last-mb-0 wpex-clr\" style=\"color:#000000;\"><hr class=\"iconhr\" \/>\n<\/div><\/div><\/div><div class=\"vcex-module vcex-icon-box vcex-icon-box-two wpex-relative wpex-text-center\"><div class=\"vcex-icon-box-symbol wpex-mb-20\"><div class=\"vcex-icon-box-icon wpex-inline-flex wpex-items-center wpex-justify-center wpex-child-inherit-color wpex-text-center wpex-leading-none wpex-text-black\" style=\"color:#00c1cf;\"><span class=\"fas fa-broadcast-tower\" aria-hidden=\"true\"><\/span><\/div><\/div><div class=\"vcex-icon-box-text\"><h2 class=\"vcex-icon-box-heading wpex-heading wpex-text-md wpex-mb-10\" style=\"color:#000000;\">Enseignement assist\u00e9 par radio<\/h2><div class=\"vcex-icon-box-content wpex-last-mb-0 wpex-clr\" style=\"color:#000000;\"><hr class=\"iconhr\" \/>\n<\/div><\/div><\/div><div class=\"vcex-module vcex-icon-box vcex-icon-box-two wpex-relative wpex-text-center\"><div class=\"vcex-icon-box-symbol wpex-mb-20\"><div class=\"vcex-icon-box-icon wpex-inline-flex wpex-items-center wpex-justify-center wpex-child-inherit-color wpex-text-center wpex-leading-none wpex-text-black\" style=\"color:#00c1cf;\"><span class=\"fas fa-users\" aria-hidden=\"true\"><\/span><\/div><\/div><div class=\"vcex-icon-box-text\"><h2 class=\"vcex-icon-box-heading wpex-heading wpex-text-md wpex-mb-10\" style=\"color:#000000;\">3 \u00e9tudiants max par groupe<\/h2><div class=\"vcex-icon-box-content wpex-last-mb-0 wpex-clr\" style=\"color:#000000;\"><hr class=\"iconhr\" \/>\n<\/div><\/div><\/div><div class=\"vcex-module vcex-icon-box vcex-icon-box-two wpex-relative wpex-text-center\"><div class=\"vcex-icon-box-symbol wpex-mb-20\"><div class=\"vcex-icon-box-icon wpex-inline-flex wpex-items-center wpex-justify-center wpex-child-inherit-color wpex-text-center wpex-leading-none wpex-text-black\" style=\"color:#00c1cf;\"><span class=\"fas fa-check\" aria-hidden=\"true\"><\/span><\/div><\/div><div class=\"vcex-icon-box-text\"><h2 class=\"vcex-icon-box-heading wpex-heading wpex-text-md wpex-mb-10\" style=\"color:#000000;\">Moniteurs qualifi\u00e9s<\/h2><div class=\"vcex-icon-box-content wpex-last-mb-0 wpex-clr\" style=\"color:#000000;\"><hr class=\"iconhr\" \/>\n<\/div><\/div><\/div><\/div>[\/vc_column][\/vc_row][vc_row 0=\u00a0\u00bb\u00a0\u00bb column_spacing=\u00a0\u00bb0px\u00a0\u00bb equal_height=\u00a0\u00bbyes\u00a0\u00bb css=\u00a0\u00bb.vc_custom_1718790640715{background-position: center !important;background-repeat: no-repeat !important;background-size: cover !important;}\u00a0\u00bb wpex_bg_position=\u00a0\u00bbcenter right\u00a0\u00bb][vc_column width=\u00a0\u00bb1\/2&Prime; css=\u00a0\u00bb.vc_custom_1718790660526{background-image: url(https:\/\/414kiting.com\/wp-content\/uploads\/2021\/11\/Screenshot-2021-11-21-at-09.00.59-1.png?id=6210) !important;background-position: center !important;background-repeat: no-repeat !important;background-size: cover !important;}\u00a0\u00bb wpex_bg_position=\u00a0\u00bbbottom right\u00a0\u00bb][\/vc_column][vc_column width=\u00a0\u00bb1\/2&Prime; css=\u00a0\u00bb.vc_custom_1718790634190{padding-top: 5% !important;padding-right: 5% !important;padding-bottom: 5% !important;padding-left: 5% !important;background-color: #000000 !important;background-position: center !important;background-repeat: no-repeat !important;background-size: cover !important;}\u00a0\u00bb][vc_column_text css_animation=\u00a0\u00bbfadeIn\u00a0\u00bb responsive_text=\u00a0\u00bbtrue\u00a0\u00bb css=\u00a0\u00bb.vc_custom_1718790840821{padding-bottom: 10px !important;}\u00a0\u00bb color=\u00a0\u00bb#ffffff\u00a0\u00bb]\n<h2>Prix<\/h2>\n<h3 class=\"vcex-teaser-heading\">\u20ac225\/personne\/jour<\/h3>\n<div class=\"vcex-teaser-text clr\">\n<p><span style=\"font-weight: 400;\">Durant les sessions de \u201ccoaching\u201d vous b\u00e9n\u00e9ficierez de tout le savoir de nos moniteurs qualifi\u00e9s, qui feront tout pour vous faire passer un cap! <\/span><span style=\"font-weight: 400;\">Pour se greffer \u00e0 un groupe de coaching il faut imp\u00e9rativement savoir remonter au vent dans tous types de conditions (<a href=\"https:\/\/www.ikointl.com\/fr\/cours\/kitesurf\/independent\" target=\"_blank\" rel=\"noopener noreferrer\">IKO niveau 3K<\/a>\/<a href=\"https:\/\/www.vdws.de\/en\/basic-licence-cards\/kitesurfing\/\" target=\"_blank\" rel=\"noopener noreferrer\">VDWS niveau 5<\/a>). Si vous n\u2019\u00eates pas s\u00fbr, alors regardez nos <a title=\"Cours collectif kitesurf\" href=\"https:\/\/414kiting.com\/fr\/cours-collectif-kitesurf\/\">cours collectifs<\/a> ou nos <a title=\"Cours Priv\u00e9s\" href=\"https:\/\/414kiting.com\/fr\/cours-prives\/\">cours priv\u00e9s<\/a>.<\/span><\/p>\n<h2>Structure des sessions<\/h2>\n<p>Nous nous retrouvons \u00e0 11 heures, nous nous \u00e9quipons et nous prenons les bateaux vers le sud jusqu&rsquo;au spot de kite (environ 10 minutes de route). Le vent commence normalement \u00e0 souffler vers midi. En fonction de vos objectifs, nous pouvons \u00e9galement faire un peu de th\u00e9orie sur terre avant de partir, afin que vous ayez une base solide pour travailler.<\/p>\n<p>Sur l&rsquo;eau, nous vous ferons monter sur un cerf-volant d\u00e8s que le vent se l\u00e8vera. Chacun dispose de sa propre aile pour la dur\u00e9e de la session, ce qui vous permet d&rsquo;avoir un maximum de temps pour progresser. Nous examinerons o\u00f9 vous en \u00eates dans votre pratique, et travaillerons \u00e0 perfectionner vos comp\u00e9tences et \u00e0 vous aider \u00e0 atteindre vos objectifs.<\/p>\n<p>La plupart des gens roulent environ 3 heures avant d&rsquo;\u00e9puiser leur \u00e9nergie, et nous sommes g\u00e9n\u00e9ralement de retour au port entre 16 et 17 heures.<\/p>\n<p>\u00c0 la fin de votre session, nous vous inscrirons pour obtenir une <a title=\"Licence International Kiteboarding Organisation\" href=\"https:\/\/www.ikointl.com\/fr\">licence IKO internationalement<\/a> reconnue qui confirme votre niveau de comp\u00e9tence. Vous en avez d\u00e9j\u00e0 une ? Nous pouvons la mettre \u00e0 jour pour montrer votre progression. De nombreux sites de location de kitesurf dans le monde exigent cette certification avant de vous louer du mat\u00e9riel.<\/p>\n<h2><strong>Ce que vous devez emporter avec vous:<\/strong><\/h2>\n<ul class=\"list check check-list\">\n<li>Cr\u00e8me solaire<\/li>\n<li>De l\u2019eau<\/li>\n<li>Un petit ravitaillement si la faim montre le bout de son nez!<\/li>\n<\/ul>\n<h3><strong>Pas ce que vous recherchiez ? Voire nos autres options:<\/strong><\/h3>\n<\/div>\n[\/vc_column_text]<div class=\"vcex-multi-buttons wpex-flex wpex-flex-wrap wpex-items-center wpex-gap-10 wpex-justify-start\"><a href=\"https:\/\/414kiting.com\/fr\/cours-prives\/\" title=\"Private Lessons\" class=\"theme-button outline white vcex-count-1\">Cours priv\u00e9s kitesurf<\/a><a href=\"https:\/\/414kiting.com\/fr\/cours-collectif-kitesurf\/\" title=\"Private Lessons\" class=\"theme-button outline white vcex-count-2\">Cours collectif kitesurf<\/a><a href=\"https:\/\/414kiting.com\/fr\/cours-kitesurf-debutants\/\" title=\"Private Lessons\" class=\"theme-button outline white vcex-count-3\">Cours d\u00e9butants kitesurf<\/a><a href=\"https:\/\/414kiting.com\/fr\/lecons_de_wing-foil\/\" title=\"Wing Foil Lessons\" class=\"theme-button outline white vcex-count-4\">Wing foil<\/a><a href=\"https:\/\/414kiting.com\/fr\/kitefoil\/\" title=\"Kite Foil Lessons\" class=\"theme-button outline white vcex-count-5\">Kite foil<\/a><\/div>[\/vc_column][\/vc_row]\n<\/div>","protected":false},"excerpt":{"rendered":"<p>[vc_row column_spacing=\u00a0\u00bb0px\u00a0\u00bb equal_height=\u00a0\u00bbyes\u00a0\u00bb wpex_bg_overlay=\u00a0\u00bbcustom\u00a0\u00bb css=\u00a0\u00bb.vc_custom_1583415505445{margin-top: 0px !important;margin-right: 0px !important;margin-bottom: 0px !important;margin-left: 0px !important;border-top-width: 0px !important;border-right-width: 0px !important;border-bottom-width: 0px !important;border-left-width: 0px !important;padding-top: 0px !important;padding-right: 0px !important;padding-bottom: 0px !important;padding-left: 0px !important;background-image: url(https:\/\/414kiting.com\/wp-content\/uploads\/2015\/12\/kiteschool.jpg?id=1030) !important;background-position: center !important;background-repeat: no-repeat !important;background-size: cover !important;}\u00a0\u00bb min_height=\u00a0\u00bb500px\u00a0\u00bb wpex_bg_overlay_color=\u00a0\u00bbrgba(255,255,255,0.01)\u00a0\u00bb][vc_column width=\u00a0\u00bb1\/2&Prime; min_height=\u00a0\u00bb100%\u00a0\u00bb css=\u00a0\u00bb.vc_custom_1707131999707{padding-top: 5% !important;padding-right: 5% !important;padding-bottom: 5% !important;padding-left: 5% !important;background-color: rgba(0,0,0,0.8) !important;background-position: center !important;background-repeat: no-repeat&hellip;<\/p>\n","protected":false},"author":1,"featured_media":0,"parent":0,"menu_order":0,"comment_status":"closed","ping_status":"closed","template":"templates\/no-sidebar.php","meta":{"_sitemap_exclude":false,"_sitemap_priority":"","_sitemap_frequency":"","_monsterinsights_skip_tracking":false,"_monsterinsights_sitenote_active":false,"_monsterinsights_sitenote_note":"","_monsterinsights_sitenote_category":0,"footnotes":""},"class_list":["post-515","page","type-page","status-publish","hentry","entry","no-media"],"aioseo_notices":[],"_links":{"self":[{"href":"https:\/\/414kiting.com\/fr\/wp-json\/wp\/v2\/pages\/515","targetHints":{"allow":["GET"]}}],"collection":[{"href":"https:\/\/414kiting.com\/fr\/wp-json\/wp\/v2\/pages"}],"about":[{"href":"https:\/\/414kiting.com\/fr\/wp-json\/wp\/v2\/types\/page"}],"author":[{"embeddable":true,"href":"https:\/\/414kiting.com\/fr\/wp-json\/wp\/v2\/users\/1"}],"replies":[{"embeddable":true,"href":"https:\/\/414kiting.com\/fr\/wp-json\/wp\/v2\/comments?post=515"}],"version-history":[{"count":60,"href":"https:\/\/414kiting.com\/fr\/wp-json\/wp\/v2\/pages\/515\/revisions"}],"predecessor-version":[{"id":9172,"href":"https:\/\/414kiting.com\/fr\/wp-json\/wp\/v2\/pages\/515\/revisions\/9172"}],"wp:attachment":[{"href":"https:\/\/414kiting.com\/fr\/wp-json\/wp\/v2\/media?parent=515"}],"curies":[{"name":"wp","href":"https:\/\/api.w.org\/{rel}","templated":true}]}}