{"id":4438,"date":"2020-03-31T13:44:19","date_gmt":"2020-03-31T13:44:19","guid":{"rendered":"http:\/\/414kiting.com\/shop"},"modified":"2023-03-07T07:17:33","modified_gmt":"2023-03-07T07:17:33","slug":"shop","status":"publish","type":"page","link":"https:\/\/414kiting.com\/fr\/shop\/","title":{"rendered":"Shop"},"content":{"rendered":"<div class=\"wpb-content-wrapper\">[vc_row equal_height=\u00a0\u00bbyes\u00a0\u00bb css=\u00a0\u00bb.vc_custom_1585737052367{padding-top: 10px !important;padding-right: 10px !important;padding-bottom: 10px !important;padding-left: 10px !important;background-color: #ffffff !important;}\u00a0\u00bb][vc_column width=\u00a0\u00bb1\/4&Prime;][vc_column_text responsive_text=\u00a0\u00bbtrue\u00a0\u00bb color=\u00a0\u00bb#000000&Prime;]\n<h3 style=\"text-align: left; font-size: 4rem;\">EQUIPEMENT SECONDE-MAIN<\/h3>\n<hr class=\"longtitlehr\" style=\"color: black;\" \/>\n<hr class=\"shorttitlehr\" style=\"color: black;\" \/>\n<p><span style=\"font-weight: 400;\">Tout notre \u00e9quipement seconde main a \u00e9t\u00e9 utilis\u00e9 au maximum une saison, et seulement en eau douce au lac de C\u00f4me. Nous prenons soin de notre \u00e9quipement: il n\u2019est jamais laiss\u00e9 au soleil ou sur la plage, et n\u2019est jamais en contact avec le sol (sauf quand nous pr\u00e9parons l\u2019\u00e9quipement tous les jours!). Qu\u2019est ce que cela veut dire? Que les kites ont encore une belle vie devant eux si vous en prenez soin aussi!<\/span><\/p>\n<p><span style=\"font-weight: 400;\">Vous ne trouvez pas ce que vous cherchez? \u00c9crivez nous![\/vc_column_text]<a id=\"shopcontactbutton\" href=\"https:\/\/wa.me\/41787327295\" class=\"vcex-button theme-button outline black align-left inline\" target=\"_blank\" rel=\"noopener noreferrer\"><span class=\"theme-button-inner\">Get in touch!<\/span><\/a> [\/vc_column][vc_column typography_style=\u00a0\u00bbblack\u00a0\u00bb width=\u00a0\u00bb3\/4&Prime;][vc_media_grid style=\u00a0\u00bblazy\u00a0\u00bb items_per_page=\u00a0\u00bb20&Prime; element_width=\u00a0\u00bb3&Prime; item=\u00a0\u00bb4568&Prime; grid_id=\u00a0\u00bbvc_gid:1678173420437-81390272-5e35-0&Prime; include=\u00a0\u00bb5566,5558,6420,6412,6396,6453,6368,4316,6372,6376,6384,6380,6424,6404,6392,6449,7334&Prime; el_id=\u00a0\u00bbshopgrid\u00a0\u00bb][\/vc_column][\/vc_row][vc_row][vc_column][vc_column_text]<\/span>[\/vc_column_text][\/vc_column][\/vc_row]\n<\/div>","protected":false},"excerpt":{"rendered":"<p>[vc_row equal_height=\u00a0\u00bbyes\u00a0\u00bb css=\u00a0\u00bb.vc_custom_1585737052367{padding-top: 10px !important;padding-right: 10px !important;padding-bottom: 10px !important;padding-left: 10px !important;background-color: #ffffff !important;}\u00a0\u00bb][vc_column width=\u00a0\u00bb1\/4&Prime;][vc_column_text responsive_text=\u00a0\u00bbtrue\u00a0\u00bb color=\u00a0\u00bb#000000&Prime;] EQUIPEMENT SECONDE-MAIN Tout notre \u00e9quipement seconde main a \u00e9t\u00e9 utilis\u00e9 au maximum une saison, et seulement en eau douce au lac de C\u00f4me. Nous prenons soin de notre \u00e9quipement: il n\u2019est jamais laiss\u00e9 au soleil ou sur la plage,&hellip;<\/p>\n","protected":false},"author":2,"featured_media":0,"parent":0,"menu_order":0,"comment_status":"closed","ping_status":"closed","template":"templates\/no-sidebar.php","meta":{"_sitemap_exclude":false,"_sitemap_priority":"","_sitemap_frequency":"","_monsterinsights_skip_tracking":false,"_monsterinsights_sitenote_active":false,"_monsterinsights_sitenote_note":"","_monsterinsights_sitenote_category":0,"footnotes":""},"class_list":["post-4438","page","type-page","status-publish","hentry","entry","no-media"],"aioseo_notices":[],"_links":{"self":[{"href":"https:\/\/414kiting.com\/fr\/wp-json\/wp\/v2\/pages\/4438","targetHints":{"allow":["GET"]}}],"collection":[{"href":"https:\/\/414kiting.com\/fr\/wp-json\/wp\/v2\/pages"}],"about":[{"href":"https:\/\/414kiting.com\/fr\/wp-json\/wp\/v2\/types\/page"}],"author":[{"embeddable":true,"href":"https:\/\/414kiting.com\/fr\/wp-json\/wp\/v2\/users\/2"}],"replies":[{"embeddable":true,"href":"https:\/\/414kiting.com\/fr\/wp-json\/wp\/v2\/comments?post=4438"}],"version-history":[{"count":23,"href":"https:\/\/414kiting.com\/fr\/wp-json\/wp\/v2\/pages\/4438\/revisions"}],"predecessor-version":[{"id":7339,"href":"https:\/\/414kiting.com\/fr\/wp-json\/wp\/v2\/pages\/4438\/revisions\/7339"}],"wp:attachment":[{"href":"https:\/\/414kiting.com\/fr\/wp-json\/wp\/v2\/media?parent=4438"}],"curies":[{"name":"wp","href":"https:\/\/api.w.org\/{rel}","templated":true}]}}