{"id":3547,"date":"2020-03-04T19:17:08","date_gmt":"2020-03-04T19:17:08","guid":{"rendered":"http:\/\/414kiting.com\/foil-and-wingsurf"},"modified":"2025-05-09T10:38:57","modified_gmt":"2025-05-09T10:38:57","slug":"kitefoil","status":"publish","type":"page","link":"https:\/\/414kiting.com\/fr\/kitefoil\/","title":{"rendered":"Le\u00e7ons de kite foil"},"content":{"rendered":"<div class=\"wpb-content-wrapper\">[vc_row column_spacing=\u00a0\u00bb0px\u00a0\u00bb equal_height=\u00a0\u00bbyes\u00a0\u00bb css=\u00a0\u00bb.vc_custom_1656928688090{margin-top: 0px !important;margin-right: 0px !important;margin-bottom: 0px !important;margin-left: 0px !important;border-top-width: 0px !important;border-right-width: 0px !important;border-bottom-width: 0px !important;border-left-width: 0px !important;padding-top: 0px !important;padding-right: 0px !important;padding-bottom: 0px !important;padding-left: 0px !important;background-image: url(https:\/\/414kiting.com\/wp-content\/uploads\/2022\/05\/Foiling-Lake-Como-2.png?id=6280) !important;background-position: center !important;background-repeat: no-repeat !important;background-size: cover !important;}\u00a0\u00bb min_height=\u00a0\u00bb500px\u00a0\u00bb][vc_column width=\u00a0\u00bb1\/2&Prime; min_height=\u00a0\u00bb100%\u00a0\u00bb css=\u00a0\u00bb.vc_custom_1707132748201{padding-top: 5% !important;padding-right: 5% !important;padding-bottom: 5% !important;padding-left: 5% !important;background-color: rgba(0,0,0,0.8) !important;background-position: center !important;background-repeat: no-repeat !important;background-size: cover !important;*background-color: rgb(0,0,0) !important;}\u00a0\u00bb][vc_column_text css_animation=\u00a0\u00bbfadeIn\u00a0\u00bb responsive_text=\u00a0\u00bbtrue\u00a0\u00bb css=\u00a0\u00bb.vc_custom_1707132799760{padding-bottom: 10px !important;}\u00a0\u00bb color=\u00a0\u00bb#ffffff\u00a0\u00bb]\n<h1>Remettez le fun dans les sessions light avec le\u00e7ons de kite foil<\/h1>\n<p>Si vous avez ma\u00eetris\u00e9 la planche de surf strapless et que vous pensez \u00eatre pr\u00eat \u00e0 passer \u00e0 la vitesse sup\u00e9rieure en mati\u00e8re de kite, le\u00e7ons de kitefoil est peut-\u00eatre fait pour vous. L&rsquo;apprentissage du kitefoil est un v\u00e9ritable test de vos comp\u00e9tences, en particulier de votre capacit\u00e9 \u00e0 pratiquer le kite dans des conditions de vent l\u00e9ger, mais une fois que vous l&rsquo;aurez ma\u00eetris\u00e9, vous pourrez vous r\u00e9jouir de pouvoir aller sur l&rsquo;eau dans une toute nouvelle gamme de forces de vent.<\/p>\n<p>L&rsquo;apprentissage du kite foil convient aux kiteurs avanc\u00e9s ayant une solide exp\u00e9rience de la planche \u00e0 voile strapless. Si vous \u00eates un kiter de niveau avanc\u00e9 mais que vous n&rsquo;avez pas cette exp\u00e9rience, nous vous recommandons de r\u00e9server d&rsquo;abord une <a href=\"https:\/\/414kiting.com\/fr\/kitesurf-coaching\/\">session de coaching<\/a> en strapless surfboard pour vous permettre d&rsquo;atteindre le niveau n\u00e9cessaire.<\/p>\n<h2>Qu&rsquo;est-ce-qui est inclus:<\/h2>\n<ul>\n<li>Garantie &lsquo;no-wind-no-fee&rsquo;<\/li>\n<li>Temps illimit\u00e9 dans l&rsquo;eau<\/li>\n<li>Tous les \u00e9quipements fournis, y compris la voile, la planche la combinaison, harnais, le gilet de sauvetage, et le casque<\/li>\n<li>Session th\u00e9orique d\u2019une heure (pour les d\u00e9butants complets)<\/li>\n<li>Certification <a href=\"https:\/\/www.ikointl.com\/fr\/cours\" target=\"_blank\" rel=\"noopener noreferrer\">IKO<\/a> \u00e0 la fin de votre cours<\/li>\n<\/ul>\n[\/vc_column_text]<a href=\"mailto:hello@414kiting.com\" class=\"vcex-button theme-button clean white medium align-left inline wpex-flex-shrink-0\" style=\"background:#00c1cf;color:#ffffff;border:0;margin-top:30px;margin-bottom:30px;width:300px;\" data-wpex-hover='{&quot;background&quot;:&quot;#ffffff&quot;,&quot;color&quot;:&quot;#00c1cf&quot;}'><span class=\"theme-button-inner\">Book Now!<\/span><\/a> [\/vc_column][vc_column width=\u00a0\u00bb1\/2&Prime; css=\u00a0\u00bb.vc_custom_1584211760640{background-color: rgba(0,0,0,0.01) !important;*background-color: rgb(0,0,0) !important;}\u00a0\u00bb][\/vc_column][\/vc_row][vc_row css_animation=\u00a0\u00bbfadeInRight\u00a0\u00bb column_spacing=\u00a0\u00bb0px\u00a0\u00bb equal_height=\u00a0\u00bbyes\u00a0\u00bb css=\u00a0\u00bb.vc_custom_1687689042361{margin-top: 0px !important;margin-right: 0px !important;margin-bottom: 0px !important;margin-left: 0px !important;padding-top: 0px !important;padding-right: 0px !important;padding-bottom: 0px !important;padding-left: 0px !important;background-color: #ffffff !important;}\u00a0\u00bb el_id=\u00a0\u00bbicontext\u00a0\u00bb][vc_column css=\u00a0\u00bb.vc_custom_1583232279744{padding-top: 20px !important;padding-right: 20px !important;padding-bottom: 20px !important;padding-left: 20px !important;}\u00a0\u00bb]<div class=\"vcex-grid-container vcex-module wpex-grid wpex-gap-20 wpex-grid-cols-2 wpex-sm-grid-cols-3 wpex-md-grid-cols-3 wpex-lg-grid-cols-6 wpex-justify-items-center vc_custom_1656422305705\"><div class=\"vcex-module vcex-icon-box vcex-icon-box-two wpex-relative wpex-text-center\"><div class=\"vcex-icon-box-symbol wpex-mb-20\"><div class=\"vcex-icon-box-icon wpex-inline-flex wpex-items-center wpex-justify-center wpex-child-inherit-color wpex-text-center wpex-leading-none wpex-text-black\" style=\"color:#00c1cf;\"><span class=\"fas fa-water\" aria-hidden=\"true\"><\/span><\/div><\/div><div class=\"vcex-icon-box-text\"><h2 class=\"vcex-icon-box-heading wpex-heading wpex-text-md wpex-mb-10\" style=\"color:#000000;\">Unbeatable learning space<\/h2><div class=\"vcex-icon-box-content wpex-last-mb-0 wpex-clr\" style=\"color:#000000;\"><hr class=\"iconhr\" \/>\n<\/div><\/div><\/div><div class=\"vcex-module vcex-icon-box vcex-icon-box-two wpex-relative wpex-text-center\"><div class=\"vcex-icon-box-symbol wpex-mb-20\"><div class=\"vcex-icon-box-icon wpex-inline-flex wpex-items-center wpex-justify-center wpex-child-inherit-color wpex-text-center wpex-leading-none wpex-text-black\" style=\"color:#00c1cf;\"><span class=\"fas fa-sun\" aria-hidden=\"true\"><\/span><\/div><\/div><div class=\"vcex-icon-box-text\"><h2 class=\"vcex-icon-box-heading wpex-heading wpex-text-md wpex-mb-10\" style=\"color:#000000;\">Environnement d'apprentissage s\u00fbr<\/h2><div class=\"vcex-icon-box-content wpex-last-mb-0 wpex-clr\" style=\"color:#000000;\"><hr class=\"iconhr\" \/>\n<\/div><\/div><\/div><div class=\"vcex-module vcex-icon-box vcex-icon-box-two wpex-relative wpex-text-center\"><div class=\"vcex-icon-box-symbol wpex-mb-20\"><div class=\"vcex-icon-box-icon wpex-inline-flex wpex-items-center wpex-justify-center wpex-child-inherit-color wpex-text-center wpex-leading-none wpex-text-black\" style=\"color:#00c1cf;\"><span class=\"fas fa-ship\" aria-hidden=\"true\"><\/span><\/div><\/div><div class=\"vcex-icon-box-text\"><h2 class=\"vcex-icon-box-heading wpex-heading wpex-text-md wpex-mb-10\" style=\"color:#000000;\">Assistance bateau<\/h2><div class=\"vcex-icon-box-content wpex-last-mb-0 wpex-clr\" style=\"color:#000000;\"><hr class=\"iconhr\" \/>\n<\/div><\/div><\/div><div class=\"vcex-module vcex-icon-box vcex-icon-box-two wpex-relative wpex-text-center\"><div class=\"vcex-icon-box-symbol wpex-mb-20\"><div class=\"vcex-icon-box-icon wpex-inline-flex wpex-items-center wpex-justify-center wpex-child-inherit-color wpex-text-center wpex-leading-none wpex-text-black\" style=\"color:#00c1cf;\"><span class=\"fas fa-broadcast-tower\" aria-hidden=\"true\"><\/span><\/div><\/div><div class=\"vcex-icon-box-text\"><h2 class=\"vcex-icon-box-heading wpex-heading wpex-text-md wpex-mb-10\" style=\"color:#000000;\">Enseignement assist\u00e9 par radio<\/h2><div class=\"vcex-icon-box-content wpex-last-mb-0 wpex-clr\" style=\"color:#000000;\"><hr class=\"iconhr\" \/>\n<\/div><\/div><\/div><div class=\"vcex-module vcex-icon-box vcex-icon-box-two wpex-relative wpex-text-center\"><div class=\"vcex-icon-box-symbol wpex-mb-20\"><div class=\"vcex-icon-box-icon wpex-inline-flex wpex-items-center wpex-justify-center wpex-child-inherit-color wpex-text-center wpex-leading-none wpex-text-black\" style=\"color:#00c1cf;\"><span class=\"fas fa-users\" aria-hidden=\"true\"><\/span><\/div><\/div><div class=\"vcex-icon-box-text\"><h2 class=\"vcex-icon-box-heading wpex-heading wpex-text-md wpex-mb-10\" style=\"color:#000000;\">3 \u00e9tudiants max par groupe<\/h2><div class=\"vcex-icon-box-content wpex-last-mb-0 wpex-clr\" style=\"color:#000000;\"><hr class=\"iconhr\" \/>\n<\/div><\/div><\/div><div class=\"vcex-module vcex-icon-box vcex-icon-box-two wpex-relative wpex-text-center\"><div class=\"vcex-icon-box-symbol wpex-mb-20\"><div class=\"vcex-icon-box-icon wpex-inline-flex wpex-items-center wpex-justify-center wpex-child-inherit-color wpex-text-center wpex-leading-none wpex-text-black\" style=\"color:#00c1cf;\"><span class=\"fas fa-check\" aria-hidden=\"true\"><\/span><\/div><\/div><div class=\"vcex-icon-box-text\"><h2 class=\"vcex-icon-box-heading wpex-heading wpex-text-md wpex-mb-10\" style=\"color:#000000;\">Moniteurs qualifi\u00e9s<\/h2><div class=\"vcex-icon-box-content wpex-last-mb-0 wpex-clr\" style=\"color:#000000;\"><hr class=\"iconhr\" \/>\n<\/div><\/div><\/div><\/div>[\/vc_column][\/vc_row][vc_row 0=\u00a0\u00bb\u00a0\u00bb column_spacing=\u00a0\u00bb0px\u00a0\u00bb equal_height=\u00a0\u00bbyes\u00a0\u00bb css=\u00a0\u00bb.vc_custom_1656929353057{background-position: center !important;background-repeat: no-repeat !important;background-size: cover !important;}\u00a0\u00bb wpex_bg_position=\u00a0\u00bbcenter right\u00a0\u00bb][vc_column width=\u00a0\u00bb1\/2&Prime; css=\u00a0\u00bb.vc_custom_1656929374573{background-image: url(https:\/\/414kiting.com\/wp-content\/uploads\/2020\/03\/F-ONE_MADA2019_09735_MattGEORGES.jpg?id=4108) !important;background-position: center !important;background-repeat: no-repeat !important;background-size: cover !important;}\u00a0\u00bb min_height=\u00a0\u00bb200px\u00a0\u00bb][\/vc_column][vc_column width=\u00a0\u00bb1\/2&Prime; css=\u00a0\u00bb.vc_custom_1718794439515{padding-top: 5% !important;padding-right: 5% !important;padding-bottom: 5% !important;padding-left: 5% !important;background-color: #000000 !important;background-position: center !important;background-repeat: no-repeat !important;background-size: cover !important;}\u00a0\u00bb][vc_column_text css_animation=\u00a0\u00bbfadeIn\u00a0\u00bb responsive_text=\u00a0\u00bbtrue\u00a0\u00bb css=\u00a0\u00bb.vc_custom_1707233438140{padding-bottom: 20px !important;}\u00a0\u00bb color=\u00a0\u00bb#ffffff\u00a0\u00bb]\n<h2>Prix &amp; d\u00e9tails pour notre le\u00e7ons de kitefoil<\/h2>\n<h3><strong>Prix: \u20ac250\/personne\/jour<\/strong><\/h3>\n<p>Le kite foiling est une discipline ax\u00e9e sur le vent l\u00e9ger, qui exige que vous ma\u00eetrisiez vos comp\u00e9tences en mati\u00e8re de vol de kite par vent l\u00e9ger. Au cours de nos le\u00e7ons, nous profiterons des conditions l\u00e9g\u00e8res pour vous aider \u00e0 les d\u00e9velopper.<\/p>\n<h3><strong>Ce que vous devez emporter avec vous:<\/strong><\/h3>\n<ul class=\"list check check-list\">\n<li>Cr\u00e8me solaire<\/li>\n<li>De l\u2019eau<\/li>\n<li>Un petit ravitaillement si la faim montre le bout de son nez!<\/li>\n<\/ul>\n<h3><strong>Ce n&rsquo;est pas tout \u00e0 fait ce que vous recherchiez ? Essayez l&rsquo;une de nos autres options :<\/strong><\/h3>\n[\/vc_column_text]<div class=\"vcex-multi-buttons wpex-flex wpex-flex-wrap wpex-items-center wpex-gap-10 wpex-justify-start\"><a href=\"https:\/\/414kiting.com\/fr\/cours-prives\/\" title=\"Private Lessons\" class=\"theme-button outline white vcex-count-1\">Cours priv\u00e9s kitesurf<\/a><a href=\"https:\/\/414kiting.com\/fr\/cours-collectif-kitesurf\/\" title=\"Private Lessons\" class=\"theme-button outline white vcex-count-2\">Cours collectif kitesurf<\/a><a href=\"https:\/\/414kiting.com\/fr\/cours-kitesurf-debutants\/\" title=\"Private Lessons\" class=\"theme-button outline white vcex-count-3\">Cours d\u00e9butants kitesurf<\/a><a href=\"https:\/\/414kiting.com\/fr\/kitesurf-coaching\/\" title=\"Coaching\" class=\"theme-button outline white vcex-count-4\">Kitesurf coaching<\/a><a href=\"https:\/\/414kiting.com\/fr\/lecons_de_wing-foil\/\" title=\"Wing Foil Lessons\" class=\"theme-button outline white vcex-count-5\">Wing foil<\/a><\/div>[\/vc_column][\/vc_row]\n<\/div>","protected":false},"excerpt":{"rendered":"<p>[vc_row column_spacing=\u00a0\u00bb0px\u00a0\u00bb equal_height=\u00a0\u00bbyes\u00a0\u00bb css=\u00a0\u00bb.vc_custom_1656928688090{margin-top: 0px !important;margin-right: 0px !important;margin-bottom: 0px !important;margin-left: 0px !important;border-top-width: 0px !important;border-right-width: 0px !important;border-bottom-width: 0px !important;border-left-width: 0px !important;padding-top: 0px !important;padding-right: 0px !important;padding-bottom: 0px !important;padding-left: 0px !important;background-image: url(https:\/\/414kiting.com\/wp-content\/uploads\/2022\/05\/Foiling-Lake-Como-2.png?id=6280) !important;background-position: center !important;background-repeat: no-repeat !important;background-size: cover !important;}\u00a0\u00bb min_height=\u00a0\u00bb500px\u00a0\u00bb][vc_column width=\u00a0\u00bb1\/2&Prime; min_height=\u00a0\u00bb100%\u00a0\u00bb css=\u00a0\u00bb.vc_custom_1707132748201{padding-top: 5% !important;padding-right: 5% !important;padding-bottom: 5% !important;padding-left: 5% !important;background-color: rgba(0,0,0,0.8) !important;background-position: center !important;background-repeat: no-repeat !important;background-size: cover&hellip;<\/p>\n","protected":false},"author":2,"featured_media":0,"parent":0,"menu_order":0,"comment_status":"closed","ping_status":"closed","template":"templates\/no-sidebar.php","meta":{"_sitemap_exclude":false,"_sitemap_priority":"","_sitemap_frequency":"","_monsterinsights_skip_tracking":false,"_monsterinsights_sitenote_active":false,"_monsterinsights_sitenote_note":"","_monsterinsights_sitenote_category":0,"footnotes":""},"class_list":["post-3547","page","type-page","status-publish","hentry","entry","no-media"],"aioseo_notices":[],"_links":{"self":[{"href":"https:\/\/414kiting.com\/fr\/wp-json\/wp\/v2\/pages\/3547","targetHints":{"allow":["GET"]}}],"collection":[{"href":"https:\/\/414kiting.com\/fr\/wp-json\/wp\/v2\/pages"}],"about":[{"href":"https:\/\/414kiting.com\/fr\/wp-json\/wp\/v2\/types\/page"}],"author":[{"embeddable":true,"href":"https:\/\/414kiting.com\/fr\/wp-json\/wp\/v2\/users\/2"}],"replies":[{"embeddable":true,"href":"https:\/\/414kiting.com\/fr\/wp-json\/wp\/v2\/comments?post=3547"}],"version-history":[{"count":38,"href":"https:\/\/414kiting.com\/fr\/wp-json\/wp\/v2\/pages\/3547\/revisions"}],"predecessor-version":[{"id":9174,"href":"https:\/\/414kiting.com\/fr\/wp-json\/wp\/v2\/pages\/3547\/revisions\/9174"}],"wp:attachment":[{"href":"https:\/\/414kiting.com\/fr\/wp-json\/wp\/v2\/media?parent=3547"}],"curies":[{"name":"wp","href":"https:\/\/api.w.org\/{rel}","templated":true}]}}