{"id":3056,"date":"2020-03-02T14:20:23","date_gmt":"2020-03-02T14:20:23","guid":{"rendered":"http:\/\/414kiting.com\/accommodation"},"modified":"2024-03-03T12:46:32","modified_gmt":"2024-03-03T12:46:32","slug":"logement","status":"publish","type":"page","link":"https:\/\/414kiting.com\/fr\/logement\/","title":{"rendered":"H\u00e9bergement sur le lac de C\u00f4me"},"content":{"rendered":"<div class=\"wpb-content-wrapper\">[vc_section][vc_row content_placement=\u00a0\u00bbmiddle\u00a0\u00bb column_spacing=\u00a0\u00bb0px\u00a0\u00bb equal_height=\u00a0\u00bbyes\u00a0\u00bb remove_bottom_col_margin=\u00a0\u00bbtrue\u00a0\u00bb css=\u00a0\u00bb.vc_custom_1583166488093{margin-top: 0px !important;margin-right: 0px !important;margin-bottom: 0px !important;margin-left: 0px !important;border-top-width: 0px !important;border-right-width: 0px !important;border-bottom-width: 0px !important;border-left-width: 0px !important;padding-top: 0px !important;padding-right: 0px !important;padding-bottom: 0px !important;padding-left: 0px !important;}\u00a0\u00bb min_height=\u00a0\u00bb400px\u00a0\u00bb][vc_column width=\u00a0\u00bb1\/3&Prime; css=\u00a0\u00bb.vc_custom_1707134390682{margin-top: 0px !important;margin-right: 0px !important;margin-bottom: 0px !important;margin-left: 0px !important;border-top-width: 0px !important;border-right-width: 0px !important;border-bottom-width: 0px !important;border-left-width: 0px !important;padding-top: 0px !important;padding-right: 0px !important;padding-bottom: 0px !important;padding-left: 0px !important;background: rgba(0,0,0,0.5) url(https:\/\/414kiting.com\/wp-content\/uploads\/2018\/07\/stone.jpg?id=1227) !important;background-position: center !important;background-repeat: no-repeat !important;background-size: cover !important;*background-color: rgb(0,0,0) !important;}\u00a0\u00bb el_id=\u00a0\u00bbsquareimagebox\u00a0\u00bb][vc_column_text text_align=\u00a0\u00bbcenter\u00a0\u00bb font_family=\u00a0\u00bbAlef\u00a0\u00bb color=\u00a0\u00bb#ffffff\u00a0\u00bb css=\u00a0\u00bb.vc_custom_1706521558678{padding-top: 55px !important;padding-right: 55px !important;padding-bottom: 55px !important;padding-left: 55px !important;background-color: rgba(0,0,0,0.5) !important;background-position: center !important;background-repeat: no-repeat !important;background-size: cover !important;*background-color: rgb(0,0,0) !important;}\u00a0\u00bb]\n<h1 style=\"text-align: center;\">H\u00e9bergement sur le lac de C\u00f4me<\/h1>\n<p style=\"text-align: center;\">Du camping au bord du lac aux villas 5*, l&rsquo;extr\u00e9mit\u00e9 nord du lac de C\u00f4me offre des possibilit\u00e9s d&rsquo;h\u00e9bergement qui conviennent \u00e0 tous. Voici quelques-uns des logements pr\u00e9f\u00e9r\u00e9s de nos \u00e9tudiants.<\/p>\n[\/vc_column_text][\/vc_column][vc_column width=\u00a0\u00bb1\/3&Prime; css=\u00a0\u00bb.vc_custom_1707134397785{margin-top: 0px !important;margin-right: 0px !important;margin-bottom: 0px !important;margin-left: 0px !important;border-top-width: 0px !important;border-right-width: 0px !important;border-bottom-width: 0px !important;border-left-width: 0px !important;padding-top: 0px !important;padding-right: 0px !important;padding-bottom: 0px !important;padding-left: 0px !important;background-image: url(https:\/\/414kiting.com\/wp-content\/uploads\/2015\/12\/Lario-Outside.jpg?id=458) !important;background-position: center !important;background-repeat: no-repeat !important;background-size: cover !important;}\u00a0\u00bb el_id=\u00a0\u00bbsquareimagebox\u00a0\u00bb][vc_column_text responsive_text=\u00a0\u00bbtrue\u00a0\u00bb text_align=\u00a0\u00bbcenter\u00a0\u00bb css=\u00a0\u00bb.vc_custom_1612971927396{background-color: rgba(0,0,0,0.61) !important;*background-color: rgb(0,0,0) !important;}\u00a0\u00bb]\n<h3><a href=\"https:\/\/www.booking.com\/hotel\/it\/albergo-lario.en-gb.html\" target=\"_blank\" rel=\"noopener noreferrer\">Albergo Lario<\/a><\/h3>\n[\/vc_column_text][\/vc_column][vc_column width=\u00a0\u00bb1\/3&Prime; css=\u00a0\u00bb.vc_custom_1707134404341{padding-top: 0px !important;padding-right: 0px !important;padding-bottom: 0px !important;padding-left: 0px !important;background-image: url(https:\/\/414kiting.com\/wp-content\/uploads\/2015\/12\/villa-tres-jolie.jpg?id=460) !important;}\u00a0\u00bb el_id=\u00a0\u00bbsquareimagebox\u00a0\u00bb][vc_column_text responsive_text=\u00a0\u00bbtrue\u00a0\u00bb text_align=\u00a0\u00bbcenter\u00a0\u00bb css=\u00a0\u00bb.vc_custom_1612971598947{background-color: rgba(0,0,0,0.61) !important;*background-color: rgb(0,0,0) !important;}\u00a0\u00bb]\n<h3><a href=\"http:\/\/www.villatresjolie.com\/\" target=\"_blank\" rel=\"noopener noreferrer\">Villa Tres Jolie<\/a><\/h3>\n[\/vc_column_text][\/vc_column][\/vc_row][vc_row content_placement=\u00a0\u00bbmiddle\u00a0\u00bb column_spacing=\u00a0\u00bb0px\u00a0\u00bb equal_height=\u00a0\u00bbyes\u00a0\u00bb remove_bottom_col_margin=\u00a0\u00bbtrue\u00a0\u00bb css=\u00a0\u00bb.vc_custom_1583166488093{margin-top: 0px !important;margin-right: 0px !important;margin-bottom: 0px !important;margin-left: 0px !important;border-top-width: 0px !important;border-right-width: 0px !important;border-bottom-width: 0px !important;border-left-width: 0px !important;padding-top: 0px !important;padding-right: 0px !important;padding-bottom: 0px !important;padding-left: 0px !important;}\u00a0\u00bb min_height=\u00a0\u00bb400px\u00a0\u00bb][vc_column width=\u00a0\u00bb1\/3&Prime; css=\u00a0\u00bb.vc_custom_1707134432032{margin-top: 0px !important;margin-right: 0px !important;margin-bottom: 0px !important;margin-left: 0px !important;border-top-width: 0px !important;border-right-width: 0px !important;border-bottom-width: 0px !important;border-left-width: 0px !important;padding-top: 0px !important;padding-right: 0px !important;padding-bottom: 0px !important;padding-left: 0px !important;background-image: url(https:\/\/414kiting.com\/wp-content\/uploads\/2023\/06\/Villa-Vinicia.jpg?id=7369) !important;background-position: center !important;background-repeat: no-repeat !important;background-size: cover !important;}\u00a0\u00bb el_id=\u00a0\u00bbsquareimagebox\u00a0\u00bb][vc_column_text responsive_text=\u00a0\u00bbtrue\u00a0\u00bb text_align=\u00a0\u00bbcenter\u00a0\u00bb css=\u00a0\u00bb.vc_custom_1687028657978{background-color: rgba(0,0,0,0.61) !important;*background-color: rgb(0,0,0) !important;}\u00a0\u00bb]\n<h3><a href=\"https:\/\/villavinicia.it\/\" target=\"_blank\" rel=\"noopener noreferrer\">Villa Vinicia<\/a><\/h3>\n[\/vc_column_text][\/vc_column][vc_column width=\u00a0\u00bb1\/3&Prime; css=\u00a0\u00bb.vc_custom_1707134438081{margin-top: 0px !important;margin-right: 0px !important;margin-bottom: 0px !important;margin-left: 0px !important;border-top-width: 0px !important;border-right-width: 0px !important;border-bottom-width: 0px !important;border-left-width: 0px !important;padding-top: 0px !important;padding-right: 0px !important;padding-bottom: 0px !important;padding-left: 0px !important;background-image: url(https:\/\/414kiting.com\/wp-content\/uploads\/2023\/06\/Glamping-Italia.jpg?id=7365) !important;background-position: center !important;background-repeat: no-repeat !important;background-size: cover !important;}\u00a0\u00bb el_id=\u00a0\u00bbsquareimagebox\u00a0\u00bb][vc_column_text responsive_text=\u00a0\u00bbtrue\u00a0\u00bb text_align=\u00a0\u00bbcenter\u00a0\u00bb css=\u00a0\u00bb.vc_custom_1687028501317{background-color: rgba(0,0,0,0.61) !important;*background-color: rgb(0,0,0) !important;}\u00a0\u00bb]\n<h3><a href=\"https:\/\/campingitalia90.it\/en\/our-accomodations\/glamping\/luxury-mobile-homes\/#pid=2\" target=\"_blank\" rel=\"noopener noreferrer\">Glamping Italia<\/a><\/h3>\n[\/vc_column_text][\/vc_column][vc_column width=\u00a0\u00bb1\/3&Prime; css=\u00a0\u00bb.vc_custom_1707134446397{padding-top: 0px !important;padding-right: 0px !important;padding-bottom: 0px !important;padding-left: 0px !important;background-image: url(https:\/\/414kiting.com\/wp-content\/uploads\/2020\/05\/Lake-Como-Beach-Hostel.jpg?id=4716) !important;}\u00a0\u00bb el_id=\u00a0\u00bbsquareimagebox\u00a0\u00bb][vc_column_text responsive_text=\u00a0\u00bbtrue\u00a0\u00bb text_align=\u00a0\u00bbcenter\u00a0\u00bb css=\u00a0\u00bb.vc_custom_1706356779662{background-color: rgba(0,0,0,0.61) !important;*background-color: rgb(0,0,0) !important;}\u00a0\u00bb]\n<h3><a href=\"https:\/\/www.lakecomobeachostel.com\/\" target=\"_blank\" rel=\"noopener\">Lake Como Beach Hostel<\/a><\/h3>\n[\/vc_column_text][\/vc_column][\/vc_row][vc_row content_placement=\u00a0\u00bbmiddle\u00a0\u00bb column_spacing=\u00a0\u00bb0px\u00a0\u00bb equal_height=\u00a0\u00bbyes\u00a0\u00bb remove_bottom_col_margin=\u00a0\u00bbtrue\u00a0\u00bb css=\u00a0\u00bb.vc_custom_1583166488093{margin-top: 0px !important;margin-right: 0px !important;margin-bottom: 0px !important;margin-left: 0px !important;border-top-width: 0px !important;border-right-width: 0px !important;border-bottom-width: 0px !important;border-left-width: 0px !important;padding-top: 0px !important;padding-right: 0px !important;padding-bottom: 0px !important;padding-left: 0px !important;}\u00a0\u00bb min_height=\u00a0\u00bb400px\u00a0\u00bb][vc_column width=\u00a0\u00bb1\/3&Prime; css=\u00a0\u00bb.vc_custom_1707134452910{margin-top: 0px !important;margin-right: 0px !important;margin-bottom: 0px !important;margin-left: 0px !important;border-top-width: 0px !important;border-right-width: 0px !important;border-bottom-width: 0px !important;border-left-width: 0px !important;padding-top: 0px !important;padding-right: 0px !important;padding-bottom: 0px !important;padding-left: 0px !important;background-image: url(https:\/\/414kiting.com\/wp-content\/uploads\/2023\/06\/Hotel-Vischi.jpg?id=7361) !important;background-position: center !important;background-repeat: no-repeat !important;background-size: cover !important;}\u00a0\u00bb el_id=\u00a0\u00bbsquareimagebox\u00a0\u00bb][vc_column_text responsive_text=\u00a0\u00bbtrue\u00a0\u00bb text_align=\u00a0\u00bbcenter\u00a0\u00bb css=\u00a0\u00bb.vc_custom_1687028266332{background-color: rgba(0,0,0,0.61) !important;*background-color: rgb(0,0,0) !important;}\u00a0\u00bb]\n<h3><a href=\"https:\/\/www.hotelvischi.it\/en\" target=\"_blank\" rel=\"noopener noreferrer\">Hotel Vischi<\/a><\/h3>\n[\/vc_column_text][\/vc_column][vc_column width=\u00a0\u00bb1\/3&Prime; css=\u00a0\u00bb.vc_custom_1707134458528{margin-top: 0px !important;margin-right: 0px !important;margin-bottom: 0px !important;margin-left: 0px !important;border-top-width: 0px !important;border-right-width: 0px !important;border-bottom-width: 0px !important;border-left-width: 0px !important;padding-top: 0px !important;padding-right: 0px !important;padding-bottom: 0px !important;padding-left: 0px !important;background-image: url(https:\/\/414kiting.com\/wp-content\/uploads\/2020\/03\/La-Riva-3.jpg?id=3023) !important;background-position: center !important;background-repeat: no-repeat !important;background-size: cover !important;}\u00a0\u00bb el_id=\u00a0\u00bbsquareimagebox\u00a0\u00bb][vc_column_text responsive_text=\u00a0\u00bbtrue\u00a0\u00bb text_align=\u00a0\u00bbcenter\u00a0\u00bb css=\u00a0\u00bb.vc_custom_1612971579823{background-color: rgba(0,0,0,0.61) !important;*background-color: rgb(0,0,0) !important;}\u00a0\u00bb]\n<h3><a href=\"https:\/\/www.campinglariva.com\/\" target=\"_blank\" rel=\"noopener noreferrer\">Camping La Riva<\/a><\/h3>\n[\/vc_column_text][\/vc_column][vc_column width=\u00a0\u00bb1\/3&Prime; css=\u00a0\u00bb.vc_custom_1707134465036{padding-top: 0px !important;padding-right: 0px !important;padding-bottom: 0px !important;padding-left: 0px !important;background-image: url(https:\/\/414kiting.com\/wp-content\/uploads\/2020\/03\/Villa-Rustica-2.jpg?id=3012) !important;}\u00a0\u00bb el_id=\u00a0\u00bbsquareimagebox\u00a0\u00bb][vc_column_text responsive_text=\u00a0\u00bbtrue\u00a0\u00bb text_align=\u00a0\u00bbcenter\u00a0\u00bb css=\u00a0\u00bb.vc_custom_1612971568392{background-color: rgba(0,0,0,0.61) !important;*background-color: rgb(0,0,0) !important;}\u00a0\u00bb]\n<h3><a href=\"https:\/\/www.villarusticalakecomo.com\/\" target=\"_blank\" rel=\"noopener noreferrer\">Villa Rustica<\/a><\/h3>\n[\/vc_column_text][\/vc_column][\/vc_row][vc_row content_placement=\u00a0\u00bbmiddle\u00a0\u00bb column_spacing=\u00a0\u00bb0px\u00a0\u00bb equal_height=\u00a0\u00bbyes\u00a0\u00bb remove_bottom_col_margin=\u00a0\u00bbtrue\u00a0\u00bb css=\u00a0\u00bb.vc_custom_1583166488093{margin-top: 0px !important;margin-right: 0px !important;margin-bottom: 0px !important;margin-left: 0px !important;border-top-width: 0px !important;border-right-width: 0px !important;border-bottom-width: 0px !important;border-left-width: 0px !important;padding-top: 0px !important;padding-right: 0px !important;padding-bottom: 0px !important;padding-left: 0px !important;}\u00a0\u00bb min_height=\u00a0\u00bb400px\u00a0\u00bb][vc_column width=\u00a0\u00bb1\/3&Prime; css=\u00a0\u00bb.vc_custom_1707134472729{margin-top: 0px !important;margin-right: 0px !important;margin-bottom: 0px !important;margin-left: 0px !important;border-top-width: 0px !important;border-right-width: 0px !important;border-bottom-width: 0px !important;border-left-width: 0px !important;padding-top: 0px !important;padding-right: 0px !important;padding-bottom: 0px !important;padding-left: 0px !important;background-image: url(https:\/\/414kiting.com\/wp-content\/uploads\/2023\/06\/AirBnB-.webp?id=7373) !important;background-position: center !important;background-repeat: no-repeat !important;background-size: cover !important;}\u00a0\u00bb wpex_bg_position=\u00a0\u00bbcentre right\u00a0\u00bb el_id=\u00a0\u00bbsquareimagebox\u00a0\u00bb][vc_column_text responsive_text=\u00a0\u00bbtrue\u00a0\u00bb text_align=\u00a0\u00bbcenter\u00a0\u00bb css=\u00a0\u00bb.vc_custom_1706356866116{background-color: rgba(0,0,0,0.61) !important;*background-color: rgb(0,0,0) !important;}\u00a0\u00bb]\n<h3><a href=\"https:\/\/www.airbnb.com\/\" target=\"_blank\" rel=\"noopener\">AirBnB<\/a><\/h3>\n[\/vc_column_text][\/vc_column][vc_column width=\u00a0\u00bb1\/3&Prime; css=\u00a0\u00bb.vc_custom_1707134479408{margin-top: 0px !important;margin-right: 0px !important;margin-bottom: 0px !important;margin-left: 0px !important;border-top-width: 0px !important;border-right-width: 0px !important;border-bottom-width: 0px !important;border-left-width: 0px !important;padding-top: 0px !important;padding-right: 0px !important;padding-bottom: 0px !important;padding-left: 0px !important;background-image: url(https:\/\/414kiting.com\/wp-content\/uploads\/2020\/03\/Giacomino.jpg?id=3035) !important;background-position: center !important;background-repeat: no-repeat !important;background-size: cover !important;}\u00a0\u00bb el_id=\u00a0\u00bbsquareimagebox\u00a0\u00bb][vc_column_text responsive_text=\u00a0\u00bbtrue\u00a0\u00bb text_align=\u00a0\u00bbcenter\u00a0\u00bb css=\u00a0\u00bb.vc_custom_1612971554355{background-color: rgba(0,0,0,0.61) !important;*background-color: rgb(0,0,0) !important;}\u00a0\u00bb]\n<h3><a href=\"https:\/\/www.agriturismogiacomino.it\/\" target=\"_blank\" rel=\"noopener noreferrer\">Agriturismo Giacomino<\/a><\/h3>\n[\/vc_column_text][\/vc_column][vc_column width=\u00a0\u00bb1\/3&Prime; css=\u00a0\u00bb.vc_custom_1707134486202{padding-top: 0px !important;padding-right: 0px !important;padding-bottom: 0px !important;padding-left: 0px !important;background-image: url(https:\/\/414kiting.com\/wp-content\/uploads\/2021\/06\/Agrilu-scaled.jpg?id=5944) !important;background-position: center !important;background-repeat: no-repeat !important;background-size: cover !important;}\u00a0\u00bb el_id=\u00a0\u00bbsquareimagebox\u00a0\u00bb][vc_column_text responsive_text=\u00a0\u00bbtrue\u00a0\u00bb text_align=\u00a0\u00bbcenter\u00a0\u00bb css=\u00a0\u00bb.vc_custom_1660815427130{background-color: rgba(0,0,0,0.61) !important;*background-color: rgb(0,0,0) !important;}\u00a0\u00bb]\n<h3><a href=\"https:\/\/agrilu.it\/\" target=\"_blank\" rel=\"noopener noreferrer\">Agriturismo Agrilu<\/a><\/h3>\n[\/vc_column_text][\/vc_column][\/vc_row][vc_row content_placement=\u00a0\u00bbmiddle\u00a0\u00bb column_spacing=\u00a0\u00bb0px\u00a0\u00bb equal_height=\u00a0\u00bbyes\u00a0\u00bb remove_bottom_col_margin=\u00a0\u00bbtrue\u00a0\u00bb css=\u00a0\u00bb.vc_custom_1583166488093{margin-top: 0px !important;margin-right: 0px !important;margin-bottom: 0px !important;margin-left: 0px !important;border-top-width: 0px !important;border-right-width: 0px !important;border-bottom-width: 0px !important;border-left-width: 0px !important;padding-top: 0px !important;padding-right: 0px !important;padding-bottom: 0px !important;padding-left: 0px !important;}\u00a0\u00bb min_height=\u00a0\u00bb400px\u00a0\u00bb][vc_column width=\u00a0\u00bb1\/3&Prime; css=\u00a0\u00bb.vc_custom_1707134492699{margin-top: 0px !important;margin-right: 0px !important;margin-bottom: 0px !important;margin-left: 0px !important;border-top-width: 0px !important;border-right-width: 0px !important;border-bottom-width: 0px !important;border-left-width: 0px !important;padding-top: 0px !important;padding-right: 0px !important;padding-bottom: 0px !important;padding-left: 0px !important;background-image: url(https:\/\/414kiting.com\/wp-content\/uploads\/2022\/08\/Hotel-Europa-Home-Big.jpg?id=7023) !important;background-position: center !important;background-repeat: no-repeat !important;background-size: cover !important;}\u00a0\u00bb el_id=\u00a0\u00bbsquareimagebox\u00a0\u00bb][vc_column_text responsive_text=\u00a0\u00bbtrue\u00a0\u00bb text_align=\u00a0\u00bbcenter\u00a0\u00bb css=\u00a0\u00bb.vc_custom_1687028159752{background-color: rgba(0,0,0,0.61) !important;*background-color: rgb(0,0,0) !important;}\u00a0\u00bb]\n<h3><a href=\"https:\/\/www.europasorico.com\/homeenglish\/\" target=\"_blank\" rel=\"noopener noreferrer\">Hotel Europa<\/a><\/h3>\n[\/vc_column_text][\/vc_column][vc_column width=\u00a0\u00bb1\/3&Prime; css=\u00a0\u00bb.vc_custom_1707134497662{margin-top: 0px !important;margin-right: 0px !important;margin-bottom: 0px !important;margin-left: 0px !important;border-top-width: 0px !important;border-right-width: 0px !important;border-bottom-width: 0px !important;border-left-width: 0px !important;padding-top: 0px !important;padding-right: 0px !important;padding-bottom: 0px !important;padding-left: 0px !important;background-image: url(https:\/\/414kiting.com\/wp-content\/uploads\/2023\/06\/Casa-Olea.jpg?id=7385) !important;background-position: center !important;background-repeat: no-repeat !important;background-size: cover !important;}\u00a0\u00bb el_id=\u00a0\u00bbsquareimagebox\u00a0\u00bb][vc_column_text responsive_text=\u00a0\u00bbtrue\u00a0\u00bb text_align=\u00a0\u00bbcenter\u00a0\u00bb css=\u00a0\u00bb.vc_custom_1687076629834{background-color: rgba(0,0,0,0.61) !important;*background-color: rgb(0,0,0) !important;}\u00a0\u00bb]\n<h3><a href=\"https:\/\/www.casaoleahotel.com\/en\/\" target=\"_blank\" rel=\"noopener\">Casa Olea<\/a><\/h3>\n[\/vc_column_text][\/vc_column][vc_column width=\u00a0\u00bb1\/3&Prime; css=\u00a0\u00bb.vc_custom_1707134503664{padding-top: 0px !important;padding-right: 0px !important;padding-bottom: 0px !important;padding-left: 0px !important;background-image: url(https:\/\/414kiting.com\/wp-content\/uploads\/2022\/08\/Resience-Casa-Rosa.jpg?id=7031) !important;background-position: center !important;background-repeat: no-repeat !important;background-size: cover !important;}\u00a0\u00bb el_id=\u00a0\u00bbsquareimagebox\u00a0\u00bb][vc_column_text responsive_text=\u00a0\u00bbtrue\u00a0\u00bb text_align=\u00a0\u00bbcenter\u00a0\u00bb css=\u00a0\u00bb.vc_custom_1687028173682{background-color: rgba(0,0,0,0.61) !important;*background-color: rgb(0,0,0) !important;}\u00a0\u00bb]\n<h3><a href=\"https:\/\/www.residencecasarosa.it\/?lang=en\" target=\"_blank\" rel=\"noopener\">Residence Casa Rosa<\/a><\/h3>\n[\/vc_column_text][\/vc_column][\/vc_row][\/vc_section]\n<\/div>","protected":false},"excerpt":{"rendered":"<p>[vc_section][vc_row content_placement=\u00a0\u00bbmiddle\u00a0\u00bb column_spacing=\u00a0\u00bb0px\u00a0\u00bb equal_height=\u00a0\u00bbyes\u00a0\u00bb remove_bottom_col_margin=\u00a0\u00bbtrue\u00a0\u00bb css=\u00a0\u00bb.vc_custom_1583166488093{margin-top: 0px !important;margin-right: 0px !important;margin-bottom: 0px !important;margin-left: 0px !important;border-top-width: 0px !important;border-right-width: 0px !important;border-bottom-width: 0px !important;border-left-width: 0px !important;padding-top: 0px !important;padding-right: 0px !important;padding-bottom: 0px !important;padding-left: 0px !important;}\u00a0\u00bb min_height=\u00a0\u00bb400px\u00a0\u00bb][vc_column width=\u00a0\u00bb1\/3&Prime; css=\u00a0\u00bb.vc_custom_1707134390682{margin-top: 0px !important;margin-right: 0px !important;margin-bottom: 0px !important;margin-left: 0px !important;border-top-width: 0px !important;border-right-width: 0px !important;border-bottom-width: 0px !important;border-left-width: 0px !important;padding-top: 0px !important;padding-right: 0px !important;padding-bottom: 0px !important;padding-left:&hellip;<\/p>\n","protected":false},"author":2,"featured_media":0,"parent":0,"menu_order":0,"comment_status":"closed","ping_status":"closed","template":"templates\/no-sidebar.php","meta":{"_sitemap_exclude":false,"_sitemap_priority":"","_sitemap_frequency":"","_monsterinsights_skip_tracking":false,"_monsterinsights_sitenote_active":false,"_monsterinsights_sitenote_note":"","_monsterinsights_sitenote_category":0,"footnotes":""},"class_list":["post-3056","page","type-page","status-publish","hentry","entry","no-media"],"aioseo_notices":[],"_links":{"self":[{"href":"https:\/\/414kiting.com\/fr\/wp-json\/wp\/v2\/pages\/3056","targetHints":{"allow":["GET"]}}],"collection":[{"href":"https:\/\/414kiting.com\/fr\/wp-json\/wp\/v2\/pages"}],"about":[{"href":"https:\/\/414kiting.com\/fr\/wp-json\/wp\/v2\/types\/page"}],"author":[{"embeddable":true,"href":"https:\/\/414kiting.com\/fr\/wp-json\/wp\/v2\/users\/2"}],"replies":[{"embeddable":true,"href":"https:\/\/414kiting.com\/fr\/wp-json\/wp\/v2\/comments?post=3056"}],"version-history":[{"count":29,"href":"https:\/\/414kiting.com\/fr\/wp-json\/wp\/v2\/pages\/3056\/revisions"}],"predecessor-version":[{"id":8464,"href":"https:\/\/414kiting.com\/fr\/wp-json\/wp\/v2\/pages\/3056\/revisions\/8464"}],"wp:attachment":[{"href":"https:\/\/414kiting.com\/fr\/wp-json\/wp\/v2\/media?parent=3056"}],"curies":[{"name":"wp","href":"https:\/\/api.w.org\/{rel}","templated":true}]}}