{"id":2932,"date":"2020-02-19T18:35:34","date_gmt":"2020-02-19T18:35:34","guid":{"rendered":"http:\/\/414kiting.com\/ecole-de-kite-lac-de-come-italie\/como-kitesurf-guide"},"modified":"2024-06-10T10:46:01","modified_gmt":"2024-06-10T10:46:01","slug":"spot-guide-lac-de-come","status":"publish","type":"page","link":"https:\/\/414kiting.com\/fr\/spot-guide-lac-de-come\/","title":{"rendered":"Kite spot guide Lac de C\u00f4me"},"content":{"rendered":"<div class=\"wpb-content-wrapper\">[vc_row css=\u00a0\u00bb.vc_custom_1718012163092{margin-top: 60px !important;}\u00a0\u00bb][vc_column][vc_tta_toggle color=\u00a0\u00bb#00c1ce\u00a0\u00bb hover_color=\u00a0\u00bb#00c1ce\u00a0\u00bb no_fill_content_area=\u00a0\u00bbtrue\u00a0\u00bb active_section=\u00a0\u00bb1&Prime; css=\u00a0\u00bb.vc_custom_1718012002127{padding-top: 0px !important;padding-right: 0px !important;padding-bottom: 0px !important;padding-left: 0px !important;}\u00a0\u00bb][vc_tta_toggle_section section_index=\u00a0\u00bb2&Prime; title=\u00a0\u00bbLac de C\u00f4me\u00a0\u00bb tab_id=\u00a0\u00bb1717519165478-bab63220-7dff\u00a0\u00bb][vc_row_inner equal_height=\u00a0\u00bbyes\u00a0\u00bb content_placement=\u00a0\u00bbtop\u00a0\u00bb css=\u00a0\u00bb.vc_custom_1718011495828{padding-top: 5% !important;padding-right: 5% !important;padding-bottom: 5% !important;padding-left: 5% !important;}\u00a0\u00bb][vc_column_inner width=\u00a0\u00bb1\/2&Prime;][vc_column_text css=\u00a0\u00bb.vc_custom_1717233021066{padding-top: 5% !important;padding-bottom: 5% !important;}\u00a0\u00bb][\/vc_column_text][\/vc_column_inner][vc_column_inner el_class=\u00a0\u00bbheight600&Prime; width=\u00a0\u00bb1\/2&Prime;][vc_column_text responsive_text=\u00a0\u00bbtrue\u00a0\u00bb css=\u00a0\u00bb.vc_custom_1718015764174{background-position: center !important;background-repeat: no-repeat !important;background-size: cover !important;}\u00a0\u00bb text_align=\u00a0\u00bbleft\u00a0\u00bb]\n<h1>Spots de kitesurf du lac de C\u00f4me<\/h1>\n<p>La fiabilit\u00e9 des vents sur le lac de C\u00f4me en a fait un lieu de pr\u00e9dilection pour le kitesurf, le wing foil et d&rsquo;autres sports de vent. Pendant la saison venteuse, les conditions sont favorables au kitesurf pendant environ 95 % des jours.<\/p>\n<p><strong>Conditions de l&rsquo;eau :<\/strong> Plat \/ houle de vent<\/p>\n<p><strong>Saison des vents :<\/strong> Avril-octobre<\/p>\n<h3>Pr\u00e9visions :<\/h3>\n<ul>\n<li><a title=\"M\u00e9t\u00e9oSuisse App\" href=\"https:\/\/www.meteoschweiz.admin.ch\/service-und-publikationen\/service\/wetter-und-klimaprodukte\/meteoswiss-app.html\" target=\"_blank\" rel=\"noopener\">M\u00e9t\u00e9oSuisse App<\/a> \u2013 pour une bonne pr\u00e9vision des pr\u00e9cipitations<\/li>\n<li><a title=\"il Meteo pr\u00e9visions m\u00e9t\u00e9orologiques Dervio Lac de C\u00f4me\" href=\"https:\/\/www.ilmeteo.it\/meteo\/Dervio?refresh_cens=\" target=\"_blank\" rel=\"noopener\">IlMeteo<\/a> \u2013 pour les pr\u00e9visions m\u00e9t\u00e9orologiques g\u00e9n\u00e9rales, pas pour les vitesses de vent<\/li>\n<li><a title=\"MeteoParapente\" href=\"https:\/\/meteo-parapente.com\/\" target=\"_blank\" rel=\"noopener\">MeteoParapente<\/a> \u2013 pour le vent<\/li>\n<\/ul>\n<h3>Webcams und station m\u00e9t\u00e9orologiques :<\/h3>\n<ul>\n<li><a href=\"https:\/\/vedetta.org\/en\/webcam\/italia\/lombardia\/como\/cremia\/\" target=\"_blank\" rel=\"noopener\">Cremia webcam<\/a><\/li>\n<li><a href=\"https:\/\/vedetta.org\/en\/webcam\/italia\/lombardia\/lecco\/dervio-valmadrera\/\" target=\"_blank\" rel=\"noopener\">Dervio webcam<\/a><\/li>\n<li><a href=\"http:\/\/www.centrometeolombardo.com\/content.asp?contentid=2159&amp;ContentType=Stazioni\" target=\"_blank\" rel=\"noopener\">Station m\u00e9t\u00e9o Dervio<\/a><\/li>\n<li><a href=\"http:\/\/www.centrometeolombardo.com\/content.asp?contentid=6552&amp;ContentType=Stazioni\" target=\"_blank\" rel=\"noopener\">Station m\u00e9t\u00e9o de Gera Lario<\/a><\/li>\n<\/ul>\n[\/vc_column_text][vc_column_text responsive_text=\u00a0\u00bbtrue\u00a0\u00bb css=\u00a0\u00bb.vc_custom_1718015793671{background-position: center !important;background-repeat: no-repeat !important;background-size: cover !important;}\u00a0\u00bb text_align=\u00a0\u00bbleft\u00a0\u00bb]\n<h3>Lac de C\u00f4me Pr\u00e9visions m\u00e9t\u00e9orologiques et de vent :<\/h3>\n<p>Les mod\u00e8les de pr\u00e9vision comme <a href=\"https:\/\/www.windguru.cz\/76909\" target=\"_blank\" rel=\"noopener\">Windguru<\/a> et <a href=\"https:\/\/windy.app\/forecast2\/spot\/556\/Dervio+Italy\" target=\"_blank\" rel=\"noopener\">Windy<\/a> sont excellents pour pr\u00e9voir le vent dans de nombreux endroits, mais ils pr\u00e9voient des syst\u00e8mes de pression \u00e0 grande \u00e9chelle et ne tiennent pas compte des r\u00e9gimes thermiques \u00e0 plus petite \u00e9chelle ou (ce qui est important) de l\u2019influence de la topographie locale dans l\u2019acc\u00e9l\u00e9ration du vent \u00e0 l\u2019extr\u00e9mit\u00e9 nord du lac (connue sous le nom d\u2019effet \u00ab venturi \u00bb). C\u2019est pourquoi elles ne fonctionnent tout simplement pas pour C\u00f4me !<\/p>\n<p>En g\u00e9n\u00e9ral, les hautes pressions et le beau temps apportent les meilleures conditions, mais d&rsquo;autres conditions m\u00e9t\u00e9orologiques (comme le mauvais temps au nord et les diff\u00e9rences de pression entre le nord et le sud des Alpes) peuvent aussi donner lieu \u00e0 de superbes conditions de cerf-volant. Et si le temps semble humide ? Ne d\u00e9sesp\u00e9rez pas &#8211; une fois la pluie pass\u00e9e, nous profiterons du vent de la Ricaduta qui souffle du nord.<\/p>\n<p>Les pr\u00e9visions sont utiles pour se faire une id\u00e9e de ce qui pourrait se passer, mais elles sont rarement plus pr\u00e9cises que quelques jours \u00e0 l&rsquo;avance. Si vous voulez conna\u00eetre les derni\u00e8res conditions, lancez-nous un coup de fil ![\/vc_column_text][\/vc_column_inner][\/vc_row_inner][\/vc_tta_toggle_section][vc_tta_toggle_section section_index=\u00a0\u00bb1&Prime; title=\u00a0\u00bbLac L\u00e9man &amp; Neuch\u00e2tel\u00a0\u00bb tab_id=\u00a0\u00bb1717519165469-fa4f3509-70a6&Prime;][vc_row_inner css=\u00a0\u00bb.vc_custom_1718011819704{padding-top: 5% !important;padding-right: 5% !important;padding-bottom: 5% !important;padding-left: 5% !important;}\u00a0\u00bb][vc_column_inner width=\u00a0\u00bb1\/2&Prime;][vc_column_text css=\u00a0\u00bb.vc_custom_1717244072470{padding-top: 5% !important;padding-bottom: 5% !important;}\u00a0\u00bb][\/vc_column_text][\/vc_column_inner][vc_column_inner width=\u00a0\u00bb1\/2&Prime;][vc_column_text responsive_text=\u00a0\u00bbtrue\u00a0\u00bb css=\u00a0\u00bb.vc_custom_1718016358580{background-position: center !important;background-repeat: no-repeat !important;background-size: cover !important;}\u00a0\u00bb text_align=\u00a0\u00bbleft\u00a0\u00bb]\n<h2>Pr\u00e9visions m\u00e9t\u00e9orologiques pour Lac L\u00e9man et Neuch\u00e2tel<\/h2>\n<p>Comme pour la plupart des endroits, il n\u2019y a pas de pr\u00e9vision unique qui puisse vous dire s\u2019il y aura du vent ou non, mais certaines des pr\u00e9visions les plus fiables sont celles de la <a title=\"NZZ pr\u00e9visions m\u00e9t\u00e9orologiques\" href=\"https:\/\/www.nzz.ch\/wetter\/wetter-schweiz\" target=\"_blank\" rel=\"noopener\">NZZ<\/a> et de <a title=\"MeteoSuisse Pr\u00e9visions M\u00e9t\u00e9orologiques\" href=\"https:\/\/www.meteosuisse.admin.ch\/#tab=forecast-map\" target=\"_blank\" rel=\"noopener\">MeteoSuisse<\/a>.<\/p>\n<p>Windguru et Windy sont \u00e9galement d\u2019excellentes applications \u00e0 utiliser. Winguru et Windy pr\u00e9disent les vents frontaux et fonctionnent donc bien \u00e0 L\u00e9man et \u00e0 Neuch\u00e2tel o\u00f9 le vent est en grande partie le r\u00e9sultat de vents frontaux plut\u00f4t que de r\u00e9gimes thermiques purs.[\/vc_column_text][\/vc_column_inner][\/vc_row_inner][\/vc_tta_toggle_section][\/vc_tta_toggle][\/vc_column][\/vc_row]\n<\/div>","protected":false},"excerpt":{"rendered":"<p>[vc_row css=\u00a0\u00bb.vc_custom_1718012163092{margin-top: 60px !important;}\u00a0\u00bb][vc_column][vc_tta_toggle color=\u00a0\u00bb#00c1ce\u00a0\u00bb hover_color=\u00a0\u00bb#00c1ce\u00a0\u00bb no_fill_content_area=\u00a0\u00bbtrue\u00a0\u00bb active_section=\u00a0\u00bb1&Prime; css=\u00a0\u00bb.vc_custom_1718012002127{padding-top: 0px !important;padding-right: 0px !important;padding-bottom: 0px !important;padding-left: 0px !important;}\u00a0\u00bb][vc_tta_toggle_section section_index=\u00a0\u00bb2&Prime; title=\u00a0\u00bbLac de C\u00f4me\u00a0\u00bb tab_id=\u00a0\u00bb1717519165478-bab63220-7dff\u00a0\u00bb][vc_row_inner equal_height=\u00a0\u00bbyes\u00a0\u00bb content_placement=\u00a0\u00bbtop\u00a0\u00bb css=\u00a0\u00bb.vc_custom_1718011495828{padding-top: 5% !important;padding-right: 5% !important;padding-bottom: 5% !important;padding-left: 5% !important;}\u00a0\u00bb][vc_column_inner width=\u00a0\u00bb1\/2&Prime;][vc_column_text css=\u00a0\u00bb.vc_custom_1717233021066{padding-top: 5% !important;padding-bottom: 5% !important;}\u00a0\u00bb][\/vc_column_text][\/vc_column_inner][vc_column_inner el_class=\u00a0\u00bbheight600&Prime; width=\u00a0\u00bb1\/2&Prime;][vc_column_text responsive_text=\u00a0\u00bbtrue\u00a0\u00bb css=\u00a0\u00bb.vc_custom_1718015764174{background-position: center !important;background-repeat: no-repeat !important;background-size: cover !important;}\u00a0\u00bb text_align=\u00a0\u00bbleft\u00a0\u00bb] Spots de kitesurf du lac&hellip;<\/p>\n","protected":false},"author":2,"featured_media":0,"parent":0,"menu_order":0,"comment_status":"closed","ping_status":"closed","template":"templates\/no-sidebar.php","meta":{"_sitemap_exclude":false,"_sitemap_priority":"","_sitemap_frequency":"","_monsterinsights_skip_tracking":false,"_monsterinsights_sitenote_active":false,"_monsterinsights_sitenote_note":"","_monsterinsights_sitenote_category":0,"footnotes":""},"class_list":["post-2932","page","type-page","status-publish","hentry","entry","no-media"],"aioseo_notices":[],"_links":{"self":[{"href":"https:\/\/414kiting.com\/fr\/wp-json\/wp\/v2\/pages\/2932","targetHints":{"allow":["GET"]}}],"collection":[{"href":"https:\/\/414kiting.com\/fr\/wp-json\/wp\/v2\/pages"}],"about":[{"href":"https:\/\/414kiting.com\/fr\/wp-json\/wp\/v2\/types\/page"}],"author":[{"embeddable":true,"href":"https:\/\/414kiting.com\/fr\/wp-json\/wp\/v2\/users\/2"}],"replies":[{"embeddable":true,"href":"https:\/\/414kiting.com\/fr\/wp-json\/wp\/v2\/comments?post=2932"}],"version-history":[{"count":54,"href":"https:\/\/414kiting.com\/fr\/wp-json\/wp\/v2\/pages\/2932\/revisions"}],"predecessor-version":[{"id":8648,"href":"https:\/\/414kiting.com\/fr\/wp-json\/wp\/v2\/pages\/2932\/revisions\/8648"}],"wp:attachment":[{"href":"https:\/\/414kiting.com\/fr\/wp-json\/wp\/v2\/media?parent=2932"}],"curies":[{"name":"wp","href":"https:\/\/api.w.org\/{rel}","templated":true}]}}