{"id":8986,"date":"2025-05-06T10:32:16","date_gmt":"2025-05-06T10:32:16","guid":{"rendered":"https:\/\/414kiting.com\/?page_id=8986"},"modified":"2025-05-21T09:07:19","modified_gmt":"2025-05-21T09:07:19","slug":"kitesurf-kurse-anfaenger","status":"publish","type":"page","link":"https:\/\/414kiting.com\/de\/kitesurf-kurse-anfaenger\/","title":{"rendered":"Kitesurf-Kurse f\u00fcr Anf\u00e4nger"},"content":{"rendered":"<div class=\"wpb-content-wrapper\">[vc_row content_placement=&#8220;top&#8220; full_height=&#8220;yes&#8220; equal_height=&#8220;yes&#8220;][vc_column video_bg=&#8220;yes&#8220; video_bg_url=&#8220;https:\/\/youtu.be\/8PxCmL-G99g&#8220; width=&#8220;1\/2&#8243; css=&#8220;.vc_custom_1746464671762{padding-top: 0px !important;padding-right: 0px !important;padding-bottom: 0px !important;padding-left: 0px !important;}&#8220;][vc_column_text css=&#8220;.vc_custom_1747818403066{margin-bottom: 0px !important;padding-top: 5% !important;padding-right: 10% !important;padding-bottom: 5% !important;padding-left: 10% !important;}&#8220; color=&#8220;#fff&#8220;]\r\n<p><span style=\"color: #a3a3a3;\"><\/span><\/p>\r\n<div class=\"wp-block-media-text has-media-on-the-right is-stacked-on-mobile\">\r\n<div class=\"wp-block-media-text__content\"><span style=\"color: #a3a3a3;\"><\/span><\/div>\r\n<\/div>\r\n<div class=\"wp-block-group\">\r\n<div class=\"wp-block-group\">\r\n<h2 class=\"wp-block-heading\" data-start=\"74\" data-end=\"106\"><span style=\"color: #33cccc;\">Kitesurf-Kurse f\u00fcr Anf\u00e4nger<\/span><\/h2>\r\n<p class=\"\" data-start=\"107\" data-end=\"203\">Neu beim Kitesurfen? Starte dein Abenteuer mit unserem Anf\u00e4ngerkurs bei 414 Kiting.<\/p>\r\n<p class=\"\" data-start=\"205\" data-end=\"545\">Wir unterrichten in kleinen Gruppen (max. 3 Personen) und passen den Kurs <strong data-start=\"279\" data-end=\"296\">an dein Tempo<\/strong> an. Ob du nur einen Tag reinschnuppern oder einen mehrt\u00e4gigen Kurs machen m\u00f6chtest \u2013 bei uns bekommst du professionelle Betreuung, viel Zeit auf dem Wasser und sichtbare Fortschritte. Und das alles an der sch\u00f6nsten <strong data-start=\"518\" data-end=\"536\">Kitesurf-Spots<\/strong> Europas.<\/p>\r\n<p class=\"\" data-start=\"547\" data-end=\"794\">Du bist dir nicht sicher, welcher Kurs der richtige f\u00fcr dich ist? Kein Problem \u2013 melde dich einfach bei uns und wir helfen dir, den richtigen Einstieg zu finden. Du hast schon Erfahrung? Auch gut \u2013 wir bieten <a title=\"Gruppenunterricht kitesurfen\" href=\"https:\/\/414kiting.com\/de\/gruppenkitesurfkurse\/\">Kurse und Coaching f\u00fcr jedes Level an<\/a>.<\/p>\r\n<\/div>\r\n<\/div>\r\n<p><span style=\"color: #808080;\"><\/span><\/p>\r\n<p><span style=\"color: #808080;\"><\/span><\/p>\r\n[\/vc_column_text][vc_video link=&#8220;https:\/\/youtu.be\/8PxCmL-G99g&#8220; css=&#8220;&#8220;][\/vc_column][vc_column typography_style=&#8220;black&#8220; width=&#8220;1\/2&#8243; css=&#8220;.vc_custom_1746531926465{padding-top: 5% !important;padding-right: 10% !important;padding-bottom: 5% !important;padding-left: 10% !important;background-color: #FFFFFF !important;}&#8220;][vc_column_text css=&#8220;.vc_custom_1746528058101{margin-bottom: 0px !important;padding-top: 0px !important;padding-right: 0px !important;padding-bottom: 0px !important;padding-left: 0px !important;}&#8220;]\r\n<p><span style=\"color: #a3a3a3;\"><\/span><\/p>\r\n<div class=\"wp-block-media-text has-media-on-the-right is-stacked-on-mobile\">\r\n<div class=\"wp-block-media-text__content\"><span style=\"color: #a3a3a3;\"><\/span><\/div>\r\n<\/div>\r\n<div class=\"wp-block-group\">\r\n<div class=\"wp-block-group\">\r\n<h2 class=\"wp-block-heading\" data-start=\"265\" data-end=\"312\">Was dich erwartet, wenn du Kitesurfen lernst<\/h2>\r\n<p data-start=\"314\" data-end=\"347\"><strong>Tag 1 \u2013 Kitesurf-Grundlagen<\/strong><\/p>\r\n<p class=\"\" data-start=\"348\" data-end=\"502\">Sicherheitseinweisung, Theorie und erste \u00dcbungen zur Kitekontrolle an Land, gefolgt von deiner ersten Session im Wasser (Body Dragging und Kite-Handling).<\/p>\r\n<p data-start=\"504\" data-end=\"545\"><strong>Tag 2 \u2013 Body Dragging &amp; Boardstarts<\/strong><\/p>\r\n<p class=\"\" data-start=\"546\" data-end=\"646\">Du \u00fcbst fortgeschrittenes Body Dragging und beginnst mit den ersten Versuchen, aufs Board zu kommen.<\/p>\r\n<p data-start=\"648\" data-end=\"684\"><strong>Tag 3 \u2013 Fahren &amp; Kitekontrolle<\/strong><\/p>\r\n<p class=\"\" data-start=\"685\" data-end=\"810\">Jetzt geht\u2019s richtig los: Du arbeitest daran, in beide Richtungen zu fahren und den Kite w\u00e4hrend der Fahrt sicher zu steuern.<\/p>\r\n<p class=\"\" data-start=\"812\" data-end=\"952\">Die meisten Sch\u00fcler fahren ab Tag 3 in beide Richtungen. Bis du selbstst\u00e4ndig gegen den Wind fahren kannst, dauert es in der Regel 5\u20137 Tage.<\/p>\r\n<\/div>\r\n<\/div>\r\n<p><span style=\"color: #808080;\"><\/span><\/p>\r\n<p><span style=\"color: #808080;\"><\/span><\/p>\r\n<div class=\"wp-block-group\"><div class=\"wp-block-group__inner-container is-layout-constrained wp-block-group-is-layout-constrained\">\r\n<p><span style=\"color: #808080;\"><\/span><\/p>\r\n<\/div><\/div>\r\n<p><span style=\"color: #808080;\"><\/span><\/p>\r\n<p><span style=\"color: #808080;\"><\/span><\/p>\r\n[\/vc_column_text][vc_column_text css=&#8220;.vc_custom_1746528050599{margin-bottom: 0px !important;padding-top: 0px !important;padding-right: 0px !important;padding-bottom: 0px !important;padding-left: 0px !important;}&#8220; el_class=&#8220;highlight-text&#8220;]\r\n<p><span style=\"color: #a3a3a3;\"><\/span><\/p>\r\n<div class=\"wp-block-media-text has-media-on-the-right is-stacked-on-mobile\">\r\n<div class=\"wp-block-media-text__content\"><span style=\"color: #a3a3a3;\"><\/span><\/div>\r\n<\/div>\r\n<div class=\"wp-block-group\">\r\n<div class=\"wp-block-group\"><hr \/>\r\n<h2 class=\"wp-block-heading\" data-start=\"959\" data-end=\"983\">Typischer Tagesablauf<\/h2>\r\n<p class=\"\" data-start=\"985\" data-end=\"1133\"><strong data-start=\"985\" data-end=\"994\">10:00<\/strong> \u2013 Treffpunkt &amp; Theorie<br data-start=\"1017\" data-end=\"1020\" \/><strong data-start=\"1020\" data-end=\"1029\">11:00<\/strong> \u2013 Ausr\u00fcstung anziehen<br data-start=\"1051\" data-end=\"1054\" \/><strong data-start=\"1054\" data-end=\"1063\">12:00<\/strong> \u2013 Mit dem Boot zum Kitespot<br data-start=\"1091\" data-end=\"1094\" \/><strong data-start=\"1094\" data-end=\"1113\">ca. 16:00\u201317:00<\/strong> \u2013 Zur\u00fcck im Hafen<\/p>\r\n<\/div>\r\n<\/div>\r\n<p><span style=\"color: #808080;\"><\/span><\/p>\r\n<p><span style=\"color: #808080;\"><\/span><\/p>\r\n<div class=\"wp-block-group\"><div class=\"wp-block-group__inner-container is-layout-constrained wp-block-group-is-layout-constrained\">\r\n<p><span style=\"color: #808080;\"><\/span><\/p>\r\n<\/div><\/div>\r\n<p><span style=\"color: #808080;\"><\/span><\/p>\r\n<p><span style=\"color: #808080;\"><\/span><\/p>\r\n[\/vc_column_text]<div class=\"theme-button-block-wrap wpex-block wpex-clear theme-button-wrap wpex-clr\"><a href=\"mailto:hello@414kiting.com\" class=\"vcex-button theme-button clean white medium align-left block wpex-flex-shrink-0\" style=\"background:#00c1cf;color:#ffffff;border:0;margin-top:30px;margin-bottom:30px;width:300px;\" data-wpex-hover='{&quot;background&quot;:&quot;#ffffff&quot;,&quot;color&quot;:&quot;#00c1cf&quot;}'><span class=\"theme-button-inner\">Email us to book<\/span><\/a><\/div> [vc_column_text css=&#8220;.vc_custom_1746530908847{margin-bottom: 0px !important;padding-top: 0px !important;padding-right: 0px !important;padding-bottom: 0px !important;padding-left: 0px !important;}&#8220;]\r\n<p><span style=\"color: #a3a3a3;\"><\/span><\/p>\r\n<div class=\"wp-block-media-text has-media-on-the-right is-stacked-on-mobile\">\r\n<div class=\"wp-block-media-text__content\"><span style=\"color: #a3a3a3;\"><\/span><\/div>\r\n<\/div>\r\n<div class=\"wp-block-group\">\r\n<div class=\"wp-block-group\">\r\n<p>Du wirst etwa 3 Stunden pro Tag auf dem Wasser sein \u2013 und jeder Sch\u00fcler hat seinen eigenen Kite, um die Lernzeit zu maximieren.<\/p>\r\n<\/div>\r\n<\/div>\r\n<p><span style=\"color: #808080;\"><\/span><\/p>\r\n<p><span style=\"color: #808080;\"><\/span><\/p>\r\n<div class=\"wp-block-group\"><div class=\"wp-block-group__inner-container is-layout-constrained wp-block-group-is-layout-constrained\">\r\n<p><span style=\"color: #808080;\"><\/span><\/p>\r\n<\/div><\/div>\r\n<p><span style=\"color: #808080;\"><\/span><\/p>\r\n<p><span style=\"color: #808080;\"><\/span><\/p>\r\n[\/vc_column_text][\/vc_column][\/vc_row][vc_row css_animation=&#8220;fadeInRight&#8220; column_spacing=&#8220;0px&#8220; equal_height=&#8220;yes&#8220; css=&#8220;.vc_custom_1746522099850{margin-top: 0px !important;margin-right: 0px !important;margin-bottom: 0px !important;margin-left: 0px !important;padding-top: 0px !important;padding-right: 0px !important;padding-bottom: 0px !important;padding-left: 0px !important;background-color: #ffffff !important;border-radius: 1px !important;border-color: #D9D9D9 !important;}&#8220; el_id=&#8220;icontext&#8220;][vc_column css=&#8220;.vc_custom_1583232279744{padding-top: 20px !important;padding-right: 20px !important;padding-bottom: 20px !important;padding-left: 20px !important;}&#8220;]<div class=\"vcex-grid-container vcex-module wpex-grid wpex-gap-20 wpex-grid-cols-2 wpex-sm-grid-cols-3 wpex-md-grid-cols-3 wpex-lg-grid-cols-6 wpex-justify-items-center vc_custom_1656422305705\"><div class=\"vcex-module vcex-icon-box vcex-icon-box-two wpex-relative wpex-text-center\"><div class=\"vcex-icon-box-symbol wpex-mb-20\"><div class=\"vcex-icon-box-icon wpex-inline-flex wpex-items-center wpex-justify-center wpex-child-inherit-color wpex-text-center wpex-leading-none wpex-text-black\" style=\"color:#00c1cf;\"><span class=\"fas fa-water\" aria-hidden=\"true\"><\/span><\/div><\/div><div class=\"vcex-icon-box-text\"><h2 class=\"vcex-icon-box-heading wpex-heading wpex-text-md wpex-mb-10\" style=\"color:#000000;\">Unbeatable learning space<\/h2><div class=\"vcex-icon-box-content wpex-last-mb-0 wpex-clr\" style=\"color:#000000;\"><hr class=\"iconhr\" \/>\n<\/div><\/div><\/div><div class=\"vcex-module vcex-icon-box vcex-icon-box-two wpex-relative wpex-text-center\"><div class=\"vcex-icon-box-symbol wpex-mb-20\"><div class=\"vcex-icon-box-icon wpex-inline-flex wpex-items-center wpex-justify-center wpex-child-inherit-color wpex-text-center wpex-leading-none wpex-text-black\" style=\"color:#00c1cf;\"><span class=\"fas fa-sun\" aria-hidden=\"true\"><\/span><\/div><\/div><div class=\"vcex-icon-box-text\"><h2 class=\"vcex-icon-box-heading wpex-heading wpex-text-md wpex-mb-10\" style=\"color:#000000;\">Safe learning environment<\/h2><div class=\"vcex-icon-box-content wpex-last-mb-0 wpex-clr\" style=\"color:#000000;\"><hr class=\"iconhr\" \/>\n<\/div><\/div><\/div><div class=\"vcex-module vcex-icon-box vcex-icon-box-two wpex-relative wpex-text-center\"><div class=\"vcex-icon-box-symbol wpex-mb-20\"><div class=\"vcex-icon-box-icon wpex-inline-flex wpex-items-center wpex-justify-center wpex-child-inherit-color wpex-text-center wpex-leading-none wpex-text-black\" style=\"color:#00c1cf;\"><span class=\"fas fa-ship\" aria-hidden=\"true\"><\/span><\/div><\/div><div class=\"vcex-icon-box-text\"><h2 class=\"vcex-icon-box-heading wpex-heading wpex-text-md wpex-mb-10\" style=\"color:#000000;\">Tuition from boats<\/h2><div class=\"vcex-icon-box-content wpex-last-mb-0 wpex-clr\" style=\"color:#000000;\"><hr class=\"iconhr\" \/>\n<\/div><\/div><\/div><div class=\"vcex-module vcex-icon-box vcex-icon-box-two wpex-relative wpex-text-center\"><div class=\"vcex-icon-box-symbol wpex-mb-20\"><div class=\"vcex-icon-box-icon wpex-inline-flex wpex-items-center wpex-justify-center wpex-child-inherit-color wpex-text-center wpex-leading-none wpex-text-black\" style=\"color:#00c1cf;\"><span class=\"fas fa-broadcast-tower\" aria-hidden=\"true\"><\/span><\/div><\/div><div class=\"vcex-icon-box-text\"><h2 class=\"vcex-icon-box-heading wpex-heading wpex-text-md wpex-mb-10\" style=\"color:#000000;\">Radio-assisted teaching<\/h2><div class=\"vcex-icon-box-content wpex-last-mb-0 wpex-clr\" style=\"color:#000000;\"><hr class=\"iconhr\" \/>\n<\/div><\/div><\/div><div class=\"vcex-module vcex-icon-box vcex-icon-box-two wpex-relative wpex-text-center\"><div class=\"vcex-icon-box-symbol wpex-mb-20\"><div class=\"vcex-icon-box-icon wpex-inline-flex wpex-items-center wpex-justify-center wpex-child-inherit-color wpex-text-center wpex-leading-none wpex-text-black\" style=\"color:#1fb9c4;\"><span class=\"fas fa-user-friends\" aria-hidden=\"true\"><\/span><\/div><\/div><div class=\"vcex-icon-box-text\"><h2 class=\"vcex-icon-box-heading wpex-heading wpex-text-md wpex-mb-10\" style=\"color:#000000;\">Max 3 students per group<\/h2><div class=\"vcex-icon-box-content wpex-last-mb-0 wpex-clr\" style=\"color:#000000;\"><hr class=\"iconhr\" \/>\n<\/div><\/div><\/div><div class=\"vcex-module vcex-icon-box vcex-icon-box-two wpex-relative wpex-text-center\"><div class=\"vcex-icon-box-symbol wpex-mb-20\"><div class=\"vcex-icon-box-icon wpex-inline-flex wpex-items-center wpex-justify-center wpex-child-inherit-color wpex-text-center wpex-leading-none wpex-text-black\" style=\"color:#1fb9c4;\"><span class=\"fas fa-check\" aria-hidden=\"true\"><\/span><\/div><\/div><div class=\"vcex-icon-box-text\"><h2 class=\"vcex-icon-box-heading wpex-heading wpex-text-md wpex-mb-10\" style=\"color:#000000;\">Qualified instructors<\/h2><div class=\"vcex-icon-box-content wpex-last-mb-0 wpex-clr\" style=\"color:#000000;\"><hr class=\"iconhr\" \/>\n<\/div><\/div><\/div><\/div>[\/vc_column][\/vc_row][vc_row 0=&#8220;&#8220; column_spacing=&#8220;0px&#8220; equal_height=&#8220;yes&#8220; css=&#8220;.vc_custom_1657298408969{background-position: center !important;background-repeat: no-repeat !important;background-size: cover !important;}&#8220; wpex_bg_position=&#8220;center right&#8220;][vc_column width=&#8220;1\/2&#8243; css=&#8220;.vc_custom_1706537712427{padding-top: 5% !important;padding-right: 5% !important;padding-bottom: 5% !important;padding-left: 5% !important;background-color: #000000 !important;background-position: center !important;background-repeat: no-repeat !important;background-size: cover !important;}&#8220;][vc_column_text css_animation=&#8220;fadeIn&#8220; responsive_text=&#8220;true&#8220; css=&#8220;.vc_custom_1746526200625{padding-bottom: 30px !important;}&#8220; color=&#8220;#ffffff&#8220;]\r\n<h2 class=\"\" data-start=\"230\" data-end=\"238\">Preis<\/h2>\r\n<p class=\"\" data-start=\"240\" data-end=\"369\"><strong data-start=\"240\" data-end=\"268\">225\u202f\u20ac pro Person und Tag<\/strong><br data-start=\"268\" data-end=\"271\" \/>Inklusive vollst\u00e4ndiger Einweisung, kompletter Ausr\u00fcstung, Bootsbegleitung und IKO-Zertifizierung.<\/p>\r\n<hr class=\"\" data-start=\"371\" data-end=\"374\" \/>\r\n<h2 class=\"\" data-start=\"376\" data-end=\"397\">Was ist enthalten?<\/h2>\r\n<ul data-start=\"399\" data-end=\"742\">\r\n<li class=\"\" data-start=\"399\" data-end=\"431\">\r\n<p class=\"\" data-start=\"401\" data-end=\"431\">Maximal 3 Sch\u00fcler pro Gruppe<\/p>\r\n<\/li>\r\n<li class=\"\" data-start=\"432\" data-end=\"473\">\r\n<p class=\"\" data-start=\"434\" data-end=\"473\">Eigener Kite f\u00fcr die gesamte Schulung<\/p>\r\n<\/li>\r\n<li class=\"\" data-start=\"474\" data-end=\"556\">\r\n<p class=\"\" data-start=\"476\" data-end=\"556\">Komplette Ausr\u00fcstung: Kite, Board, Neoprenanzug, Trapez, Helm und Schwimmweste<\/p>\r\n<\/li>\r\n<li class=\"\" data-start=\"557\" data-end=\"623\">\r\n<p class=\"\" data-start=\"559\" data-end=\"623\">T\u00e4gliche Theorie-Inputs und individuelle Fortschrittskontrolle<\/p>\r\n<\/li>\r\n<li class=\"\" data-start=\"624\" data-end=\"657\">\r\n<p class=\"\" data-start=\"626\" data-end=\"657\">IKO-zertifizierter Instructor<\/p>\r\n<\/li>\r\n<li class=\"\" data-start=\"658\" data-end=\"712\">\r\n<p class=\"\" data-start=\"660\" data-end=\"712\">IKO-Zertifizierung oder Fortschrittsaktualisierung<\/p>\r\n<\/li>\r\n<li class=\"\" data-start=\"713\" data-end=\"742\">\r\n<p class=\"\" data-start=\"715\" data-end=\"742\"><strong data-start=\"715\" data-end=\"742\">No-Wind-No-Fee-Garantie<\/strong><\/p>\r\n<\/li>\r\n<\/ul>\r\n<hr class=\"\" data-start=\"1827\" data-end=\"1830\" \/>\r\n<h2 class=\"\" data-start=\"1269\" data-end=\"1292\">IKO-Zertifizierung<\/h2>\r\n<p class=\"\" data-start=\"1293\" data-end=\"1480\">Am Ende deines Kurses registrieren oder aktualisieren wir deine <a href=\"https:\/\/www.ikointl.com\/de\/kurs\/kiteboarder\" target=\"_blank\" rel=\"noopener\">IKO-Lizenz<\/a> \u2013 ein international anerkanntes Kitesurf-Zertifikat, das oft erforderlich ist, um weltweit Ausr\u00fcstung zu mieten.<\/p>\r\n<hr class=\"\" data-start=\"1482\" data-end=\"1485\" \/>\r\n<h2 class=\"\" data-start=\"1487\" data-end=\"1515\">No-Wind-No-Fee-Garantie<\/h2>\r\n<p class=\"\" data-start=\"1516\" data-end=\"1735\">Alle unsere Kurse sind durch unsere No-Wind-No-Fee-Garantie abgedeckt. Wenn der Wind nicht ausreicht, bekommst du entweder dein Geld zur\u00fcck oder wir finden gemeinsam einen neuen Termin \u2013 ganz wie es dir am besten passt.<\/p>\r\n<h2 data-start=\"1832\" data-end=\"1855\"><span style=\"color: #616161; font-size: 15px; font-weight: 500; letter-spacing: 1.2px;\">[\/vc_column_text]<div class=\"vcex-multi-buttons wpex-flex wpex-flex-wrap wpex-items-center wpex-gap-10 wpex-justify-start\"><a href=\"https:\/\/414kiting.com\/de\/privatunterricht\/\" title=\"Private Lessons\" class=\"theme-button outline white vcex-count-1\">Privatunterricht Kitesurfen<\/a><a href=\"https:\/\/414kiting.com\/de\/gruppenkitesurfkurse\/\" title=\"Private Lessons\" class=\"theme-button outline white vcex-count-2\">Gruppenunterricht kitesurfen<\/a><a href=\"https:\/\/414kiting.com\/de\/kitesurf-coaching\/\" title=\"Coaching\" class=\"theme-button outline white vcex-count-3\">Kitesurf coaching<\/a><a href=\"https:\/\/414kiting.com\/de\/wing-foil\/\" title=\"Wing Foil Lessons\" class=\"theme-button outline white vcex-count-4\">Wing foil<\/a><a href=\"https:\/\/414kiting.com\/de\/kitefoil-kurse\/\" title=\"Kite Foil Lessons\" class=\"theme-button outline white vcex-count-5\">Kite foil<\/a><\/div>[\/vc_column][vc_column width=&#8220;1\/2&#8243; css=&#8220;.vc_custom_1583308134447{background-image: url(https:\/\/414kiting.com\/wp-content\/uploads\/2019\/03\/414_onwater_fullsize-17.jpg?id=2013) !important;background-position: center !important;background-repeat: no-repeat !important;background-size: cover !important;}&#8220;][\/vc_column][\/vc_row][vc_row][vc_column][vc_column_text] <\/span><\/h2>\r\n[\/vc_column_text][\/vc_column][\/vc_row]<\/div>","protected":false},"excerpt":{"rendered":"<p>[vc_row content_placement=&#8220;top&#8220; full_height=&#8220;yes&#8220; equal_height=&#8220;yes&#8220;][vc_column video_bg=&#8220;yes&#8220; video_bg_url=&#8220;https:\/\/youtu.be\/8PxCmL-G99g&#8220; width=&#8220;1\/2&#8243; css=&#8220;.vc_custom_1746464671762{padding-top: 0px !important;padding-right: 0px !important;padding-bottom: 0px !important;padding-left: 0px !important;}&#8220;][vc_column_text css=&#8220;.vc_custom_1747818403066{margin-bottom: 0px !important;padding-top: 5% !important;padding-right: 10% !important;padding-bottom: 5% !important;padding-left: 10% !important;}&#8220; color=&#8220;#fff&#8220;] Kitesurf-Kurse f\u00fcr Anf\u00e4nger Neu beim Kitesurfen? Starte dein Abenteuer mit unserem Anf\u00e4ngerkurs bei 414 Kiting. Wir unterrichten in kleinen Gruppen (max. 3 Personen) und passen den Kurs&hellip;<\/p>\n","protected":false},"author":2,"featured_media":0,"parent":0,"menu_order":0,"comment_status":"closed","ping_status":"closed","template":"","meta":{"_sitemap_exclude":false,"_sitemap_priority":"","_sitemap_frequency":"","_monsterinsights_skip_tracking":false,"_monsterinsights_sitenote_active":false,"_monsterinsights_sitenote_note":"","_monsterinsights_sitenote_category":0,"footnotes":""},"class_list":["post-8986","page","type-page","status-publish","hentry","entry","no-media"],"aioseo_notices":[],"_links":{"self":[{"href":"https:\/\/414kiting.com\/de\/wp-json\/wp\/v2\/pages\/8986","targetHints":{"allow":["GET"]}}],"collection":[{"href":"https:\/\/414kiting.com\/de\/wp-json\/wp\/v2\/pages"}],"about":[{"href":"https:\/\/414kiting.com\/de\/wp-json\/wp\/v2\/types\/page"}],"author":[{"embeddable":true,"href":"https:\/\/414kiting.com\/de\/wp-json\/wp\/v2\/users\/2"}],"replies":[{"embeddable":true,"href":"https:\/\/414kiting.com\/de\/wp-json\/wp\/v2\/comments?post=8986"}],"version-history":[{"count":14,"href":"https:\/\/414kiting.com\/de\/wp-json\/wp\/v2\/pages\/8986\/revisions"}],"predecessor-version":[{"id":9215,"href":"https:\/\/414kiting.com\/de\/wp-json\/wp\/v2\/pages\/8986\/revisions\/9215"}],"wp:attachment":[{"href":"https:\/\/414kiting.com\/de\/wp-json\/wp\/v2\/media?parent=8986"}],"curies":[{"name":"wp","href":"https:\/\/api.w.org\/{rel}","templated":true}]}}