{"id":7106,"date":"2022-08-26T20:10:10","date_gmt":"2022-08-26T20:10:10","guid":{"rendered":"https:\/\/414kiting.com\/snowkiting"},"modified":"2024-02-16T09:58:15","modified_gmt":"2024-02-16T09:58:15","slug":"snowkiting","status":"publish","type":"page","link":"https:\/\/414kiting.com\/de\/snowkiting\/","title":{"rendered":"Snowkiting"},"content":{"rendered":"<div class=\"wpb-content-wrapper\">[vc_row column_spacing=&#8220;0px&#8220; equal_height=&#8220;yes&#8220; wpex_bg_overlay=&#8220;custom&#8220; css=&#8220;.vc_custom_1661544535272{margin-top: 0px !important;margin-right: 0px !important;margin-bottom: 0px !important;margin-left: 0px !important;border-top-width: 0px !important;border-right-width: 0px !important;border-bottom-width: 0px !important;border-left-width: 0px !important;padding-top: 0px !important;padding-right: 0px !important;padding-bottom: 0px !important;padding-left: 0px !important;background-image: url(https:\/\/414kiting.com\/wp-content\/uploads\/2022\/08\/snowkite3.jpg?id=7098) !important;background-position: center !important;background-repeat: no-repeat !important;background-size: cover !important;}&#8220; min_height=&#8220;500px&#8220; wpex_bg_overlay_color=&#8220;rgba(255,255,255,0.01)&#8220;][vc_column width=&#8220;1\/3&#8243; min_height=&#8220;100%&#8220; css=&#8220;.vc_custom_1657299014548{padding-top: 20px !important;padding-right: 20px !important;padding-bottom: 20px !important;padding-left: 20px !important;background-color: rgba(0,0,0,0.8) !important;background-position: center !important;background-repeat: no-repeat !important;background-size: cover !important;*background-color: rgb(0,0,0) !important;}&#8220;][vc_column_text css_animation=&#8220;fadeIn&#8220; responsive_text=&#8220;true&#8220; color=&#8220;#ffffff&#8220;]\n<h2>SNOW KITE UNTERRICHT<\/h2>\n<p>Fehlt dir dein Kite-Fix im Winter? Snowkiten ist eine gro\u00dfartige M\u00f6glichkeit, die Techniken des Kiteboardens zu erlernen und zu \u00fcben. Da es weniger Widerstand gibt als auf dem Wasser, ist Snowkiten auch viel einfacher zu erlernen. Ganz zu schweigen davon, dass du weniger Wind brauchst und jedes weitl\u00e4ufige, schneebedeckte Gebiet zum Snowkiten nutzen kannst. Vielleicht wirst du sogar nicht mehr in Skigebiete gehen, nachdem du entdeckt hast, wie vielseitig und unterhaltsam Snowkiten sein kann.<\/p>\n<h4 class=\"vcex-teaser-heading\">Im Preis inbegriffen:<\/h4>\n<div class=\"vcex-teaser-text clr\">\n<ul>\n<li>Qualifizierter Instruktor<\/li>\n<li>Flexible Startzeit (wir beraten Sie je nach Wind)<\/li>\n<li>Sichere Lernumgebung mit viel Platz<\/li>\n<li>Theoriestunden vor der Lektion, falls erforderlich<\/li>\n<\/ul>\n<\/div>\n<div class=\"vcex-teaser-text clr\"><\/div>\n[\/vc_column_text]<a href=\"mailto:hello@414kiting.com\" class=\"vcex-button theme-button clean white medium align-left inline wpex-flex-shrink-0\" style=\"background:#00c1cf;color:#ffffff;border:0;margin-top:30px;margin-bottom:30px;width:300px;\" data-wpex-hover='{&quot;background&quot;:&quot;#ffffff&quot;,&quot;color&quot;:&quot;#00c1cf&quot;}'><span class=\"theme-button-inner\">Book Now!<\/span><\/a> [\/vc_column][vc_column width=&#8220;2\/3&#8243; css=&#8220;.vc_custom_1583416791648{background-position: center !important;background-repeat: no-repeat !important;background-size: cover !important;}&#8220; min_height=&#8220;100%&#8220;][\/vc_column][\/vc_row][vc_row css_animation=&#8220;fadeInRight&#8220; column_spacing=&#8220;0px&#8220; equal_height=&#8220;yes&#8220; css=&#8220;.vc_custom_1656421789685{margin-top: 0px !important;margin-right: 0px !important;margin-bottom: 0px !important;margin-left: 0px !important;padding-top: 0px !important;padding-right: 0px !important;padding-bottom: 0px !important;padding-left: 0px !important;background-color: #ffffff !important;}&#8220; el_id=&#8220;icontext&#8220;][vc_column css=&#8220;.vc_custom_1583232279744{padding-top: 20px !important;padding-right: 20px !important;padding-bottom: 20px !important;padding-left: 20px !important;}&#8220;]<div class=\"vcex-grid-container vcex-module wpex-grid wpex-gap-20 wpex-grid-cols-2 wpex-sm-grid-cols-2 wpex-md-grid-cols-2 wpex-lg-grid-cols-4 wpex-justify-items-center vc_custom_1661544217754\"><div class=\"vcex-module vcex-icon-box vcex-icon-box-two wpex-relative wpex-text-center\"><div class=\"vcex-icon-box-symbol wpex-mb-20\"><div class=\"vcex-icon-box-icon wpex-inline-flex wpex-items-center wpex-justify-center wpex-child-inherit-color wpex-text-center wpex-leading-none wpex-text-black\" style=\"color:#00c1cf;\"><span class=\"fas fa-sun\" aria-hidden=\"true\"><\/span><\/div><\/div><div class=\"vcex-icon-box-text\"><h2 class=\"vcex-icon-box-heading wpex-heading wpex-text-md wpex-mb-10\" style=\"color:#000000;\">Safe learning environment<\/h2><div class=\"vcex-icon-box-content wpex-last-mb-0 wpex-clr\" style=\"color:#000000;\"><hr class=\"iconhr\" \/>\n<\/div><\/div><\/div><div class=\"vcex-module vcex-icon-box vcex-icon-box-two wpex-relative wpex-text-center\"><div class=\"vcex-icon-box-symbol wpex-mb-20\"><div class=\"vcex-icon-box-icon wpex-inline-flex wpex-items-center wpex-justify-center wpex-child-inherit-color wpex-text-center wpex-leading-none wpex-text-black\" style=\"color:#00c1cf;\"><span class=\"fas fa-star\" aria-hidden=\"true\"><\/span><\/div><\/div><div class=\"vcex-icon-box-text\"><h2 class=\"vcex-icon-box-heading wpex-heading wpex-text-md wpex-mb-10\" style=\"color:#000000;\">Newest Equipment<\/h2><div class=\"vcex-icon-box-content wpex-last-mb-0 wpex-clr\" style=\"color:#000000;\"><hr class=\"iconhr\" \/>\n<\/div><\/div><\/div><div class=\"vcex-module vcex-icon-box vcex-icon-box-two wpex-relative wpex-text-center\"><div class=\"vcex-icon-box-symbol wpex-mb-20\"><div class=\"vcex-icon-box-icon wpex-inline-flex wpex-items-center wpex-justify-center wpex-child-inherit-color wpex-text-center wpex-leading-none wpex-text-black\" style=\"color:#1fb9c4;\"><span class=\"fas fa-user-friends\" aria-hidden=\"true\"><\/span><\/div><\/div><div class=\"vcex-icon-box-text\"><h2 class=\"vcex-icon-box-heading wpex-heading wpex-text-md wpex-mb-10\" style=\"color:#000000;\">Max 3 students\/group<\/h2><div class=\"vcex-icon-box-content wpex-last-mb-0 wpex-clr\" style=\"color:#000000;\"><hr class=\"iconhr\" \/>\n<\/div><\/div><\/div><div class=\"vcex-module vcex-icon-box vcex-icon-box-two wpex-relative wpex-text-center\"><div class=\"vcex-icon-box-symbol wpex-mb-20\"><div class=\"vcex-icon-box-icon wpex-inline-flex wpex-items-center wpex-justify-center wpex-child-inherit-color wpex-text-center wpex-leading-none wpex-text-black\" style=\"color:#1fb9c4;\"><span class=\"fas fa-check\" aria-hidden=\"true\"><\/span><\/div><\/div><div class=\"vcex-icon-box-text\"><h2 class=\"vcex-icon-box-heading wpex-heading wpex-text-md wpex-mb-10\" style=\"color:#000000;\">Qualified instructors<\/h2><div class=\"vcex-icon-box-content wpex-last-mb-0 wpex-clr\" style=\"color:#000000;\"><hr class=\"iconhr\" \/>\n<\/div><\/div><\/div><\/div>[\/vc_column][\/vc_row][vc_row 0=&#8220;&#8220; column_spacing=&#8220;0px&#8220; equal_height=&#8220;yes&#8220; css=&#8220;.vc_custom_1657299089529{background-position: center !important;background-repeat: no-repeat !important;background-size: cover !important;}&#8220; wpex_bg_position=&#8220;center right&#8220;][vc_column width=&#8220;1\/2&#8243; css=&#8220;.vc_custom_1661544340858{background-image: url(https:\/\/414kiting.com\/wp-content\/uploads\/2022\/08\/snow-kiting2.jpg?id=7093) !important;background-position: center !important;background-repeat: no-repeat !important;background-size: cover !important;}&#8220;][\/vc_column][vc_column width=&#8220;1\/2&#8243; css=&#8220;.vc_custom_1657299229804{padding-top: 20px !important;padding-right: 20px !important;padding-bottom: 20px !important;padding-left: 20px !important;background-color: #000000 !important;background-position: center !important;background-repeat: no-repeat !important;background-size: cover !important;}&#8220;][vc_column_text css_animation=&#8220;fadeIn&#8220; responsive_text=&#8220;true&#8220; color=&#8220;#ffffff&#8220; css=&#8220;.vc_custom_1661544588580{padding-bottom: 30px !important;}&#8220;]\n<h2 class=\"vcex-teaser-heading\">SNOW KITING LESSONS &#8211; ab CHF200\/DAY<\/h2>\n<p>Gruppenunterricht im Snowkiten ist f\u00fcr alle Niveaus und Altersgruppen geeignet. Ein niedriges Lehrer-Sch\u00fcler-Verh\u00e4ltnis (maximal 3 Sch\u00fcler pro Gruppe) sorgt f\u00fcr ein sicheres und voll unterst\u00fctztes Lernumfeld.<\/p>\n<p>Es ist am besten, den Unterricht so weit wie m\u00f6glich im Voraus zu buchen, um Entt\u00e4uschungen zu vermeiden, besonders in der Hochsaison, wenn die Verf\u00fcgbarkeit begrenzt ist.<\/p>\n<h4>Was Sie mitbringen sollten:<\/h4>\n<ul class=\"list check check-list\">\n<li>Sonnencreme<\/li>\n<li>Helm<\/li>\n<li>Sonnenbrille\/goggles<\/li>\n<li>Skier oder Snowboard<\/li>\n<li>Wasser &amp; einen snack<\/li>\n<\/ul>\n[\/vc_column_text][\/vc_column][\/vc_row]\n<\/div>","protected":false},"excerpt":{"rendered":"<p>[vc_row column_spacing=&#8220;0px&#8220; equal_height=&#8220;yes&#8220; wpex_bg_overlay=&#8220;custom&#8220; css=&#8220;.vc_custom_1661544535272{margin-top: 0px !important;margin-right: 0px !important;margin-bottom: 0px !important;margin-left: 0px !important;border-top-width: 0px !important;border-right-width: 0px !important;border-bottom-width: 0px !important;border-left-width: 0px !important;padding-top: 0px !important;padding-right: 0px !important;padding-bottom: 0px !important;padding-left: 0px !important;background-image: url(https:\/\/414kiting.com\/wp-content\/uploads\/2022\/08\/snowkite3.jpg?id=7098) !important;background-position: center !important;background-repeat: no-repeat !important;background-size: cover !important;}&#8220; min_height=&#8220;500px&#8220; wpex_bg_overlay_color=&#8220;rgba(255,255,255,0.01)&#8220;][vc_column width=&#8220;1\/3&#8243; min_height=&#8220;100%&#8220; css=&#8220;.vc_custom_1657299014548{padding-top: 20px !important;padding-right: 20px !important;padding-bottom: 20px !important;padding-left: 20px !important;background-color: rgba(0,0,0,0.8) !important;background-position: center !important;background-repeat: no-repeat&hellip;<\/p>\n","protected":false},"author":2,"featured_media":0,"parent":0,"menu_order":0,"comment_status":"closed","ping_status":"closed","template":"","meta":{"_sitemap_exclude":false,"_sitemap_priority":"","_sitemap_frequency":"","_monsterinsights_skip_tracking":false,"_monsterinsights_sitenote_active":false,"_monsterinsights_sitenote_note":"","_monsterinsights_sitenote_category":0,"footnotes":""},"class_list":["post-7106","page","type-page","status-publish","hentry","entry","no-media"],"aioseo_notices":[],"_links":{"self":[{"href":"https:\/\/414kiting.com\/de\/wp-json\/wp\/v2\/pages\/7106","targetHints":{"allow":["GET"]}}],"collection":[{"href":"https:\/\/414kiting.com\/de\/wp-json\/wp\/v2\/pages"}],"about":[{"href":"https:\/\/414kiting.com\/de\/wp-json\/wp\/v2\/types\/page"}],"author":[{"embeddable":true,"href":"https:\/\/414kiting.com\/de\/wp-json\/wp\/v2\/users\/2"}],"replies":[{"embeddable":true,"href":"https:\/\/414kiting.com\/de\/wp-json\/wp\/v2\/comments?post=7106"}],"version-history":[{"count":3,"href":"https:\/\/414kiting.com\/de\/wp-json\/wp\/v2\/pages\/7106\/revisions"}],"predecessor-version":[{"id":8389,"href":"https:\/\/414kiting.com\/de\/wp-json\/wp\/v2\/pages\/7106\/revisions\/8389"}],"wp:attachment":[{"href":"https:\/\/414kiting.com\/de\/wp-json\/wp\/v2\/media?parent=7106"}],"curies":[{"name":"wp","href":"https:\/\/api.w.org\/{rel}","templated":true}]}}