{"id":6855,"date":"2022-06-28T13:27:04","date_gmt":"2022-06-28T13:27:04","guid":{"rendered":"https:\/\/414kiting.com\/wing-foil-lessons"},"modified":"2025-05-09T11:15:17","modified_gmt":"2025-05-09T11:15:17","slug":"wing-foil","status":"publish","type":"page","link":"https:\/\/414kiting.com\/de\/wing-foil\/","title":{"rendered":"Wing Foil Kurse"},"content":{"rendered":"<div class=\"wpb-content-wrapper\">[vc_row column_spacing=&#8220;0px&#8220; equal_height=&#8220;yes&#8220; css=&#8220;.vc_custom_1707131599097{margin-top: 0px !important;margin-right: 0px !important;margin-bottom: 0px !important;margin-left: 0px !important;border-top-width: 0px !important;border-right-width: 0px !important;border-bottom-width: 0px !important;border-left-width: 0px !important;padding-top: 0px !important;padding-right: 0px !important;padding-bottom: 0px !important;padding-left: 0px !important;background-image: url(https:\/\/414kiting.com\/wp-content\/uploads\/2022\/06\/2022_41446.jpg?id=6695) !important;background-position: center !important;background-repeat: no-repeat !important;background-size: cover !important;}&#8220; min_height=&#8220;500px&#8220; wpex_bg_position=&#8220;bottom left&#8220;][vc_column width=&#8220;1\/2&#8243; min_height=&#8220;250px&#8220;][vc_single_image image=&#8220;6695&#8243; visibility=&#8220;show-at-mm-breakpoint&#8220;][\/vc_column][vc_column width=&#8220;1\/2&#8243; min_height=&#8220;100%&#8220; css=&#8220;.vc_custom_1707131360390{padding-top: 5% !important;padding-right: 5% !important;padding-bottom: 5% !important;padding-left: 5% !important;background-color: rgba(0,0,0,0.8) !important;background-position: center !important;background-repeat: no-repeat !important;background-size: cover !important;*background-color: rgb(0,0,0) !important;}&#8220;][vc_column_text css_animation=&#8220;fadeIn&#8220; responsive_text=&#8220;true&#8220; color=&#8220;#ffffff&#8220;]\n<h1><span style=\"color: #33cccc;\">Die besten Wingfoil-Kurse am Comer See<\/span><\/h1>\n<p>Nehmen Sie an einem Wing Foil Kurs teil und lernen Sie das Wing Foil auf dem sch\u00f6nen Comer See. Alle unsere Lektionen finden vom Boot aus statt, damit wir uns dorthin bewegen k\u00f6nnen, wo der Wind am besten weht. Wir haben maximal 3 Sch\u00fcler pro Gruppe, wobei jeder Sch\u00fcler seine eigene Ausr\u00fcstung f\u00fcr die Dauer des Kurses hat. Die konstanten thermischen Winde, das Fehlen von Wellen, das tiefe, frische Wasser und der gro\u00dfe Platz machen den See zum perfekten Ort, um diesen unglaublichen Sport zu erlernen.<\/p>\n<p>Um einen Platz in einem Wing-Foil-Kurs zu buchen, brauchst du keine Kite-Erfahrung, aber Windkenntnisse und Erfahrung im Wassersport\/Foil sind hilfreich. Hast du das nicht? Kein Problem &#8211; lass es uns einfach wissen, damit wir zu Beginn des Kurses etwas Theorie einplanen k\u00f6nnen, um dir die Grundlagen zu vermitteln.<\/p>\n<h2><strong>Was ist inbegriffen<\/strong>:<\/h2>\n<ul>\n<li>No-Wind-No-Fee-Garantie<\/li>\n<li>Unbegrenzte Zeit im Wasser<\/li>\n<li>Komplette Ausr\u00fcstung, einschlie\u00dflich Wing, Board, Neoprenanzug, Trapez, Schwimmweste und Helm (falls du dein eigenes Material hast, kannst du gerne auch dieses mitbringen)<\/li>\n<li>Geschicklichkeitstheorie-Sitzung \/ 1 Stunde Theorie-Session am Land (f\u00fcr Anf\u00e4nger)<\/li>\n<li><a href=\"https:\/\/www.iwointl.com\/\" target=\"_blank\" rel=\"noopener\">IWO<\/a> Kitesurf Lizenz am Ende deines Kurses<\/li>\n<\/ul>\n[\/vc_column_text]<a href=\"mailto:hello@414kiting.com\" class=\"vcex-button theme-button clean white medium align-left inline wpex-flex-shrink-0\" style=\"background:#00c1cf;color:#ffffff;border:0;margin-top:30px;margin-bottom:30px;width:300px;\" data-wpex-hover='{&quot;background&quot;:&quot;#ffffff&quot;,&quot;color&quot;:&quot;#00c1cf&quot;}'><span class=\"theme-button-inner\">Book Now!<\/span><\/a> [\/vc_column][\/vc_row][vc_row css_animation=&#8220;fadeInRight&#8220; column_spacing=&#8220;0px&#8220; equal_height=&#8220;yes&#8220; css=&#8220;.vc_custom_1687688624307{margin-top: 0px !important;margin-right: 0px !important;margin-bottom: 0px !important;margin-left: 0px !important;padding-top: 0px !important;padding-right: 0px !important;padding-bottom: 0px !important;padding-left: 0px !important;background-color: #ffffff !important;}&#8220; el_id=&#8220;icontext&#8220;][vc_column css=&#8220;.vc_custom_1583232279744{padding-top: 20px !important;padding-right: 20px !important;padding-bottom: 20px !important;padding-left: 20px !important;}&#8220;]<div class=\"vcex-grid-container vcex-module wpex-grid wpex-gap-20 wpex-grid-cols-2 wpex-sm-grid-cols-3 wpex-md-grid-cols-3 wpex-lg-grid-cols-6 wpex-justify-items-center vc_custom_1657294801668\"><div class=\"vcex-module vcex-icon-box vcex-icon-box-two wpex-relative wpex-text-center\"><div class=\"vcex-icon-box-symbol wpex-mb-20\"><div class=\"vcex-icon-box-icon wpex-inline-flex wpex-items-center wpex-justify-center wpex-child-inherit-color wpex-text-center wpex-leading-none wpex-text-black\" style=\"color:#00c1cf;\"><span class=\"fas fa-water\" aria-hidden=\"true\"><\/span><\/div><\/div><div class=\"vcex-icon-box-text\"><h2 class=\"vcex-icon-box-heading wpex-heading wpex-text-md wpex-mb-10\" style=\"color:#000000;\">Unschlagbarer Lernraum<\/h2><div class=\"vcex-icon-box-content wpex-last-mb-0 wpex-clr\" style=\"color:#000000;\"><hr class=\"iconhr\" \/>\n<\/div><\/div><\/div><div class=\"vcex-module vcex-icon-box vcex-icon-box-two wpex-relative wpex-text-center\"><div class=\"vcex-icon-box-symbol wpex-mb-20\"><div class=\"vcex-icon-box-icon wpex-inline-flex wpex-items-center wpex-justify-center wpex-child-inherit-color wpex-text-center wpex-leading-none wpex-text-black\" style=\"color:#00c1cf;\"><span class=\"fas fa-sun\" aria-hidden=\"true\"><\/span><\/div><\/div><div class=\"vcex-icon-box-text\"><h2 class=\"vcex-icon-box-heading wpex-heading wpex-text-md wpex-mb-10\" style=\"color:#000000;\">Sichere Lernumgebung<\/h2><div class=\"vcex-icon-box-content wpex-last-mb-0 wpex-clr\" style=\"color:#000000;\"><hr class=\"iconhr\" \/>\n<\/div><\/div><\/div><div class=\"vcex-module vcex-icon-box vcex-icon-box-two wpex-relative wpex-text-center\"><div class=\"vcex-icon-box-symbol wpex-mb-20\"><div class=\"vcex-icon-box-icon wpex-inline-flex wpex-items-center wpex-justify-center wpex-child-inherit-color wpex-text-center wpex-leading-none wpex-text-black\" style=\"color:#00c1cf;\"><span class=\"fas fa-ship\" aria-hidden=\"true\"><\/span><\/div><\/div><div class=\"vcex-icon-box-text\"><h2 class=\"vcex-icon-box-heading wpex-heading wpex-text-md wpex-mb-10\" style=\"color:#000000;\">Unterricht von Booten aus<\/h2><div class=\"vcex-icon-box-content wpex-last-mb-0 wpex-clr\" style=\"color:#000000;\"><hr class=\"iconhr\" \/>\n<\/div><\/div><\/div><div class=\"vcex-module vcex-icon-box vcex-icon-box-two wpex-relative wpex-text-center\"><div class=\"vcex-icon-box-symbol wpex-mb-20\"><div class=\"vcex-icon-box-icon wpex-inline-flex wpex-items-center wpex-justify-center wpex-child-inherit-color wpex-text-center wpex-leading-none wpex-text-black\" style=\"color:#00c1cf;\"><span class=\"fas fa-broadcast-tower\" aria-hidden=\"true\"><\/span><\/div><\/div><div class=\"vcex-icon-box-text\"><h2 class=\"vcex-icon-box-heading wpex-heading wpex-text-md wpex-mb-10\" style=\"color:#000000;\">Radio-unterst\u00fctzter Unterricht<\/h2><div class=\"vcex-icon-box-content wpex-last-mb-0 wpex-clr\" style=\"color:#000000;\"><hr class=\"iconhr\" \/>\n<\/div><\/div><\/div><div class=\"vcex-module vcex-icon-box vcex-icon-box-two wpex-relative wpex-text-center\"><div class=\"vcex-icon-box-symbol wpex-mb-20\"><div class=\"vcex-icon-box-icon wpex-inline-flex wpex-items-center wpex-justify-center wpex-child-inherit-color wpex-text-center wpex-leading-none wpex-text-black\" style=\"color:#1fb9c4;\"><span class=\"fas fa-user-friends\" aria-hidden=\"true\"><\/span><\/div><\/div><div class=\"vcex-icon-box-text\"><h2 class=\"vcex-icon-box-heading wpex-heading wpex-text-md wpex-mb-10\" style=\"color:#000000;\">Maximal 3 Sch\u00fcler\/Gruppe<\/h2><div class=\"vcex-icon-box-content wpex-last-mb-0 wpex-clr\" style=\"color:#000000;\"><hr class=\"iconhr\" \/>\n<\/div><\/div><\/div><div class=\"vcex-module vcex-icon-box vcex-icon-box-two wpex-relative wpex-text-center\"><div class=\"vcex-icon-box-symbol wpex-mb-20\"><div class=\"vcex-icon-box-icon wpex-inline-flex wpex-items-center wpex-justify-center wpex-child-inherit-color wpex-text-center wpex-leading-none wpex-text-black\" style=\"color:#1fb9c4;\"><span class=\"fas fa-check\" aria-hidden=\"true\"><\/span><\/div><\/div><div class=\"vcex-icon-box-text\"><h2 class=\"vcex-icon-box-heading wpex-heading wpex-text-md wpex-mb-10\" style=\"color:#000000;\">Qualifizierte Ausbilder<\/h2><div class=\"vcex-icon-box-content wpex-last-mb-0 wpex-clr\" style=\"color:#000000;\"><hr class=\"iconhr\" \/>\n<\/div><\/div><\/div><\/div>[\/vc_column][\/vc_row][vc_row 0=&#8220;&#8220; column_spacing=&#8220;0px&#8220; equal_height=&#8220;yes&#8220; css=&#8220;.vc_custom_1583308123766{background-image: url(https:\/\/414kiting.com\/wp-content\/uploads\/2020\/03\/zxgdri2ewzk.jpg?id=2887) !important;background-position: center !important;background-repeat: no-repeat !important;background-size: cover !important;}&#8220; wpex_bg_position=&#8220;center right&#8220;][vc_column width=&#8220;1\/2&#8243; css=&#8220;.vc_custom_1707131448141{padding-top: 5% !important;padding-right: 5% !important;padding-bottom: 5% !important;padding-left: 5% !important;background-color: #000000 !important;background-position: center !important;background-repeat: no-repeat !important;background-size: cover !important;}&#8220;][vc_column_text css_animation=&#8220;fadeIn&#8220; responsive_text=&#8220;true&#8220; css=&#8220;.vc_custom_1707233824918{padding-bottom: 20px !important;}&#8220; color=&#8220;#ffffff&#8220;]\n<h2>Preis &amp; was mitzubringen<\/h2>\n<h3><strong>\u20ac250\/Person\/Tag<\/strong><\/h3>\n<p>Das Erlernen des Wing Foil ist k\u00f6rperlich anstrengend, also sei darauf vorbereitet! Es sind keine besonderen Vorkenntnisse erforderlich, aber wenn Sie Erfahrung im Windsurfen oder Foilen haben, ist das hilfreich.<\/p>\n<h2><strong>Was du selbst mitbringen solltest:<\/strong><\/h2>\n<ul class=\"list check check-list\">\n<li>Sonnencreme<\/li>\n<li>Eine Flasche Wasser<\/li>\n<li>Einen Snack, z.B. M\u00fcsliriegel<\/li>\n<\/ul>\n<h3><strong>Nicht ganz das, wonach Sie gesucht haben? Versuchen Sie eine unserer anderen Optionen:<\/strong><\/h3>\n[\/vc_column_text]<div class=\"vcex-multi-buttons wpex-flex wpex-flex-wrap wpex-items-center wpex-gap-10 wpex-justify-start\"><a href=\"https:\/\/414kiting.com\/de\/privatunterricht\/\" title=\"Private Lessons\" class=\"theme-button outline white vcex-count-1\">Privatunterricht Kitesurfen<\/a><a href=\"https:\/\/414kiting.com\/de\/gruppenkitesurfkurse\/\" title=\"Private Lessons\" class=\"theme-button outline white vcex-count-2\">Gruppenunterricht kitesurfen<\/a><a href=\"https:\/\/414kiting.com\/de\/kitesurf-kurse-anfaenger\/\" title=\"Private Lessons\" class=\"theme-button outline white vcex-count-3\">Kitesurfing Anf\u00e4ngerkurs<\/a><a href=\"https:\/\/414kiting.com\/de\/kitesurf-coaching\/\" title=\"Coaching\" class=\"theme-button outline white vcex-count-4\">Kitesurf coaching<\/a><a href=\"https:\/\/414kiting.com\/de\/kitefoil-kurse\/\" title=\"Kite Foil Lessons\" class=\"theme-button outline white vcex-count-5\">Kite foil<\/a><\/div>[\/vc_column][vc_column width=&#8220;1\/2&#8243; css=&#8220;.vc_custom_1656418576238{background-image: url(https:\/\/414kiting.com\/wp-content\/uploads\/2022\/06\/40-_DSC7170.jpg?id=6763) !important;background-position: center !important;background-repeat: no-repeat !important;background-size: cover !important;}&#8220; min_height=&#8220;200px&#8220;][\/vc_column][\/vc_row]\n<\/div>","protected":false},"excerpt":{"rendered":"<p>[vc_row column_spacing=&#8220;0px&#8220; equal_height=&#8220;yes&#8220; css=&#8220;.vc_custom_1707131599097{margin-top: 0px !important;margin-right: 0px !important;margin-bottom: 0px !important;margin-left: 0px !important;border-top-width: 0px !important;border-right-width: 0px !important;border-bottom-width: 0px !important;border-left-width: 0px !important;padding-top: 0px !important;padding-right: 0px !important;padding-bottom: 0px !important;padding-left: 0px !important;background-image: url(https:\/\/414kiting.com\/wp-content\/uploads\/2022\/06\/2022_41446.jpg?id=6695) !important;background-position: center !important;background-repeat: no-repeat !important;background-size: cover !important;}&#8220; min_height=&#8220;500px&#8220; wpex_bg_position=&#8220;bottom left&#8220;][vc_column width=&#8220;1\/2&#8243; min_height=&#8220;250px&#8220;][vc_single_image image=&#8220;6695&#8243; visibility=&#8220;show-at-mm-breakpoint&#8220;][\/vc_column][vc_column width=&#8220;1\/2&#8243; min_height=&#8220;100%&#8220; css=&#8220;.vc_custom_1707131360390{padding-top: 5% !important;padding-right: 5% !important;padding-bottom: 5% !important;padding-left: 5% !important;background-color: rgba(0,0,0,0.8)&hellip;<\/p>\n","protected":false},"author":2,"featured_media":0,"parent":0,"menu_order":0,"comment_status":"closed","ping_status":"closed","template":"","meta":{"_sitemap_exclude":false,"_sitemap_priority":"","_sitemap_frequency":"","_monsterinsights_skip_tracking":false,"_monsterinsights_sitenote_active":false,"_monsterinsights_sitenote_note":"","_monsterinsights_sitenote_category":0,"footnotes":""},"class_list":["post-6855","page","type-page","status-publish","hentry","entry","no-media"],"aioseo_notices":[],"_links":{"self":[{"href":"https:\/\/414kiting.com\/de\/wp-json\/wp\/v2\/pages\/6855","targetHints":{"allow":["GET"]}}],"collection":[{"href":"https:\/\/414kiting.com\/de\/wp-json\/wp\/v2\/pages"}],"about":[{"href":"https:\/\/414kiting.com\/de\/wp-json\/wp\/v2\/types\/page"}],"author":[{"embeddable":true,"href":"https:\/\/414kiting.com\/de\/wp-json\/wp\/v2\/users\/2"}],"replies":[{"embeddable":true,"href":"https:\/\/414kiting.com\/de\/wp-json\/wp\/v2\/comments?post=6855"}],"version-history":[{"count":21,"href":"https:\/\/414kiting.com\/de\/wp-json\/wp\/v2\/pages\/6855\/revisions"}],"predecessor-version":[{"id":9188,"href":"https:\/\/414kiting.com\/de\/wp-json\/wp\/v2\/pages\/6855\/revisions\/9188"}],"wp:attachment":[{"href":"https:\/\/414kiting.com\/de\/wp-json\/wp\/v2\/media?parent=6855"}],"curies":[{"name":"wp","href":"https:\/\/api.w.org\/{rel}","templated":true}]}}