{"id":646,"date":"2015-12-29T14:51:59","date_gmt":"2015-12-29T14:51:59","guid":{"rendered":"http:\/\/develop.414kiting.com\/?page_id=646&#038;lang=de"},"modified":"2025-05-09T11:10:14","modified_gmt":"2025-05-09T11:10:14","slug":"privatunterricht","status":"publish","type":"page","link":"https:\/\/414kiting.com\/de\/privatunterricht\/","title":{"rendered":"Privatunterricht Kitesurfen"},"content":{"rendered":"<div class=\"wpb-content-wrapper\">[vc_row column_spacing=&#8220;0px&#8220; equal_height=&#8220;yes&#8220; wpex_bg_overlay=&#8220;custom&#8220; css=&#8220;.vc_custom_1584889269618{margin-top: 0px !important;margin-right: 0px !important;margin-bottom: 0px !important;margin-left: 0px !important;border-top-width: 0px !important;border-right-width: 0px !important;border-bottom-width: 0px !important;border-left-width: 0px !important;padding-top: 0px !important;padding-right: 0px !important;padding-bottom: 0px !important;padding-left: 0px !important;background-image: url(https:\/\/414kiting.com\/wp-content\/uploads\/2019\/03\/414_onwater_fullsize-243.jpg?id=2006) !important;background-position: center !important;background-repeat: no-repeat !important;background-size: cover !important;}&#8220; min_height=&#8220;500px&#8220; wpex_bg_overlay_color=&#8220;rgba(255,255,255,0.01)&#8220;][vc_column width=&#8220;1\/2&#8243; min_height=&#8220;100%&#8220; css=&#8220;.vc_custom_1718034795149{padding-top: 5% !important;padding-right: 5% !important;padding-bottom: 5% !important;padding-left: 5% !important;background-color: rgba(0,0,0,0.8) !important;background-position: center !important;background-repeat: no-repeat !important;background-size: cover !important;*background-color: rgb(0,0,0) !important;}&#8220;][vc_column_text css_animation=&#8220;fadeIn&#8220; responsive_text=&#8220;true&#8220; css=&#8220;&#8220; color=&#8220;#ffffff&#8220;]\n<h1><span style=\"color: #33cccc;\">Private Kitesurf-Kurse<\/span><\/h1>\n<p><strong>Intensiver Unterricht &amp; ma\u00dfgeschneidertes Lernen mit unseren privaten Kitesurfkursen.<\/strong><\/p>\n<p><span class=\"s1\">Entweder 1:1 oder mit einer Gruppe von Freunden. Mit unser Privatkitesurfunterricht d<\/span><span class=\"s2\">u hast <\/span><span class=\"s1\">einen unserer IKO-qualifizierten Lehrer und ein Boot nur f\u00fcr dich oder deine Gruppe, <\/span><span class=\"s2\">so k\u00f6nnen wir uns voll darauf konzentrieren, eine f\u00fcr dich oder deine Gruppe zugeschnittene Lektion zu gestalten.<\/span><\/p>\n<h2>Was ist inbegriffen:<\/h2>\n<div class=\"vcex-teaser-text clr\">\n<ul>\n<li>No-Wind-No-Fee-Garantie<\/li>\n<li>Ein Lehrer und ein Boot nur f\u00fcr dich\/deine Gruppe<\/li>\n<li>Ma\u00dfgeschneidertes Timing des Unterrichts \u2013 Du w\u00e4hlst deinen Zeitplan!<\/li>\n<li>Unbegrenzte Zeit im Wasser<\/li>\n<li>Komplette Ausr\u00fcstung, einschlie\u00dflich Kite, Board, Neoprenanzug, Trapez, Schwimmweste und Helm (falls du dein eigenes Material hast, kannst du gerne auch dieses mitbringen)<\/li>\n<li>Geschicklichkeitstheorie-Sitzung \/ 1 Stunde Theorie-Session am Land (f\u00fcr Anf\u00e4nger)<\/li>\n<li><a href=\"https:\/\/www.ikointl.com\/courses\" target=\"_blank\" rel=\"noopener noreferrer\">IKO<\/a> Kitesurf Lizenz am Ende deines Kurses<\/li>\n<\/ul>\n<\/div>\n[\/vc_column_text]<div class=\"theme-button-block-wrap wpex-block wpex-clear theme-button-wrap wpex-clr\"><a href=\"mailto:hello@414kiting.com\" class=\"vcex-button theme-button clean white medium align-left block wpex-flex-shrink-0\" style=\"background:#00c1cf;color:#ffffff;border:0;margin-top:30px;margin-bottom:30px;width:300px;\" data-wpex-hover='{&quot;background&quot;:&quot;#ffffff&quot;,&quot;color&quot;:&quot;#00c1cf&quot;}'><span class=\"theme-button-inner\">Book a lesson<\/span><\/a><\/div> [vc_column_text css=&#8220;&#8220;]Wenn du dich lieber einer Gruppe anschlie\u00dfen m\u00f6chtest, dann schau dir unseren <a title=\"Gruppenunterricht kitesurfen\" href=\"https:\/\/414kiting.com\/de\/gruppenkitesurfkurse\/\">Gruppenkitekurs<\/a> an. Maximal drei Sch\u00fcler pro Gruppe und kein Kite-Sharing.<\/p>\n<p>Suchst du nach Optionen f\u00fcr fortgeschrittene Fahrer? Versuchen Sie unsere <a title=\"Kitesurf coaching\" href=\"https:\/\/414kiting.com\/de\/kitesurf-coaching\/\">Coaching-<\/a>, <a title=\"Kitefoil Kurse\" href=\"https:\/\/414kiting.com\/de\/kitefoil-kurse\/\">Kite-Foil-<\/a> oder <a title=\"Wing Foil Kurse\" href=\"https:\/\/414kiting.com\/de\/wing-foil\/\">Wing-Foil-Kurse<\/a>.[\/vc_column_text][\/vc_column][vc_column width=&#8220;1\/2&#8243; css=&#8220;.vc_custom_1583416791648{background-position: center !important;background-repeat: no-repeat !important;background-size: cover !important;}&#8220; min_height=&#8220;100%&#8220;][\/vc_column][\/vc_row][vc_row css_animation=&#8220;fadeInRight&#8220; column_spacing=&#8220;0px&#8220; equal_height=&#8220;yes&#8220; css=&#8220;.vc_custom_1687688624307{margin-top: 0px !important;margin-right: 0px !important;margin-bottom: 0px !important;margin-left: 0px !important;padding-top: 0px !important;padding-right: 0px !important;padding-bottom: 0px !important;padding-left: 0px !important;background-color: #ffffff !important;}&#8220; el_id=&#8220;icontext&#8220;][vc_column css=&#8220;.vc_custom_1583232279744{padding-top: 20px !important;padding-right: 20px !important;padding-bottom: 20px !important;padding-left: 20px !important;}&#8220;]<div class=\"vcex-grid-container vcex-module wpex-grid wpex-gap-20 wpex-grid-cols-2 wpex-sm-grid-cols-3 wpex-md-grid-cols-3 wpex-lg-grid-cols-6 wpex-justify-items-center vc_custom_1657294801668\"><div class=\"vcex-module vcex-icon-box vcex-icon-box-two wpex-relative wpex-text-center\"><div class=\"vcex-icon-box-symbol wpex-mb-20\"><div class=\"vcex-icon-box-icon wpex-inline-flex wpex-items-center wpex-justify-center wpex-child-inherit-color wpex-text-center wpex-leading-none wpex-text-black\" style=\"color:#00c1cf;\"><span class=\"fas fa-water\" aria-hidden=\"true\"><\/span><\/div><\/div><div class=\"vcex-icon-box-text\"><h2 class=\"vcex-icon-box-heading wpex-heading wpex-text-md wpex-mb-10\" style=\"color:#000000;\">Unschlagbarer Lernraum<\/h2><div class=\"vcex-icon-box-content wpex-last-mb-0 wpex-clr\" style=\"color:#000000;\"><hr class=\"iconhr\" \/>\n<\/div><\/div><\/div><div class=\"vcex-module vcex-icon-box vcex-icon-box-two wpex-relative wpex-text-center\"><div class=\"vcex-icon-box-symbol wpex-mb-20\"><div class=\"vcex-icon-box-icon wpex-inline-flex wpex-items-center wpex-justify-center wpex-child-inherit-color wpex-text-center wpex-leading-none wpex-text-black\" style=\"color:#00c1cf;\"><span class=\"fas fa-sun\" aria-hidden=\"true\"><\/span><\/div><\/div><div class=\"vcex-icon-box-text\"><h2 class=\"vcex-icon-box-heading wpex-heading wpex-text-md wpex-mb-10\" style=\"color:#000000;\">Sichere Lernumgebung<\/h2><div class=\"vcex-icon-box-content wpex-last-mb-0 wpex-clr\" style=\"color:#000000;\"><hr class=\"iconhr\" \/>\n<\/div><\/div><\/div><div class=\"vcex-module vcex-icon-box vcex-icon-box-two wpex-relative wpex-text-center\"><div class=\"vcex-icon-box-symbol wpex-mb-20\"><div class=\"vcex-icon-box-icon wpex-inline-flex wpex-items-center wpex-justify-center wpex-child-inherit-color wpex-text-center wpex-leading-none wpex-text-black\" style=\"color:#00c1cf;\"><span class=\"fas fa-ship\" aria-hidden=\"true\"><\/span><\/div><\/div><div class=\"vcex-icon-box-text\"><h2 class=\"vcex-icon-box-heading wpex-heading wpex-text-md wpex-mb-10\" style=\"color:#000000;\">Unterricht von Booten aus<\/h2><div class=\"vcex-icon-box-content wpex-last-mb-0 wpex-clr\" style=\"color:#000000;\"><hr class=\"iconhr\" \/>\n<\/div><\/div><\/div><div class=\"vcex-module vcex-icon-box vcex-icon-box-two wpex-relative wpex-text-center\"><div class=\"vcex-icon-box-symbol wpex-mb-20\"><div class=\"vcex-icon-box-icon wpex-inline-flex wpex-items-center wpex-justify-center wpex-child-inherit-color wpex-text-center wpex-leading-none wpex-text-black\" style=\"color:#00c1cf;\"><span class=\"fas fa-broadcast-tower\" aria-hidden=\"true\"><\/span><\/div><\/div><div class=\"vcex-icon-box-text\"><h2 class=\"vcex-icon-box-heading wpex-heading wpex-text-md wpex-mb-10\" style=\"color:#000000;\">Radio-unterst\u00fctzter Unterricht<\/h2><div class=\"vcex-icon-box-content wpex-last-mb-0 wpex-clr\" style=\"color:#000000;\"><hr class=\"iconhr\" \/>\n<\/div><\/div><\/div><div class=\"vcex-module vcex-icon-box vcex-icon-box-two wpex-relative wpex-text-center\"><div class=\"vcex-icon-box-symbol wpex-mb-20\"><div class=\"vcex-icon-box-icon wpex-inline-flex wpex-items-center wpex-justify-center wpex-child-inherit-color wpex-text-center wpex-leading-none wpex-text-black\" style=\"color:#1fb9c4;\"><span class=\"fas fa-user-friends\" aria-hidden=\"true\"><\/span><\/div><\/div><div class=\"vcex-icon-box-text\"><h2 class=\"vcex-icon-box-heading wpex-heading wpex-text-md wpex-mb-10\" style=\"color:#000000;\">Maximal 3 Sch\u00fcler\/Gruppe<\/h2><div class=\"vcex-icon-box-content wpex-last-mb-0 wpex-clr\" style=\"color:#000000;\"><hr class=\"iconhr\" \/>\n<\/div><\/div><\/div><div class=\"vcex-module vcex-icon-box vcex-icon-box-two wpex-relative wpex-text-center\"><div class=\"vcex-icon-box-symbol wpex-mb-20\"><div class=\"vcex-icon-box-icon wpex-inline-flex wpex-items-center wpex-justify-center wpex-child-inherit-color wpex-text-center wpex-leading-none wpex-text-black\" style=\"color:#1fb9c4;\"><span class=\"fas fa-check\" aria-hidden=\"true\"><\/span><\/div><\/div><div class=\"vcex-icon-box-text\"><h2 class=\"vcex-icon-box-heading wpex-heading wpex-text-md wpex-mb-10\" style=\"color:#000000;\">Qualifizierte Ausbilder<\/h2><div class=\"vcex-icon-box-content wpex-last-mb-0 wpex-clr\" style=\"color:#000000;\"><hr class=\"iconhr\" \/>\n<\/div><\/div><\/div><\/div>[\/vc_column][\/vc_row][vc_row 0=&#8220;&#8220; column_spacing=&#8220;0px&#8220; equal_height=&#8220;yes&#8220; css=&#8220;.vc_custom_1657294510552{background-position: center !important;background-repeat: no-repeat !important;background-size: cover !important;}&#8220; wpex_bg_position=&#8220;center right&#8220;][vc_column width=&#8220;1\/2&#8243; css=&#8220;.vc_custom_1583672489492{background-image: url(https:\/\/414kiting.com\/wp-content\/uploads\/2019\/03\/414_onwater_fullsize-35.jpg?id=1831) !important;background-position: center !important;background-repeat: no-repeat !important;background-size: cover !important;}&#8220;][\/vc_column][vc_column width=&#8220;1\/2&#8243; css=&#8220;.vc_custom_1718034809916{padding-top: 5% !important;padding-right: 5% !important;padding-bottom: 5% !important;padding-left: 5% !important;background-color: #000000 !important;background-position: center !important;background-repeat: no-repeat !important;background-size: cover !important;}&#8220;][vc_column_text css_animation=&#8220;fadeIn&#8220; responsive_text=&#8220;true&#8220; css=&#8220;.vc_custom_1718034972843{padding-bottom: 30px !important;}&#8220; color=&#8220;#ffffff&#8220;]\n<h2 class=\"vcex-teaser-heading\">Preis<\/h2>\n<h3 class=\"vcex-teaser-heading\">\u20ac600\/Tag (max 2 Personen. F\u00fcr gr\u00f6\u00dfere Gruppen kontaktieren Sie uns bitte)<\/h3>\n<p>Private Kitesurfing-Kurse bieten Ihnen maximale Flexibilit\u00e4t. Sie sind eine gro\u00dfartige Option f\u00fcr Familien, f\u00fcr diejenigen, die einen intensiveren Unterricht w\u00fcnschen, und f\u00fcr Gruppen, die den exklusiven Service eines Bootes\/Lehrers w\u00fcnschen. Ein niedriges Lehrer-Sch\u00fcler-Verh\u00e4ltnis macht den Privatunterricht auch zu einer gro\u00dfartigen Option f\u00fcr Kinder unter 16 Jahren, um sicherzustellen, dass sie in einer sicheren und voll unterst\u00fctzten Umgebung lernen.<\/p>\n<p>Da es sich um eine unserer beliebtesten Optionen handelt, ist es am besten, private Kitesurfstunden so weit wie m\u00f6glich im Voraus zu buchen, um Entt\u00e4uschungen zu vermeiden, besonders w\u00e4hrend der Hochsaison, wenn die Verf\u00fcgbarkeit begrenzt ist.<\/p>\n<h2>Struktur des Unterrichts<\/h2>\n<p>Wir treffen uns um 11 Uhr zum Unterricht (10 Uhr f\u00fcr komplette Anf\u00e4nger, da wir zuerst eine Theoriesitzung an Land machen), r\u00fcsten uns aus und fahren mit den Booten in Richtung S\u00fcden zum Kitespot (etwa 10 Minuten Fahrt). Bei Privatstunden k\u00f6nnen wir die Startzeit flexibel gestalten, aber wir empfehlen, sich an die empfohlenen Zeiten zu halten, um die besten Bedingungen zu gew\u00e4hrleisten.<\/p>\n<p>Sobald wir auf dem Wasser sind, werden wir dein Fahrk\u00f6nnen beurteilen und an deinen Zielen arbeiten. Wir haben keine feste Unterrichtsdauer, aber die meisten Sch\u00fcler werden etwa 3 Stunden kiten und wir sind in der Regel zwischen 16 und 17 Uhr zur\u00fcck im Hafen<\/p>\n<p>Am Ende des Unterrichts\/Kurses melden wir dich f\u00fcr eine international anerkannte\u00a0<a title=\"International Kiteboarding Organisation Lizenz\" href=\"https:\/\/www.ikointl.com\/de\" target=\"_blank\" rel=\"noopener\">IKO-Lizenz<\/a>\u00a0an, die dein Leistungsniveau best\u00e4tigt. Haben Sie bereits einen? Wir k\u00f6nnen sie aktualisieren, um deinen Fortschritt zu zeigen. Viele Kite-Verleihstationen auf der ganzen Welt verlangen diese Bescheinigung, bevor sie dir Material vermieten.<\/p>\n<h2>Was du selbst mitbringen solltest:<\/h2>\n<ul>\n<li style=\"list-style-type: none;\">\n<ul class=\"list check check-list\">\n<li>Sonnencreme<\/li>\n<li>Eine Flasche Wasser<\/li>\n<li>Einen Snack, z.B. M\u00fcsliriegel<\/li>\n<\/ul>\n<\/li>\n<\/ul>\n<h2>Andere Lektionsoptionen:<\/h2>\n[\/vc_column_text]<div class=\"vcex-multi-buttons wpex-flex wpex-flex-wrap wpex-items-center wpex-gap-10 wpex-justify-start\"><a href=\"https:\/\/414kiting.com\/de\/gruppenkitesurfkurse\" title=\"Gruppenunterricht\" class=\"theme-button outline white vcex-count-1\">Kitesurf Gruppenkurse<\/a><a href=\"https:\/\/414kiting.com\/de\/kitesurf-coaching\" title=\"Coaching\" class=\"theme-button outline white vcex-count-2\">Kitesurf Coaching<\/a><a href=\"https:\/\/414kiting.com\/de\/wing-foil\" title=\"Wingfoil\" class=\"theme-button outline white vcex-count-3\">Wing Foil Kurse<\/a><a href=\"https:\/\/414kiting.com\/de\/kitefoil-kurse\" title=\"Wingfoil\" class=\"theme-button outline white vcex-count-4\">Kite Foil Kurse<\/a><\/div><div class=\"vcex-multi-buttons wpex-flex wpex-flex-wrap wpex-items-center wpex-gap-10 wpex-justify-start\"><a href=\"https:\/\/414kiting.com\/de\/gruppenkitesurfkurse\/\" title=\"Private Lessons\" class=\"theme-button outline white vcex-count-1\">Gruppenunterricht kitesurfen<\/a><a href=\"https:\/\/414kiting.com\/de\/kitesurf-kurse-anfaenger\/\" title=\"Private Lessons\" class=\"theme-button outline white vcex-count-2\">Kitesurfing Anf\u00e4ngerkurs<\/a><a href=\"https:\/\/414kiting.com\/de\/kitesurf-coaching\/\" title=\"Coaching\" class=\"theme-button outline white vcex-count-3\">Kitesurf coaching<\/a><a href=\"https:\/\/414kiting.com\/de\/wing-foil\/\" title=\"Wing Foil Lessons\" class=\"theme-button outline white vcex-count-4\">Wing foil<\/a><a href=\"https:\/\/414kiting.com\/de\/kitefoil-kurse\/\" title=\"Kite Foil Lessons\" class=\"theme-button outline white vcex-count-5\">Kite foil<\/a><\/div>[\/vc_column][\/vc_row]\n<\/div>","protected":false},"excerpt":{"rendered":"<p>[vc_row column_spacing=&#8220;0px&#8220; equal_height=&#8220;yes&#8220; wpex_bg_overlay=&#8220;custom&#8220; css=&#8220;.vc_custom_1584889269618{margin-top: 0px !important;margin-right: 0px !important;margin-bottom: 0px !important;margin-left: 0px !important;border-top-width: 0px !important;border-right-width: 0px !important;border-bottom-width: 0px !important;border-left-width: 0px !important;padding-top: 0px !important;padding-right: 0px !important;padding-bottom: 0px !important;padding-left: 0px !important;background-image: url(https:\/\/414kiting.com\/wp-content\/uploads\/2019\/03\/414_onwater_fullsize-243.jpg?id=2006) !important;background-position: center !important;background-repeat: no-repeat !important;background-size: cover !important;}&#8220; min_height=&#8220;500px&#8220; wpex_bg_overlay_color=&#8220;rgba(255,255,255,0.01)&#8220;][vc_column width=&#8220;1\/2&#8243; min_height=&#8220;100%&#8220; css=&#8220;.vc_custom_1718034795149{padding-top: 5% !important;padding-right: 5% !important;padding-bottom: 5% !important;padding-left: 5% !important;background-color: rgba(0,0,0,0.8) !important;background-position: center !important;background-repeat: no-repeat&hellip;<\/p>\n","protected":false},"author":1,"featured_media":0,"parent":0,"menu_order":0,"comment_status":"closed","ping_status":"closed","template":"templates\/no-sidebar.php","meta":{"_sitemap_exclude":false,"_sitemap_priority":"","_sitemap_frequency":"","_monsterinsights_skip_tracking":false,"_monsterinsights_sitenote_active":false,"_monsterinsights_sitenote_note":"","_monsterinsights_sitenote_category":0,"footnotes":""},"class_list":["post-646","page","type-page","status-publish","hentry","entry","no-media"],"aioseo_notices":[],"_links":{"self":[{"href":"https:\/\/414kiting.com\/de\/wp-json\/wp\/v2\/pages\/646","targetHints":{"allow":["GET"]}}],"collection":[{"href":"https:\/\/414kiting.com\/de\/wp-json\/wp\/v2\/pages"}],"about":[{"href":"https:\/\/414kiting.com\/de\/wp-json\/wp\/v2\/types\/page"}],"author":[{"embeddable":true,"href":"https:\/\/414kiting.com\/de\/wp-json\/wp\/v2\/users\/1"}],"replies":[{"embeddable":true,"href":"https:\/\/414kiting.com\/de\/wp-json\/wp\/v2\/comments?post=646"}],"version-history":[{"count":59,"href":"https:\/\/414kiting.com\/de\/wp-json\/wp\/v2\/pages\/646\/revisions"}],"predecessor-version":[{"id":9181,"href":"https:\/\/414kiting.com\/de\/wp-json\/wp\/v2\/pages\/646\/revisions\/9181"}],"wp:attachment":[{"href":"https:\/\/414kiting.com\/de\/wp-json\/wp\/v2\/media?parent=646"}],"curies":[{"name":"wp","href":"https:\/\/api.w.org\/{rel}","templated":true}]}}