{"id":602,"date":"2015-12-29T09:14:16","date_gmt":"2015-12-29T09:14:16","guid":{"rendered":"http:\/\/develop.414kiting.com\/?page_id=602&#038;lang=de"},"modified":"2024-02-09T09:14:06","modified_gmt":"2024-02-09T09:14:06","slug":"warum-414-kiting","status":"publish","type":"page","link":"https:\/\/414kiting.com\/de\/warum-414-kiting\/","title":{"rendered":"Warum 414Kiting"},"content":{"rendered":"<div class=\"wpb-content-wrapper\">[vc_row column_spacing=&#8220;0px&#8220; equal_height=&#8220;yes&#8220; wpex_bg_overlay=&#8220;custom&#8220; css=&#8220;.vc_custom_1707236411152{margin-top: 0px !important;margin-right: 0px !important;margin-bottom: 0px !important;margin-left: 0px !important;border-top-width: 0px !important;border-right-width: 0px !important;border-bottom-width: 0px !important;border-left-width: 0px !important;padding-top: 0px !important;padding-right: 0px !important;padding-bottom: 0px !important;padding-left: 0px !important;background-image: url(https:\/\/414kiting.com\/wp-content\/uploads\/2021\/07\/faq-page.png?id=6080) !important;background-position: center !important;background-repeat: no-repeat !important;background-size: cover !important;}&#8220; min_height=&#8220;500px&#8220; wpex_bg_overlay_color=&#8220;rgba(255,255,255,0.01)&#8220;][vc_column width=&#8220;1\/3&#8243; min_height=&#8220;100%&#8220; css=&#8220;.vc_custom_1677336605938{padding-top: 20px !important;padding-right: 20px !important;padding-bottom: 20px !important;padding-left: 20px !important;background-color: rgba(0,0,0,0.8) !important;background-position: center !important;background-repeat: no-repeat !important;background-size: cover !important;*background-color: rgb(0,0,0) !important;}&#8220;][vc_column_text css_animation=&#8220;fadeIn&#8220; responsive_text=&#8220;true&#8220; color=&#8220;#ffffff&#8220;]\n<h1 class=\"vcex-teaser-heading\">Warum bei uns lernen<\/h1>\n<p class=\"p1\"><span class=\"s1\">Bei 414 Kiting bieten wir Kitesurflektionen f\u00fcr jedes Level und fast jedes Alter (wir empfehlen, dass Kinder mindestens 35kg schwer sind). Wir bieten sowohl Gruppen- als auch Privatlektionen an, durchgef\u00fchrt von unserem erfahrenen Team von IKO-zertifizierten Instruktoren. Die Lektionen k\u00f6nnen zudem in verschiedenen Sprachen angeboten werden (Englisch, Deutsch und Franz\u00f6sisch sind die h\u00e4ufigsten Gruppenkurs-Sprachen, wir k\u00f6nnen die Lektionen aber auch in Ungarisch, Polnisch, Italienisch oder Spanisch durchf\u00fchren)<\/span><\/p>\n<ul>\n<li style=\"list-style-type: none;\">\n<ul class=\"ul1\">\n<li class=\"li2\"><span class=\"s1\">Kitesurfkurse f\u00fcr jedes Level<\/span><\/li>\n<li class=\"li2\"><span class=\"s1\">Sichere Lernumgebung mit viel Platz f\u00fcr jeden Fahrer<\/span><\/li>\n<li class=\"li2\"><span class=\"s1\">Jedes Jahr neues, aktuelles Equipment<\/span><\/li>\n<li class=\"li2\"><span class=\"s1\">Kein Kite-sharing sobald du die grunds\u00e4tzliche Kitekontrolle beherrschst<\/span><\/li>\n<li class=\"li2\"><span class=\"s1\">Ein top Team von mehrsprachigen, hochqualifizierten, erfahrenen Instruktoren und Instruktorinnen (alle IKO Lizenziert)<\/span><\/li>\n<li class=\"li2\"><span class=\"s1\">Flexible Kursdaten<\/span><\/li>\n<li class=\"li2\"><span class=\"s1\">Bootsunterst\u00fctztes lernen<\/span><\/li>\n<li class=\"li2\"><span class=\"s1\"><a href=\"https:\/\/www.ikointl.com\/de\/kurse\" target=\"_blank\" rel=\"noopener noreferrer\">IKO-Zertifizierung<\/a> am ende deines Kurses<\/span><\/li>\n<li class=\"li2\"><span class=\"s1\"><b>Kein Wind? Dann bezahlst du auch nichts \u2013 wir finden das ist fair!<\/b><\/span><\/li>\n<\/ul>\n<\/li>\n<\/ul>\n[\/vc_column_text][\/vc_column][vc_column width=&#8220;2\/3&#8243; css=&#8220;.vc_custom_1583416791648{background-position: center !important;background-repeat: no-repeat !important;background-size: cover !important;}&#8220; min_height=&#8220;100%&#8220;][\/vc_column][\/vc_row][vc_row column_spacing=&#8220;0px&#8220; equal_height=&#8220;yes&#8220; css=&#8220;.vc_custom_1586089855847{margin-top: 0px !important;margin-right: 0px !important;margin-bottom: 0px !important;margin-left: 0px !important;padding-top: 0px !important;padding-right: 0px !important;padding-bottom: 0px !important;padding-left: 0px !important;background-color: #ffffff !important;}&#8220; el_id=&#8220;icontext&#8220;][vc_column width=&#8220;1\/4&#8243; css=&#8220;.vc_custom_1707236333293{padding-top: 20px !important;padding-right: 20px !important;padding-bottom: 20px !important;padding-left: 20px !important;background-color: #efefef !important;}&#8220;][vc_icon icon_fontawesome=&#8220;fas fa-sun&#8220; color=&#8220;turquoise&#8220; align=&#8220;center&#8220; css=&#8220;.vc_custom_1583307348965{margin-top: 0px !important;margin-right: 0px !important;margin-bottom: 0px !important;margin-left: 0px !important;border-top-width: 0px !important;border-right-width: 0px !important;border-bottom-width: 0px !important;border-left-width: 0px !important;padding-top: 0px !important;padding-right: 0px !important;padding-bottom: 0px !important;padding-left: 0px !important;}&#8220;][vc_column_text color=&#8220;#000000&#8243; css=&#8220;.vc_custom_1583308545952{padding-top: 10px !important;padding-right: 10px !important;padding-bottom: 10px !important;padding-left: 10px !important;}&#8220;]\n<h2 style=\"text-align: center;\">IM SOMMER JEDEN TAG GE\u00d6FFNET<\/h2>\n[\/vc_column_text][vc_column_text css_animation=&#8220;fadeIn&#8220; responsive_text=&#8220;true&#8220; color=&#8220;#000000&#8243; css=&#8220;.vc_custom_1706352704283{padding-top: 20px !important;padding-right: 20px !important;padding-bottom: 20px !important;padding-left: 20px !important;background-color: rgba(216,216,216,0.01) !important;*background-color: rgb(216,216,216) !important;}&#8220;]\n<div class=\"vcex-teaser-text clr\">\n<ul>\n<li>W\u00e4hlen Sie zwischen <a title=\"Gruppenunterricht kitesurfen\" href=\"https:\/\/414kiting.com\/de\/gruppenkitesurfkurse\">Gruppenunterricht<\/a>, <a title=\"Privatunterricht\" href=\"https:\/\/414kiting.com\/de\/privatunterricht\">Privatunterricht<\/a>, <a title=\"Kitesurf coaching\" href=\"https:\/\/414kiting.com\/de\/kitesurf-coaching\">Coaching<\/a>, <a title=\"Kitefoil Kurse\" href=\"https:\/\/414kiting.com\/de\/kitefoil-kurse\">Foil<\/a> und <a title=\"Wing Foil Kurse\" href=\"https:\/\/414kiting.com\/de\/wing-foil\">Wing foil<\/a>. Unsere Kitesurfkurse sind f\u00fcr alle Niveaus vom Anf\u00e4nger bis zum Fortgeschrittenen verf\u00fcgbar.<\/li>\n<li class=\"li1\"><span class=\"s2\">Wir haben keine fix geplanten Kurstermine festgelegt \u2013 ob du nun einen eint\u00e4gigen Schnupperkurs oder t\u00e4gliches Kitesurfen w\u00e4hrend deines Urlaubs planst, wir tun unser Bestes, um deine W\u00fcnsche zu erf\u00fcllen.<\/span><\/li>\n<\/ul>\n<\/div>\n[\/vc_column_text][\/vc_column][vc_column width=&#8220;1\/4&#8243; css=&#8220;.vc_custom_1583232304268{padding-top: 20px !important;padding-right: 20px !important;padding-bottom: 20px !important;padding-left: 20px !important;}&#8220;][vc_icon icon_fontawesome=&#8220;fas fa-user&#8220; color=&#8220;turquoise&#8220; align=&#8220;center&#8220; css=&#8220;.vc_custom_1583307268611{margin-top: 0px !important;margin-right: 0px !important;margin-bottom: 0px !important;margin-left: 0px !important;border-top-width: 0px !important;border-right-width: 0px !important;border-bottom-width: 0px !important;border-left-width: 0px !important;padding-top: 0px !important;padding-right: 0px !important;padding-bottom: 0px !important;padding-left: 0px !important;}&#8220;][vc_column_text color=&#8220;#000000&#8243; css=&#8220;.vc_custom_1583308318955{padding-top: 10px !important;padding-right: 10px !important;padding-bottom: 10px !important;padding-left: 10px !important;}&#8220;]\n<h2 style=\"text-align: center;\">MAXIMAL 4 PRO GRUPPE<\/h2>\n[\/vc_column_text][vc_column_text css_animation=&#8220;fadeIn&#8220; responsive_text=&#8220;true&#8220; color=&#8220;#000000&#8243; css=&#8220;.vc_custom_1706352761619{padding-top: 20px !important;padding-right: 20px !important;padding-bottom: 20px !important;padding-left: 20px !important;background-color: rgba(255,255,255,0.01) !important;*background-color: rgb(255,255,255) !important;}&#8220;]\n<div class=\"vcex-teaser-text clr\">\n<ul>\n<li class=\"li1\"><span class=\"s2\">Unsere sessions haben <strong>maximal 3 Sch\u00fcler<\/strong>. Im Gegensatz zu vielen Schulen geben wir jedem Sch\u00fcler einen eigenen Kite, sobald er in der Lage ist, den Kite zu kontrollieren und selbst\u00e4ndig wieder zu starten. Das bedeutet, dass <\/span><span class=\"s3\">du <\/span><span class=\"s2\">mehr Zeit damit verbringst, aktiv zu lernen, als anderen dabei zuzusehen, wie sie <\/span><span class=\"s3\">Spass <\/span><span class=\"s2\">haben! Mit unserer Boot-Lehrmethode k\u00f6nnen wir jedem <\/span><span class=\"s3\">Sch\u00fcler einen eigenen <\/span><span class=\"s2\">Kite geben und einen qualitativ hochwertigen Unterricht anbieten, <\/span><span class=\"s3\">dadurch wird deine Lernzeit maximiert.<\/span><\/li>\n<\/ul>\n<\/div>\n[\/vc_column_text][\/vc_column][vc_column width=&#8220;1\/4&#8243; css=&#8220;.vc_custom_1707236346424{padding-top: 20px !important;padding-right: 20px !important;padding-bottom: 20px !important;padding-left: 20px !important;background-color: #efefef !important;}&#8220;][vc_icon icon_fontawesome=&#8220;fas fa-ship&#8220; color=&#8220;turquoise&#8220; align=&#8220;center&#8220; css=&#8220;.vc_custom_1583307372956{margin-top: 0px !important;margin-right: 0px !important;margin-bottom: 0px !important;margin-left: 0px !important;border-top-width: 0px !important;border-right-width: 0px !important;border-bottom-width: 0px !important;border-left-width: 0px !important;padding-top: 0px !important;padding-right: 0px !important;padding-bottom: 0px !important;padding-left: 0px !important;}&#8220;][vc_column_text color=&#8220;#000000&#8243; css=&#8220;.vc_custom_1583308571753{padding-top: 10px !important;padding-right: 10px !important;padding-bottom: 10px !important;padding-left: 10px !important;}&#8220;]\n<h2 style=\"text-align: center;\">SCHULUNGSBOOT<\/h2>\n[\/vc_column_text][vc_column_text css_animation=&#8220;fadeIn&#8220; responsive_text=&#8220;true&#8220; color=&#8220;#000000&#8243; css=&#8220;.vc_custom_1584279966842{padding-top: 20px !important;padding-right: 20px !important;padding-bottom: 20px !important;padding-left: 20px !important;background-color: rgba(255,255,255,0.01) !important;*background-color: rgb(255,255,255) !important;}&#8220;]\n<ul>\n<li>An den meisten Kitesurfspots verbringen die Sch\u00fcler bis zu 90% ihrer Zeit mit dem Kite in der Luft und laufen den Strand hinauf, um verlorenen Boden gegen den Wind zur\u00fcckzugewinnen (als Anf\u00e4nger ist es eine Herausforderung, gegen den Wind zu bleiben!). Wenn man vom Boot aus lernt, entf\u00e4llt diese erm\u00fcdende Phase und man verbringt mehr Zeit mit dem Kiten als mit dem Gehen. Sch\u00fcler, die beide Methoden ausprobiert haben, k\u00f6nnen best\u00e4tigen, dass das Lernen vom Boot aus bis zu dreimal schneller und wesentlich sicherer ist.<\/li>\n<li class=\"li1\"><span class=\"s2\">Dein <\/span><span class=\"s3\">Ausbilder wird nie weit von <\/span><span class=\"s2\">dir <\/span><span class=\"s3\">entfernt sein, wenn <\/span><span class=\"s2\">du <\/span><span class=\"s3\">auf dem See <\/span><span class=\"s2\">lernst<\/span><span class=\"s3\">. Unsere Boote sind schnell zwischen <\/span><span class=\"s2\">den <\/span><span class=\"s3\">Sch\u00fclern unterwegs, um <\/span><span class=\"s2\">dir <\/span><span class=\"s3\">bei Bedarf Tipps zu <\/span><span class=\"s2\">geben und Hilfe zu bieten<\/span><span class=\"s3\">. Wenn <\/span><span class=\"s2\">du <\/span><span class=\"s3\">von einem Strand aus <\/span><span class=\"s2\">lernst<\/span><span class=\"s3\">, ist <\/span><span class=\"s2\">dein <\/span><span class=\"s3\">Ausbilder oft sehr weit weg und kann nicht zu <\/span><span class=\"s2\">dir <\/span><span class=\"s3\">kommen, <\/span><span class=\"s2\">um dich zu unterst\u00fctzen, <\/span><span class=\"s3\">wenn <\/span><span class=\"s2\">du <\/span><span class=\"s3\">Hilfe brauchst.<\/span><\/li>\n<li class=\"li1\"><span class=\"s2\">Bootsschulung <\/span><span class=\"s3\">sind <\/span><span class=\"s2\">das <\/span><span class=\"s3\">Beste f\u00fcr mehr Wind, Platz und Spass auf dem Wasser!<\/span><\/li>\n<\/ul>\n[\/vc_column_text][\/vc_column][vc_column width=&#8220;1\/4&#8243; css=&#8220;.vc_custom_1583232324242{padding-top: 20px !important;padding-right: 20px !important;padding-bottom: 20px !important;padding-left: 20px !important;}&#8220;][vc_icon icon_fontawesome=&#8220;fas fa-star&#8220; color=&#8220;turquoise&#8220; align=&#8220;center&#8220; css=&#8220;.vc_custom_1583231861828{margin-top: 0px !important;margin-right: 0px !important;margin-bottom: 0px !important;margin-left: 0px !important;border-top-width: 0px !important;border-right-width: 0px !important;border-bottom-width: 0px !important;border-left-width: 0px !important;padding-top: 0px !important;padding-right: 0px !important;padding-bottom: 0px !important;padding-left: 0px !important;}&#8220;][vc_column_text color=&#8220;#000000&#8243; css=&#8220;.vc_custom_1584224388530{padding-top: 10px !important;padding-right: 10px !important;padding-bottom: 10px !important;padding-left: 10px !important;}&#8220;]\n<h2 style=\"text-align: center;\">SICHERHEIT ZUERST<\/h2>\n[\/vc_column_text][vc_column_text css_animation=&#8220;fadeIn&#8220; responsive_text=&#8220;true&#8220; color=&#8220;#000000&#8243; css=&#8220;.vc_custom_1584280723301{padding-top: 20px !important;padding-right: 20px !important;padding-bottom: 20px !important;padding-left: 20px !important;background-color: rgba(255,255,255,0.01) !important;*background-color: rgb(255,255,255) !important;}&#8220;]\n<ul>\n<li>Unser <span class=\"s2\">mehrsprachiges <\/span><span class=\"s3\">Ausbilderteam <\/span><span class=\"s2\">ist <\/span><span class=\"s3\">IKO-zertifiziert und unser gesamter Unterricht auf dem Wasser wird von Booten aus in <\/span><span class=\"s2\">der sicheren Zone inmitten <\/span><span class=\"s3\">des Sees durchgef\u00fchrt. <\/span><span class=\"s2\">Weg vom Land und Hindernissen hat man einen sicheren Ort um das Kitesurfen zu erlernen<\/span><\/li>\n<li>Unsere Kitesurfkurse werden mit dem neuesten <a href=\"https:\/\/www.f-one.world\/\" target=\"_blank\" rel=\"noopener noreferrer\">F-One-Material<\/a> <span class=\"s2\">durchgef\u00fchrt und sind so konzipiert, dass das Kitesurfenlernen so sicher und unterhaltsam wie m\u00f6glich <\/span><span class=\"s3\">gestaltet wird<\/span><span class=\"s2\">.<\/span><\/li>\n<\/ul>\n[\/vc_column_text][\/vc_column][\/vc_row][vc_row column_spacing=&#8220;0px&#8220; equal_height=&#8220;yes&#8220; wpex_bg_overlay=&#8220;custom&#8220; css=&#8220;.vc_custom_1584278693555{margin-top: 0px !important;margin-right: 0px !important;margin-bottom: 0px !important;margin-left: 0px !important;border-top-width: 0px !important;border-right-width: 0px !important;border-bottom-width: 0px !important;border-left-width: 0px !important;padding-top: 0px !important;padding-right: 0px !important;padding-bottom: 0px !important;padding-left: 0px !important;background-image: url(https:\/\/414kiting.com\/wp-content\/uploads\/2015\/12\/IMG_3441-1.jpg?id=265) !important;background-position: center !important;background-repeat: no-repeat !important;background-size: cover !important;}&#8220; min_height=&#8220;500px&#8220; wpex_bg_overlay_color=&#8220;rgba(255,255,255,0.01)&#8220;][vc_column width=&#8220;1\/2&#8243; min_height=&#8220;100%&#8220; css=&#8220;.vc_custom_1677336625431{padding-top: 20px !important;padding-right: 20px !important;padding-bottom: 20px !important;padding-left: 20px !important;background-color: #000000 !important;background-position: center !important;background-repeat: no-repeat !important;background-size: cover !important;}&#8220;][vc_column_text css_animation=&#8220;fadeIn&#8220; responsive_text=&#8220;true&#8220; color=&#8220;#ffffff&#8220;]\n<h2>\u00dcber uns<\/h2>\n<p class=\"p1\"><span class=\"s1\">Als Kitesurfing Spot in Europa ist der Comer See kaum zu schlagen. <\/span><span class=\"s2\">Umgeben von den hoch aufragenden Gipfeln der S\u00fcdalpen liegt der Comer See nur 90 Minuten von Mailand, 3 Stunden von Z\u00fcrich und 4 Stunden von Genf entfernt. Der 162km2 <\/span><span class=\"s1\">grosse <\/span><span class=\"s2\">S\u00fc\u00dfwassersee bietet <\/span><span class=\"s1\">perfekte <\/span><span class=\"s2\">Lernbedingungen, und ist auch ein perfekter Spielplatz f\u00fcr fortgeschrittene Kiter. Im Gegensatz zum bekannteren Gardasee ist Como selten zu stark frequentiert und bringt in den Sommermonaten an \u00fcber 90% der Tage <\/span><span class=\"s1\">kitebaren <\/span><span class=\"s2\">Wind.<\/span><\/p>\n<p class=\"p2\"><span class=\"s2\">414 Kiting ist zwischen Mai und September, wenn die <\/span><span class=\"s1\">kitebare <\/span><span class=\"s2\">Thermik am zuverl\u00e4ssigsten weht, ge\u00f6ffnet. <\/span><span class=\"s1\">Du kannst <\/span><span class=\"s2\">uns <\/span><span class=\"s1\">aber <\/span><span class=\"s2\">jederzeit kontaktieren, wenn <\/span><span class=\"s1\">du <\/span><span class=\"s2\">Fragen <\/span><span class=\"s1\">hast <\/span><span class=\"s2\">oder Unterricht buchen <\/span><span class=\"s1\">m\u00f6chtest<\/span><span class=\"s2\">.<\/span><\/p>\n<p class=\"p2\"><span class=\"s2\">Wenn <\/span><span class=\"s1\">du bereits <\/span><span class=\"s2\">ein fortgeschrittener Kiter <\/span><span class=\"s1\">bist<\/span><span class=\"s2\">, der nur Informationen \u00fcber die Winde am <\/span><span class=\"s1\">Comer See <\/span><span class=\"s2\">oder die besten Spots zum Starten vom <\/span><span class=\"s1\">Land sucht<\/span><span class=\"s2\">, dann <\/span><span class=\"s1\">solltest du eventuell mal <\/span><span class=\"s2\">unseren<\/span> <a title=\"Spot Guide\" href=\"https:\/\/414kiting.com\/de\/comersee-kitespot-guide\">Como Kitespot Guide<\/a> lesen.<\/p>\n[\/vc_column_text][\/vc_column][vc_column width=&#8220;1\/2&#8243; css=&#8220;.vc_custom_1583416791648{background-position: center !important;background-repeat: no-repeat !important;background-size: cover !important;}&#8220; min_height=&#8220;100%&#8220;][\/vc_column][\/vc_row]\n<\/div>","protected":false},"excerpt":{"rendered":"<p>[vc_row column_spacing=&#8220;0px&#8220; equal_height=&#8220;yes&#8220; wpex_bg_overlay=&#8220;custom&#8220; css=&#8220;.vc_custom_1707236411152{margin-top: 0px !important;margin-right: 0px !important;margin-bottom: 0px !important;margin-left: 0px !important;border-top-width: 0px !important;border-right-width: 0px !important;border-bottom-width: 0px !important;border-left-width: 0px !important;padding-top: 0px !important;padding-right: 0px !important;padding-bottom: 0px !important;padding-left: 0px !important;background-image: url(https:\/\/414kiting.com\/wp-content\/uploads\/2021\/07\/faq-page.png?id=6080) !important;background-position: center !important;background-repeat: no-repeat !important;background-size: cover !important;}&#8220; min_height=&#8220;500px&#8220; wpex_bg_overlay_color=&#8220;rgba(255,255,255,0.01)&#8220;][vc_column width=&#8220;1\/3&#8243; min_height=&#8220;100%&#8220; css=&#8220;.vc_custom_1677336605938{padding-top: 20px !important;padding-right: 20px !important;padding-bottom: 20px !important;padding-left: 20px !important;background-color: rgba(0,0,0,0.8) !important;background-position: center !important;background-repeat: no-repeat&hellip;<\/p>\n","protected":false},"author":1,"featured_media":0,"parent":0,"menu_order":0,"comment_status":"closed","ping_status":"closed","template":"templates\/no-sidebar.php","meta":{"_sitemap_exclude":false,"_sitemap_priority":"","_sitemap_frequency":"","_monsterinsights_skip_tracking":false,"_monsterinsights_sitenote_active":false,"_monsterinsights_sitenote_note":"","_monsterinsights_sitenote_category":0,"footnotes":""},"class_list":["post-602","page","type-page","status-publish","hentry","entry","no-media"],"aioseo_notices":[],"_links":{"self":[{"href":"https:\/\/414kiting.com\/de\/wp-json\/wp\/v2\/pages\/602","targetHints":{"allow":["GET"]}}],"collection":[{"href":"https:\/\/414kiting.com\/de\/wp-json\/wp\/v2\/pages"}],"about":[{"href":"https:\/\/414kiting.com\/de\/wp-json\/wp\/v2\/types\/page"}],"author":[{"embeddable":true,"href":"https:\/\/414kiting.com\/de\/wp-json\/wp\/v2\/users\/1"}],"replies":[{"embeddable":true,"href":"https:\/\/414kiting.com\/de\/wp-json\/wp\/v2\/comments?post=602"}],"version-history":[{"count":39,"href":"https:\/\/414kiting.com\/de\/wp-json\/wp\/v2\/pages\/602\/revisions"}],"predecessor-version":[{"id":8299,"href":"https:\/\/414kiting.com\/de\/wp-json\/wp\/v2\/pages\/602\/revisions\/8299"}],"wp:attachment":[{"href":"https:\/\/414kiting.com\/de\/wp-json\/wp\/v2\/media?parent=602"}],"curies":[{"name":"wp","href":"https:\/\/api.w.org\/{rel}","templated":true}]}}