{"id":567,"date":"2015-12-28T15:51:11","date_gmt":"2015-12-28T15:51:11","guid":{"rendered":"http:\/\/develop.414kiting.com\/?page_id=567&#038;lang=de"},"modified":"2024-06-19T10:34:56","modified_gmt":"2024-06-19T10:34:56","slug":"faqs","status":"publish","type":"page","link":"https:\/\/414kiting.com\/de\/faqs\/","title":{"rendered":"FAQs"},"content":{"rendered":"<div class=\"wpb-content-wrapper\">[vc_section full_width=&#8220;stretch_row&#8220; wpex_bg_overlay=&#8220;dark&#8220; wpex_fixed_bg=&#8220;fixed&#8220; css=&#8220;.vc_custom_1718793293590{margin-top: 0px !important;margin-right: 0px !important;margin-bottom: 0px !important;margin-left: 0px !important;background-image: url(https:\/\/414kiting.com\/wp-content\/uploads\/2020\/03\/Bandits.jpg?id=2970) !important;background-position: center !important;background-repeat: no-repeat !important;background-size: cover !important;}&#8220; wpex_bg_position=&#8220;top&#8220; wpex_bg_size=&#8220;cover&#8220; wpex_bg_overlay_color=&#8220;rgba(0,0,0,0.8)&#8220;][vc_row content_placement=&#8220;middle&#8220; min_height=&#8220;0&#8243; css=&#8220;.vc_custom_1707135135143{padding-top: 2em !important;padding-bottom: 2em !important;}&#8220; wpex_zindex=&#8220;50&#8243;][vc_column min_height=&#8220;0&#8243;][vc_column_text responsive_text=&#8220;true&#8220; text_align=&#8220;center&#8220; el_id=&#8220;ihavequestions_title&#8220;]\n<h1 style=\"text-align: center;\">Antworten auf die am h\u00e4ufigsten gestellten Fragen&#8230;<\/h1>\n[\/vc_column_text][vc_column_text]\n<p style=\"text-align: center;\"><a href=\"#lesson_faq\"><button class=\"faq_question\">Lektionen<\/button><\/a><a href=\"#wind_faq\"><button class=\"faq_question\">Wetter- &amp; windvorhersagen<\/button><\/a><a href=\"#cancellation_faq\"><button class=\"faq_question\">Stornierung &amp; \u00e4derungen<\/button><\/a><a href=\"#advanced_riders_faq\"><button class=\"faq_question\">Optionen f\u00fcr fortgeschrittene Kiter<\/button><\/a><a href=\"#accommodation_faq\"><button class=\"faq_question\">Unterkunft<\/button><\/a><\/p>\n[\/vc_column_text][\/vc_column][\/vc_row][vc_row content_placement=&#8220;top&#8220; el_id=&#8220;faq_content&#8220;][vc_column width=&#8220;1\/6&#8243;][\/vc_column][vc_column width=&#8220;2\/3&#8243; css=&#8220;.vc_custom_1627318576694{padding-right: 30px !important;padding-bottom: 50px !important;padding-left: 30px !important;background-color: #ffffff !important;}&#8220; min_height=&#8220;0&#8243;][vc_column_text el_id=&#8220;lesson_faq&#8220; el_class=&#8220;faq_title&#8220;]\n<h2>Lektionen<\/h2>\n[\/vc_column_text][vc_tta_accordion color=&#8220;white&#8220; c_icon=&#8220;chevron&#8220; active_section=&#8220;0&#8243; no_fill=&#8220;true&#8220; collapsible_all=&#8220;true&#8220; css=&#8220;.vc_custom_1627136910702{background-color: #ffffff !important;}&#8220; el_class=&#8220;faq_accordion&#8220;][vc_tta_section title=&#8220;Wie lange dauert meine Unterrichtsstunde?&#8220; tab_id=&#8220;1627022188062-07945387-a52e&#8220;][vc_column_text]Im Allgemeinen bitten wir die Sch\u00fcler, sich entweder um 10:00 Uhr (Anf\u00e4nger) oder um 11:00 Uhr in der Schule zu treffen. Dies stellt sicher, dass wir genug Zeit haben, um alle f\u00fcr den Tag auszur\u00fcsten und die Theorie durchzugehen, bevor wir auf die Boote gehen. Der Wind hier ist \u00fcberwiegend thermisch und nimmt in der Regel um die Mittagszeit zu. Wir versuchen immer sicherzustellen, dass wir losfahren, bevor der Wind zu sehr auffrischt, damit die Bootsfahrt zum Spot angenehmer ist.<\/p>\n<p>Sobald wir am Spot sind und ausreichend Wind vorhanden ist, werden wir Ihre Kites starten. Danach liegt es an Ihnen: Sie k\u00f6nnen kiten bis entweder der Wind, oder Ihre Energie zu Ende geht!<\/p>\n<p>Wir kehren normalerweise zwischen 16:00-17:00 Uhr nach Gera Lario zur\u00fcck.[\/vc_column_text][\/vc_tta_section][vc_tta_section title=&#8220;Kitesurfkurse sind am Strand billiger. Warum sind die Kurse am Comer See teurer?&#8220; tab_id=&#8220;1627022188125-be57ef50-efb0&#8243;][vc_column_text]Die Kurse, die an vielen bekannten Strandspots angeboten werden, sind anders als unser Angebot. Der Preisunterschied resultiert aus folgenden Gr\u00fcnden:<\/p>\n<ol>\n<li>Ander Schulen rechnen nach Stunden ab, und ein Gro\u00dfteil der Unterrichtszeit wird damit verbracht, mit dem Kite am Strand upwind zu laufen. Wir haben einen riesigen See, auf dem Sie sich austoben k\u00f6nnen, undwir fahren Sie mit dem Boot immer an den optimalen Punkt. Das bedeutet, dass Sie viel mehr Zeit damit verbringen, das Kitesurfen im Wasser zu lernen, als einen Kite an Land zu fliegen.<\/li>\n<li>Kiten auf einem See verursacht Kosten, die beim Kiten am Strand nicht anfallen: Treibstoff, Boote, Bootsversicherung&#8230; Alle unsere Lehrer sind voll qualifiziert mit der IKO und\/oder VDWS Lizenz. Wenn Sie das Kiten richtig lernen wollen, sind sie jeden Cent wert.<\/li>\n<\/ol>\n<ol start=\"3\">\n<li>Wir haben maximal vier Personen im Unterricht pro Boot und pro Lehrer zu jeder Zeit. Bei Anf\u00e4ngern werden die Kites in der Regel zwischen zwei Sch\u00fclern geteilt, bis sie die Kontrolle \u00fcber den Kite erlangt haben (normalerweise nicht mehr als ein paar Stunden). Danach hat jeder Sch\u00fcler seinen eigenen Kite: kein Teilen eines Kites zwischen 8 Personen!<\/li>\n<\/ol>\n<p>Der Preis pro Stunde effektiver Lernzeit ist hier auf dem See tats\u00e4chlich sehr \u00e4hnlich oder sogar billiger, und Sie m\u00fcssen in der Regel viel weniger Stunden nehmen als am Strand.<\/p>\n<p>Wollen Sie mehr wissen? Schauen Sie sich unsere &#8222;<a href=\"https:\/\/414kiting.com\/de\/warum-414-kiting\">Warum 414Kiten<\/a>&#8222;-Seite an.[\/vc_column_text][\/vc_tta_section][vc_tta_section title=&#8220;Muss ich im Voraus bezahlen?&#8220; tab_id=&#8220;1627022188182-64c65e3f-aa4f&#8220;][vc_column_text]Wir bitten nur dann um eine Vorauszahlung, wenn Sie die Pl\u00e4tze definitiv reservieren wollen, da wir die Pl\u00e4tze dann aus dem Verkauf nehmen. Das gibt Ihnen 100%ige Sicherheit, dass wir die Pl\u00e4tze an den von Ihnen gew\u00fcnschten Tagen gebucht haben, und erm\u00f6glicht uns au\u00dferdem eine effektive Planung unserer Gruppen.<\/p>\n<p>Wenn Sie sich \u00fcber Ihre Reisepl\u00e4ne unsicher sind und flexibel bleiben wollen, ist es kein Problem in letzter Minute zu buchen. Bedenken Sie aber, dass die Pl\u00e4tze am Wochenende und in der Hochsaison mehrere Wochen im Voraus ausgebucht sein k\u00f6nnen.<\/p>\n<p>&nbsp;<\/p>\n<p>Wenn Sie im Voraus buchen und dann \u00c4nderungen vornehmen m\u00fcssen oder stornieren m\u00fcssen, versuchen wir trotzdem so fair und flexibel wie m\u00f6glich zu sein. Alle \u00c4nderungen\/Stornierungen, die weniger als 14 Tage im Voraus erfolgen, berechtigen zu einer vollst\u00e4ndigen R\u00fcckerstattung des im Voraus bezahlten Betrags. Alle \u00c4nderungen\/Stornierungen nach diesem Zeitpunkt sind nicht f\u00fcr eine R\u00fcckerstattung g\u00fcltig und wir empfehlen Ihnen f\u00fcr eine Erstattung Ihre Reiseversicherung zu kontaktieren. Sollten wir in der Lage sind einige oder alle der von Ihnen gebuchten Pl\u00e4tze zu f\u00fcllen, dann sind wir mehr als gl\u00fccklich Ihnen diese zu erstatten =)[\/vc_column_text][\/vc_tta_section][vc_tta_section title=&#8220;Was sollte ich mitnehmen?&#8220; tab_id=&#8220;1627022188238-05f68547-b97f&#8220;][vc_column_text]\n<ul>\n<li>Wasser &#8211; es kann ein langer Tag auf dem See werden<\/li>\n<li>Badekleidung (zum Tragen unter dem Neoprenanzug)<\/li>\n<li>Ein Snack &#8211; wir schlagen vor, dass Sie etwas Energiehaltiges essen, das Sie auf der 20-min\u00fctigen Bootsfahrt zum Spot essen k\u00f6nnen. Sie werden nicht in der Lage sein nach der H\u00e4lfte einer Unterrichtsstunde wieder auf das Boot zu kommen, um Ihr Mittagessen zu essen.<\/li>\n<li>Sonnencreme &#8211; Sonnenbrand ist nicht cool<\/li>\n<li>Sonnenbrille &#8211; wenn Sie eine Sonnenbrille mit Sportband bekommen k\u00f6nnen, tun Sie das: reflektiertes Licht vom Wasser kann Ihre Augen sch\u00e4digen.<\/li>\n<li>Kamera &#8211; denn es ist wundersch\u00f6n, und wenn wir Zeit haben, k\u00f6nnen wir ein paar Fotos von Ihnen beim Kiten lernen machen.<\/li>\n<\/ul>\n[\/vc_column_text][\/vc_tta_section][vc_tta_section title=&#8220;Ich bin ein Anf\u00e4nger, aber mein Freund ist fortgeschritten. K\u00f6nnen wir im selben Boot fahren?&#8220; tab_id=&#8220;1627022188357-79ead320-5bf6&#8243;][vc_column_text]In der Regel teilen wir die Gruppen nach K\u00f6nnen auf, da dies sicherstellt, dass Sie die bestm\u00f6gliche Aufmerksamkeit erhalten. Wenn es uns m\u00f6glich ist, Sie in dieselbe Gruppe zu stecken, ohne dass Ihre oder die Sessions der anderen Teilnehmer beeintr\u00e4chtigt werden, dann werden wir das nat\u00fcrlich tun. Alle Gruppen kiten jedoch im gleichen Gebiet, so dass Sie immer nah beieinander sind.[\/vc_column_text][\/vc_tta_section][vc_tta_section title=&#8220;Wie alt m\u00fcssen Kinder sein, um Kitesurfen zu lernen?&#8220; tab_id=&#8220;1627119698532-0a327617-f238&#8243;][vc_column_text]Es gibt kein offizielles Alterslimit, aber es wird durch das Gewicht (ca. 35kg Minimum), das Vertrauen in tiefes Wasser und die erforderliche Aufmerksamkeitsspanne eingeschr\u00e4nkt. F\u00fcr die meisten Kinder ist es im Alter von 13\/14 Jahren m\u00f6glich, sie in einer Gruppenunterrichtsumgebung zu unterrichten, aber es gibt auch Optionen f\u00fcr j\u00fcngere Kinder in Privatstunden. Bitte schicken Sie uns eine E-Mail, wenn Sie Kinder unter 13 Jahren haben, die Kitesurfen lernen m\u00f6chten, da wir Sie \u00fcber die besten Optionen beraten k\u00f6nnen.[\/vc_column_text][\/vc_tta_section][vc_tta_section title=&#8220;Mein Partner m\u00f6chte nicht kiten, w\u00fcrde aber gerne mit auf das Boot kommen. Ist das m\u00f6glich?&#8220; tab_id=&#8220;1627119751753-aaf3d975-9255&#8243;][vc_column_text]Leider k\u00f6nnen wir generell keine Personen auf den Booten f\u00fcr Gruppenunterricht mitnehmen, es sei denn sie nehmen Unterricht. Die Gr\u00fcnde daf\u00fcr sind der begrenzte Platz und die Sicherheit.<\/p>\n<p>Au\u00dferdem sind unsere Boote klein, haben keine Toiletten und keinen Schatten vor der Sonne, sodass sie kein angenehmer Ort sind, um dort l\u00e4ngere Zeit zu verbringen. F\u00fcr alle, die nicht kiten, ist es viel bequemer an Land zu sein! Auf <a title=\"Privatunterricht\" href=\"https:\/\/414kiting.com\/de\/privatunterricht\">privaten Booten<\/a> sind zus\u00e4tzliche Passagiere willkommen, die Anzahl ist jedoch begrenzt.[\/vc_column_text][\/vc_tta_section][\/vc_tta_accordion][vc_column_text el_id=&#8220;wind_faq&#8220; el_class=&#8220;faq_title&#8220;]\n<h2>Wetter &amp; windvorhersagen<\/h2>\n[\/vc_column_text][vc_tta_accordion color=&#8220;white&#8220; c_icon=&#8220;chevron&#8220; active_section=&#8220;0&#8243; no_fill=&#8220;true&#8220; collapsible_all=&#8220;true&#8220; css=&#8220;.vc_custom_1627136919494{background-color: #ffffff !important;}&#8220; el_class=&#8220;faq_accordion&#8220;][vc_tta_section title=&#8220;Was ist, wenn es keinen Wind gibt?&#8220; tab_id=&#8220;1627136408241-c7cebfc8-66f2&#8243;][vc_column_text]Genaue Bedingungen k\u00f6nnen schwer vorhergesagt werden, aber wir haben eine Reihe von zuverl\u00e4ssigen Quellen, die uns eine gute Idee geben. Wenn wir jedoch kein Gl\u00fcck mit dem Wind haben, dann werden wir im Gegensatz zu den meisten anderen Schulen keine Lektion in Rechnung stellen, auch wenn wir auf den Booten unterwegs waren. Wir denken das ist nur fair.<\/p>\n<p>Es liegt an den Lehrern zu entscheiden was ausreichend Wind ist: Sie sind voll qualifiziert und wissen ab wann es m\u00f6glich ist. Nur weil es nicht mit 30 Knoten bl\u00e4st hei\u00dft das nicht, dass man keinen Spa\u00df haben und nichts lernen kann. Als Faustregel gilt, dass 12 Knoten ausreichend Wind sind, um mit der richtigen Ausr\u00fcstung gut zu kiten und Spa\u00df zu haben.[\/vc_column_text][\/vc_tta_section][vc_tta_section title=&#8220;Wind Guru\/Windy\/Windfinder sagen, dass es keinen Wind geben wird. Sollte ich absagen?&#8220; tab_id=&#8220;1627136408468-f4478a5f-f795&#8243;][vc_column_text]Windvorhersage-Webseiten wie Windy\/Windguru\/Windfinder sind gro\u00dfartige Ressourcen f\u00fcr viele Kitespots, aber sie betrachten in der Regel Frontalsysteme und nicht thermische Systeme. Der Wind, bei dem wir normalerweise kiten, ist ein thermischer Wind und wird daher von diesen Seiten nicht erfasst. Wir benutzen verschiedene Quellen, um eine gute Vorstellung davon zu bekommen, was jeden Tag passieren wird (beachten Sie, dass allgemeine Vorhersagen normalerweise nicht sehr genau sind, wenn sie mehr als 3-4 Tage im Voraus sind). Sie k\u00f6nnen mehr \u00fcber die Winde und die Vorhersagebedingungen am Comer See auf unserer <a title=\"Spot Guide\" href=\"https:\/\/414kiting.com\/de\/comersee-kitespot-guide\">Kitespot-Seite<\/a> lesen, und Sie k\u00f6nnen uns gerne jederzeit anrufen\/emailen\/eine Nachricht schicken, um Ratschl\u00e4ge zu erhalten.[\/vc_column_text][\/vc_tta_section][\/vc_tta_accordion][vc_column_text el_id=&#8220;cancellation_faq&#8220; el_class=&#8220;faq_title&#8220;]\n<h2>Stornierung &amp; \u00e4nderungen<\/h2>\n[\/vc_column_text][vc_tta_accordion color=&#8220;white&#8220; c_icon=&#8220;chevron&#8220; active_section=&#8220;0&#8243; no_fill=&#8220;true&#8220; collapsible_all=&#8220;true&#8220; css=&#8220;.vc_custom_1627136919494{background-color: #ffffff !important;}&#8220; el_class=&#8220;faq_accordion&#8220;][vc_tta_section title=&#8220;Was soll ich tun, wenn ich meine Termine \u00e4ndern oder meine Unterrichtsstunde absagen muss?&#8220; tab_id=&#8220;1627136940318-9fbc0416-c536&#8243;][vc_column_text]Wir versuchen so flexibel wie m\u00f6glich zu sein und bitten Sie daher uns so fr\u00fch wie m\u00f6glich zu informieren, wenn Sie Ihre Lektion absagen m\u00f6chten, damit wir Ihren Platz jemand anderem anbieten k\u00f6nnen. Ihre Vorauszahlung wird vollst\u00e4ndig zur\u00fcckerstattet, es sei denn Sie sagen weniger als 14 Tage vor der Lektion ab. Bei Stornierungen, die weniger als 14 Tage vor der Stunde erfolgen, werden 100% der gebuchten Stunden berechnet, es sei denn, wir k\u00f6nnen Ihren Platz mit einem anderen Sch\u00fcler besetzen, in diesem Fall erstatten wir Ihnen gerne den vollen Betrag =)[\/vc_column_text][\/vc_tta_section][\/vc_tta_accordion][vc_column_text el_class=&#8220;faq_title&#8220; el_id=&#8220;advanced_riders_faq&#8220;]\n<h2>Optionen f\u00fcr fortgeschrittene Kiter<\/h2>\n[\/vc_column_text][vc_tta_accordion color=&#8220;white&#8220; c_icon=&#8220;chevron&#8220; active_section=&#8220;0&#8243; no_fill=&#8220;true&#8220; collapsible_all=&#8220;true&#8220; css=&#8220;.vc_custom_1627137288884{background-color: #ffffff !important;}&#8220; el_class=&#8220;faq_accordion&#8220;][vc_tta_section title=&#8220;Habt Ihr einen Shuttle-Service?&#8220; tab_id=&#8220;1627120226540-d0fbd571-7613&#8243;][vc_column_text]Hier bei 414Kiting sind wir spezialisiert auf Unterricht und Coaching f\u00fcr Kiteboarding, Kitefoiling und Wing Foiling. Unsere Boote sind klein und nicht daf\u00fcr ausgelegt die gro\u00dfe Anzahl von Fahrern aufzunehmen, die man braucht, um einen Shuttle-Service effektiv zu betreiben. Weiterhin ist es aus qualitativen und logistischen Gr\u00fcnden nicht m\u00f6glich Shuttle-Fahrer mit unseren Kursen zu mischen. Wenn Sie ein fortgeschrittener Fahrer sind, aber durch Coaching Fortschritte machen wollen, dann werfen Sie einen Blick auf unsere <a title=\"Kitesurf coaching\" href=\"https:\/\/414kiting.com\/de\/kitesurf-coaching\">Coaching,<\/a> <a title=\"Kitefoil Kurse\" href=\"https:\/\/414kiting.com\/de\/kitefoil-kurse\">Kitefoil<\/a> &amp; <a title=\"Wing Foil Kurse\" href=\"https:\/\/414kiting.com\/de\/wing-foil\">Wingfoil<\/a> Seiten. Wenn Sie nur fahren wollen, dann gibt es viele Spots rund um den See, an denen Sie vom Land aus starten k\u00f6nnen (Sie k\u00f6nnen diese in unserem <a title=\"Spot Guide\" href=\"https:\/\/414kiting.com\/de\/comersee-kitespot-guide\">Kitespot-Guide<\/a> nachlesen), oder Sie buchen einen der zahlreichen \u00a0Kite-Shuttle-Services rund um den See[\/vc_column_text][\/vc_tta_section][vc_tta_section title=&#8220;Ich kann schon fahren &#8211; ich m\u00f6chte nur Zeit zum \u00dcben, keinen Unterricht. Was sind meine Optionen?&#8220; tab_id=&#8220;1627136775335-9fe0319f-3401&#8243;][vc_column_text]<a href=\"https:\/\/414kiting.com\/de\/kitesurf-coaching\">Coaching Sessions<\/a> &amp; <a href=\"https:\/\/414kiting.com\/de\/gruppenkitesurfkurse\">Unterricht<\/a> k\u00f6nnen auf das zugeschnitten werden, was Sie brauchen und wollen. Wenn Sie keinen Unterricht wollen, aber nicht sicher sind, ob Sie in Luv bleiben k\u00f6nnen, oder wenn Sie sorgenfrei neue Tricks ausprobieren wollen, dann k\u00f6nnen Sie sich einer unserer Gruppen f\u00fcr Fortgeschrittene anschlie\u00dfen. Unsere Lehrer werden mit dem Boot da sein, um ein Auge auf Sie zu haben und Ihnen zu helfen, wenn Sie es brauchen. \u00a0Es gibt aber keinen Druck jeden Tag etwas Neues auszuprobieren &#8211; einfach die Zeit zu haben, um zu fahren und zu festigen, was Sie bereits wissen, ist sehr vorteilhaft f\u00fcr den Fortschritt.[\/vc_column_text][\/vc_tta_section][\/vc_tta_accordion][vc_column_text el_id=&#8220;accommodation_faq&#8220; el_class=&#8220;faq_title&#8220;]\n<h2>Unterkunft<\/h2>\n[\/vc_column_text][vc_tta_accordion color=&#8220;white&#8220; c_icon=&#8220;chevron&#8220; active_section=&#8220;0&#8243; no_fill=&#8220;true&#8220; collapsible_all=&#8220;true&#8220; css=&#8220;.vc_custom_1627137875490{background-color: #ffffff !important;}&#8220; el_class=&#8220;faq_accordion&#8220;][vc_tta_section title=&#8220;Wo ist die beste Unterkunft?&#8220; tab_id=&#8220;1627137098925-68c1f472-c4b6&#8243;][vc_column_text]Es gibt eine Vielzahl von Unterkunftsm\u00f6glichkeiten, die f\u00fcr die meisten Leute etwas bieten. Auf unserer <a title=\"Unterk\u00fcnfte am Nordende Comer Sees\" href=\"https:\/\/414kiting.com\/de\/unterkuenfte-comersees\">Unterkunftsseite<\/a> finden Sie einige von ehemaligen Kursteilnehmern empfohlene Optionen.[\/vc_column_text][\/vc_tta_section][\/vc_tta_accordion][\/vc_column][vc_column width=&#8220;1\/6&#8243;][\/vc_column][\/vc_row][\/vc_section]\n<\/div>","protected":false},"excerpt":{"rendered":"<p>[vc_section full_width=&#8220;stretch_row&#8220; wpex_bg_overlay=&#8220;dark&#8220; wpex_fixed_bg=&#8220;fixed&#8220; css=&#8220;.vc_custom_1718793293590{margin-top: 0px !important;margin-right: 0px !important;margin-bottom: 0px !important;margin-left: 0px !important;background-image: url(https:\/\/414kiting.com\/wp-content\/uploads\/2020\/03\/Bandits.jpg?id=2970) !important;background-position: center !important;background-repeat: no-repeat !important;background-size: cover !important;}&#8220; wpex_bg_position=&#8220;top&#8220; wpex_bg_size=&#8220;cover&#8220; wpex_bg_overlay_color=&#8220;rgba(0,0,0,0.8)&#8220;][vc_row content_placement=&#8220;middle&#8220; min_height=&#8220;0&#8243; css=&#8220;.vc_custom_1707135135143{padding-top: 2em !important;padding-bottom: 2em !important;}&#8220; wpex_zindex=&#8220;50&#8243;][vc_column min_height=&#8220;0&#8243;][vc_column_text responsive_text=&#8220;true&#8220; text_align=&#8220;center&#8220; el_id=&#8220;ihavequestions_title&#8220;] Antworten auf die am h\u00e4ufigsten gestellten Fragen&#8230; [\/vc_column_text][vc_column_text] LektionenWetter- &amp; windvorhersagenStornierung &amp; \u00e4derungenOptionen f\u00fcr fortgeschrittene KiterUnterkunft [\/vc_column_text][\/vc_column][\/vc_row][vc_row content_placement=&#8220;top&#8220; el_id=&#8220;faq_content&#8220;][vc_column&hellip;<\/p>\n","protected":false},"author":1,"featured_media":0,"parent":0,"menu_order":0,"comment_status":"closed","ping_status":"closed","template":"templates\/no-sidebar.php","meta":{"_sitemap_exclude":false,"_sitemap_priority":"","_sitemap_frequency":"","_monsterinsights_skip_tracking":false,"_monsterinsights_sitenote_active":false,"_monsterinsights_sitenote_note":"","_monsterinsights_sitenote_category":0,"footnotes":""},"class_list":["post-567","page","type-page","status-publish","hentry","entry","no-media"],"aioseo_notices":[],"_links":{"self":[{"href":"https:\/\/414kiting.com\/de\/wp-json\/wp\/v2\/pages\/567","targetHints":{"allow":["GET"]}}],"collection":[{"href":"https:\/\/414kiting.com\/de\/wp-json\/wp\/v2\/pages"}],"about":[{"href":"https:\/\/414kiting.com\/de\/wp-json\/wp\/v2\/types\/page"}],"author":[{"embeddable":true,"href":"https:\/\/414kiting.com\/de\/wp-json\/wp\/v2\/users\/1"}],"replies":[{"embeddable":true,"href":"https:\/\/414kiting.com\/de\/wp-json\/wp\/v2\/comments?post=567"}],"version-history":[{"count":21,"href":"https:\/\/414kiting.com\/de\/wp-json\/wp\/v2\/pages\/567\/revisions"}],"predecessor-version":[{"id":8769,"href":"https:\/\/414kiting.com\/de\/wp-json\/wp\/v2\/pages\/567\/revisions\/8769"}],"wp:attachment":[{"href":"https:\/\/414kiting.com\/de\/wp-json\/wp\/v2\/media?parent=567"}],"curies":[{"name":"wp","href":"https:\/\/api.w.org\/{rel}","templated":true}]}}