{"id":521,"date":"2015-12-23T16:25:41","date_gmt":"2015-12-23T16:25:41","guid":{"rendered":"http:\/\/develop.414kiting.com\/?page_id=521&#038;lang=de"},"modified":"2025-05-09T11:12:05","modified_gmt":"2025-05-09T11:12:05","slug":"kitesurf-coaching","status":"publish","type":"page","link":"https:\/\/414kiting.com\/de\/kitesurf-coaching\/","title":{"rendered":"Kitesurf coaching"},"content":{"rendered":"<div class=\"wpb-content-wrapper\">[vc_row column_spacing=&#8220;0px&#8220; equal_height=&#8220;yes&#8220; wpex_bg_overlay=&#8220;custom&#8220; css=&#8220;.vc_custom_1583415505445{margin-top: 0px !important;margin-right: 0px !important;margin-bottom: 0px !important;margin-left: 0px !important;border-top-width: 0px !important;border-right-width: 0px !important;border-bottom-width: 0px !important;border-left-width: 0px !important;padding-top: 0px !important;padding-right: 0px !important;padding-bottom: 0px !important;padding-left: 0px !important;background-image: url(https:\/\/414kiting.com\/wp-content\/uploads\/2015\/12\/kiteschool.jpg?id=1030) !important;background-position: center !important;background-repeat: no-repeat !important;background-size: cover !important;}&#8220; min_height=&#8220;500px&#8220; wpex_bg_overlay_color=&#8220;rgba(255,255,255,0.01)&#8220;][vc_column width=&#8220;1\/2&#8243; min_height=&#8220;100%&#8220; css=&#8220;.vc_custom_1718729740879{padding-top: 5% !important;padding-right: 5% !important;padding-bottom: 5% !important;padding-left: 5% !important;background-color: rgba(0,0,0,0.8) !important;background-position: center !important;background-repeat: no-repeat !important;background-size: cover !important;*background-color: rgb(0,0,0) !important;}&#8220;][vc_column_text css_animation=&#8220;fadeIn&#8220; responsive_text=&#8220;true&#8220; css=&#8220;&#8220; color=&#8220;#ffffff&#8220;]\n<h1 style=\"text-align: left;\"><span style=\"color: #33cccc;\">Kitesurf-Coaching-Sessions<\/span><\/h1>\n<p style=\"text-align: left;\"><strong>Entdecke dein A-Game<\/strong><\/p>\n<div class=\"vcex-teaser-text clr\">\n<p><span data-preserver-spaces=\"true\">Wenn Sie auf der Suche nach einem Kitesurfkurs f\u00fcr Fortgeschrittene sind, dann sind unsere Kitesurf-Coaching-Sessions genau das Richtige f\u00fcr Sie.<\/span><\/p>\n<p><span data-preserver-spaces=\"true\">Der Comer See ist ein super Ort f\u00fcr fortgeschrittene Kitesurfer, die mehr Platz suchen, um gr\u00f6\u00dfere und bessere Dinge zu \u00fcben. Wenn du bereits in beide Richtungen f\u00e4hrst und konsequent upwind f\u00e4hrst, aber wissen willst, wie man \u00dcberg\u00e4nge wie die Profis macht, Spr\u00fcnge, Loops oder sogar Air Transitions auf einem strapless Surfboard lernt, dann sind unsere Coaching Sessions genau das Richtige f\u00fcr dich. Wir sehen viele Kiter, die die Grundlagen des Fahrens gut beherrschen, aber nicht wissen, was sie als N\u00e4chstes versuchen sollen \u2013 Coaching genau das Richtige!<\/span><\/p>\n<h2><span data-preserver-spaces=\"true\">Was ist inbegriffen:<\/span><\/h2>\n<ul>\n<li><span data-preserver-spaces=\"true\">No-Wind-No-Fee-Garantie<\/span><\/li>\n<li><span data-preserver-spaces=\"true\">Unbegrenzte Zeit im Wasser<\/span><\/li>\n<li><span data-preserver-spaces=\"true\">Komplette Ausr\u00fcstung einschlie\u00dflich Kite, Board, Neoprenanzug, Trapez, Schwimmweste und Helm. Sie k\u00f6nnen auch gerne Ihre eigene Ausr\u00fcstung verwenden, aber wir haben eine gro\u00dfe Auswahl zur Verf\u00fcgung.<\/span><\/li>\n<li><span data-preserver-spaces=\"true\">Geschicklichkeitstheorie-Sitzung<\/span><\/li>\n<li><a class=\"editor-rtfLink\" href=\"https:\/\/www.ikointl.com\/courses\" target=\"_blank\" rel=\"noopener\"><span data-preserver-spaces=\"true\">IKO<\/span><\/a><span data-preserver-spaces=\"true\">\u00a0Kitesurf Lizenz am Ende deines Kurses<\/span><\/li>\n<\/ul>\n<\/div>\n[\/vc_column_text]<div class=\"theme-button-block-wrap wpex-block wpex-clear theme-button-wrap wpex-clr\"><a href=\"mailto:hello@414kiting.com\" class=\"vcex-button theme-button clean white medium align-left block wpex-flex-shrink-0\" style=\"background:#00c1cf;color:#ffffff;border:0;margin-top:30px;margin-bottom:30px;width:300px;\" data-wpex-hover='{&quot;background&quot;:&quot;#ffffff&quot;,&quot;color&quot;:&quot;#00c1cf&quot;}'><span class=\"theme-button-inner\">Book Now!<\/span><\/a><\/div> [vc_column_text css_animation=&#8220;fadeIn&#8220; responsive_text=&#8220;true&#8220; css=&#8220;&#8220; color=&#8220;#ffffff&#8220;]<span data-preserver-spaces=\"true\">Nicht das Richtige f\u00fcr Sie? Wir bieten auch\u00a0<\/span><span data-preserver-spaces=\"true\"><a title=\"Privatunterricht Kitesurfen\" href=\"https:\/\/414kiting.com\/de\/privatunterricht\/\">Privat<\/a> oder<\/span><span data-preserver-spaces=\"true\">\u00a0<\/span><a class=\"editor-rtfLink\" href=\"https:\/\/414kiting.com\/de\/gruppenkitesurfkurse\/\" target=\"_blank\" rel=\"noopener\"><span data-preserver-spaces=\"true\">Gruppen kitesurfen<\/span><\/a><span data-preserver-spaces=\"true\">-,\u00a0<\/span><a class=\"editor-rtfLink\" href=\"https:\/\/414kiting.com\/de\/kitefoil-kurse\/\" target=\"_blank\" rel=\"noopener\"><span data-preserver-spaces=\"true\">kite foil-<\/span><\/a><span data-preserver-spaces=\"true\">\u00a0und\u00a0<\/span><a class=\"editor-rtfLink\" href=\"https:\/\/414kiting.com\/de\/wing-foil\/\" target=\"_blank\" rel=\"noopener\"><span data-preserver-spaces=\"true\">wing foil<\/span><\/a><span data-preserver-spaces=\"true\">-kurse an.<\/span>[\/vc_column_text][\/vc_column][vc_column width=&#8220;1\/2&#8243; css=&#8220;.vc_custom_1583416791648{background-position: center !important;background-repeat: no-repeat !important;background-size: cover !important;}&#8220; min_height=&#8220;100%&#8220;][\/vc_column][\/vc_row][vc_row css_animation=&#8220;fadeInRight&#8220; column_spacing=&#8220;0px&#8220; equal_height=&#8220;yes&#8220; css=&#8220;.vc_custom_1687688624307{margin-top: 0px !important;margin-right: 0px !important;margin-bottom: 0px !important;margin-left: 0px !important;padding-top: 0px !important;padding-right: 0px !important;padding-bottom: 0px !important;padding-left: 0px !important;background-color: #ffffff !important;}&#8220; el_id=&#8220;icontext&#8220;][vc_column css=&#8220;.vc_custom_1583232279744{padding-top: 20px !important;padding-right: 20px !important;padding-bottom: 20px !important;padding-left: 20px !important;}&#8220;]<div class=\"vcex-grid-container vcex-module wpex-grid wpex-gap-20 wpex-grid-cols-2 wpex-sm-grid-cols-3 wpex-md-grid-cols-3 wpex-lg-grid-cols-6 wpex-justify-items-center vc_custom_1657294801668\"><div class=\"vcex-module vcex-icon-box vcex-icon-box-two wpex-relative wpex-text-center\"><div class=\"vcex-icon-box-symbol wpex-mb-20\"><div class=\"vcex-icon-box-icon wpex-inline-flex wpex-items-center wpex-justify-center wpex-child-inherit-color wpex-text-center wpex-leading-none wpex-text-black\" style=\"color:#00c1cf;\"><span class=\"fas fa-water\" aria-hidden=\"true\"><\/span><\/div><\/div><div class=\"vcex-icon-box-text\"><h2 class=\"vcex-icon-box-heading wpex-heading wpex-text-md wpex-mb-10\" style=\"color:#000000;\">Unschlagbarer Lernraum<\/h2><div class=\"vcex-icon-box-content wpex-last-mb-0 wpex-clr\" style=\"color:#000000;\"><hr class=\"iconhr\" \/>\n<\/div><\/div><\/div><div class=\"vcex-module vcex-icon-box vcex-icon-box-two wpex-relative wpex-text-center\"><div class=\"vcex-icon-box-symbol wpex-mb-20\"><div class=\"vcex-icon-box-icon wpex-inline-flex wpex-items-center wpex-justify-center wpex-child-inherit-color wpex-text-center wpex-leading-none wpex-text-black\" style=\"color:#00c1cf;\"><span class=\"fas fa-sun\" aria-hidden=\"true\"><\/span><\/div><\/div><div class=\"vcex-icon-box-text\"><h2 class=\"vcex-icon-box-heading wpex-heading wpex-text-md wpex-mb-10\" style=\"color:#000000;\">Sichere Lernumgebung<\/h2><div class=\"vcex-icon-box-content wpex-last-mb-0 wpex-clr\" style=\"color:#000000;\"><hr class=\"iconhr\" \/>\n<\/div><\/div><\/div><div class=\"vcex-module vcex-icon-box vcex-icon-box-two wpex-relative wpex-text-center\"><div class=\"vcex-icon-box-symbol wpex-mb-20\"><div class=\"vcex-icon-box-icon wpex-inline-flex wpex-items-center wpex-justify-center wpex-child-inherit-color wpex-text-center wpex-leading-none wpex-text-black\" style=\"color:#00c1cf;\"><span class=\"fas fa-ship\" aria-hidden=\"true\"><\/span><\/div><\/div><div class=\"vcex-icon-box-text\"><h2 class=\"vcex-icon-box-heading wpex-heading wpex-text-md wpex-mb-10\" style=\"color:#000000;\">Unterricht von Booten aus<\/h2><div class=\"vcex-icon-box-content wpex-last-mb-0 wpex-clr\" style=\"color:#000000;\"><hr class=\"iconhr\" \/>\n<\/div><\/div><\/div><div class=\"vcex-module vcex-icon-box vcex-icon-box-two wpex-relative wpex-text-center\"><div class=\"vcex-icon-box-symbol wpex-mb-20\"><div class=\"vcex-icon-box-icon wpex-inline-flex wpex-items-center wpex-justify-center wpex-child-inherit-color wpex-text-center wpex-leading-none wpex-text-black\" style=\"color:#00c1cf;\"><span class=\"fas fa-broadcast-tower\" aria-hidden=\"true\"><\/span><\/div><\/div><div class=\"vcex-icon-box-text\"><h2 class=\"vcex-icon-box-heading wpex-heading wpex-text-md wpex-mb-10\" style=\"color:#000000;\">Radio-unterst\u00fctzter Unterricht<\/h2><div class=\"vcex-icon-box-content wpex-last-mb-0 wpex-clr\" style=\"color:#000000;\"><hr class=\"iconhr\" \/>\n<\/div><\/div><\/div><div class=\"vcex-module vcex-icon-box vcex-icon-box-two wpex-relative wpex-text-center\"><div class=\"vcex-icon-box-symbol wpex-mb-20\"><div class=\"vcex-icon-box-icon wpex-inline-flex wpex-items-center wpex-justify-center wpex-child-inherit-color wpex-text-center wpex-leading-none wpex-text-black\" style=\"color:#1fb9c4;\"><span class=\"fas fa-user-friends\" aria-hidden=\"true\"><\/span><\/div><\/div><div class=\"vcex-icon-box-text\"><h2 class=\"vcex-icon-box-heading wpex-heading wpex-text-md wpex-mb-10\" style=\"color:#000000;\">Maximal 3 Sch\u00fcler\/Gruppe<\/h2><div class=\"vcex-icon-box-content wpex-last-mb-0 wpex-clr\" style=\"color:#000000;\"><hr class=\"iconhr\" \/>\n<\/div><\/div><\/div><div class=\"vcex-module vcex-icon-box vcex-icon-box-two wpex-relative wpex-text-center\"><div class=\"vcex-icon-box-symbol wpex-mb-20\"><div class=\"vcex-icon-box-icon wpex-inline-flex wpex-items-center wpex-justify-center wpex-child-inherit-color wpex-text-center wpex-leading-none wpex-text-black\" style=\"color:#1fb9c4;\"><span class=\"fas fa-check\" aria-hidden=\"true\"><\/span><\/div><\/div><div class=\"vcex-icon-box-text\"><h2 class=\"vcex-icon-box-heading wpex-heading wpex-text-md wpex-mb-10\" style=\"color:#000000;\">Qualifizierte Ausbilder<\/h2><div class=\"vcex-icon-box-content wpex-last-mb-0 wpex-clr\" style=\"color:#000000;\"><hr class=\"iconhr\" \/>\n<\/div><\/div><\/div><\/div>[\/vc_column][\/vc_row][vc_row 0=&#8220;&#8220; column_spacing=&#8220;0px&#8220; equal_height=&#8220;yes&#8220; css=&#8220;.vc_custom_1657296391431{background-position: center !important;background-repeat: no-repeat !important;background-size: cover !important;}&#8220; wpex_bg_position=&#8220;center right&#8220;][vc_column width=&#8220;1\/2&#8243; css=&#8220;.vc_custom_1718730419380{background-image: url(https:\/\/414kiting.com\/wp-content\/uploads\/2021\/11\/Screenshot-2021-11-21-at-09.00.59-1.png?id=6211) !important;background-position: center !important;background-repeat: no-repeat !important;background-size: cover !important;}&#8220; wpex_bg_position=&#8220;bottom right&#8220;][\/vc_column][vc_column width=&#8220;1\/2&#8243; css=&#8220;.vc_custom_1718729496797{padding-top: 5% !important;padding-right: 5% !important;padding-bottom: 5% !important;padding-left: 5% !important;background-color: #000000 !important;background-position: center !important;background-repeat: no-repeat !important;background-size: cover !important;}&#8220;][vc_column_text css_animation=&#8220;fadeIn&#8220; responsive_text=&#8220;true&#8220; css=&#8220;.vc_custom_1718789061379{padding-bottom: 30px !important;}&#8220; color=&#8220;#ffffff&#8220;]\n<h2><span data-preserver-spaces=\"true\">Preis<\/span><\/h2>\n<h3><strong><span data-preserver-spaces=\"true\">\u20ac225\/Person\/Tag<\/span><\/strong><\/h3>\n<p><span data-preserver-spaces=\"true\">Um an unseren Coaching-Sitzungen teilnehmen zu k\u00f6nnen,\u00a0musst du in der Lage sein, bei verschiedenen Windkonditionen sicher Upwind fahren zu k\u00f6nnen (<\/span><a class=\"editor-rtfLink\" href=\"https:\/\/www.ikointl.com\/de\/kurs\/kitesurf\/unabhaengig\" target=\"_blank\" rel=\"noopener\"><span data-preserver-spaces=\"true\">IKO Level 3K<\/span><\/a><span data-preserver-spaces=\"true\">\u00a0\/<\/span><a class=\"editor-rtfLink\" href=\"https:\/\/www.vdws.de\/grundscheine-cards\/kitesurfing\/\" target=\"_blank\" rel=\"noopener\"><span data-preserver-spaces=\"true\">VDWS Level 5<\/span><\/a><span data-preserver-spaces=\"true\">).\u00a0Nicht ganz bereit f\u00fcr ein Coaching?\u00a0Wirf doch mal\u00a0einen Blick auf unsere\u00a0<\/span><a class=\"editor-rtfLink\" href=\"https:\/\/414kiting.com\/de\/gruppenkitesurfkurse\/\" target=\"_blank\" rel=\"noopener\"><span data-preserver-spaces=\"true\">Gruppen<\/span><\/a><span data-preserver-spaces=\"true\">\u2013 und\u00a0<\/span><a class=\"editor-rtfLink\" href=\"https:\/\/414kiting.com\/de\/privatunterricht\/\" target=\"_blank\" rel=\"noopener\"><span data-preserver-spaces=\"true\">Privatstunden.<\/span><\/a><\/p>\n<h2><span data-preserver-spaces=\"true\">Session Struktur<\/span><\/h2>\n<p><span data-preserver-spaces=\"true\">Wir treffen uns um 11 Uhr zum Unterricht, packen unsere Sachen und fahren in Richtung S\u00fcden zum Kitespot in den Booten (ca. 10 Minuten Fahrt). Der Wind f\u00e4ngt normalerweise gegen Mittag an zu blasen. Je nach euren Zielen machen wir auch etwas Theorie am Land, bevor wir rausfahren, damit ihr eine solide Basis habt, auf der ihr aufbauen k\u00f6nnt.<\/span><\/p>\n<p><span data-preserver-spaces=\"true\">Auf dem Wasser setzen wir dich auf einen Kite, sobald der Wind auffrischt. Jeder bekommt seinen eigenen Kite f\u00fcr die Dauer des Kurses, so dass du maximale Zeit hast, um Fortschritte zu machen. Wir sehen uns an, wo du mit deinem Fahrk\u00f6nnen stehst und arbeiten daran, deine F\u00e4higkeiten zu perfektionieren und dir zu helfen, deine Ziele zu erreichen.<\/span><\/p>\n<p><span data-preserver-spaces=\"true\">Die meisten Teilnehmer fahren etwa 3 Stunden, bevor ihre Energie zu Ende geht, und wir sind normalerweise zwischen 16 und 17 Uhr wieder im Hafen.<\/span><\/p>\n<p><span data-preserver-spaces=\"true\">Am Ende des Kurses melden wir Sie f\u00fcr eine international anerkannte\u00a0<\/span><a class=\"editor-rtfLink\" href=\"https:\/\/www.ikointl.com\/de\" target=\"_blank\" rel=\"noopener\"><span data-preserver-spaces=\"true\">IKO-Lizenz<\/span><\/a><span data-preserver-spaces=\"true\">\u00a0an, um Ihre F\u00e4higkeiten zu best\u00e4tigen. Besitzen Sie bereits einen? Wir k\u00f6nnen ihn aktualisieren, um deine Fortschritte zu zeigen. Viele Kiteverleihstationen auf der ganzen Welt verlangen diese Bescheinigung, bevor sie dir Ausr\u00fcstung vermieten.<\/span><\/p>\n<div class=\"vcex-teaser-text clr\">\n<h2>Was du selbst mitbringen solltest:<\/h2>\n<ul>\n<li style=\"list-style-type: none;\">\n<ul class=\"list check check-list\">\n<li>Sonnencreme<\/li>\n<li>Eine Flasche Wasser<\/li>\n<li>Einen Snack, z.B. M\u00fcsliriegel<\/li>\n<\/ul>\n<\/li>\n<\/ul>\n<\/div>\n<h3>Andere Lektionsoptionen:<\/h3>\n[\/vc_column_text]<div class=\"vcex-multi-buttons wpex-flex wpex-flex-wrap wpex-items-center wpex-gap-10 wpex-justify-start\"><a href=\"https:\/\/414kiting.com\/de\/privatunterricht\/\" title=\"Private Lessons\" class=\"theme-button outline white vcex-count-1\">Privatunterricht Kitesurfen<\/a><a href=\"https:\/\/414kiting.com\/de\/gruppenkitesurfkurse\/\" title=\"Private Lessons\" class=\"theme-button outline white vcex-count-2\">Gruppenunterricht kitesurfen<\/a><a href=\"https:\/\/414kiting.com\/de\/kitesurf-kurse-anfaenger\/\" title=\"Private Lessons\" class=\"theme-button outline white vcex-count-3\">Kitesurfing Anf\u00e4ngerkurs<\/a><a href=\"https:\/\/414kiting.com\/de\/wing-foil\/\" title=\"Wing Foil Lessons\" class=\"theme-button outline white vcex-count-4\">Wing foil<\/a><a href=\"https:\/\/414kiting.com\/de\/kitefoil-kurse\/\" title=\"Kite Foil Lessons\" class=\"theme-button outline white vcex-count-5\">Kite foil<\/a><\/div>[\/vc_column][\/vc_row]\n<\/div>","protected":false},"excerpt":{"rendered":"<p>[vc_row column_spacing=&#8220;0px&#8220; equal_height=&#8220;yes&#8220; wpex_bg_overlay=&#8220;custom&#8220; css=&#8220;.vc_custom_1583415505445{margin-top: 0px !important;margin-right: 0px !important;margin-bottom: 0px !important;margin-left: 0px !important;border-top-width: 0px !important;border-right-width: 0px !important;border-bottom-width: 0px !important;border-left-width: 0px !important;padding-top: 0px !important;padding-right: 0px !important;padding-bottom: 0px !important;padding-left: 0px !important;background-image: url(https:\/\/414kiting.com\/wp-content\/uploads\/2015\/12\/kiteschool.jpg?id=1030) !important;background-position: center !important;background-repeat: no-repeat !important;background-size: cover !important;}&#8220; min_height=&#8220;500px&#8220; wpex_bg_overlay_color=&#8220;rgba(255,255,255,0.01)&#8220;][vc_column width=&#8220;1\/2&#8243; min_height=&#8220;100%&#8220; css=&#8220;.vc_custom_1718729740879{padding-top: 5% !important;padding-right: 5% !important;padding-bottom: 5% !important;padding-left: 5% !important;background-color: rgba(0,0,0,0.8) !important;background-position: center !important;background-repeat: no-repeat&hellip;<\/p>\n","protected":false},"author":1,"featured_media":0,"parent":0,"menu_order":0,"comment_status":"closed","ping_status":"closed","template":"templates\/no-sidebar.php","meta":{"_sitemap_exclude":false,"_sitemap_priority":"","_sitemap_frequency":"","_monsterinsights_skip_tracking":false,"_monsterinsights_sitenote_active":false,"_monsterinsights_sitenote_note":"","_monsterinsights_sitenote_category":0,"footnotes":""},"class_list":["post-521","page","type-page","status-publish","hentry","entry","no-media"],"aioseo_notices":[],"_links":{"self":[{"href":"https:\/\/414kiting.com\/de\/wp-json\/wp\/v2\/pages\/521","targetHints":{"allow":["GET"]}}],"collection":[{"href":"https:\/\/414kiting.com\/de\/wp-json\/wp\/v2\/pages"}],"about":[{"href":"https:\/\/414kiting.com\/de\/wp-json\/wp\/v2\/types\/page"}],"author":[{"embeddable":true,"href":"https:\/\/414kiting.com\/de\/wp-json\/wp\/v2\/users\/1"}],"replies":[{"embeddable":true,"href":"https:\/\/414kiting.com\/de\/wp-json\/wp\/v2\/comments?post=521"}],"version-history":[{"count":57,"href":"https:\/\/414kiting.com\/de\/wp-json\/wp\/v2\/pages\/521\/revisions"}],"predecessor-version":[{"id":9184,"href":"https:\/\/414kiting.com\/de\/wp-json\/wp\/v2\/pages\/521\/revisions\/9184"}],"wp:attachment":[{"href":"https:\/\/414kiting.com\/de\/wp-json\/wp\/v2\/media?parent=521"}],"curies":[{"name":"wp","href":"https:\/\/api.w.org\/{rel}","templated":true}]}}