{"id":5016,"date":"2020-08-03T13:35:47","date_gmt":"2020-08-03T13:35:47","guid":{"rendered":"http:\/\/414kiting.com\/lake-como-kiting-for-advanced-riders"},"modified":"2024-02-16T09:15:57","modified_gmt":"2024-02-16T09:15:57","slug":"erfahrene_kitesurfer","status":"publish","type":"page","link":"https:\/\/414kiting.com\/de\/erfahrene_kitesurfer\/","title":{"rendered":"Erfahrene kitesurfer"},"content":{"rendered":"<div class=\"wpb-content-wrapper\">[vc_row column_spacing=&#8220;0px&#8220; equal_height=&#8220;yes&#8220; wpex_bg_overlay=&#8220;custom&#8220; css=&#8220;.vc_custom_1596460107462{margin-top: 0px !important;margin-right: 0px !important;margin-bottom: 0px !important;margin-left: 0px !important;border-top-width: 0px !important;border-right-width: 0px !important;border-bottom-width: 0px !important;border-left-width: 0px !important;padding-top: 0px !important;padding-right: 0px !important;padding-bottom: 0px !important;padding-left: 0px !important;background-image: url(https:\/\/414kiting.com\/wp-content\/uploads\/2020\/03\/f-one_madagascar_YDWER.COM_20190616_3855-1.jpg?id=4099) !important;background-position: center !important;background-repeat: no-repeat !important;background-size: cover !important;}&#8220; wpex_bg_overlay_color=&#8220;rgba(255,255,255,0.01)&#8220;][vc_column width=&#8220;1\/3&#8243; min_height=&#8220;100%&#8220; css=&#8220;.vc_custom_1596460898529{padding-top: 20px !important;padding-right: 20px !important;padding-bottom: 20px !important;padding-left: 20px !important;background-color: rgba(0,0,0,0.5) !important;background-position: center !important;background-repeat: no-repeat !important;background-size: cover !important;*background-color: rgb(0,0,0) !important;}&#8220;][vc_column_text css_animation=&#8220;fadeIn&#8220; responsive_text=&#8220;true&#8220; css=&#8220;.vc_custom_1708074423976{padding-top: 20px !important;padding-right: 20px !important;padding-bottom: 20px !important;padding-left: 20px !important;}&#8220; color=&#8220;#ffffff&#8220;]\n<h1>Kitesurfen am Comer See f\u00fcr erfahrene kitesurfer<\/h1>\n<p>Als Kitespot im Sommer ist der Comer See unschlagbar! Inmitten der s\u00fcdlichen Alpen ist der See nur 90 Minuten von Mailand, 3 Stunden von Zurich, oder 4 Stunden von Genua entfernt. Am 162 Quadratkilometer gro\u00dfen Frischwassersee erwarten euch unschlagbare Bedingungen zum Lernen. Nicht nur Anf\u00e4nger, sondern auch erfahrenere Kitesurfer kommen hier voll auf ihre Kosten. Der Comer See ist im Gegensatz zu popul\u00e4reren Seen, wie dem Gardasee, nur selten \u00fcberlaufen und bringt w\u00e4hrend den Sommermonaten \u00fcber 90% der Tage kitebaren Wind.<\/p>\n<p>Klingt zu sch\u00f6n um wahr zu sein? Kommt vorbei und \u00fcberzeugt euch selbst!<\/p>\n<p>Nachfolgend findet ihr unsere Trainingsoptionen f\u00fcr erfahrene Kitesurfer. Bei Fragen oder Beratung zu unseren Angeboten kontaktiert uns gerne. Zwischen 10.00 und 17.00 Uhr befinden wir uns normalerweise auf dem See beim Unterrichten, also schickt uns einfach eine <a href=\"mailto:hello@414kiting.com\">E-Mail<\/a> und wir k\u00fcmmern uns schnellstm\u00f6glich um euer Anliegen.<\/p>\n<p>Wir freuen uns auf euch![\/vc_column_text][\/vc_column][vc_column width=&#8220;2\/3&#8243; css=&#8220;.vc_custom_1583416791648{background-position: center !important;background-repeat: no-repeat !important;background-size: cover !important;}&#8220; min_height=&#8220;100%&#8220;][\/vc_column][\/vc_row][vc_row full_width=&#8220;stretch_row_content_no_spaces&#8220; content_placement=&#8220;top&#8220; column_spacing=&#8220;0px&#8220; equal_height=&#8220;yes&#8220; css=&#8220;.vc_custom_1596461446695{margin-top: 0px !important;margin-right: 0px !important;margin-bottom: 0px !important;margin-left: 0px !important;padding-top: 0px !important;padding-right: 0px !important;padding-bottom: 0px !important;padding-left: 0px !important;background-color: #ffffff !important;}&#8220; el_id=&#8220;advancedoptionsrow&#8220; visibility=&#8220;show-at-mm-breakpoint&#8220;][vc_column width=&#8220;1\/4&#8243; css=&#8220;.vc_custom_1708074556804{padding-top: 20px !important;padding-right: 20px !important;padding-bottom: 20px !important;padding-left: 20px !important;background-color: #efefef !important;}&#8220; el_id=&#8220;iconcolumnbox&#8220;][vc_column_text responsive_text=&#8220;true&#8220; css=&#8220;.vc_custom_1596459058899{padding-top: 10px !important;padding-right: 10px !important;padding-bottom: 10px !important;padding-left: 10px !important;}&#8220; el_id=&#8220;advancedoptionheader&#8220; color=&#8220;#000000&#8243;]\n<h2 style=\"text-align: center;\">STARTPL\u00c4TZE VON LAND<\/h2>\n[\/vc_column_text][vc_column_text css_animation=&#8220;fadeIn&#8220; responsive_text=&#8220;true&#8220; color=&#8220;#000000&#8243; css=&#8220;.vc_custom_1596458915385{padding-top: 20px !important;padding-right: 20px !important;padding-bottom: 20px !important;padding-left: 20px !important;background-color: rgba(216,216,216,0.01) !important;*background-color: rgb(216,216,216) !important;}&#8220; el_id=&#8220;iconcolumntext&#8220;]\n<div class=\"vcex-teaser-text clr\">\n<p>Rund um den See gibt es zahlreiche Startpl\u00e4tze f\u00fcr erfahrene Kitesurfer. Wenn ihr unabh\u00e4ngige Kiter seid (selbstst\u00e4ndiges Starten und Landen des Kites, sicherer Umgang mit dem Kite in nahezu allen Windbedingungen, sicheres H\u00f6he halten, Wiedererlangung des Boards bei Sturz, Selbstrettung falls notwendig) sind diese Startpl\u00e4tze eine super M\u00f6glichkeit, um von Land aus zu starten.<\/p>\n<p>Allerdings sind die meisten Startpl\u00e4tze nichts f\u00fcr Anf\u00e4nger (schmale Strandabschnitte, Badeg\u00e4ste, b\u00f6ige Winde in Strandn\u00e4he). Sobald ihr jedoch weiter vom Strand entfernt seid habt ihr den See f\u00fcr euch und k\u00f6nnt den konstanten Wind, sowie die atemberaubende Landschaft in vollen Z\u00fcgen genie\u00dfen.<\/p>\n<p>An den meisten Kitespots findet man Kaffees oder Bars, sowie \u00f6ffentliche Sanit\u00e4reinrichtungen.<\/p>\n<p>Verschiedene Spots funktionieren besser oder schlechter zu verschiedenen Tageszeiten oder Windbedingungen. F\u00fcr mehr Informationen schaut bei unserem <a href=\"https:\/\/414kiting.com\/de\/comersee-kitespot-guide\">Spotguide<\/a> vorbei.<\/p>\n<\/div>\n[\/vc_column_text][vc_btn title=&#8220;Tell me more!&#8220; style=&#8220;flat&#8220; shape=&#8220;square&#8220; color=&#8220;turquoise&#8220; align=&#8220;center&#8220; button_block=&#8220;true&#8220; link=&#8220;url:http%3A%2F%2F414kiting.com%2Fkitesurf-coaching|||&#8220; el_class=&#8220;tellmemorebutton&#8220;][\/vc_column][vc_column width=&#8220;1\/4&#8243; css=&#8220;.vc_custom_1596440857169{padding-top: 20px !important;padding-right: 20px !important;padding-bottom: 20px !important;padding-left: 20px !important;}&#8220; min_height=&#8220;100%&#8220; el_id=&#8220;iconcolumnbox&#8220;][vc_column_text responsive_text=&#8220;true&#8220; color=&#8220;#000000&#8243; css=&#8220;.vc_custom_1596459081389{padding-top: 10px !important;padding-right: 10px !important;padding-bottom: 10px !important;padding-left: 10px !important;}&#8220; el_id=&#8220;advancedoptionheader&#8220;]\n<h2 style=\"text-align: center;\">COACHING SESSIONS<\/h2>\n[\/vc_column_text][vc_column_text css_animation=&#8220;fadeIn&#8220; responsive_text=&#8220;true&#8220; color=&#8220;#000000&#8243; css=&#8220;.vc_custom_1706354787851{padding-top: 20px !important;padding-right: 20px !important;padding-bottom: 20px !important;padding-left: 20px !important;background-color: rgba(255,255,255,0.01) !important;*background-color: rgb(255,255,255) !important;}&#8220; el_id=&#8220;iconcolumntext&#8220;]\n<div class=\"vcex-teaser-text clr\">\n<p>Bei unseren Coaching Sessions werden maximal 3 Sch\u00fcler gleichzeitig betreut, dabei hat jeder Sch\u00fcler w\u00e4hrend der gesamten Dauer seinen eigenen Kite. Hiermit ist sichergestellt, dass jeder frei bei der Erlernung oder Verbesserung seiner Fertigkeiten ist und das Maximum aus seiner Session rausholt. Unsere beliebtesten Coaching M\u00f6glichkeiten findet ihr hier, allerdings sind die angebotenen M\u00f6glichkeiten zahlreich. Wenn ihr das gew\u00fcnschte Lernziel nicht aufgelistet seht kontaktiert uns einfach und teilt uns mit, was ihr gerne erlernen m\u00f6chtet.<\/p>\n<ul>\n<li>Fertigkeiten zum Kitesurfen in Leichtwind<\/li>\n<li>Halsen (Transitions) und toeside fahren<\/li>\n<li>Freestyle Twintip<\/li>\n<li>Strapless Surfboard (Surfboard ohne Fu\u00dfschlaufen)<\/li>\n<li>Freestyle strapless Surfboard<\/li>\n<\/ul>\n<p>Coaching Sessions werden angeboten f\u00fcr Kitesurfer ab <a href=\"https:\/\/www.ikointl.com\/de\/kurs\/kitesurf\/unabhaengig\" target=\"_blank\" rel=\"noopener\">IKO Level 3K<\/a>\/<a href=\"https:\/\/www.vdws.de\/grundscheine-cards\/kitesurfing\/\" target=\"_blank\" rel=\"noopener noreferrer\">VDWS Level 5<\/a><\/p>\n<\/div>\n[\/vc_column_text][vc_btn title=&#8220;Tell me more!&#8220; style=&#8220;flat&#8220; shape=&#8220;square&#8220; color=&#8220;turquoise&#8220; align=&#8220;center&#8220; button_block=&#8220;true&#8220; link=&#8220;url:http%3A%2F%2F414kiting.com%2Fkitesurf-coaching|||&#8220; el_class=&#8220;tellmemorebutton&#8220;][\/vc_column][vc_column width=&#8220;1\/4&#8243; css=&#8220;.vc_custom_1708074564857{padding-top: 20px !important;padding-right: 20px !important;padding-bottom: 20px !important;padding-left: 20px !important;background-color: #efefef !important;}&#8220; min_height=&#8220;100%&#8220; el_id=&#8220;iconcolumnbox&#8220;][vc_column_text responsive_text=&#8220;true&#8220; color=&#8220;#000000&#8243; css=&#8220;.vc_custom_1596459081389{padding-top: 10px !important;padding-right: 10px !important;padding-bottom: 10px !important;padding-left: 10px !important;}&#8220; el_id=&#8220;advancedoptionheader&#8220;]\n<h2 style=\"text-align: center;\">FOIL &amp; WINGSURF<\/h2>\n[\/vc_column_text][vc_column_text css_animation=&#8220;fadeIn&#8220; responsive_text=&#8220;true&#8220; color=&#8220;#000000&#8243; css=&#8220;.vc_custom_1708074940740{padding-top: 20px !important;padding-right: 20px !important;padding-bottom: 20px !important;padding-left: 20px !important;background-color: rgba(216,216,216,0.01) !important;*background-color: rgb(216,216,216) !important;}&#8220; el_id=&#8220;iconcolumntext&#8220;]\n<div class=\"vcex-teaser-text clr\">\n<p>Kitesurfen ist nach wie vor ein junger Sport und entwickelt sich konstant weiter. Es gibt immer etwas Neues zu erlernen oder auszuprobieren und zahlreiche verschiedene Wege, um seine F\u00e4higkeiten zu erweitern, unabh\u00e4ngig vom eigenen Level.<\/p>\n<p>Wer die neusten Trends rund um Kitesurfen in den zahlreichen Videos im Internet oder auf sozialen Netzwerken verfolgt, der kennt bereits Foilen. In den letzten Jahren ist Foilen zunehmend popul\u00e4rer geworden und wurde nun um das sogenannte Wingfoilen erweitert. Beide Disziplinen sind physisch anstrengend, technisch fordernd und bieten jede Menge Spa\u00df.<\/p>\n<p>Wenn ihr bereits die n\u00f6tigen F\u00e4higkeiten besitzt und nach der n\u00e4chsten Herausforderung sucht, <a href=\"mailto:hello@414kiting.com\">kontaktiert uns<\/a>, um eure Schulung zu buchen.<\/p>\n<\/div>\n[\/vc_column_text][vc_btn title=&#8220;Tell me more!&#8220; style=&#8220;flat&#8220; shape=&#8220;square&#8220; color=&#8220;turquoise&#8220; align=&#8220;center&#8220; button_block=&#8220;true&#8220; link=&#8220;url:http%3A%2F%2F414kiting.com%2Ffoil-and-wing foil|title:Foil%20%26%20Wingsurf||&#8220; el_class=&#8220;tellmemorebutton&#8220;][\/vc_column][vc_column width=&#8220;1\/4&#8243; css=&#8220;.vc_custom_1596440861867{padding-top: 20px !important;padding-right: 20px !important;padding-bottom: 20px !important;padding-left: 20px !important;}&#8220; min_height=&#8220;100%&#8220; el_id=&#8220;iconcolumnbox&#8220;][vc_column_text responsive_text=&#8220;true&#8220; color=&#8220;#000000&#8243; css=&#8220;.vc_custom_1596459089461{padding-top: 10px !important;padding-right: 10px !important;padding-bottom: 10px !important;padding-left: 10px !important;}&#8220; el_id=&#8220;advancedoptionheader&#8220;]\n<h2 style=\"text-align: center;\">KITE SHUTTLE SERVICES<\/h2>\n[\/vc_column_text][vc_column_text css_animation=&#8220;fadeIn&#8220; responsive_text=&#8220;true&#8220; color=&#8220;#000000&#8243; css=&#8220;.vc_custom_1596457068680{padding-top: 20px !important;padding-right: 20px !important;padding-bottom: 20px !important;padding-left: 20px !important;background-color: rgba(216,216,216,0.01) !important;*background-color: rgb(216,216,216) !important;}&#8220; el_id=&#8220;iconcolumntext&#8220;]\n<div class=\"vcex-teaser-text clr\">\n<p>Rund um den See gibt es zahlreiche Kiteschulen, die Shuttle Services anbieten. Hierbei ist jedoch zu beachten, dass diese Schulen h\u00e4ufig einen reinen Startservice auf dem See bieten und kein betreutes Kiten anbieten. Somit seid ihr selbst daf\u00fcr verantwortlich nach dem Start eigenst\u00e4ndig zur\u00fcck an Land zu finden. Einige Shuttle Schulen verlangen von euch euer Handy in einer wasserfesten H\u00fclle mitzubringen, um im Falle einer ben\u00f6tigten Rettung die Schule kontaktieren zu k\u00f6nnen. Leigeb\u00fchr f\u00fcr Kite-equipment wird oftmals extra berechnet.<\/p>\n<p>Zum Schutz der eigenen Sicherheit empfehlen wir einen reinen Shuttle Service nur zu buchen, falls ihr wirklich unabh\u00e4ngige Kitesurfer seid (sicherer Umgang mit dem Kite in nahezu allen Windbedingungen, sicheres H\u00f6he halten, Wiedererlangung des Boards bei Sturz, Selbstrettung falls notwendig)<\/p>\n<\/div>\n[\/vc_column_text][\/vc_column][\/vc_row][vc_row full_width=&#8220;stretch_row_content_no_spaces&#8220; content_placement=&#8220;top&#8220; column_spacing=&#8220;0px&#8220; equal_height=&#8220;yes&#8220; css=&#8220;.vc_custom_1596461462734{margin-top: 0px !important;margin-right: 0px !important;margin-bottom: 0px !important;margin-left: 0px !important;padding-top: 0px !important;padding-right: 0px !important;padding-bottom: 0px !important;padding-left: 0px !important;background-color: #ffffff !important;}&#8220; visibility=&#8220;hide-at-mm-breakpoint&#8220;][vc_column width=&#8220;1\/4&#8243; css=&#8220;.vc_custom_1708074580216{padding-top: 20px !important;padding-right: 20px !important;padding-bottom: 20px !important;padding-left: 20px !important;background-color: #efefef !important;}&#8220;][vc_column_text responsive_text=&#8220;true&#8220; css=&#8220;.vc_custom_1596459058899{padding-top: 10px !important;padding-right: 10px !important;padding-bottom: 10px !important;padding-left: 10px !important;}&#8220; color=&#8220;#000000&#8243;]\n<h2 style=\"text-align: center;\">STARTPL\u00c4TZE VON LAND<\/h2>\n[\/vc_column_text][vc_column_text css_animation=&#8220;fadeIn&#8220; responsive_text=&#8220;true&#8220; color=&#8220;#000000&#8243; css=&#8220;.vc_custom_1596458915385{padding-top: 20px !important;padding-right: 20px !important;padding-bottom: 20px !important;padding-left: 20px !important;background-color: rgba(216,216,216,0.01) !important;*background-color: rgb(216,216,216) !important;}&#8220;]\n<div class=\"vcex-teaser-text clr\">\n<p>Rund um den See gibt es zahlreiche Startpl\u00e4tze f\u00fcr erfahrene Kitesurfer. Wenn ihr unabh\u00e4ngige Kiter seid (selbstst\u00e4ndiges Starten und Landen des Kites, sicherer Umgang mit dem Kite in nahezu allen Windbedingungen, sicheres H\u00f6he halten, Wiedererlangung des Boards bei Sturz, Selbstrettung falls notwendig) sind diese Startpl\u00e4tze eine super M\u00f6glichkeit, um von Land aus zu starten.<\/p>\n<p>Allerdings sind die meisten Startpl\u00e4tze nichts f\u00fcr Anf\u00e4nger (schmale Strandabschnitte, Badeg\u00e4ste, b\u00f6ige Winde in Strandn\u00e4he). Sobald ihr jedoch weiter vom Strand entfernt seid habt ihr den See f\u00fcr euch und k\u00f6nnt den konstanten Wind, sowie die atemberaubende Landschaft in vollen Z\u00fcgen genie\u00dfen.<\/p>\n<p>An den meisten Kitespots findet man Kaffees oder Bars, sowie \u00f6ffentliche Sanit\u00e4reinrichtungen.<\/p>\n<p>Verschiedene Spots funktionieren besser oder schlechter zu verschiedenen Tageszeiten oder Windbedingungen. F\u00fcr mehr Informationen schaut bei unserem <a href=\"https:\/\/414kiting.com\/de\/comersee-kitespot-guide\">Spotguide<\/a> vorbei.<\/p>\n<\/div>\n[\/vc_column_text][\/vc_column][vc_column width=&#8220;1\/4&#8243; css=&#8220;.vc_custom_1596440851716{padding-top: 20px !important;padding-right: 20px !important;padding-bottom: 20px !important;padding-left: 20px !important;}&#8220; min_height=&#8220;100%&#8220;][vc_column_text responsive_text=&#8220;true&#8220; color=&#8220;#000000&#8243; css=&#8220;.vc_custom_1596459067439{padding-top: 10px !important;padding-right: 10px !important;padding-bottom: 10px !important;padding-left: 10px !important;}&#8220;]\n<h2 style=\"text-align: center;\">COACHING SESSIONS<\/h2>\n[\/vc_column_text][vc_column_text css_animation=&#8220;fadeIn&#8220; responsive_text=&#8220;true&#8220; color=&#8220;#000000&#8243; css=&#8220;.vc_custom_1706354805033{padding-top: 20px !important;padding-right: 20px !important;padding-bottom: 20px !important;padding-left: 20px !important;background-color: rgba(255,255,255,0.01) !important;*background-color: rgb(255,255,255) !important;}&#8220;]\n<div class=\"vcex-teaser-text clr\">\n<p>Bei unseren Coaching Sessions werden maximal 3 Sch\u00fcler gleichzeitig betreut, dabei hat jeder Sch\u00fcler w\u00e4hrend der gesamten Dauer seinen eigenen Kite. Hiermit ist sichergestellt, dass jeder frei bei der Erlernung oder Verbesserung seiner Fertigkeiten ist und das Maximum aus seiner Session rausholt. Unsere beliebtesten Coaching M\u00f6glichkeiten findet ihr hier, allerdings sind die angebotenen M\u00f6glichkeiten zahlreich. Wenn ihr das gew\u00fcnschte Lernziel nicht aufgelistet seht kontaktiert uns einfach und teilt uns mit, was ihr gerne erlernen m\u00f6chtet.<\/p>\n<ul>\n<li>Fertigkeiten zum Kitesurfen in Leichtwind<\/li>\n<li>Halsen (Transitions) und toeside fahren<\/li>\n<li>Freestyle Twintip<\/li>\n<li>Strapless Surfboard (Surfboard ohne Fu\u00dfschlaufen)<\/li>\n<li>Freestyle strapless Surfboard<\/li>\n<\/ul>\n<p>Coaching Sessions werden angeboten f\u00fcr Kitesurfer ab <a href=\"https:\/\/www.ikointl.com\/de\/kurs\/kitesurf\/unabhaengig\" target=\"_blank\" rel=\"noopener\">IKO Level 3K<\/a>\/<a href=\"https:\/\/www.vdws.de\/grundscheine-cards\/kitesurfing\/\" target=\"_blank\" rel=\"noopener noreferrer\">VDWS Level 5<\/a><\/p>\n<\/div>\n[\/vc_column_text][\/vc_column][vc_column width=&#8220;1\/4&#8243; css=&#8220;.vc_custom_1708074588070{padding-top: 20px !important;padding-right: 20px !important;padding-bottom: 20px !important;padding-left: 20px !important;background-color: #efefef !important;}&#8220; min_height=&#8220;100%&#8220;][vc_column_text responsive_text=&#8220;true&#8220; color=&#8220;#000000&#8243; css=&#8220;.vc_custom_1596459081389{padding-top: 10px !important;padding-right: 10px !important;padding-bottom: 10px !important;padding-left: 10px !important;}&#8220;]\n<h2 style=\"text-align: center;\">FOIL &amp; WINGSURF<\/h2>\n[\/vc_column_text][vc_column_text css_animation=&#8220;fadeIn&#8220; responsive_text=&#8220;true&#8220; color=&#8220;#000000&#8243; css=&#8220;.vc_custom_1708074953150{padding-top: 20px !important;padding-right: 20px !important;padding-bottom: 20px !important;padding-left: 20px !important;background-color: rgba(216,216,216,0.01) !important;*background-color: rgb(216,216,216) !important;}&#8220;]\n<div class=\"vcex-teaser-text clr\">\n<p>Kitesurfen ist nach wie vor ein junger Sport und entwickelt sich konstant weiter. Es gibt immer etwas Neues zu erlernen oder auszuprobieren und zahlreiche verschiedene Wege, um seine F\u00e4higkeiten zu erweitern, unabh\u00e4ngig vom eigenen Level.<\/p>\n<p>Wer die neusten Trends rund um Kitesurfen in den zahlreichen Videos im Internet oder auf sozialen Netzwerken verfolgt, der kennt bereits Foilen. In den letzten Jahren ist Foilen zunehmend popul\u00e4rer geworden und wurde nun um das sogenannte Wingfoilen erweitert. Beide Disziplinen sind physisch anstrengend, technisch fordernd und bieten jede Menge Spa\u00df.<\/p>\n<p>Wenn ihr bereits die n\u00f6tigen F\u00e4higkeiten besitzt und nach der n\u00e4chsten Herausforderung sucht, <a href=\"mailto:hello@414kiting.com\">kontaktiert uns<\/a>, um eure Schulung zu buchen.<\/p>\n<\/div>\n[\/vc_column_text][\/vc_column][vc_column width=&#8220;1\/4&#8243; css=&#8220;.vc_custom_1596440861867{padding-top: 20px !important;padding-right: 20px !important;padding-bottom: 20px !important;padding-left: 20px !important;}&#8220; min_height=&#8220;100%&#8220;][vc_column_text responsive_text=&#8220;true&#8220; color=&#8220;#000000&#8243; css=&#8220;.vc_custom_1596459089461{padding-top: 10px !important;padding-right: 10px !important;padding-bottom: 10px !important;padding-left: 10px !important;}&#8220;]\n<h2 style=\"text-align: center;\">KITE SHUTTLE SERVICES<\/h2>\n[\/vc_column_text][vc_column_text css_animation=&#8220;fadeIn&#8220; responsive_text=&#8220;true&#8220; color=&#8220;#000000&#8243; css=&#8220;.vc_custom_1596457068680{padding-top: 20px !important;padding-right: 20px !important;padding-bottom: 20px !important;padding-left: 20px !important;background-color: rgba(216,216,216,0.01) !important;*background-color: rgb(216,216,216) !important;}&#8220;]\n<div class=\"vcex-teaser-text clr\">\n<p>Rund um den See gibt es zahlreiche Kiteschulen, die Shuttle Services anbieten. Hierbei ist jedoch zu beachten, dass diese Schulen h\u00e4ufig einen reinen Startservice auf dem See bieten und kein betreutes Kiten anbieten. Somit seid ihr selbst daf\u00fcr verantwortlich nach dem Start eigenst\u00e4ndig zur\u00fcck an Land zu finden. Einige Shuttle Schulen verlangen von euch euer Handy in einer wasserfesten H\u00fclle mitzubringen, um im Falle einer ben\u00f6tigten Rettung die Schule kontaktieren zu k\u00f6nnen. Leigeb\u00fchr f\u00fcr Kite-equipment wird oftmals extra berechnet.<\/p>\n<p>Zum Schutz der eigenen Sicherheit empfehlen wir einen reinen Shuttle Service nur zu buchen, falls ihr wirklich unabh\u00e4ngige Kitesurfer seid (sicherer Umgang mit dem Kite in nahezu allen Windbedingungen, sicheres H\u00f6he halten, Wiedererlangung des Boards bei Sturz, Selbstrettung falls notwendig)<\/p>\n<\/div>\n[\/vc_column_text][\/vc_column][\/vc_row][vc_row full_width=&#8220;stretch_row_content_no_spaces&#8220; content_placement=&#8220;top&#8220; column_spacing=&#8220;0px&#8220; equal_height=&#8220;yes&#8220; css=&#8220;.vc_custom_1596461462734{margin-top: 0px !important;margin-right: 0px !important;margin-bottom: 0px !important;margin-left: 0px !important;padding-top: 0px !important;padding-right: 0px !important;padding-bottom: 0px !important;padding-left: 0px !important;background-color: #ffffff !important;}&#8220; visibility=&#8220;hide-at-mm-breakpoint&#8220;][vc_column width=&#8220;1\/4&#8243; css=&#8220;.vc_custom_1708074699476{padding-top: 20px !important;padding-right: 20px !important;padding-bottom: 20px !important;padding-left: 20px !important;background-color: #efefef !important;}&#8220;][vc_btn title=&#8220;Tell me more!&#8220; style=&#8220;flat&#8220; shape=&#8220;square&#8220; color=&#8220;turquoise&#8220; align=&#8220;center&#8220; button_block=&#8220;true&#8220; link=&#8220;url:http%3A%2F%2F414kiting.com%2Fcomo-kitesurf-guide|title:Lake%20Como%20Kitesurfing%20Guide||&#8220; el_class=&#8220;tellmemorebutton&#8220;][\/vc_column][vc_column width=&#8220;1\/4&#8243; css=&#8220;.vc_custom_1596440851716{padding-top: 20px !important;padding-right: 20px !important;padding-bottom: 20px !important;padding-left: 20px !important;}&#8220; min_height=&#8220;100%&#8220;][vc_btn title=&#8220;Tell me more!&#8220; style=&#8220;flat&#8220; shape=&#8220;square&#8220; color=&#8220;turquoise&#8220; align=&#8220;center&#8220; button_block=&#8220;true&#8220; link=&#8220;url:http%3A%2F%2F414kiting.com%2Fkitesurf-coaching|||&#8220; el_class=&#8220;tellmemorebutton&#8220;][\/vc_column][vc_column width=&#8220;1\/4&#8243; css=&#8220;.vc_custom_1708074706496{padding-top: 20px !important;padding-right: 20px !important;padding-bottom: 20px !important;padding-left: 20px !important;background-color: #efefef !important;}&#8220; min_height=&#8220;100%&#8220;][vc_btn title=&#8220;Tell me more!&#8220; style=&#8220;flat&#8220; shape=&#8220;square&#8220; color=&#8220;turquoise&#8220; align=&#8220;center&#8220; button_block=&#8220;true&#8220; link=&#8220;url:http%3A%2F%2F414kiting.com%2Ffoil-and-wing foil|title:Foil%20%26%20Wingsurf||&#8220; el_class=&#8220;tellmemorebutton&#8220;][\/vc_column][vc_column width=&#8220;1\/4&#8243; css=&#8220;.vc_custom_1596440861867{padding-top: 20px !important;padding-right: 20px !important;padding-bottom: 20px !important;padding-left: 20px !important;}&#8220; min_height=&#8220;100%&#8220;][\/vc_column][\/vc_row]\n<\/div>","protected":false},"excerpt":{"rendered":"<p>[vc_row column_spacing=&#8220;0px&#8220; equal_height=&#8220;yes&#8220; wpex_bg_overlay=&#8220;custom&#8220; css=&#8220;.vc_custom_1596460107462{margin-top: 0px !important;margin-right: 0px !important;margin-bottom: 0px !important;margin-left: 0px !important;border-top-width: 0px !important;border-right-width: 0px !important;border-bottom-width: 0px !important;border-left-width: 0px !important;padding-top: 0px !important;padding-right: 0px !important;padding-bottom: 0px !important;padding-left: 0px !important;background-image: url(https:\/\/414kiting.com\/wp-content\/uploads\/2020\/03\/f-one_madagascar_YDWER.COM_20190616_3855-1.jpg?id=4099) !important;background-position: center !important;background-repeat: no-repeat !important;background-size: cover !important;}&#8220; wpex_bg_overlay_color=&#8220;rgba(255,255,255,0.01)&#8220;][vc_column width=&#8220;1\/3&#8243; min_height=&#8220;100%&#8220; css=&#8220;.vc_custom_1596460898529{padding-top: 20px !important;padding-right: 20px !important;padding-bottom: 20px !important;padding-left: 20px !important;background-color: rgba(0,0,0,0.5) !important;background-position: center !important;background-repeat: no-repeat !important;background-size:&hellip;<\/p>\n","protected":false},"author":2,"featured_media":0,"parent":0,"menu_order":0,"comment_status":"closed","ping_status":"closed","template":"templates\/no-sidebar.php","meta":{"_sitemap_exclude":false,"_sitemap_priority":"","_sitemap_frequency":"","_monsterinsights_skip_tracking":false,"_monsterinsights_sitenote_active":false,"_monsterinsights_sitenote_note":"","_monsterinsights_sitenote_category":0,"footnotes":""},"class_list":["post-5016","page","type-page","status-publish","hentry","entry","no-media"],"aioseo_notices":[],"_links":{"self":[{"href":"https:\/\/414kiting.com\/de\/wp-json\/wp\/v2\/pages\/5016","targetHints":{"allow":["GET"]}}],"collection":[{"href":"https:\/\/414kiting.com\/de\/wp-json\/wp\/v2\/pages"}],"about":[{"href":"https:\/\/414kiting.com\/de\/wp-json\/wp\/v2\/types\/page"}],"author":[{"embeddable":true,"href":"https:\/\/414kiting.com\/de\/wp-json\/wp\/v2\/users\/2"}],"replies":[{"embeddable":true,"href":"https:\/\/414kiting.com\/de\/wp-json\/wp\/v2\/comments?post=5016"}],"version-history":[{"count":15,"href":"https:\/\/414kiting.com\/de\/wp-json\/wp\/v2\/pages\/5016\/revisions"}],"predecessor-version":[{"id":8347,"href":"https:\/\/414kiting.com\/de\/wp-json\/wp\/v2\/pages\/5016\/revisions\/8347"}],"wp:attachment":[{"href":"https:\/\/414kiting.com\/de\/wp-json\/wp\/v2\/media?parent=5016"}],"curies":[{"name":"wp","href":"https:\/\/api.w.org\/{rel}","templated":true}]}}