{"id":4407,"date":"2020-03-31T13:44:19","date_gmt":"2020-03-31T13:44:19","guid":{"rendered":"http:\/\/414kiting.com\/shop"},"modified":"2023-03-07T07:19:47","modified_gmt":"2023-03-07T07:19:47","slug":"shop","status":"publish","type":"page","link":"https:\/\/414kiting.com\/de\/shop\/","title":{"rendered":"Shop"},"content":{"rendered":"<div class=\"wpb-content-wrapper\">[vc_row equal_height=&#8220;yes&#8220; css=&#8220;.vc_custom_1585737052367{padding-top: 10px !important;padding-right: 10px !important;padding-bottom: 10px !important;padding-left: 10px !important;background-color: #ffffff !important;}&#8220;][vc_column width=&#8220;1\/4&#8243;][vc_column_text responsive_text=&#8220;true&#8220; color=&#8220;#000000&#8243;]\n<h3 style=\"text-align: left; font-size: 4rem;\">SECOND-HAND EQUIPMENT<\/h3>\n<hr class=\"longtitlehr\" style=\"color: black;\" \/>\n<hr class=\"shorttitlehr\" style=\"color: black;\" \/>\n<p>Alle unser second-hand Kitematerial wurde maximal eine Saison und nur im S\u00fcsswasser des Comer Sees benutzt. Wir tragen jeweils gr\u00f6sste Sorge zu unserem Material: Es wird niemals in der Sonne oder am Ufer gelagert und hat nie Bodenber\u00fchrung (ausser wenn wir die Kites am Ende des Tages trocknen und wieder verpacken). Was heisst das nun f\u00fcr dich? Die Kites und Boards werden dir noch viele, viele Jahre Spass bereiten, wenn auch du sie pfleglich behandelst.<\/p>\n<p class=\"p1\"><span class=\"s1\">Findest du das was du suchst hier nicht? Email mit deinen W\u00fcnschen und Fragen!<\/span><\/p>\n[\/vc_column_text]<a id=\"shopcontactbutton\" href=\"https:\/\/wa.me\/41787327295\" class=\"vcex-button theme-button outline black medium align-left inline\" target=\"_blank\" rel=\"noopener noreferrer\"><span class=\"theme-button-inner\">Get in touch!<\/span><\/a> [\/vc_column][vc_column typography_style=&#8220;black&#8220; width=&#8220;3\/4&#8243;][vc_media_grid style=&#8220;lazy&#8220; element_width=&#8220;3&#8243; item=&#8220;4568&#8243; grid_id=&#8220;vc_gid:1678173529638-22ceb9fc-57bf-8&#8243; include=&#8220;5567,5559,6421,6413,6401,5582,6369,4317,6373,6377,6385,6381,6425,6393,6405,6447,7335&#8243; el_id=&#8220;shopgrid&#8220;][\/vc_column][\/vc_row]\n<\/div>","protected":false},"excerpt":{"rendered":"<p>[vc_row equal_height=&#8220;yes&#8220; css=&#8220;.vc_custom_1585737052367{padding-top: 10px !important;padding-right: 10px !important;padding-bottom: 10px !important;padding-left: 10px !important;background-color: #ffffff !important;}&#8220;][vc_column width=&#8220;1\/4&#8243;][vc_column_text responsive_text=&#8220;true&#8220; color=&#8220;#000000&#8243;] SECOND-HAND EQUIPMENT Alle unser second-hand Kitematerial wurde maximal eine Saison und nur im S\u00fcsswasser des Comer Sees benutzt. Wir tragen jeweils gr\u00f6sste Sorge zu unserem Material: Es wird niemals in der Sonne oder am Ufer gelagert und hat nie&hellip;<\/p>\n","protected":false},"author":2,"featured_media":0,"parent":0,"menu_order":0,"comment_status":"closed","ping_status":"closed","template":"templates\/no-sidebar.php","meta":{"_sitemap_exclude":false,"_sitemap_priority":"","_sitemap_frequency":"","_monsterinsights_skip_tracking":false,"_monsterinsights_sitenote_active":false,"_monsterinsights_sitenote_note":"","_monsterinsights_sitenote_category":0,"footnotes":""},"class_list":["post-4407","page","type-page","status-publish","hentry","entry","no-media"],"aioseo_notices":[],"_links":{"self":[{"href":"https:\/\/414kiting.com\/de\/wp-json\/wp\/v2\/pages\/4407","targetHints":{"allow":["GET"]}}],"collection":[{"href":"https:\/\/414kiting.com\/de\/wp-json\/wp\/v2\/pages"}],"about":[{"href":"https:\/\/414kiting.com\/de\/wp-json\/wp\/v2\/types\/page"}],"author":[{"embeddable":true,"href":"https:\/\/414kiting.com\/de\/wp-json\/wp\/v2\/users\/2"}],"replies":[{"embeddable":true,"href":"https:\/\/414kiting.com\/de\/wp-json\/wp\/v2\/comments?post=4407"}],"version-history":[{"count":23,"href":"https:\/\/414kiting.com\/de\/wp-json\/wp\/v2\/pages\/4407\/revisions"}],"predecessor-version":[{"id":7341,"href":"https:\/\/414kiting.com\/de\/wp-json\/wp\/v2\/pages\/4407\/revisions\/7341"}],"wp:attachment":[{"href":"https:\/\/414kiting.com\/de\/wp-json\/wp\/v2\/media?parent=4407"}],"curies":[{"name":"wp","href":"https:\/\/api.w.org\/{rel}","templated":true}]}}