{"id":3548,"date":"2020-03-04T19:17:08","date_gmt":"2020-03-04T19:17:08","guid":{"rendered":"http:\/\/414kiting.com\/foil-and-wingsurf"},"modified":"2025-05-09T11:14:48","modified_gmt":"2025-05-09T11:14:48","slug":"kitefoil-kurse","status":"publish","type":"page","link":"https:\/\/414kiting.com\/de\/kitefoil-kurse\/","title":{"rendered":"Kitefoil Kurse"},"content":{"rendered":"<div class=\"wpb-content-wrapper\">[vc_row column_spacing=&#8220;0px&#8220; equal_height=&#8220;yes&#8220; css=&#8220;.vc_custom_1656922796931{margin-top: 0px !important;margin-right: 0px !important;margin-bottom: 0px !important;margin-left: 0px !important;border-top-width: 0px !important;border-right-width: 0px !important;border-bottom-width: 0px !important;border-left-width: 0px !important;padding-top: 0px !important;padding-right: 0px !important;padding-bottom: 0px !important;padding-left: 0px !important;background-image: url(https:\/\/414kiting.com\/wp-content\/uploads\/2022\/05\/Foiling-Lake-Como-2.png?id=6281) !important;background-position: center !important;background-repeat: no-repeat !important;background-size: cover !important;}&#8220; min_height=&#8220;500px&#8220;][vc_column width=&#8220;2\/3&#8243; css=&#8220;.vc_custom_1584211760640{background-color: rgba(0,0,0,0.01) !important;*background-color: rgb(0,0,0) !important;}&#8220;][\/vc_column][vc_column width=&#8220;1\/3&#8243; css=&#8220;.vc_custom_1708075433309{padding-top: 5% !important;padding-right: 5% !important;padding-bottom: 5% !important;padding-left: 5% !important;background-color: rgba(0,0,0,0.8) !important;*background-color: rgb(0,0,0) !important;}&#8220;][vc_column_text css_animation=&#8220;fadeIn&#8220; responsive_text=&#8220;true&#8220; color=&#8220;#ffffff&#8220;]\n<h1><span style=\"color: #33cccc;\">Kitefoil-Kurse<\/span><\/h1>\n<p><strong>Machen Leichtwind wieder toll<\/strong><\/p>\n<p class=\"p1\"><span class=\"s1\">Wenn du dich bereits auf einem strapless Surfboard wohl f\u00fchlst und einen Gang h\u00f6her schalten m\u00f6chtest, dann k\u00f6nnte ein Kitefoil Kurs das Richtige f\u00fcr dich sein. Das foilkiten sind sehr sportliche Disziplinen, lass dich nicht dadurch t\u00e4uschen, wie locker und elegant sie aussehen! Unsere Kitefoil Kursenhaben maximal 3 Sch\u00fcler pro Gruppe und jeder Sch\u00fcler hat seine eigene Ausr\u00fcstung f\u00fcr die Dauer des Unterrichts.<\/span><\/p>\n<h3>Was ist inbegriffen:<\/h3>\n<ul>\n<li class=\"li1\">No-Wind-No-Fee-Garantie<\/li>\n<li>Unbegrenzte Zeit im Wasser<\/li>\n<li>Komplette Ausr\u00fcstung, einschlie\u00dflich Kite, Board, Neoprenanzug, Trapez, Schwimmweste und Helm (falls du dein eigenes Material hast, kannst du gerne auch dieses mitbringen)<\/li>\n<li>Geschicklichkeitstheorie-Sitzung \/ 1 Stunde Theorie-Session am Land (f\u00fcr Anf\u00e4nger)<\/li>\n<li><a href=\"https:\/\/www.ikointl.com\/courses\" target=\"_blank\" rel=\"noopener noreferrer\">IKO<\/a> Kitesurf Lizenz am Ende deines Kurses<\/li>\n<\/ul>\n<p>Kitefoil Kurse sind f\u00fcr fortgeschrittene Kiter mit solider Strapless-Surfboard-Erfahrung geeignet. Wenn du ein fortgeschrittener Kiter bist, aber noch nicht \u00fcber diese Erfahrung verf\u00fcgst, empfehlen wir dir, zuerst eine Strapless-Surfboard <a href=\"https:\/\/414kiting.com\/de\/kitesurf-coaching\/\">Coaching Session<\/a> zu buchen, um dich auf das notwendige Niveau zu bringen.[\/vc_column_text]<a href=\"mailto:hello@414kiting.com\" class=\"vcex-button theme-button clean white medium align-left inline wpex-flex-shrink-0\" style=\"background:#00c1cf;color:#ffffff;border:0;margin-top:30px;margin-bottom:30px;width:300px;\" data-wpex-hover='{&quot;background&quot;:&quot;#ffffff&quot;,&quot;color&quot;:&quot;#00c1cf&quot;}'><span class=\"theme-button-inner\">Book Now!<\/span><\/a> [\/vc_column][\/vc_row][vc_row css_animation=&#8220;fadeInRight&#8220; column_spacing=&#8220;0px&#8220; equal_height=&#8220;yes&#8220; css=&#8220;.vc_custom_1687688624307{margin-top: 0px !important;margin-right: 0px !important;margin-bottom: 0px !important;margin-left: 0px !important;padding-top: 0px !important;padding-right: 0px !important;padding-bottom: 0px !important;padding-left: 0px !important;background-color: #ffffff !important;}&#8220; el_id=&#8220;icontext&#8220;][vc_column css=&#8220;.vc_custom_1583232279744{padding-top: 20px !important;padding-right: 20px !important;padding-bottom: 20px !important;padding-left: 20px !important;}&#8220;]<div class=\"vcex-grid-container vcex-module wpex-grid wpex-gap-20 wpex-grid-cols-2 wpex-sm-grid-cols-3 wpex-md-grid-cols-3 wpex-lg-grid-cols-6 wpex-justify-items-center vc_custom_1657294801668\"><div class=\"vcex-module vcex-icon-box vcex-icon-box-two wpex-relative wpex-text-center\"><div class=\"vcex-icon-box-symbol wpex-mb-20\"><div class=\"vcex-icon-box-icon wpex-inline-flex wpex-items-center wpex-justify-center wpex-child-inherit-color wpex-text-center wpex-leading-none wpex-text-black\" style=\"color:#00c1cf;\"><span class=\"fas fa-water\" aria-hidden=\"true\"><\/span><\/div><\/div><div class=\"vcex-icon-box-text\"><h2 class=\"vcex-icon-box-heading wpex-heading wpex-text-md wpex-mb-10\" style=\"color:#000000;\">Unschlagbarer Lernraum<\/h2><div class=\"vcex-icon-box-content wpex-last-mb-0 wpex-clr\" style=\"color:#000000;\"><hr class=\"iconhr\" \/>\n<\/div><\/div><\/div><div class=\"vcex-module vcex-icon-box vcex-icon-box-two wpex-relative wpex-text-center\"><div class=\"vcex-icon-box-symbol wpex-mb-20\"><div class=\"vcex-icon-box-icon wpex-inline-flex wpex-items-center wpex-justify-center wpex-child-inherit-color wpex-text-center wpex-leading-none wpex-text-black\" style=\"color:#00c1cf;\"><span class=\"fas fa-sun\" aria-hidden=\"true\"><\/span><\/div><\/div><div class=\"vcex-icon-box-text\"><h2 class=\"vcex-icon-box-heading wpex-heading wpex-text-md wpex-mb-10\" style=\"color:#000000;\">Sichere Lernumgebung<\/h2><div class=\"vcex-icon-box-content wpex-last-mb-0 wpex-clr\" style=\"color:#000000;\"><hr class=\"iconhr\" \/>\n<\/div><\/div><\/div><div class=\"vcex-module vcex-icon-box vcex-icon-box-two wpex-relative wpex-text-center\"><div class=\"vcex-icon-box-symbol wpex-mb-20\"><div class=\"vcex-icon-box-icon wpex-inline-flex wpex-items-center wpex-justify-center wpex-child-inherit-color wpex-text-center wpex-leading-none wpex-text-black\" style=\"color:#00c1cf;\"><span class=\"fas fa-ship\" aria-hidden=\"true\"><\/span><\/div><\/div><div class=\"vcex-icon-box-text\"><h2 class=\"vcex-icon-box-heading wpex-heading wpex-text-md wpex-mb-10\" style=\"color:#000000;\">Unterricht von Booten aus<\/h2><div class=\"vcex-icon-box-content wpex-last-mb-0 wpex-clr\" style=\"color:#000000;\"><hr class=\"iconhr\" \/>\n<\/div><\/div><\/div><div class=\"vcex-module vcex-icon-box vcex-icon-box-two wpex-relative wpex-text-center\"><div class=\"vcex-icon-box-symbol wpex-mb-20\"><div class=\"vcex-icon-box-icon wpex-inline-flex wpex-items-center wpex-justify-center wpex-child-inherit-color wpex-text-center wpex-leading-none wpex-text-black\" style=\"color:#00c1cf;\"><span class=\"fas fa-broadcast-tower\" aria-hidden=\"true\"><\/span><\/div><\/div><div class=\"vcex-icon-box-text\"><h2 class=\"vcex-icon-box-heading wpex-heading wpex-text-md wpex-mb-10\" style=\"color:#000000;\">Radio-unterst\u00fctzter Unterricht<\/h2><div class=\"vcex-icon-box-content wpex-last-mb-0 wpex-clr\" style=\"color:#000000;\"><hr class=\"iconhr\" \/>\n<\/div><\/div><\/div><div class=\"vcex-module vcex-icon-box vcex-icon-box-two wpex-relative wpex-text-center\"><div class=\"vcex-icon-box-symbol wpex-mb-20\"><div class=\"vcex-icon-box-icon wpex-inline-flex wpex-items-center wpex-justify-center wpex-child-inherit-color wpex-text-center wpex-leading-none wpex-text-black\" style=\"color:#1fb9c4;\"><span class=\"fas fa-user-friends\" aria-hidden=\"true\"><\/span><\/div><\/div><div class=\"vcex-icon-box-text\"><h2 class=\"vcex-icon-box-heading wpex-heading wpex-text-md wpex-mb-10\" style=\"color:#000000;\">Maximal 3 Sch\u00fcler\/Gruppe<\/h2><div class=\"vcex-icon-box-content wpex-last-mb-0 wpex-clr\" style=\"color:#000000;\"><hr class=\"iconhr\" \/>\n<\/div><\/div><\/div><div class=\"vcex-module vcex-icon-box vcex-icon-box-two wpex-relative wpex-text-center\"><div class=\"vcex-icon-box-symbol wpex-mb-20\"><div class=\"vcex-icon-box-icon wpex-inline-flex wpex-items-center wpex-justify-center wpex-child-inherit-color wpex-text-center wpex-leading-none wpex-text-black\" style=\"color:#1fb9c4;\"><span class=\"fas fa-check\" aria-hidden=\"true\"><\/span><\/div><\/div><div class=\"vcex-icon-box-text\"><h2 class=\"vcex-icon-box-heading wpex-heading wpex-text-md wpex-mb-10\" style=\"color:#000000;\">Qualifizierte Ausbilder<\/h2><div class=\"vcex-icon-box-content wpex-last-mb-0 wpex-clr\" style=\"color:#000000;\"><hr class=\"iconhr\" \/>\n<\/div><\/div><\/div><\/div>[\/vc_column][\/vc_row][vc_row 0=&#8220;&#8220; column_spacing=&#8220;0px&#8220; equal_height=&#8220;yes&#8220; css=&#8220;.vc_custom_1656929595087{background-position: center !important;background-repeat: no-repeat !important;background-size: cover !important;}&#8220; wpex_bg_position=&#8220;center right&#8220;][vc_column width=&#8220;1\/2&#8243; css=&#8220;.vc_custom_1718794417466{padding-top: 5% !important;padding-right: 5% !important;padding-bottom: 5% !important;padding-left: 5% !important;background-color: #000000 !important;background-position: center !important;background-repeat: no-repeat !important;background-size: cover !important;}&#8220;][vc_column_text css_animation=&#8220;fadeIn&#8220; responsive_text=&#8220;true&#8220; css=&#8220;.vc_custom_1707233643095{padding-bottom: 20px !important;}&#8220; color=&#8220;#ffffff&#8220;]\n<h2>Preis &amp; was mitzubringen<\/h2>\n<h3><strong>\u20ac250\/Person\/Tag<\/strong><\/h3>\n<p class=\"p1\"><span class=\"s1\">Kitefoilen ist eine Disziplin, die sich auf Leichtwind konzentriert und von dir verlangt, dass du deine Leichtwind-Kite-F\u00e4higkeiten beherrschst. In unseren Kursen werden wir das Beste aus den leichteren Bedingungen machen, die wir haben, um dir zu helfen, diese zu entwickeln.<\/span><\/p>\n<h3>Was du selbst mitbringen solltest:<\/h3>\n<ul>\n<li style=\"list-style-type: none;\">\n<ul class=\"list check check-list\">\n<li>Sonnencreme<\/li>\n<li>Eine Flasche Wasser<\/li>\n<li>Einen Snack, z.B. M\u00fcsliriegel<\/li>\n<\/ul>\n<\/li>\n<\/ul>\n<h3>Andere Lektionsoptionen:<\/h3>\n[\/vc_column_text]<div class=\"vcex-multi-buttons wpex-flex wpex-flex-wrap wpex-items-center wpex-gap-10 wpex-justify-start\"><a href=\"https:\/\/414kiting.com\/de\/privatunterricht\/\" title=\"Private Lessons\" class=\"theme-button outline white vcex-count-1\">Privatunterricht Kitesurfen<\/a><a href=\"https:\/\/414kiting.com\/de\/gruppenkitesurfkurse\/\" title=\"Private Lessons\" class=\"theme-button outline white vcex-count-2\">Gruppenunterricht kitesurfen<\/a><a href=\"https:\/\/414kiting.com\/de\/kitesurf-kurse-anfaenger\/\" title=\"Private Lessons\" class=\"theme-button outline white vcex-count-3\">Kitesurfing Anf\u00e4ngerkurs<\/a><a href=\"https:\/\/414kiting.com\/de\/kitesurf-coaching\/\" title=\"Coaching\" class=\"theme-button outline white vcex-count-4\">Kitesurf coaching<\/a><a href=\"https:\/\/414kiting.com\/de\/wing-foil\/\" title=\"Wing Foil Lessons\" class=\"theme-button outline white vcex-count-5\">Wing foil<\/a><\/div>[\/vc_column][vc_column width=&#8220;1\/2&#8243; css=&#8220;.vc_custom_1656929586818{background-image: url(https:\/\/414kiting.com\/wp-content\/uploads\/2020\/03\/kite-foil-6.jpg?id=2959) !important;background-position: center !important;background-repeat: no-repeat !important;background-size: cover !important;}&#8220; min_height=&#8220;200px&#8220;][\/vc_column][\/vc_row]\n<\/div>","protected":false},"excerpt":{"rendered":"<p>[vc_row column_spacing=&#8220;0px&#8220; equal_height=&#8220;yes&#8220; css=&#8220;.vc_custom_1656922796931{margin-top: 0px !important;margin-right: 0px !important;margin-bottom: 0px !important;margin-left: 0px !important;border-top-width: 0px !important;border-right-width: 0px !important;border-bottom-width: 0px !important;border-left-width: 0px !important;padding-top: 0px !important;padding-right: 0px !important;padding-bottom: 0px !important;padding-left: 0px !important;background-image: url(https:\/\/414kiting.com\/wp-content\/uploads\/2022\/05\/Foiling-Lake-Como-2.png?id=6281) !important;background-position: center !important;background-repeat: no-repeat !important;background-size: cover !important;}&#8220; min_height=&#8220;500px&#8220;][vc_column width=&#8220;2\/3&#8243; css=&#8220;.vc_custom_1584211760640{background-color: rgba(0,0,0,0.01) !important;*background-color: rgb(0,0,0) !important;}&#8220;][\/vc_column][vc_column width=&#8220;1\/3&#8243; css=&#8220;.vc_custom_1708075433309{padding-top: 5% !important;padding-right: 5% !important;padding-bottom: 5% !important;padding-left: 5% !important;background-color: rgba(0,0,0,0.8) !important;*background-color:&hellip;<\/p>\n","protected":false},"author":2,"featured_media":0,"parent":0,"menu_order":0,"comment_status":"closed","ping_status":"closed","template":"templates\/no-sidebar.php","meta":{"_sitemap_exclude":false,"_sitemap_priority":"","_sitemap_frequency":"","_monsterinsights_skip_tracking":false,"_monsterinsights_sitenote_active":false,"_monsterinsights_sitenote_note":"","_monsterinsights_sitenote_category":0,"footnotes":""},"class_list":["post-3548","page","type-page","status-publish","hentry","entry","no-media"],"aioseo_notices":[],"_links":{"self":[{"href":"https:\/\/414kiting.com\/de\/wp-json\/wp\/v2\/pages\/3548","targetHints":{"allow":["GET"]}}],"collection":[{"href":"https:\/\/414kiting.com\/de\/wp-json\/wp\/v2\/pages"}],"about":[{"href":"https:\/\/414kiting.com\/de\/wp-json\/wp\/v2\/types\/page"}],"author":[{"embeddable":true,"href":"https:\/\/414kiting.com\/de\/wp-json\/wp\/v2\/users\/2"}],"replies":[{"embeddable":true,"href":"https:\/\/414kiting.com\/de\/wp-json\/wp\/v2\/comments?post=3548"}],"version-history":[{"count":35,"href":"https:\/\/414kiting.com\/de\/wp-json\/wp\/v2\/pages\/3548\/revisions"}],"predecessor-version":[{"id":9186,"href":"https:\/\/414kiting.com\/de\/wp-json\/wp\/v2\/pages\/3548\/revisions\/9186"}],"wp:attachment":[{"href":"https:\/\/414kiting.com\/de\/wp-json\/wp\/v2\/media?parent=3548"}],"curies":[{"name":"wp","href":"https:\/\/api.w.org\/{rel}","templated":true}]}}