{"id":3057,"date":"2020-03-02T14:20:23","date_gmt":"2020-03-02T14:20:23","guid":{"rendered":"http:\/\/414kiting.com\/accommodation"},"modified":"2024-03-03T12:46:33","modified_gmt":"2024-03-03T12:46:33","slug":"unterkuenfte-comersees","status":"publish","type":"page","link":"https:\/\/414kiting.com\/de\/unterkuenfte-comersees\/","title":{"rendered":"Unterk\u00fcnfte am Comer See"},"content":{"rendered":"<div class=\"wpb-content-wrapper\">[vc_row content_placement=&#8220;middle&#8220; column_spacing=&#8220;0px&#8220; equal_height=&#8220;yes&#8220; remove_bottom_col_margin=&#8220;true&#8220; css=&#8220;.vc_custom_1583166488093{margin-top: 0px !important;margin-right: 0px !important;margin-bottom: 0px !important;margin-left: 0px !important;border-top-width: 0px !important;border-right-width: 0px !important;border-bottom-width: 0px !important;border-left-width: 0px !important;padding-top: 0px !important;padding-right: 0px !important;padding-bottom: 0px !important;padding-left: 0px !important;}&#8220; min_height=&#8220;400px&#8220;][vc_column width=&#8220;1\/3&#8243; css=&#8220;.vc_custom_1707134640280{margin-top: 0px !important;margin-right: 0px !important;margin-bottom: 0px !important;margin-left: 0px !important;border-top-width: 0px !important;border-right-width: 0px !important;border-bottom-width: 0px !important;border-left-width: 0px !important;padding-top: 0px !important;padding-right: 0px !important;padding-bottom: 0px !important;padding-left: 0px !important;background: rgba(0,0,0,0.5) url(https:\/\/414kiting.com\/wp-content\/uploads\/2018\/07\/stone.jpg?id=1227) !important;background-position: center !important;background-repeat: no-repeat !important;background-size: cover !important;*background-color: rgb(0,0,0) !important;}&#8220; el_id=&#8220;squareimagebox&#8220;][vc_column_text text_align=&#8220;center&#8220; font_family=&#8220;Alef&#8220; color=&#8220;#ffffff&#8220; css=&#8220;.vc_custom_1706522699954{padding-top: 55px !important;padding-right: 55px !important;padding-bottom: 55px !important;padding-left: 55px !important;background-color: rgba(0,0,0,0.5) !important;background-position: center !important;background-repeat: no-repeat !important;background-size: cover !important;*background-color: rgb(0,0,0) !important;}&#8220;]\n<h1 style=\"text-align: center;\">Unterk\u00fcnfte am Comer See<\/h1>\n<p style=\"text-align: center;\">Vom Campingplatz am See bis zur 5-Sterne-Villa &#8211; die Vielfalt der Unterk\u00fcnfte am Comer See bietet f\u00fcr jeden etwas. Hier sind einige der Lieblingsunterk\u00fcnfte unserer Studenten.<\/p>\n[\/vc_column_text][\/vc_column][vc_column width=&#8220;1\/3&#8243; el_id=&#8220;squareimagebox&#8220; css=&#8220;.vc_custom_1583166274087{margin-top: 0px !important;margin-right: 0px !important;margin-bottom: 0px !important;margin-left: 0px !important;border-top-width: 0px !important;border-right-width: 0px !important;border-bottom-width: 0px !important;border-left-width: 0px !important;padding-top: 0px !important;padding-right: 0px !important;padding-bottom: 0px !important;padding-left: 0px !important;background-image: url(https:\/\/414kiting.com\/wp-content\/uploads\/2015\/12\/Lario-Outside.jpg?id=458) !important;background-position: center !important;background-repeat: no-repeat !important;background-size: cover !important;}&#8220;][vc_column_text responsive_text=&#8220;true&#8220; text_align=&#8220;center&#8220; css=&#8220;.vc_custom_1612971927396{background-color: rgba(0,0,0,0.61) !important;*background-color: rgb(0,0,0) !important;}&#8220;]\n<h3><a href=\"https:\/\/www.booking.com\/hotel\/it\/albergo-lario.en-gb.html\" target=\"_blank\" rel=\"noopener noreferrer\">Albergo Lario<\/a><\/h3>\n[\/vc_column_text][\/vc_column][vc_column width=&#8220;1\/3&#8243; el_id=&#8220;squareimagebox&#8220; css=&#8220;.vc_custom_1707134652437{padding-top: 0px !important;padding-right: 0px !important;padding-bottom: 0px !important;padding-left: 0px !important;background-image: url(https:\/\/414kiting.com\/wp-content\/uploads\/2015\/12\/villa-tres-jolie.jpg?id=460) !important;}&#8220;][vc_column_text responsive_text=&#8220;true&#8220; text_align=&#8220;center&#8220; css=&#8220;.vc_custom_1612971598947{background-color: rgba(0,0,0,0.61) !important;*background-color: rgb(0,0,0) !important;}&#8220;]\n<h3><a href=\"http:\/\/www.villatresjolie.com\/\" target=\"_blank\" rel=\"noopener noreferrer\">Villa Tres Jolie<\/a><\/h3>\n[\/vc_column_text][\/vc_column][\/vc_row][vc_row content_placement=&#8220;middle&#8220; column_spacing=&#8220;0px&#8220; equal_height=&#8220;yes&#8220; remove_bottom_col_margin=&#8220;true&#8220; css=&#8220;.vc_custom_1583166488093{margin-top: 0px !important;margin-right: 0px !important;margin-bottom: 0px !important;margin-left: 0px !important;border-top-width: 0px !important;border-right-width: 0px !important;border-bottom-width: 0px !important;border-left-width: 0px !important;padding-top: 0px !important;padding-right: 0px !important;padding-bottom: 0px !important;padding-left: 0px !important;}&#8220; min_height=&#8220;400px&#8220;][vc_column width=&#8220;1\/3&#8243; css=&#8220;.vc_custom_1707134656736{margin-top: 0px !important;margin-right: 0px !important;margin-bottom: 0px !important;margin-left: 0px !important;border-top-width: 0px !important;border-right-width: 0px !important;border-bottom-width: 0px !important;border-left-width: 0px !important;padding-top: 0px !important;padding-right: 0px !important;padding-bottom: 0px !important;padding-left: 0px !important;background-image: url(https:\/\/414kiting.com\/wp-content\/uploads\/2023\/06\/Villa-Vinicia.jpg?id=7369) !important;background-position: center !important;background-repeat: no-repeat !important;background-size: cover !important;}&#8220; el_id=&#8220;squareimagebox&#8220;][vc_column_text responsive_text=&#8220;true&#8220; text_align=&#8220;center&#8220; css=&#8220;.vc_custom_1687029451666{background-color: rgba(0,0,0,0.61) !important;*background-color: rgb(0,0,0) !important;}&#8220;]\n<h3 style=\"text-align: center;\"><a href=\"https:\/\/villavinicia.it\/\" target=\"_blank\" rel=\"noopener noreferrer\">Villa Vinicia<\/a><\/h3>\n[\/vc_column_text][\/vc_column][vc_column width=&#8220;1\/3&#8243; css=&#8220;.vc_custom_1687028472886{margin-top: 0px !important;margin-right: 0px !important;margin-bottom: 0px !important;margin-left: 0px !important;border-top-width: 0px !important;border-right-width: 0px !important;border-bottom-width: 0px !important;border-left-width: 0px !important;padding-top: 0px !important;padding-right: 0px !important;padding-bottom: 0px !important;padding-left: 0px !important;background-image: url(https:\/\/414kiting.com\/wp-content\/uploads\/2023\/06\/Glamping-Italia.jpg?id=7365) !important;background-position: center !important;background-repeat: no-repeat !important;background-size: cover !important;}&#8220; el_id=&#8220;squareimagebox&#8220;][vc_column_text responsive_text=&#8220;true&#8220; text_align=&#8220;center&#8220; css=&#8220;.vc_custom_1687029362024{background-color: rgba(0,0,0,0.61) !important;*background-color: rgb(0,0,0) !important;}&#8220;]\n<h3 style=\"text-align: center;\"><a href=\"https:\/\/campingitalia90.it\/de\/unsere-unterkunfte\/glamping\/\" target=\"_blank\" rel=\"noopener noreferrer\">Glamping Italia<\/a><\/h3>\n[\/vc_column_text][\/vc_column][vc_column width=&#8220;1\/3&#8243; css=&#8220;.vc_custom_1687028782313{padding-top: 0px !important;padding-right: 0px !important;padding-bottom: 0px !important;padding-left: 0px !important;background-image: url(https:\/\/414kiting.com\/wp-content\/uploads\/2020\/05\/Lake-Como-Beach-Hostel.jpg?id=4716) !important;}&#8220; el_id=&#8220;squareimagebox&#8220;][vc_column_text responsive_text=&#8220;true&#8220; text_align=&#8220;center&#8220; css=&#8220;.vc_custom_1706357220505{background-color: rgba(0,0,0,0.61) !important;*background-color: rgb(0,0,0) !important;}&#8220;]\n<h3 style=\"text-align: center;\"><a href=\"https:\/\/www.lakecomobeachostel.com\/\" target=\"_blank\" rel=\"noopener\">Lake Como Beach Hostel<\/a><\/h3>\n[\/vc_column_text][\/vc_column][\/vc_row][vc_row content_placement=&#8220;middle&#8220; column_spacing=&#8220;0px&#8220; equal_height=&#8220;yes&#8220; remove_bottom_col_margin=&#8220;true&#8220; css=&#8220;.vc_custom_1583166488093{margin-top: 0px !important;margin-right: 0px !important;margin-bottom: 0px !important;margin-left: 0px !important;border-top-width: 0px !important;border-right-width: 0px !important;border-bottom-width: 0px !important;border-left-width: 0px !important;padding-top: 0px !important;padding-right: 0px !important;padding-bottom: 0px !important;padding-left: 0px !important;}&#8220; min_height=&#8220;400px&#8220;][vc_column width=&#8220;1\/3&#8243; css=&#8220;.vc_custom_1687076142471{margin-top: 0px !important;margin-right: 0px !important;margin-bottom: 0px !important;margin-left: 0px !important;border-top-width: 0px !important;border-right-width: 0px !important;border-bottom-width: 0px !important;border-left-width: 0px !important;padding-top: 0px !important;padding-right: 0px !important;padding-bottom: 0px !important;padding-left: 0px !important;background-image: url(https:\/\/414kiting.com\/wp-content\/uploads\/2023\/06\/Hotel-Vischi.jpg?id=7361) !important;background-position: center !important;background-repeat: no-repeat !important;background-size: cover !important;}&#8220; el_id=&#8220;squareimagebox&#8220;][vc_column_text responsive_text=&#8220;true&#8220; text_align=&#8220;center&#8220; css=&#8220;.vc_custom_1687029459955{background-color: rgba(0,0,0,0.61) !important;*background-color: rgb(0,0,0) !important;}&#8220;]\n<h3 style=\"text-align: center;\"><a href=\"https:\/\/www.hotelvischi.it\/en\" target=\"_blank\" rel=\"noopener noreferrer\">Hotel Vischi<\/a><\/h3>\n[\/vc_column_text][\/vc_column][vc_column width=&#8220;1\/3&#8243; css=&#8220;.vc_custom_1687076148254{margin-top: 0px !important;margin-right: 0px !important;margin-bottom: 0px !important;margin-left: 0px !important;border-top-width: 0px !important;border-right-width: 0px !important;border-bottom-width: 0px !important;border-left-width: 0px !important;padding-top: 0px !important;padding-right: 0px !important;padding-bottom: 0px !important;padding-left: 0px !important;background-image: url(https:\/\/414kiting.com\/wp-content\/uploads\/2020\/03\/La-Riva-3.jpg?id=3023) !important;background-position: center !important;background-repeat: no-repeat !important;background-size: cover !important;}&#8220; el_id=&#8220;squareimagebox&#8220;][vc_column_text responsive_text=&#8220;true&#8220; text_align=&#8220;center&#8220; css=&#8220;.vc_custom_1687029466493{background-color: rgba(0,0,0,0.61) !important;*background-color: rgb(0,0,0) !important;}&#8220;]\n<h3 style=\"text-align: center;\"><a href=\"https:\/\/www.campinglariva.com\/\" target=\"_blank\" rel=\"noopener noreferrer\">Camping La Riva<\/a><\/h3>\n[\/vc_column_text][\/vc_column][vc_column width=&#8220;1\/3&#8243; css=&#8220;.vc_custom_1687076153606{padding-top: 0px !important;padding-right: 0px !important;padding-bottom: 0px !important;padding-left: 0px !important;background-image: url(https:\/\/414kiting.com\/wp-content\/uploads\/2020\/03\/Villa-Rustica-2.jpg?id=3012) !important;}&#8220; el_id=&#8220;squareimagebox&#8220;][vc_column_text responsive_text=&#8220;true&#8220; text_align=&#8220;center&#8220; css=&#8220;.vc_custom_1687029472146{background-color: rgba(0,0,0,0.61) !important;*background-color: rgb(0,0,0) !important;}&#8220;]\n<h3 style=\"text-align: center;\"><a href=\"https:\/\/www.villarusticalakecomo.com\/\" target=\"_blank\" rel=\"noopener noreferrer\">Villa Rustica<\/a><\/h3>\n[\/vc_column_text][\/vc_column][\/vc_row][vc_row content_placement=&#8220;middle&#8220; column_spacing=&#8220;0px&#8220; equal_height=&#8220;yes&#8220; remove_bottom_col_margin=&#8220;true&#8220; css=&#8220;.vc_custom_1583166488093{margin-top: 0px !important;margin-right: 0px !important;margin-bottom: 0px !important;margin-left: 0px !important;border-top-width: 0px !important;border-right-width: 0px !important;border-bottom-width: 0px !important;border-left-width: 0px !important;padding-top: 0px !important;padding-right: 0px !important;padding-bottom: 0px !important;padding-left: 0px !important;}&#8220; min_height=&#8220;400px&#8220;][vc_column width=&#8220;1\/3&#8243; css=&#8220;.vc_custom_1687028976064{margin-top: 0px !important;margin-right: 0px !important;margin-bottom: 0px !important;margin-left: 0px !important;border-top-width: 0px !important;border-right-width: 0px !important;border-bottom-width: 0px !important;border-left-width: 0px !important;padding-top: 0px !important;padding-right: 0px !important;padding-bottom: 0px !important;padding-left: 0px !important;background-image: url(https:\/\/414kiting.com\/wp-content\/uploads\/2023\/06\/AirBnB-.webp?id=7373) !important;background-position: center !important;background-repeat: no-repeat !important;background-size: cover !important;}&#8220; el_id=&#8220;squareimagebox&#8220; wpex_bg_position=&#8220;centre right&#8220;][vc_column_text responsive_text=&#8220;true&#8220; text_align=&#8220;center&#8220; css=&#8220;.vc_custom_1706357197579{background-color: rgba(0,0,0,0.61) !important;*background-color: rgb(0,0,0) !important;}&#8220;]\n<h3><a href=\"https:\/\/www.airbnb.com\/\" target=\"_blank\" rel=\"noopener noreferrer\">AirBnB<\/a><\/h3>\n[\/vc_column_text][\/vc_column][vc_column width=&#8220;1\/3&#8243; css=&#8220;.vc_custom_1590322732730{margin-top: 0px !important;margin-right: 0px !important;margin-bottom: 0px !important;margin-left: 0px !important;border-top-width: 0px !important;border-right-width: 0px !important;border-bottom-width: 0px !important;border-left-width: 0px !important;padding-top: 0px !important;padding-right: 0px !important;padding-bottom: 0px !important;padding-left: 0px !important;background-image: url(https:\/\/414kiting.com\/wp-content\/uploads\/2020\/03\/Giacomino.jpg?id=3035) !important;background-position: center !important;background-repeat: no-repeat !important;background-size: cover !important;}&#8220; el_id=&#8220;squareimagebox&#8220;][vc_column_text responsive_text=&#8220;true&#8220; text_align=&#8220;center&#8220; css=&#8220;.vc_custom_1612971554355{background-color: rgba(0,0,0,0.61) !important;*background-color: rgb(0,0,0) !important;}&#8220;]\n<h3><a href=\"https:\/\/www.agriturismogiacomino.it\/\" target=\"_blank\" rel=\"noopener noreferrer\">Agriturismo Giacomino<\/a><\/h3>\n[\/vc_column_text][\/vc_column][vc_column width=&#8220;1\/3&#8243; css=&#8220;.vc_custom_1622701894827{padding-top: 0px !important;padding-right: 0px !important;padding-bottom: 0px !important;padding-left: 0px !important;background-image: url(https:\/\/414kiting.com\/wp-content\/uploads\/2021\/06\/Agrilu-scaled.jpg?id=5944) !important;background-position: center !important;background-repeat: no-repeat !important;background-size: cover !important;}&#8220; el_id=&#8220;squareimagebox&#8220;][vc_column_text responsive_text=&#8220;true&#8220; text_align=&#8220;center&#8220; css=&#8220;.vc_custom_1660815427130{background-color: rgba(0,0,0,0.61) !important;*background-color: rgb(0,0,0) !important;}&#8220;]\n<h3><a href=\"https:\/\/agrilu.it\/\" target=\"_blank\" rel=\"noopener noreferrer\">Agriturismo Agrilu<\/a><\/h3>\n[\/vc_column_text][\/vc_column][\/vc_row][vc_row content_placement=&#8220;middle&#8220; column_spacing=&#8220;0px&#8220; equal_height=&#8220;yes&#8220; remove_bottom_col_margin=&#8220;true&#8220; css=&#8220;.vc_custom_1583166488093{margin-top: 0px !important;margin-right: 0px !important;margin-bottom: 0px !important;margin-left: 0px !important;border-top-width: 0px !important;border-right-width: 0px !important;border-bottom-width: 0px !important;border-left-width: 0px !important;padding-top: 0px !important;padding-right: 0px !important;padding-bottom: 0px !important;padding-left: 0px !important;}&#8220; min_height=&#8220;400px&#8220;][vc_column width=&#8220;1\/3&#8243; css=&#8220;.vc_custom_1687076162568{margin-top: 0px !important;margin-right: 0px !important;margin-bottom: 0px !important;margin-left: 0px !important;border-top-width: 0px !important;border-right-width: 0px !important;border-bottom-width: 0px !important;border-left-width: 0px !important;padding-top: 0px !important;padding-right: 0px !important;padding-bottom: 0px !important;padding-left: 0px !important;background-image: url(https:\/\/414kiting.com\/wp-content\/uploads\/2022\/08\/Hotel-Europa-Home-Big.jpg?id=7023) !important;background-position: center !important;background-repeat: no-repeat !important;background-size: cover !important;}&#8220; el_id=&#8220;squareimagebox&#8220;][vc_column_text responsive_text=&#8220;true&#8220; text_align=&#8220;center&#8220; css=&#8220;.vc_custom_1687028159752{background-color: rgba(0,0,0,0.61) !important;*background-color: rgb(0,0,0) !important;}&#8220;]\n<h3><a href=\"https:\/\/www.europasorico.com\/homeenglish\/\" target=\"_blank\" rel=\"noopener noreferrer\">Hotel Europa<\/a><\/h3>\n[\/vc_column_text][\/vc_column][vc_column width=&#8220;1\/3&#8243; css=&#8220;.vc_custom_1687076230297{margin-top: 0px !important;margin-right: 0px !important;margin-bottom: 0px !important;margin-left: 0px !important;border-top-width: 0px !important;border-right-width: 0px !important;border-bottom-width: 0px !important;border-left-width: 0px !important;padding-top: 0px !important;padding-right: 0px !important;padding-bottom: 0px !important;padding-left: 0px !important;background-image: url(https:\/\/414kiting.com\/wp-content\/uploads\/2023\/06\/Casa-Olea.jpg?id=7387) !important;background-position: center !important;background-repeat: no-repeat !important;background-size: cover !important;}&#8220; el_id=&#8220;squareimagebox&#8220;][vc_column_text responsive_text=&#8220;true&#8220; text_align=&#8220;center&#8220; css=&#8220;.vc_custom_1687076555074{background-color: rgba(0,0,0,0.61) !important;*background-color: rgb(0,0,0) !important;}&#8220;]\n<h3><a href=\"https:\/\/www.casaoleahotel.com\/en\/\" target=\"_blank\" rel=\"noopener\">Casa Olea<\/a><\/h3>\n[\/vc_column_text][\/vc_column][vc_column width=&#8220;1\/3&#8243; css=&#8220;.vc_custom_1687076172529{padding-top: 0px !important;padding-right: 0px !important;padding-bottom: 0px !important;padding-left: 0px !important;background-image: url(https:\/\/414kiting.com\/wp-content\/uploads\/2022\/08\/Resience-Casa-Rosa.jpg?id=7031) !important;background-position: center !important;background-repeat: no-repeat !important;background-size: cover !important;}&#8220; el_id=&#8220;squareimagebox&#8220;][vc_column_text responsive_text=&#8220;true&#8220; text_align=&#8220;center&#8220; css=&#8220;.vc_custom_1687028173682{background-color: rgba(0,0,0,0.61) !important;*background-color: rgb(0,0,0) !important;}&#8220;]\n<h3><a href=\"https:\/\/www.residencecasarosa.it\/?lang=en\" target=\"_blank\" rel=\"noopener\">Residence Casa Rosa<\/a><\/h3>\n[\/vc_column_text][\/vc_column][\/vc_row]\n<\/div>","protected":false},"excerpt":{"rendered":"<p>[vc_row content_placement=&#8220;middle&#8220; column_spacing=&#8220;0px&#8220; equal_height=&#8220;yes&#8220; remove_bottom_col_margin=&#8220;true&#8220; css=&#8220;.vc_custom_1583166488093{margin-top: 0px !important;margin-right: 0px !important;margin-bottom: 0px !important;margin-left: 0px !important;border-top-width: 0px !important;border-right-width: 0px !important;border-bottom-width: 0px !important;border-left-width: 0px !important;padding-top: 0px !important;padding-right: 0px !important;padding-bottom: 0px !important;padding-left: 0px !important;}&#8220; min_height=&#8220;400px&#8220;][vc_column width=&#8220;1\/3&#8243; css=&#8220;.vc_custom_1707134640280{margin-top: 0px !important;margin-right: 0px !important;margin-bottom: 0px !important;margin-left: 0px !important;border-top-width: 0px !important;border-right-width: 0px !important;border-bottom-width: 0px !important;border-left-width: 0px !important;padding-top: 0px !important;padding-right: 0px !important;padding-bottom: 0px !important;padding-left:&hellip;<\/p>\n","protected":false},"author":2,"featured_media":0,"parent":0,"menu_order":0,"comment_status":"closed","ping_status":"closed","template":"templates\/no-sidebar.php","meta":{"_sitemap_exclude":false,"_sitemap_priority":"","_sitemap_frequency":"","_monsterinsights_skip_tracking":false,"_monsterinsights_sitenote_active":false,"_monsterinsights_sitenote_note":"","_monsterinsights_sitenote_category":0,"footnotes":""},"class_list":["post-3057","page","type-page","status-publish","hentry","entry","no-media"],"aioseo_notices":[],"_links":{"self":[{"href":"https:\/\/414kiting.com\/de\/wp-json\/wp\/v2\/pages\/3057","targetHints":{"allow":["GET"]}}],"collection":[{"href":"https:\/\/414kiting.com\/de\/wp-json\/wp\/v2\/pages"}],"about":[{"href":"https:\/\/414kiting.com\/de\/wp-json\/wp\/v2\/types\/page"}],"author":[{"embeddable":true,"href":"https:\/\/414kiting.com\/de\/wp-json\/wp\/v2\/users\/2"}],"replies":[{"embeddable":true,"href":"https:\/\/414kiting.com\/de\/wp-json\/wp\/v2\/comments?post=3057"}],"version-history":[{"count":36,"href":"https:\/\/414kiting.com\/de\/wp-json\/wp\/v2\/pages\/3057\/revisions"}],"predecessor-version":[{"id":8465,"href":"https:\/\/414kiting.com\/de\/wp-json\/wp\/v2\/pages\/3057\/revisions\/8465"}],"wp:attachment":[{"href":"https:\/\/414kiting.com\/de\/wp-json\/wp\/v2\/media?parent=3057"}],"curies":[{"name":"wp","href":"https:\/\/api.w.org\/{rel}","templated":true}]}}