{"id":2933,"date":"2020-02-19T18:35:34","date_gmt":"2020-02-19T18:35:34","guid":{"rendered":"http:\/\/414kiting.com\/kitesurf-schule-comer-see-italien\/como-kitesurf-guide"},"modified":"2024-06-10T10:33:40","modified_gmt":"2024-06-10T10:33:40","slug":"comersee-kitespot-guide","status":"publish","type":"page","link":"https:\/\/414kiting.com\/de\/comersee-kitespot-guide\/","title":{"rendered":"Kitesurfen Comer See &#038; Schweizer Seen &#8211; Kite Spot Guide"},"content":{"rendered":"<div class=\"wpb-content-wrapper\">[vc_row css=&#8220;.vc_custom_1718012163092{margin-top: 60px !important;}&#8220;][vc_column][vc_tta_toggle color=&#8220;#00c1ce&#8220; hover_color=&#8220;#00c1ce&#8220; no_fill_content_area=&#8220;true&#8220; active_section=&#8220;1&#8243; css=&#8220;.vc_custom_1718012002127{padding-top: 0px !important;padding-right: 0px !important;padding-bottom: 0px !important;padding-left: 0px !important;}&#8220;][vc_tta_toggle_section section_index=&#8220;2&#8243; title=&#8220;Comer See&#8220; tab_id=&#8220;1717519165478-bab63220-7dff&#8220;][vc_row_inner equal_height=&#8220;yes&#8220; content_placement=&#8220;top&#8220; css=&#8220;.vc_custom_1718011495828{padding-top: 5% !important;padding-right: 5% !important;padding-bottom: 5% !important;padding-left: 5% !important;}&#8220;][vc_column_inner width=&#8220;1\/2&#8243;][vc_column_text css=&#8220;.vc_custom_1717233021066{padding-top: 5% !important;padding-bottom: 5% !important;}&#8220;][\/vc_column_text][\/vc_column_inner][vc_column_inner el_class=&#8220;height600&#8243; width=&#8220;1\/2&#8243;][vc_column_text responsive_text=&#8220;true&#8220; css=&#8220;.vc_custom_1718015210938{background-position: center !important;background-repeat: no-repeat !important;background-size: cover !important;}&#8220; text_align=&#8220;left&#8220;]\n<h1>Kitesurf Spots am Comer See<\/h1>\n<p>Die Zuverl\u00e4ssigkeit der Winde am Comer See hat ihn zu einem beliebten Ort f\u00fcr Kitesurfen, Wingfoiling und andere Windsportarten gemacht. W\u00e4hrend der Windsaison herrschen an etwa 95 % der Tage kitef\u00e4hige Bedingungen.<\/p>\n<p><strong>Wasserbedingungen:<\/strong> Flach \/ Windschwell<\/p>\n<p><strong>Wind-Saison:<\/strong> April-Oktober[\/vc_column_text][vc_column_text responsive_text=&#8220;true&#8220; css=&#8220;.vc_custom_1718015192508{background-position: center !important;background-repeat: no-repeat !important;background-size: cover !important;}&#8220; text_align=&#8220;left&#8220;]\n<h3>Vorhersagen:<\/h3>\n<ul>\n<li><a title=\"MeteoSwiss App download\" href=\"https:\/\/www.meteoschweiz.admin.ch\/service-und-publikationen\/service\/wetter-und-klimaprodukte\/meteoswiss-app.html\" target=\"_blank\" rel=\"noopener\">MeteoSwiss App<\/a> &#8211; f\u00fcr eine gute Niederschlagsvorhersage<\/li>\n<li><a title=\"il Meteo Wettervorhersage Dervio Comer See\" href=\"https:\/\/www.ilmeteo.it\/meteo\/Dervio?refresh_cens=\" target=\"_blank\" rel=\"noopener\">IlMeteo<\/a> &#8211; f\u00fcr allgemeine Wettervorhersagen, nicht f\u00fcr Windgeschwindigkeiten<\/li>\n<li><a title=\"MeteoParapente Windvorhersage Comer See\" href=\"https:\/\/meteo-parapente.com\/\" target=\"_blank\" rel=\"noopener\">MeteoParapente<\/a> &#8211; f\u00fcr Wind<\/li>\n<\/ul>\n<h3>Webcams und Wetterstationen:<\/h3>\n<ul>\n<li><a title=\"Kitespot Cremia webcam, Hotel Lumin Comer See\" href=\"https:\/\/vedetta.org\/en\/webcam\/italia\/lombardia\/como\/cremia\/\" target=\"_blank\" rel=\"noopener\">Cremia webcam<\/a><\/li>\n<li><a title=\"Kitespot Dervio webcam Dervio, Comer See\" href=\"https:\/\/vedetta.org\/en\/webcam\/italia\/lombardia\/lecco\/dervio-valmadrera\/\" target=\"_blank\" rel=\"noopener\">Dervio webcam<\/a><\/li>\n<li><a title=\"Kitespot wetterstation Dervio, Comer See\" href=\"http:\/\/www.centrometeolombardo.com\/content.asp?contentid=2159&amp;ContentType=Stazioni\" target=\"_blank\" rel=\"noopener\">Dervio wetterstation<\/a><\/li>\n<li><a title=\"Kitespot wetterstation, Gera Lario Comer See\" href=\"http:\/\/www.centrometeolombardo.com\/content.asp?contentid=6552&amp;ContentType=Stazioni\" target=\"_blank\" rel=\"noopener\">Gera Lario wetterstation<\/a><\/li>\n<\/ul>\n[\/vc_column_text][vc_column_text responsive_text=&#8220;true&#8220; css=&#8220;.vc_custom_1718015230073{background-position: center !important;background-repeat: no-repeat !important;background-size: cover !important;}&#8220; text_align=&#8220;left&#8220;]\n<h3>Comer See Wetter- und Windvorhersagen:<\/h3>\n<p>Windvorhersagen wie <a href=\"https:\/\/www.windguru.cz\/76909\" target=\"_blank\" rel=\"noopener\">WindGuru<\/a> und <a href=\"https:\/\/windy.app\/forecast2\/spot\/556\/Dervio+Italy\" target=\"_blank\" rel=\"noopener\">Windy<\/a> funktionieren f\u00fcr viele Spots recht zuverl\u00e4ssig, aber leider nicht f\u00fcr den Comer See (sie zeigen nur selten Wind auf dem See). Das liegt unter anderem daran, dass sich die Vorhersagen auf gro\u00dfr\u00e4umige Wetterlagen beziehen und daher die lokal vorherrschenden thermischen Winde nicht ber\u00fccksichtigt werden. Au\u00dferdem vernachl\u00e4ssigen diese Vorhersagedienste den windbeschleunigenden Einfluss der lokalen topografischen Bedingungen, die am n\u00f6rdlichen Ende des Sees einen \u201eVenturi\u201c-Effekt erzeugen.<\/p>\n<p>Im Allgemeinen bringen Hochdruck und gutes Wetter die besten Bedingungen, aber auch andere Wetterbedingungen (wie schlechtes Wetter im Norden und Druckunterschiede zwischen der Nord- und S\u00fcdseite der Alpen) k\u00f6nnen zu tollen Drachenbedingungen f\u00fchren. Und wenn das Wetter nass aussieht? Nicht verzweifeln &#8211; wenn der Regen vorbei ist, profitieren wir vom Ricaduta-Wind, der aus dem Norden weht.<\/p>\n<p>Vorhersagen sind hilfreich, um eine Vorstellung davon zu bekommen, was passieren k\u00f6nnte, aber selten genauer als ein paar Tage im Voraus.[\/vc_column_text][\/vc_column_inner][\/vc_row_inner][\/vc_tta_toggle_section][vc_tta_toggle_section section_index=&#8220;1&#8243; title=&#8220;Genfersee &amp; Neuch\u00e2tel&#8220; tab_id=&#8220;1717519165469-fa4f3509-70a6&#8243;][vc_row_inner css=&#8220;.vc_custom_1718011819704{padding-top: 5% !important;padding-right: 5% !important;padding-bottom: 5% !important;padding-left: 5% !important;}&#8220;][vc_column_inner width=&#8220;1\/2&#8243;][vc_column_text css=&#8220;.vc_custom_1717244072470{padding-top: 5% !important;padding-bottom: 5% !important;}&#8220;][\/vc_column_text][\/vc_column_inner][vc_column_inner width=&#8220;1\/2&#8243;][vc_column_text responsive_text=&#8220;true&#8220; css=&#8220;.vc_custom_1718015143615{background-position: center !important;background-repeat: no-repeat !important;background-size: cover !important;}&#8220; text_align=&#8220;left&#8220;]\n<h2>Kite Spots Genfersee &amp; Neuch\u00e2tel<\/h2>\n<p>Wie an den meisten Orten gibt es keine einzige Vorhersage, die dir sagen kann, ob es Wind geben wird oder nicht, aber einige der zuverl\u00e4ssigsten sind <a href=\"https:\/\/www.nzz.ch\/wetter\/wettervorhersage\" target=\"_blank\" rel=\"noopener\">NZZ<\/a> und <a href=\"https:\/\/www.meteoschweiz.admin.ch\" target=\"_blank\" rel=\"noopener\">MeteoSwiss<\/a>.<\/p>\n<p>Windguru und Windy sind ebenfalls empfehlenswerte Apps. Winguru und Windy sagen frontale Winde voraus und eignen sich daher gut f\u00fcr Genf und Neuchatel, wo der Wind gr\u00f6\u00dftenteils aus frontalen Winden und nicht aus reinen thermischen Bedingungen resultiert.[\/vc_column_text][\/vc_column_inner][\/vc_row_inner][\/vc_tta_toggle_section][\/vc_tta_toggle][\/vc_column][\/vc_row][vc_row css_animation=&#8220;fadeIn&#8220; content_placement=&#8220;top&#8220; column_spacing=&#8220;0px&#8220; equal_height=&#8220;yes&#8220; wpex_bg_overlay=&#8220;dark&#8220; css=&#8220;.vc_custom_1718015561701{padding-right: 5% !important;padding-left: 5% !important;background-position: center !important;background-repeat: no-repeat !important;background-size: cover !important;}&#8220; wpex_bg_overlay_color=&#8220;rgba(0,0,0,0.74)&#8220; visibility=&#8220;hidden&#8220;][vc_column visibility=&#8220;hidden-phone&#8220; wpex_bg_size=&#8220;cover&#8220;][vc_column_text responsive_text=&#8220;true&#8220;]\n<h2 class=\"vcex-teaser-heading\">Winde des Comer See<\/h2>\n<div class=\"vcex-teaser-text clr\">\n<p>Der Comer See ist aufgrund der best\u00e4ndigen Thermalwinde, welche hervorragende Bedingungen von April bis Oktober garantieren, ideal zum Kitesurfen geeignet. Am Comer See herrschen 4 dominierende Winde, welche alle einen Einfluss auf die hiesigen Bedingungen haben:<\/p>\n<div class=\"one_fourth content_left\">\n<ul>\n<li><strong>Breva<br \/>\n<\/strong>Dieser Wind kommt vom S\u00fcden, wenn der Tivano (siehe unten) schw\u00e4cher wird. Dies ist der Hauptwind am Comer See, vor allem im Norden, wo er recht stark ist und ab ca. 10.00 Uhr morgens bis zum Sonnenuntergang weht. Durch den Tunneleffekt der umliegenden Berge im Norden, wird dieser Wind beschleunigt. Dies ist der h\u00e4ufigste Windzustand im Sommer.<\/li>\n<\/ul>\n<\/div>\n<div class=\"one_fourth content_left\">\n<ul>\n<li><strong>Tivano<br \/>\n<\/strong>Dieser Wind weht das ganze Jahr \u00fcber zwischen 6.00 und 10.00 Uhr von Nordost. Er entsteht im Veltlin oder dem Chiavenna Tal. Wenn dieser Wind fehlt, bedeutet dies schlechtes Wetter. F\u00fcr fortgeschrittene Kiter kann dieser Wind sehr gut f\u00fcr fr\u00fche Kitesessions in Val Madrera sein. (siehe Como Spot Guide f\u00fcr weitere Informationen hierzu). Der Nordwind tritt haupts\u00e4chlich bei Schlechtwetter in der Schweiz um die Region von St. Moritz auf.<\/li>\n<\/ul>\n<\/div>\n<div class=\"one_fourth content_left\">\n<ul>\n<li><strong>Ventone<br \/>\n<\/strong>Dieser Wind weht vom Norden, h\u00e4ufig nach einem Gewitter in den Bergen mit Windb\u00f6en bis zu 40-60km\/h. Dieser Wind ist nicht zum Kitesurfen geeignet, au\u00dfer im S\u00fcden des Sees und dies nur bei best\u00e4ndigen Verh\u00e4ltnissen.<\/li>\n<\/ul>\n<\/div>\n<div class=\"one_fourth_last content_left\">\n<ul>\n<li><strong>Menaggino<br \/>\n<\/strong>Bei diesem Wind handelt es sich um einen aus S\u00fcden wehenden Wind mit starken Windb\u00f6en, h\u00e4ufig nach Gewittern im Sommer.<\/li>\n<\/ul>\n<div class=\"vcex-teaser-text clr\">\n<p>Hier bei 414 Kite starten wir all unsere\u00a0<a href=\"https:\/\/414kiting.com\/de\">Kitekurse<\/a> in der Mitte des Sees, in der Regel starten wir etwas s\u00fcdlich von Cremia und \u201earbeiten\u201c uns zur\u00fcck nach Gera Lario, somit k\u00f6nnen wir all die Vorteile des s\u00fcdlichen \u201eBreva\u201c\u00a0 Windes nutzen und unseren Sch\u00fclern somit den n\u00f6tigen Platz zum \u00fcben geben. Kitesurfen Comer See bei 414 Kiting \u2013 fantastische Landschaft und sicheres, schnelles Lernen mit viel Spass!<\/p>\n<\/div>\n<\/div>\n<\/div>\n[\/vc_column_text][\/vc_column][\/vc_row]\n<\/div>","protected":false},"excerpt":{"rendered":"<p>[vc_row css=&#8220;.vc_custom_1718012163092{margin-top: 60px !important;}&#8220;][vc_column][vc_tta_toggle color=&#8220;#00c1ce&#8220; hover_color=&#8220;#00c1ce&#8220; no_fill_content_area=&#8220;true&#8220; active_section=&#8220;1&#8243; css=&#8220;.vc_custom_1718012002127{padding-top: 0px !important;padding-right: 0px !important;padding-bottom: 0px !important;padding-left: 0px !important;}&#8220;][vc_tta_toggle_section section_index=&#8220;2&#8243; title=&#8220;Comer See&#8220; tab_id=&#8220;1717519165478-bab63220-7dff&#8220;][vc_row_inner equal_height=&#8220;yes&#8220; content_placement=&#8220;top&#8220; css=&#8220;.vc_custom_1718011495828{padding-top: 5% !important;padding-right: 5% !important;padding-bottom: 5% !important;padding-left: 5% !important;}&#8220;][vc_column_inner width=&#8220;1\/2&#8243;][vc_column_text css=&#8220;.vc_custom_1717233021066{padding-top: 5% !important;padding-bottom: 5% !important;}&#8220;][\/vc_column_text][\/vc_column_inner][vc_column_inner el_class=&#8220;height600&#8243; width=&#8220;1\/2&#8243;][vc_column_text responsive_text=&#8220;true&#8220; css=&#8220;.vc_custom_1718015210938{background-position: center !important;background-repeat: no-repeat !important;background-size: cover !important;}&#8220; text_align=&#8220;left&#8220;] Kitesurf Spots am Comer See Die&hellip;<\/p>\n","protected":false},"author":2,"featured_media":0,"parent":0,"menu_order":0,"comment_status":"closed","ping_status":"closed","template":"templates\/no-sidebar.php","meta":{"_sitemap_exclude":false,"_sitemap_priority":"","_sitemap_frequency":"","_monsterinsights_skip_tracking":false,"_monsterinsights_sitenote_active":false,"_monsterinsights_sitenote_note":"","_monsterinsights_sitenote_category":0,"footnotes":""},"class_list":["post-2933","page","type-page","status-publish","hentry","entry","no-media"],"aioseo_notices":[],"_links":{"self":[{"href":"https:\/\/414kiting.com\/de\/wp-json\/wp\/v2\/pages\/2933","targetHints":{"allow":["GET"]}}],"collection":[{"href":"https:\/\/414kiting.com\/de\/wp-json\/wp\/v2\/pages"}],"about":[{"href":"https:\/\/414kiting.com\/de\/wp-json\/wp\/v2\/types\/page"}],"author":[{"embeddable":true,"href":"https:\/\/414kiting.com\/de\/wp-json\/wp\/v2\/users\/2"}],"replies":[{"embeddable":true,"href":"https:\/\/414kiting.com\/de\/wp-json\/wp\/v2\/comments?post=2933"}],"version-history":[{"count":57,"href":"https:\/\/414kiting.com\/de\/wp-json\/wp\/v2\/pages\/2933\/revisions"}],"predecessor-version":[{"id":8646,"href":"https:\/\/414kiting.com\/de\/wp-json\/wp\/v2\/pages\/2933\/revisions\/8646"}],"wp:attachment":[{"href":"https:\/\/414kiting.com\/de\/wp-json\/wp\/v2\/media?parent=2933"}],"curies":[{"name":"wp","href":"https:\/\/api.w.org\/{rel}","templated":true}]}}